{"id":29622,"date":"2020-10-27T22:33:53","date_gmt":"2020-10-27T22:33:53","guid":{"rendered":"https:\/\/nailpedia.org\/?page_id=29622"},"modified":"2024-01-23T18:43:24","modified_gmt":"2024-01-23T18:43:24","slug":"chuyen-gia-nailknowledge-vitaly-solomonoff","status":"publish","type":"page","link":"https:\/\/nailknowledge.org\/vi\/nailknowledge-expert-vitaly-solomonoff","title":{"rendered":"Vitaly Solomonoff"},"content":{"rendered":"<div style=\"height:39px\" aria-hidden=\"true\" class=\"wp-block-spacer\"><\/div>\n\n\n\n<h1 class=\"wp-block-heading has-text-align-center\">Vitaly Solomonoff<\/h1>\n\n\n\n<h3 class=\"wp-block-heading has-text-align-center\">B\u00e1c s\u0129 da li\u1ec5u \u0111\u01b0\u1ee3c k\u00ednh tr\u1ecdng tr\u00ean to\u00e0n th\u1ebf gi\u1edbi<\/h3>\n\n\n\n<div style=\"height:39px\" aria-hidden=\"true\" class=\"wp-block-spacer\"><\/div>\n\n\n\n<div class=\"wp-block-group\"><div class=\"wp-block-group__inner-container is-layout-constrained wp-block-group-is-layout-constrained\">\n<div class=\"wp-block-group mx-auto container-max-width-1200\"><div class=\"wp-block-group__inner-container is-layout-constrained wp-block-group-is-layout-constrained\"><div class=\"wp-block-image\">\n<figure class=\"alignleft size-full\"><img loading=\"eager\" fetchpriority=\"high\" decoding=\"async\" width=\"449\" height=\"535\" src=\"https:\/\/nailknowledge.org\/wp-content\/uploads\/2020\/10\/Vitaly3-e1602503555590.jpg\" alt=\"\" class=\"wp-image-29357\" srcset=\"https:\/\/nailknowledge.org\/wp-content\/uploads\/2020\/10\/Vitaly3-e1602503555590.jpg 449w, https:\/\/nailknowledge.org\/wp-content\/uploads\/2020\/10\/Vitaly3-e1602503555590-252x300.jpg 252w, https:\/\/nailknowledge.org\/wp-content\/uploads\/2020\/10\/Vitaly3-e1602503555590-84x100.jpg 84w\" sizes=\"auto, (max-width: 449px) 100vw, 449px\" \/><\/figure>\n<\/div>\n\n\n<p>Vitaly Solomonoff l\u00e0 b\u00e1c s\u0129 da li\u1ec5u v\u00e0 chuy\u00ean gia h\u00f3a m\u1ef9 ph\u1ea9m c\u00f3 tr\u00ecnh \u0111\u1ed9 chuy\u00ean m\u00f4n cao v\u1edbi h\u01a1n 30 n\u0103m kinh nghi\u1ec7m trong ng\u00e0nh m\u1ef9 ph\u1ea9m v\u00e0 l\u00e0m m\u00f3ng.<\/p>\n\n\n\n<p>L\u00e0 th\u1ea9m ph\u00e1n m\u00f3ng tay qu\u1ed1c t\u1ebf, ng\u01b0\u1eddi s\u00e1ng l\u1eadp v\u00e0 c\u1ef1u ch\u1ee7 t\u1ecbch c\u1ee7a H\u1ecdc vi\u1ec7n ngh\u1ec7 thu\u1eadt m\u00f3ng tay v\u00e0 c\u1ef1u bi\u00ean t\u1eadp vi\u00ean t\u1ea1p ch\u00ed Nail Spa t\u1ea1i Nga, Vitaly hi\u1ec7n \u0111\u00e3 chuy\u1ec3n \u0111\u1ebfn M\u1ef9, n\u01a1i \u00f4ng gi\u1eef ch\u1ee9c v\u1ee5 gi\u00e1m \u0111\u1ed1c \u0111i\u1ec1u h\u00e0nh c\u1ee7a Cleanestiq Labs LLC.<\/p>\n<\/div><\/div>\n<\/div><\/div>\n\n\n\n<div style=\"height:39px\" aria-hidden=\"true\" class=\"wp-block-spacer\"><\/div>\n\n\n\n<div class=\"wp-block-group mb-0 has-background\" style=\"background-color:#efefef\"><div class=\"wp-block-group__inner-container is-layout-constrained wp-block-group-is-layout-constrained\">\n<div style=\"height:39px\" aria-hidden=\"true\" class=\"wp-block-spacer\"><\/div>\n\n\n\n<div class=\"wp-block-columns mx-auto container-max-width-1200 py-2 is-layout-flex wp-container-core-columns-is-layout-9d6595d7 wp-block-columns-is-layout-flex\">\n<div class=\"wp-block-column is-layout-flow wp-block-column-is-layout-flow\">\n<h2 class=\"wp-block-heading\">C\u00e1c chuy\u00ean gia c\u1ee7a ch\u00fang t\u00f4i \u0111\u00e3 vi\u1ebft nh\u1eefng cu\u1ed1n s\u00e1ch hay nh\u1ea5t v\u1ec1 m\u00f3ng tay<\/h2>\n\n\n\n<p>C\u00e1c chuy\u00ean gia tr\u00ean to\u00e0n th\u1ebf gi\u1edbi c\u1ee7a ch\u00fang t\u00f4i, v\u1edbi h\u01a1n 100 n\u0103m kinh nghi\u1ec7m k\u1ebft h\u1ee3p, l\u00e0 nh\u1eefng chuy\u00ean gia h\u00e0ng \u0111\u1ea7u trong ng\u00e0nh li\u00ean k\u1ebft v\u1edbi NailKnowledge. C\u00f9ng nhau, h\u1ecd \u0111\u00e3 c\u00f3 \u1ea3nh h\u01b0\u1edfng \u0111\u00e1ng k\u1ec3 \u0111\u1ebfn ng\u00e0nh c\u00f4ng nghi\u1ec7p l\u00e0m \u0111\u1eb9p trong su\u1ed1t s\u1ef1 nghi\u1ec7p l\u00e2u d\u00e0i c\u1ee7a m\u00ecnh. Nh\u1eefng \u0111\u00f3ng g\u00f3p c\u1ee7a h\u1ecd bao g\u1ed3m bi\u00ean so\u1ea1n nhi\u1ec1u cu\u1ed1n s\u00e1ch, t\u1ea1o ra c\u00e1c ch\u01b0\u01a1ng tr\u00ecnh \u0111\u00e0o t\u1ea1o video v\u00e0 \u00e2m thanh, v\u00e0 s\u1ea3n xu\u1ea5t h\u00e0ng ch\u1ee5c b\u00e0i b\u00e1o t\u1ea1p ch\u00ed t\u1eadp trung v\u00e0o c\u00e1c s\u1ea3n ph\u1ea9m c\u1ee7a ti\u1ec7m, s\u1ef1 an to\u00e0n v\u00e0 c\u00e1c ph\u01b0\u01a1ng ph\u00e1p t\u1ed1i \u01b0u cho c\u00e1c chuy\u00ean gia th\u1ea9m m\u1ef9 vi\u1ec7n.<\/p>\n\n\n\n<p><\/p>\n\n\n\n<p>M\u1eccI TH\u1ee8 b\u1ea1n c\u1ea7n bi\u1ebft \u0111\u1ec3 tr\u1edf th\u00e0nh b\u1eadc th\u1ea7y th\u1ef1c s\u1ef1 v\u1ec1 l\u00e0m m\u00f3ng. <\/p>\n\n\n\n<div class=\"wp-block-buttons is-layout-flex wp-block-buttons-is-layout-flex\">\n<div class=\"wp-block-button has-custom-width wp-block-button__width-100 has-custom-font-size\" style=\"font-size:24px\"><a class=\"wp-block-button__link has-background wp-element-button\" href=\"https:\/\/nailknowledge.org\/vi\/cua-hang\/\" style=\"border-radius:10px;background:linear-gradient(320deg,rgb(4,130,180) 0%,rgb(4,86,180) 98%)\">\u0110\u00e1nh gi\u00e1 S\u00e1ch \u0111i\u1ec7n t\u1eed c\u1ee7a ch\u00fang t\u00f4i<\/a><\/div>\n<\/div>\n<\/div>\n\n\n\n<div class=\"wp-block-column is-layout-flow wp-block-column-is-layout-flow\">\n<figure class=\"wp-block-image size-full\"><a href=\"https:\/\/nailknowledge.org\/vi\/cua-hang\/\"><img loading=\"lazy\" decoding=\"async\" width=\"1000\" height=\"1000\" src=\"https:\/\/nailknowledge.org\/wp-content\/uploads\/2023\/11\/Doug-Schoon-Face-to-Face.jpg\" alt=\"\" class=\"wp-image-94669\" srcset=\"https:\/\/nailknowledge.org\/wp-content\/uploads\/2023\/11\/Doug-Schoon-Face-to-Face.jpg 1000w, https:\/\/nailknowledge.org\/wp-content\/uploads\/2023\/11\/Doug-Schoon-Face-to-Face-300x300.jpg 300w, https:\/\/nailknowledge.org\/wp-content\/uploads\/2023\/11\/Doug-Schoon-Face-to-Face-180x180.jpg 180w, https:\/\/nailknowledge.org\/wp-content\/uploads\/2023\/11\/Doug-Schoon-Face-to-Face-600x600.jpg 600w, https:\/\/nailknowledge.org\/wp-content\/uploads\/2023\/11\/Doug-Schoon-Face-to-Face-150x150.jpg 150w, https:\/\/nailknowledge.org\/wp-content\/uploads\/2023\/11\/Doug-Schoon-Face-to-Face-768x768.jpg 768w, https:\/\/nailknowledge.org\/wp-content\/uploads\/2023\/11\/Doug-Schoon-Face-to-Face-12x12.jpg 12w\" sizes=\"auto, (max-width: 1000px) 100vw, 1000px\" \/><\/a><\/figure>\n<\/div>\n<\/div>\n\n\n<div class=\"wp-block-image\">\n<figure class=\"aligncenter size-large\"><img loading=\"lazy\" decoding=\"async\" width=\"1024\" height=\"360\" src=\"https:\/\/nailknowledge.org\/wp-content\/uploads\/2021\/01\/ask-the-experts-rectangle-1024x360.png\" alt=\"\" class=\"wp-image-73558\" srcset=\"https:\/\/nailknowledge.org\/wp-content\/uploads\/2021\/01\/ask-the-experts-rectangle-1024x360.png 1024w, https:\/\/nailknowledge.org\/wp-content\/uploads\/2021\/01\/ask-the-experts-rectangle-600x211.png 600w, https:\/\/nailknowledge.org\/wp-content\/uploads\/2021\/01\/ask-the-experts-rectangle-300x106.png 300w, https:\/\/nailknowledge.org\/wp-content\/uploads\/2021\/01\/ask-the-experts-rectangle-768x270.png 768w, https:\/\/nailknowledge.org\/wp-content\/uploads\/2021\/01\/ask-the-experts-rectangle-1536x540.png 1536w, https:\/\/nailknowledge.org\/wp-content\/uploads\/2021\/01\/ask-the-experts-rectangle.png 1541w\" sizes=\"auto, (max-width: 1024px) 100vw, 1024px\" \/><\/figure>\n<\/div>\n\n\n<div style=\"height:39px\" aria-hidden=\"true\" class=\"wp-block-spacer\"><\/div>\n<\/div><\/div>","protected":false},"excerpt":{"rendered":"<p>Vitaly Solomonoff Internationally Respected Dermatologist Vitaly Solomonoff is a qualified dermatologist and cosmetic chemist with over 30 years experience in the cosmetic and nail industry. International Nail Judge, Founder and former President of the Academy of Nail Art and former editor of Nail Spa magazine in Russia, Vitaly has since moved to America where he [&hellip;]<\/p>\n","protected":false},"author":2,"featured_media":0,"parent":0,"menu_order":0,"comment_status":"closed","ping_status":"closed","template":"","meta":{"_yoast_wpseo_focuskw":"","_yoast_wpseo_metadesc":"","_genesis_hide_title":false,"_genesis_hide_breadcrumbs":false,"_genesis_hide_singular_image":false,"_genesis_hide_footer_widgets":false,"_genesis_custom_body_class":"","_genesis_custom_post_class":"","_genesis_layout":"","footnotes":""},"class_list":{"0":"post-29622","1":"page","2":"type-page","3":"status-publish","5":"entry"},"yoast_head":"<!-- This site is optimized with the Yoast SEO plugin v27.4 - https:\/\/yoast.com\/product\/yoast-seo-wordpress\/ -->\n<title>Vitaly Solomonoff - NailKnowledge<\/title>\n<meta name=\"robots\" content=\"index, follow, max-snippet:-1, max-image-preview:large, max-video-preview:-1\" \/>\n<link rel=\"canonical\" href=\"https:\/\/nailknowledge.org\/vi\/chuyen-gia-nailknowledge-vitaly-solomonoff\/\" \/>\n<meta property=\"og:locale\" content=\"vi_VN\" \/>\n<meta property=\"og:type\" content=\"article\" \/>\n<meta property=\"og:title\" content=\"Vitaly Solomonoff - NailKnowledge\" \/>\n<meta property=\"og:description\" content=\"Vitaly Solomonoff Internationally Respected Dermatologist Vitaly Solomonoff is a qualified dermatologist and cosmetic chemist with over 30 years experience in the cosmetic and nail industry. International Nail Judge, Founder and former President of the Academy of Nail Art and former editor of Nail Spa magazine in Russia, Vitaly has since moved to America where he [&hellip;]\" \/>\n<meta property=\"og:url\" content=\"https:\/\/nailknowledge.org\/vi\/chuyen-gia-nailknowledge-vitaly-solomonoff\/\" \/>\n<meta property=\"og:site_name\" content=\"NailKnowledge\" \/>\n<meta property=\"article:modified_time\" content=\"2024-01-23T18:43:24+00:00\" \/>\n<meta property=\"og:image\" content=\"https:\/\/nailknowledge.org\/wp-content\/uploads\/2023\/03\/image002.jpg\" \/>\n\t<meta property=\"og:image:width\" content=\"545\" \/>\n\t<meta property=\"og:image:height\" content=\"295\" \/>\n\t<meta property=\"og:image:type\" content=\"image\/jpeg\" \/>\n<meta name=\"twitter:card\" content=\"summary_large_image\" \/>\n<meta name=\"twitter:label1\" content=\"\u01af\u1edbc t\u00ednh th\u1eddi gian \u0111\u1ecdc\" \/>\n\t<meta name=\"twitter:data1\" content=\"2 ph\u00fat\" \/>\n<script type=\"application\/ld+json\" class=\"yoast-schema-graph\">{\"@context\":\"https:\\\/\\\/schema.org\",\"@graph\":[{\"@type\":\"WebPage\",\"@id\":\"https:\\\/\\\/nailknowledge.org\\\/nailknowledge-expert-vitaly-solomonoff\",\"url\":\"https:\\\/\\\/nailknowledge.org\\\/nailknowledge-expert-vitaly-solomonoff\",\"name\":\"Vitaly Solomonoff - NailKnowledge\",\"isPartOf\":{\"@id\":\"https:\\\/\\\/new.nailknowledge.org\\\/#website\"},\"primaryImageOfPage\":{\"@id\":\"https:\\\/\\\/nailknowledge.org\\\/nailknowledge-expert-vitaly-solomonoff#primaryimage\"},\"image\":{\"@id\":\"https:\\\/\\\/nailknowledge.org\\\/nailknowledge-expert-vitaly-solomonoff#primaryimage\"},\"thumbnailUrl\":\"https:\\\/\\\/nailknowledge.org\\\/wp-content\\\/uploads\\\/2020\\\/10\\\/Vitaly3-e1602503555590.jpg\",\"datePublished\":\"2020-10-27T22:33:53+00:00\",\"dateModified\":\"2024-01-23T18:43:24+00:00\",\"breadcrumb\":{\"@id\":\"https:\\\/\\\/nailknowledge.org\\\/nailknowledge-expert-vitaly-solomonoff#breadcrumb\"},\"inLanguage\":\"vi\",\"potentialAction\":[{\"@type\":\"ReadAction\",\"target\":[\"https:\\\/\\\/nailknowledge.org\\\/nailknowledge-expert-vitaly-solomonoff\"]}]},{\"@type\":\"ImageObject\",\"inLanguage\":\"vi\",\"@id\":\"https:\\\/\\\/nailknowledge.org\\\/nailknowledge-expert-vitaly-solomonoff#primaryimage\",\"url\":\"https:\\\/\\\/nailknowledge.org\\\/wp-content\\\/uploads\\\/2020\\\/10\\\/Vitaly3-e1602503555590.jpg\",\"contentUrl\":\"https:\\\/\\\/nailknowledge.org\\\/wp-content\\\/uploads\\\/2020\\\/10\\\/Vitaly3-e1602503555590.jpg\"},{\"@type\":\"BreadcrumbList\",\"@id\":\"https:\\\/\\\/nailknowledge.org\\\/nailknowledge-expert-vitaly-solomonoff#breadcrumb\",\"itemListElement\":[{\"@type\":\"ListItem\",\"position\":1,\"name\":\"Home\",\"item\":\"https:\\\/\\\/nailknowledge.org\\\/\"},{\"@type\":\"ListItem\",\"position\":2,\"name\":\"Vitaly Solomonoff\"}]},{\"@type\":\"WebSite\",\"@id\":\"https:\\\/\\\/new.nailknowledge.org\\\/#website\",\"url\":\"https:\\\/\\\/new.nailknowledge.org\\\/\",\"name\":\"NailKnowledge\",\"description\":\"\",\"publisher\":{\"@id\":\"https:\\\/\\\/new.nailknowledge.org\\\/#organization\"},\"potentialAction\":[{\"@type\":\"SearchAction\",\"target\":{\"@type\":\"EntryPoint\",\"urlTemplate\":\"https:\\\/\\\/new.nailknowledge.org\\\/?s={search_term_string}\"},\"query-input\":{\"@type\":\"PropertyValueSpecification\",\"valueRequired\":true,\"valueName\":\"search_term_string\"}}],\"inLanguage\":\"vi\"},{\"@type\":\"Organization\",\"@id\":\"https:\\\/\\\/new.nailknowledge.org\\\/#organization\",\"name\":\"NailKnowledge\",\"url\":\"https:\\\/\\\/new.nailknowledge.org\\\/\",\"logo\":{\"@type\":\"ImageObject\",\"inLanguage\":\"vi\",\"@id\":\"https:\\\/\\\/new.nailknowledge.org\\\/#\\\/schema\\\/logo\\\/image\\\/\",\"url\":\"https:\\\/\\\/nailknowledge.org\\\/wp-content\\\/uploads\\\/2026\\\/03\\\/KN-Logo-1.webp\",\"contentUrl\":\"https:\\\/\\\/nailknowledge.org\\\/wp-content\\\/uploads\\\/2026\\\/03\\\/KN-Logo-1.webp\",\"width\":542,\"height\":100,\"caption\":\"NailKnowledge\"},\"image\":{\"@id\":\"https:\\\/\\\/new.nailknowledge.org\\\/#\\\/schema\\\/logo\\\/image\\\/\"}}]}<\/script>\n<!-- \/ Yoast SEO plugin. -->","yoast_head_json":{"title":"Vitaly Solomonoff - Ki\u1ebfn th\u1ee9c l\u00e0m m\u00f3ng","robots":{"index":"index","follow":"follow","max-snippet":"max-snippet:-1","max-image-preview":"max-image-preview:large","max-video-preview":"max-video-preview:-1"},"canonical":"https:\/\/nailknowledge.org\/vi\/chuyen-gia-nailknowledge-vitaly-solomonoff\/","og_locale":"vi_VN","og_type":"article","og_title":"Vitaly Solomonoff - NailKnowledge","og_description":"Vitaly Solomonoff Internationally Respected Dermatologist Vitaly Solomonoff is a qualified dermatologist and cosmetic chemist with over 30 years experience in the cosmetic and nail industry. International Nail Judge, Founder and former President of the Academy of Nail Art and former editor of Nail Spa magazine in Russia, Vitaly has since moved to America where he [&hellip;]","og_url":"https:\/\/nailknowledge.org\/vi\/chuyen-gia-nailknowledge-vitaly-solomonoff\/","og_site_name":"NailKnowledge","article_modified_time":"2024-01-23T18:43:24+00:00","og_image":[{"width":545,"height":295,"url":"https:\/\/nailknowledge.org\/wp-content\/uploads\/2023\/03\/image002.jpg","type":"image\/jpeg"}],"twitter_card":"summary_large_image","twitter_misc":{"\u01af\u1edbc t\u00ednh th\u1eddi gian \u0111\u1ecdc":"2 ph\u00fat"},"schema":{"@context":"https:\/\/schema.org","@graph":[{"@type":"WebPage","@id":"https:\/\/nailknowledge.org\/nailknowledge-expert-vitaly-solomonoff","url":"https:\/\/nailknowledge.org\/nailknowledge-expert-vitaly-solomonoff","name":"Vitaly Solomonoff - Ki\u1ebfn th\u1ee9c l\u00e0m m\u00f3ng","isPartOf":{"@id":"https:\/\/new.nailknowledge.org\/#website"},"primaryImageOfPage":{"@id":"https:\/\/nailknowledge.org\/nailknowledge-expert-vitaly-solomonoff#primaryimage"},"image":{"@id":"https:\/\/nailknowledge.org\/nailknowledge-expert-vitaly-solomonoff#primaryimage"},"thumbnailUrl":"https:\/\/nailknowledge.org\/wp-content\/uploads\/2020\/10\/Vitaly3-e1602503555590.jpg","datePublished":"2020-10-27T22:33:53+00:00","dateModified":"2024-01-23T18:43:24+00:00","breadcrumb":{"@id":"https:\/\/nailknowledge.org\/nailknowledge-expert-vitaly-solomonoff#breadcrumb"},"inLanguage":"vi","potentialAction":[{"@type":"ReadAction","target":["https:\/\/nailknowledge.org\/nailknowledge-expert-vitaly-solomonoff"]}]},{"@type":"ImageObject","inLanguage":"vi","@id":"https:\/\/nailknowledge.org\/nailknowledge-expert-vitaly-solomonoff#primaryimage","url":"https:\/\/nailknowledge.org\/wp-content\/uploads\/2020\/10\/Vitaly3-e1602503555590.jpg","contentUrl":"https:\/\/nailknowledge.org\/wp-content\/uploads\/2020\/10\/Vitaly3-e1602503555590.jpg"},{"@type":"BreadcrumbList","@id":"https:\/\/nailknowledge.org\/nailknowledge-expert-vitaly-solomonoff#breadcrumb","itemListElement":[{"@type":"ListItem","position":1,"name":"Home","item":"https:\/\/nailknowledge.org\/"},{"@type":"ListItem","position":2,"name":"Vitaly Solomonoff"}]},{"@type":"WebSite","@id":"https:\/\/new.nailknowledge.org\/#website","url":"https:\/\/new.nailknowledge.org\/","name":"Ki\u1ebfn th\u1ee9c v\u1ec1 m\u00f3ng tay","description":"","publisher":{"@id":"https:\/\/new.nailknowledge.org\/#organization"},"potentialAction":[{"@type":"SearchAction","target":{"@type":"EntryPoint","urlTemplate":"https:\/\/new.nailknowledge.org\/?s={search_term_string}"},"query-input":{"@type":"PropertyValueSpecification","valueRequired":true,"valueName":"search_term_string"}}],"inLanguage":"vi"},{"@type":"Organization","@id":"https:\/\/new.nailknowledge.org\/#organization","name":"Ki\u1ebfn th\u1ee9c v\u1ec1 m\u00f3ng tay","url":"https:\/\/new.nailknowledge.org\/","logo":{"@type":"ImageObject","inLanguage":"vi","@id":"https:\/\/new.nailknowledge.org\/#\/schema\/logo\/image\/","url":"https:\/\/nailknowledge.org\/wp-content\/uploads\/2026\/03\/KN-Logo-1.webp","contentUrl":"https:\/\/nailknowledge.org\/wp-content\/uploads\/2026\/03\/KN-Logo-1.webp","width":542,"height":100,"caption":"NailKnowledge"},"image":{"@id":"https:\/\/new.nailknowledge.org\/#\/schema\/logo\/image\/"}}]}},"_links":{"self":[{"href":"https:\/\/nailknowledge.org\/vi\/wp-json\/wp\/v2\/pages\/29622","targetHints":{"allow":["GET"]}}],"collection":[{"href":"https:\/\/nailknowledge.org\/vi\/wp-json\/wp\/v2\/pages"}],"about":[{"href":"https:\/\/nailknowledge.org\/vi\/wp-json\/wp\/v2\/types\/page"}],"author":[{"embeddable":true,"href":"https:\/\/nailknowledge.org\/vi\/wp-json\/wp\/v2\/users\/2"}],"replies":[{"embeddable":true,"href":"https:\/\/nailknowledge.org\/vi\/wp-json\/wp\/v2\/comments?post=29622"}],"version-history":[{"count":0,"href":"https:\/\/nailknowledge.org\/vi\/wp-json\/wp\/v2\/pages\/29622\/revisions"}],"wp:attachment":[{"href":"https:\/\/nailknowledge.org\/vi\/wp-json\/wp\/v2\/media?parent=29622"}],"curies":[{"name":"wp","href":"https:\/\/api.w.org\/{rel}","templated":true}]}}