{"id":33039,"date":"2021-01-21T15:18:42","date_gmt":"2021-01-21T15:18:42","guid":{"rendered":"https:\/\/nailknowledge.org\/?page_id=33039"},"modified":"2026-03-11T15:07:35","modified_gmt":"2026-03-11T15:07:35","slug":"nhung-cau-hoi-thuong-gap","status":"publish","type":"page","link":"https:\/\/nailknowledge.org\/vi\/frequently-asked-questions","title":{"rendered":"Nh\u1eefng c\u00e2u h\u1ecfi th\u01b0\u1eddng g\u1eb7p"},"content":{"rendered":"<div class=\"wp-block-group alignfull has-dark-purple-background-color has-text-color has-background has-link-color wp-elements-db8a7e2d9f72b3d39a7e9b1d074380a8\" style=\"color:#ffffff\"><div class=\"wp-block-group__inner-container is-layout-constrained wp-block-group-is-layout-constrained\">\n<div style=\"height:40px\" aria-hidden=\"true\" class=\"wp-block-spacer\"><\/div>\n\n\n\n<div class=\"wp-block-group container-max-width-1200 mx-auto\"><div class=\"wp-block-group__inner-container is-layout-constrained wp-block-group-is-layout-constrained\">\n<h1 class=\"wp-block-heading has-text-align-center\">Nh\u1eefng c\u00e2u h\u1ecfi th\u01b0\u1eddng g\u1eb7p<\/h1>\n\n\n\n<h3 class=\"wp-block-heading has-text-align-center\">Here are answers to the most commonly asked questions about our course.<\/h3>\n<\/div><\/div>\n\n\n\n<div style=\"height:40px\" aria-hidden=\"true\" class=\"wp-block-spacer\"><\/div>\n<\/div><\/div>\n\n\n\n<div style=\"height:40px\" aria-hidden=\"true\" class=\"wp-block-spacer\"><\/div>\n\n\n\n<div class=\"wp-block-group container-max-width-1200\"><div class=\"wp-block-group__inner-container is-layout-constrained wp-block-group-is-layout-constrained\">\n<h2 class=\"wp-block-heading\">T\u00f4i c\u00f3 th\u1ec3 xem kh\u00f3a h\u1ecdc NailKnowledge trong bao l\u00e2u?<\/h2>\n\n\n\n<p>B\u1ea1n c\u00f3 quy\u1ec1n truy c\u1eadp tr\u1ecdn \u0111\u1eddi v\u00e0o kh\u00f3a h\u1ecdc v\u00e0 c\u00f3 th\u1ec3 xem l\u1ea1i b\u1ea5t c\u1ee9 khi n\u00e0o b\u1ea1n mu\u1ed1n.<\/p>\n\n\n\n<h2 class=\"wp-block-heading\">Kh\u00f3a h\u1ecdc n\u00e0y c\u00f3 \u0111\u01b0\u1ee3c c\u00f4ng nh\u1eadn kh\u00f4ng?<\/h2>\n\n\n\n<p>KH\u00d4NG.<br>C\u00e1c kh\u00f3a h\u1ecdc \u0111\u01b0\u1ee3c qu\u1ea3n l\u00fd v\u00e0 kh\u00f4ng \u0111\u01b0\u1ee3c qu\u1ea3n l\u00fd (\u0111\u01b0\u1ee3c c\u00f4ng nh\u1eadn) l\u00e0 c\u00e1c Ch\u1ee9ng ch\u1ec9. NailKnowledge l\u00e0 m\u1ed9t ngu\u1ed3n H\u1ed6 TR\u1ee2 ho\u1eb7c h\u1ecdc t\u1eadp cho m\u1ed9t ch\u1ee9ng ch\u1ec9. \u0110\u00f3 l\u00e0 ki\u1ebfn th\u1ee9c v\u00e0 s\u1ef1 hi\u1ec3u bi\u1ebft v\u00e0 kh\u00f4ng bao g\u1ed3m b\u1ea5t k\u1ef3 th\u1ef1c h\u00e0nh ho\u1eb7c \u1ee9ng d\u1ee5ng n\u00e0o<br>nh\u1eefng k\u1ef9 n\u0103ng c\u1ea7n thi\u1ebft cho b\u1ea5t k\u1ef3 b\u1eb1ng c\u1ea5p n\u00e0o trong ng\u00e0nh l\u00e0m m\u00f3ng chuy\u00ean nghi\u1ec7p.<br>NailKnowledge ph\u00e1t h\u00e0nh V\u0103n b\u1eb1ng c\u1ee7a ri\u00eang h\u1ecd nh\u01b0ng n\u00eau kh\u00e1 r\u00f5 nh\u1eefng g\u00ec \u0111\u00e3 \u0111\u1ea1t \u0111\u01b0\u1ee3c. C\u00e1c ch\u1ee7 \u0111\u1ec1 \u0111\u01b0\u1ee3c NailKnowledge \u0111\u1ec1 c\u1eadp tu\u00e2n th\u1ee7 ch\u1eb7t ch\u1ebd Ti\u00eau chu\u1ea9n ngh\u1ec1 nghi\u1ec7p qu\u1ed1c gia, n\u1ebfu kh\u00f4ng mu\u1ed1n n\u00f3i l\u00e0 h\u01a1n th\u1ebf n\u1eefa. Kh\u00f4ng c\u00f3 l\u00fd do g\u00ec m\u00e0 vi\u1ec7c \u0111\u1ea3m b\u1ea3o ch\u1ea5t l\u01b0\u1ee3ng c\u1ee7a c\u1ea3 c\u00e1c b\u1eb1ng c\u1ea5p \u0111\u01b0\u1ee3c qu\u1ea3n l\u00fd v\u00e0 kh\u00f4ng \u0111\u01b0\u1ee3c qu\u1ea3n l\u00fd l\u1ea1i kh\u00f4ng ch\u1ea5p nh\u1eadn V\u0103n b\u1eb1ng NK l\u00e0m b\u1eb1ng ch\u1ee9ng v\u1ec1 ki\u1ebfn th\u1ee9c b\u1eaft bu\u1ed9c v\u1ec1 c\u00e1c ch\u1ee7 \u0111\u1ec1 n\u00e0y.<\/p>\n\n\n\n<h2 class=\"wp-block-heading\">C\u00e1ch t\u1ed1t nh\u1ea5t \u0111\u1ec3 h\u1ecdc t\u1eeb NailKnowledge l\u00e0 g\u00ec?<\/h2>\n\n\n\n<p>Kh\u00f3a h\u1ecdc \u0111\u01b0\u1ee3c thi\u1ebft k\u1ebf \u0111\u1ec3 gi\u1ea3i quy\u1ebft m\u1ecdi phong c\u00e1ch h\u1ecdc t\u1eadp: t\u1eeb ng\u1eef vi\u1ebft, b\u00e0i n\u00f3i v\u00e0 ho\u1ea1t h\u00ecnh \u0111\u1ec3 l\u00e0m cho c\u00e1c ch\u1ee7 \u0111\u1ec1 tr\u1edf n\u00ean s\u1ed1ng \u0111\u1ed9ng. Ch\u00fang t\u00f4i khuy\u00ean b\u1ea1n KH\u00d4NG N\u00caN h\u1ecdc qu\u00e1 nhanh! \u0110\u00e2y kh\u00f4ng ph\u1ea3i l\u00e0 c\u00e1ch s\u1eed d\u1ee5ng t\u1ed1t nh\u1ea5t. H\u00e3y h\u1ecdc ch\u1eadm r\u00e3i v\u00e0 ghi ch\u00fa, v\u1ebd s\u01a1 \u0111\u1ed3, v\u00e0 kh\u00f4ng chuy\u1ec3n sang b\u00e0i kh\u00e1c cho \u0111\u1ebfn khi b\u1ea1n tin r\u1eb1ng m\u00ecnh \u0111\u00e3 hi\u1ec3u r\u00f5 v\u1ec1 ch\u1ee7 \u0111\u1ec1 \u0111\u01b0\u1ee3c h\u1ecdc. C\u00e1c \u0110i\u1ec3m ki\u1ebfn th\u1ee9c v\u00e0 Ki\u1ec3m tra ki\u1ebfn th\u1ee9c s\u1ebd gi\u00fap b\u1ea1n l\u00e0m \u0111i\u1ec1u n\u00e0y.<br>B\u1ea1n c\u00f3 th\u1ec3 xem l\u1ea1i c\u00e1c B\u00e0i h\u1ecdc v\u00e0 ph\u00e2n \u0111o\u1ea1n th\u01b0\u1eddng xuy\u00ean t\u00f9y th\u00edch. Sau \u0111\u00f3, ch\u00fang t\u00f4i khuy\u00ean b\u1ea1n n\u00ean h\u1ecdc l\u1ea1i to\u00e0n b\u1ed9 kh\u00f3a h\u1ecdc sau v\u00e0i th\u00e1ng \u0111\u1ec3 \u0111\u1ea3m b\u1ea3o ki\u1ebfn th\u1ee9c v\u1eabn c\u00f2n trong b\u1ea1n.<\/p>\n\n\n\n<h2 class=\"wp-block-heading\">Kh\u00f3a h\u1ecdc k\u00e9o d\u00e0i bao l\u00e2u<\/h2>\n\n\n\n<p>C\u00f3 3 Masterclasses, m\u1ed7i Masterclasses c\u00f3 5 ho\u1eb7c 6 b\u00e0i h\u1ecdc, t\u1ed5ng c\u1ed9ng l\u00e0 16 b\u00e0i h\u1ecdc. C\u00e1c b\u00e0i h\u1ecdc k\u00e9o d\u00e0i t\u1eeb 10 ph\u00fat \u0111\u1ebfn h\u01a1n 30 ph\u00fat. T\u00f9y thu\u1ed9c v\u00e0o th\u1eddi gian b\u1ea1n mu\u1ed1n h\u1ecdc.<br>C\u00f3 h\u01a1n 5 gi\u1edd video \u0111\u1ec3 th\u01b0\u1edfng th\u1ee9c nh\u01b0ng c\u00f3 r\u1ea5t nhi\u1ec1u \u0110i\u1ec3m ki\u1ebfn th\u1ee9c v\u00e0 Ki\u1ec3m tra ki\u1ebfn th\u1ee9c c\u1ea7n v\u01b0\u1ee3t qua tr\u01b0\u1edbc khi b\u1ea1n c\u00f3 th\u1ec3 ti\u1ebfp t\u1ee5c.<br>Ch\u00fang t\u00f4i khuy\u00ean b\u1ea1n n\u00ean d\u00e0nh th\u1eddi gian xem B\u00e0i h\u1ecdc m\u1ed9t v\u00e0i l\u1ea7n \u0111\u1ec3 t\u1eadn d\u1ee5ng t\u1ed1i \u0111a Kh\u00f3a h\u1ecdc.<\/p>\n\n\n\n<h2 class=\"wp-block-heading\">\u0110i\u1ec1u g\u00ec x\u1ea3y ra n\u1ebfu t\u00f4i b\u1ecf l\u1ee1 m\u1ed9t s\u1ed1 B\u00e0i h\u1ecdc?<\/h2>\n\n\n\n<p>C\u00f3 m\u1ed9t thanh cu\u1ed9n \u1edf cu\u1ed1i m\u1ed7i ph\u00e2n \u0111o\u1ea1n. Thanh n\u00e0y cho ph\u00e9p b\u1ea1n cu\u1ed9n t\u1edbi lui trong m\u1ed7i ph\u00e2n \u0111o\u1ea1n. Tuy nhi\u00ean, n\u00f3 s\u1ebd kh\u00f4ng cho ph\u00e9p b\u1ea1n cu\u1ed9n qua \u0110i\u1ec3m ki\u1ebfn th\u1ee9c ho\u1eb7c Ki\u1ec3m tra ki\u1ebfn th\u1ee9c n\u1ebfu b\u1ea1n ch\u01b0a v\u01b0\u1ee3t qua.<\/p>\n\n\n\n<h2 class=\"wp-block-heading\">\u0110i\u1ec3m ki\u1ebfn th\u1ee9c l\u00e0 g\u00ec?<\/h2>\n\n\n\n<p>\u0110\u00e2y l\u00e0 c\u00e1c b\u00e0i ki\u1ec3m tra h\u1ecdc t\u1eadp t\u01b0\u01a1ng t\u00e1c ng\u1eafn li\u00ean quan \u0111\u1ebfn ph\u00e2n \u0111o\u1ea1n b\u1ea1n v\u1eeba xem. Ch\u00fang c\u1ea7n ph\u1ea3i \u0111\u01b0\u1ee3c th\u00f4ng qua v\u1edbi t\u1ef7 l\u1ec7 th\u00f4ng qua 100% \u0111\u1ec3 chuy\u1ec3n sang ph\u00e2n \u0111o\u1ea1n ti\u1ebfp theo.<\/p>\n\n\n\n<h2 class=\"wp-block-heading\">\u0110i\u1ec1u g\u00ec x\u1ea3y ra n\u1ebfu t\u00f4i kh\u00f4ng v\u01b0\u1ee3t qua \u0110i\u1ec3m ki\u1ebfn th\u1ee9c?<\/h2>\n\n\n\n<p>B\u1ea1n c\u00f3 2 l\u1ea7n th\u1eed \u1edf \u0111i\u1ec3m ki\u1ebfn th\u1ee9c. N\u1ebfu b\u1ea1n th\u1ea5t b\u1ea1i c\u1ea3 hai l\u1ea7n, b\u1ea1n s\u1ebd ph\u1ea3i quay l\u1ea1i ph\u1ea7n \u0111\u1ea7u c\u1ee7a ph\u00e2n \u0111o\u1ea1n \u0111\u1ec3 h\u1ecdc l\u1ea1i.<\/p>\n\n\n\n<h2 class=\"wp-block-heading\">Ki\u1ec3m tra ki\u1ebfn th\u1ee9c l\u00e0 g\u00ec?<\/h2>\n\n\n\n<p>\u0110\u00e2y l\u00e0 b\u00e0i ki\u1ec3m tra g\u1ed3m 5 c\u00e2u h\u1ecfi v\u00e0o cu\u1ed1i m\u1ed7i B\u00e0i h\u1ecdc. B\u00e0i ki\u1ec3m tra s\u1ebd \u0111\u00e1nh d\u1ea5u &#039;\u0111\u00fang&#039; ho\u1eb7c &#039;sai&#039; khi b\u1ea1n tr\u1ea3 l\u1eddi. B\u1ea1n ph\u1ea3i v\u01b0\u1ee3t qua b\u00e0i ki\u1ec3m tra n\u00e0y v\u1edbi 100% tr\u01b0\u1edbc khi chuy\u1ec3n sang B\u00e0i h\u1ecdc ho\u1eb7c L\u1edbp h\u1ecdc ch\u00ednh ti\u1ebfp theo.<\/p>\n\n\n\n<h2 class=\"wp-block-heading\">\u0110i\u1ec1u g\u00ec x\u1ea3y ra n\u1ebfu t\u00f4i kh\u00f4ng v\u01b0\u1ee3t qua Ki\u1ec3m tra ki\u1ebfn th\u1ee9c?<\/h2>\n\n\n\n<p>B\u1ea1n c\u00f3 th\u1ec3 th\u1eed l\u00e0m \u0111i\u1ec1u n\u00e0y nhi\u1ec1u l\u1ea7n t\u00f9y theo nhu c\u1ea7u.<\/p>\n\n\n\n<h2 class=\"wp-block-heading\">K\u1ef3 thi t\u1ed1t nghi\u1ec7p l\u00e0 g\u00ec?<\/h2>\n\n\n\n<p>\u0110\u00e2y l\u00e0 b\u00e0i ki\u1ec3m tra g\u1ed3m 30 c\u00e2u h\u1ecfi cho m\u1ed7i Masterclass. \u0110\u1ec3 v\u01b0\u1ee3t qua, b\u1ea1n c\u1ea7n \u0111\u1ea1t \u0111\u01b0\u1ee3c 80%. M\u1ed9t b\u1ea3ng s\u1ebd \u0111\u01b0\u1ee3c t\u1ea1o ra \u0111\u1ec3 cho b\u1ea1n bi\u1ebft b\u1ea1n \u0111\u00e3 l\u00e0m nh\u01b0 th\u1ebf n\u00e0o \u1edf m\u1ed7i ch\u1ee7 \u0111\u1ec1.<\/p>\n\n\n\n<h2 class=\"wp-block-heading\">\u0110i\u1ec1u g\u00ec x\u1ea3y ra n\u1ebfu t\u00f4i kh\u00f4ng v\u01b0\u1ee3t qua \u0111\u01b0\u1ee3c k\u1ef3 thi t\u1ed1t nghi\u1ec7p?<\/h2>\n\n\n\n<p>B\u1ea1n s\u1ebd \u0111\u01b0\u1ee3c th\u1eed l\u1ea1i v\u00e0 b\u1ea3ng \u0111\u01b0\u1ee3c t\u1ea1o ra s\u1ebd cho b\u1ea1n bi\u1ebft nh\u1eefng l\u0129nh v\u1ef1c n\u00e0o b\u1ea1n \u0111\u00e3 tr\u01b0\u1ee3t. Ch\u00fang t\u00f4i khuy\u00ean b\u1ea1n n\u00ean xem l\u1ea1i c\u00e1c B\u00e0i h\u1ecdc c\u1ee5 th\u1ec3 \u0111\u1ec3 \u0111\u1ea3m b\u1ea3o b\u1ea1n hi\u1ec3u ch\u1ee7 \u0111\u1ec1. N\u1ebfu b\u1ea1n tr\u01b0\u1ee3t l\u1ea7n th\u1ee9 2, b\u1ea1n s\u1ebd kh\u00f4ng th\u1ec3 h\u1ecdc l\u1ea1i trong 2 tu\u1ea7n, v\u00ec v\u1eady h\u00e3y s\u1eed d\u1ee5ng th\u1eddi gian \u0111\u00f3 \u0111\u1ec3 quay l\u1ea1i kh\u00f3a h\u1ecdc.<\/p>\n\n\n\n<h2 class=\"wp-block-heading\">\u0110i\u1ec1u g\u00ec x\u1ea3y ra khi t\u00f4i v\u01b0\u1ee3t qua k\u1ef3 thi t\u1ed1t nghi\u1ec7p?<\/h2>\n\n\n\n<p>Ch\u1ee9ng ch\u1ec9 t\u1ed1t nghi\u1ec7p c\u1ee7a b\u1ea1n s\u1ebd \u0111\u01b0\u1ee3c t\u1ea1o ra \u0111\u1ec3 b\u1ea1n c\u00f3 th\u1ec3 t\u1ea3i xu\u1ed1ng v\u00e0 in.<\/p>\n\n\n\n<h2 class=\"wp-block-heading\">T\u00f4i c\u00f3 th\u1ec3 h\u1ecdc kh\u00f3a h\u1ecdc tr\u00ean \u0111i\u1ec7n tho\u1ea1i ho\u1eb7c m\u00e1y t\u00ednh b\u1ea3ng kh\u00f4ng?<\/h2>\n\n\n\n<p>C\u00f3 th\u1ec3 nh\u01b0ng ch\u00fang t\u00f4i khuy\u00ean b\u1ea1n n\u00ean s\u1eed d\u1ee5ng m\u00e1y t\u00ednh b\u1ea3ng ho\u1eb7c m\u00e1y t\u00ednh \u0111\u1ec3 b\u00e0n v\u00e0 ch\u1ebf \u0111\u1ed9 &quot;to\u00e0n m\u00e0n h\u00ecnh&quot; \u0111\u1ec3 c\u00f3 tr\u1ea3i nghi\u1ec7m h\u1ecdc t\u1eadp t\u1ed1t nh\u1ea5t.<\/p>\n\n\n\n<h2 class=\"wp-block-heading\">Ch\u01b0\u01a1ng tr\u00ecnh kh\u00f4ng ch\u1ea1y \u0111\u00fang c\u00e1ch v\u00e0 li\u00ean t\u1ee5c b\u1ecb tho\u00e1t!<\/h2>\n\n\n\n<p>Ch\u01b0\u01a1ng tr\u00ecnh n\u00e0y \u0111\u01b0\u1ee3c xem t\u1ed1t nh\u1ea5t b\u1eb1ng Tr\u00ecnh duy\u1ec7t Chrome. N\u1ebfu v\u1eabn kh\u00f4ng ch\u1ea1y tr\u01a1n tru, ch\u00fang t\u00f4i khuy\u00ean b\u1ea1n n\u00ean x\u00f3a b\u1ed9 nh\u1edb cache v\u00ec \u0111i\u1ec1u \u0111\u00f3 c\u00f3 th\u1ec3 g\u00e2y ra s\u1ef1 c\u1ed1 cho ch\u01b0\u01a1ng tr\u00ecnh. C\u00f3 h\u01b0\u1edbng d\u1eabn chi ti\u1ebft h\u01a1n&nbsp;<a href=\"https:\/\/nailknowledge.org\/vi\/co-so-kien-thuc-ve-mong-tay\/?top-category=support\" target=\"_blank\" rel=\"noopener\">\u0111\u00e2y<\/a>&nbsp;\u0111\u1ec3 gi\u00fap b\u1ea1n gi\u1ea3i quy\u1ebft v\u1ea5n \u0111\u1ec1 n\u00e0y.<\/p>\n\n\n\n<h2 class=\"wp-block-heading\">T\u00f4i c\u00f3 th\u1ec3 g\u1eedi kh\u00f3a h\u1ecdc n\u00e0y cho b\u1ea1n b\u00e8 c\u1ee7a t\u00f4i kh\u00f4ng?<\/h2>\n\n\n\n<p>Kh\u00f4ng, b\u1ea1n kh\u00f4ng th\u1ec3. \u0110\u00e2y ch\u1ec9 l\u00e0 m\u1ed9t ng\u01b0\u1eddi d\u00f9ng duy nh\u1ea5t. H\u1ec7 th\u1ed1ng s\u1ebd nh\u1eadn ra r\u1eb1ng c\u00f3 m\u1ed9t ng\u01b0\u1eddi d\u00f9ng kh\u00e1c \u0111\u00e3 \u0111\u0103ng nh\u1eadp, h\u1ecd s\u1ebd kh\u00f4ng th\u1ec3 s\u1eed d\u1ee5ng t\u1ea5t c\u1ea3 c\u00e1c b\u00e0i ki\u1ec3m tra ki\u1ebfn th\u1ee9c c\u0169ng nh\u01b0 kh\u00f4ng th\u1ec3 \u0111\u1ea1t \u0111\u01b0\u1ee3c B\u1eb1ng c\u1ea5p c\u1ee7a ri\u00eang m\u00ecnh.<\/p>\n\n\n\n<h2 class=\"wp-block-heading\">T\u00f4i ph\u1ea3i l\u00e0m sao n\u1ebfu b\u1ecb k\u1eb9t trong qu\u00e1 tr\u00ecnh th\u1ef1c hi\u1ec7n ch\u01b0\u01a1ng tr\u00ecnh?<\/h2>\n\n\n\n<p>N\u1ebfu b\u1ea1n l\u00e0 th\u00e0nh vi\u00ean c\u1ee7a nh\u00f3m sinh vi\u00ean c\u00f3 Gi\u00e1o vi\u00ean, h\u00e3y li\u00ean h\u1ec7 v\u1edbi h\u1ecd v\u00e0 h\u1ecd s\u1ebd gi\u00fap b\u1ea1n. Ho\u1eb7c, n\u1ebfu b\u1ea1n l\u00e0 ng\u01b0\u1eddi d\u00f9ng \u0111\u01a1n l\u1ebb, c\u00f3 n\u00fat li\u00ean h\u1ec7 \u0111\u1ec3 y\u00eau c\u1ea7u tr\u1ee3 gi\u00fap. M\u1ed9t ng\u01b0\u1eddi n\u00e0o \u0111\u00f3 t\u1eeb NailKnowledge s\u1ebd c\u00f3 th\u1ec3 gi\u00fap b\u1ea1n.<\/p>\n\n\n\n<h2 class=\"wp-block-heading\">Kh\u00f3 kh\u0103n trong h\u1ecdc t\u1eadp<\/h2>\n\n\n\n<p>N\u1ebfu h\u1ecdc vi\u00ean c\u1ee7a NailKnowledge kh\u00f4ng c\u00f3 s\u1ef1 h\u1ed7 tr\u1ee3 c\u1ee7a Gi\u00e1o vi\u00ean c\u00e1 nh\u00e2n, NailKnowledge s\u1ebd cung c\u1ea5p s\u1ef1 tr\u1ee3 gi\u00fap v\u00e0 h\u1ed7 tr\u1ee3 c\u1ee5 th\u1ec3 cho nh\u1eefng h\u1ecdc vi\u00ean g\u1eb7p kh\u00f3 kh\u0103n trong h\u1ecdc t\u1eadp. Vui l\u00f2ng li\u00ean h\u1ec7 v\u1edbi ch\u00fang t\u00f4i qua li\u00ean k\u1ebft email tr\u00ean trang web.<\/p>\n<\/div><\/div>","protected":false},"excerpt":{"rendered":"<p>Frequently Asked Questions Here are answers to the most commonly asked questions about our course. How long can I see the NailKnowledge course? You have a lifetime access to the course and can revisit it as often as you like. Is this course accredited? No.Regulated and unregulated (accredited) courses are Qualifications. NailKnowledge is a SUPPORT [&hellip;]<\/p>\n","protected":false},"author":35,"featured_media":0,"parent":0,"menu_order":0,"comment_status":"closed","ping_status":"closed","template":"","meta":{"_genesis_hide_title":false,"_genesis_hide_breadcrumbs":false,"_genesis_hide_singular_image":false,"_genesis_hide_footer_widgets":false,"_genesis_custom_body_class":"","_genesis_custom_post_class":"","_genesis_layout":"","footnotes":""},"class_list":{"0":"post-33039","1":"page","2":"type-page","3":"status-publish","5":"entry"},"yoast_head":"<!-- This site is optimized with the Yoast SEO plugin v27.3 - https:\/\/yoast.com\/product\/yoast-seo-wordpress\/ -->\n<title>Frequently Asked Questions - NailKnowledge<\/title>\n<meta name=\"robots\" content=\"index, follow, max-snippet:-1, max-image-preview:large, max-video-preview:-1\" \/>\n<link rel=\"canonical\" href=\"https:\/\/nailknowledge.org\/vi\/nhung-cau-hoi-thuong-gap\/\" \/>\n<meta property=\"og:locale\" content=\"vi_VN\" \/>\n<meta property=\"og:type\" content=\"article\" \/>\n<meta property=\"og:title\" content=\"Frequently Asked Questions - NailKnowledge\" \/>\n<meta property=\"og:description\" content=\"Frequently Asked Questions Here are answers to the most commonly asked questions about our course. How long can I see the NailKnowledge course? You have a lifetime access to the course and can revisit it as often as you like. Is this course accredited? No.Regulated and unregulated (accredited) courses are Qualifications. NailKnowledge is a SUPPORT [&hellip;]\" \/>\n<meta property=\"og:url\" content=\"https:\/\/nailknowledge.org\/vi\/nhung-cau-hoi-thuong-gap\/\" \/>\n<meta property=\"og:site_name\" content=\"NailKnowledge\" \/>\n<meta property=\"article:modified_time\" content=\"2026-03-11T15:07:35+00:00\" \/>\n<meta name=\"twitter:card\" content=\"summary_large_image\" \/>\n<meta name=\"twitter:label1\" content=\"\u01af\u1edbc t\u00ednh th\u1eddi gian \u0111\u1ecdc\" \/>\n\t<meta name=\"twitter:data1\" content=\"4 ph\u00fat\" \/>\n<script type=\"application\/ld+json\" class=\"yoast-schema-graph\">{\"@context\":\"https:\\\/\\\/schema.org\",\"@graph\":[{\"@type\":\"WebPage\",\"@id\":\"https:\\\/\\\/nailknowledge.org\\\/frequently-asked-questions\",\"url\":\"https:\\\/\\\/nailknowledge.org\\\/frequently-asked-questions\",\"name\":\"Frequently Asked Questions - NailKnowledge\",\"isPartOf\":{\"@id\":\"https:\\\/\\\/new.nailknowledge.org\\\/#website\"},\"datePublished\":\"2021-01-21T15:18:42+00:00\",\"dateModified\":\"2026-03-11T15:07:35+00:00\",\"breadcrumb\":{\"@id\":\"https:\\\/\\\/nailknowledge.org\\\/frequently-asked-questions#breadcrumb\"},\"inLanguage\":\"vi\",\"potentialAction\":[{\"@type\":\"ReadAction\",\"target\":[\"https:\\\/\\\/nailknowledge.org\\\/frequently-asked-questions\"]}]},{\"@type\":\"BreadcrumbList\",\"@id\":\"https:\\\/\\\/nailknowledge.org\\\/frequently-asked-questions#breadcrumb\",\"itemListElement\":[{\"@type\":\"ListItem\",\"position\":1,\"name\":\"Home\",\"item\":\"https:\\\/\\\/nailknowledge.org\\\/\"},{\"@type\":\"ListItem\",\"position\":2,\"name\":\"Frequently Asked Questions\"}]},{\"@type\":\"WebSite\",\"@id\":\"https:\\\/\\\/new.nailknowledge.org\\\/#website\",\"url\":\"https:\\\/\\\/new.nailknowledge.org\\\/\",\"name\":\"NailKnowledge\",\"description\":\"\",\"publisher\":{\"@id\":\"https:\\\/\\\/new.nailknowledge.org\\\/#organization\"},\"potentialAction\":[{\"@type\":\"SearchAction\",\"target\":{\"@type\":\"EntryPoint\",\"urlTemplate\":\"https:\\\/\\\/new.nailknowledge.org\\\/?s={search_term_string}\"},\"query-input\":{\"@type\":\"PropertyValueSpecification\",\"valueRequired\":true,\"valueName\":\"search_term_string\"}}],\"inLanguage\":\"vi\"},{\"@type\":\"Organization\",\"@id\":\"https:\\\/\\\/new.nailknowledge.org\\\/#organization\",\"name\":\"NailKnowledge\",\"url\":\"https:\\\/\\\/new.nailknowledge.org\\\/\",\"logo\":{\"@type\":\"ImageObject\",\"inLanguage\":\"vi\",\"@id\":\"https:\\\/\\\/new.nailknowledge.org\\\/#\\\/schema\\\/logo\\\/image\\\/\",\"url\":\"https:\\\/\\\/nailknowledge.org\\\/wp-content\\\/uploads\\\/2026\\\/03\\\/KN-Logo-1.webp\",\"contentUrl\":\"https:\\\/\\\/nailknowledge.org\\\/wp-content\\\/uploads\\\/2026\\\/03\\\/KN-Logo-1.webp\",\"width\":542,\"height\":100,\"caption\":\"NailKnowledge\"},\"image\":{\"@id\":\"https:\\\/\\\/new.nailknowledge.org\\\/#\\\/schema\\\/logo\\\/image\\\/\"}}]}<\/script>\n<!-- \/ Yoast SEO plugin. -->","yoast_head_json":{"title":"Nh\u1eefng c\u00e2u h\u1ecfi th\u01b0\u1eddng g\u1eb7p - NailKnowledge","robots":{"index":"index","follow":"follow","max-snippet":"max-snippet:-1","max-image-preview":"max-image-preview:large","max-video-preview":"max-video-preview:-1"},"canonical":"https:\/\/nailknowledge.org\/vi\/nhung-cau-hoi-thuong-gap\/","og_locale":"vi_VN","og_type":"article","og_title":"Frequently Asked Questions - NailKnowledge","og_description":"Frequently Asked Questions Here are answers to the most commonly asked questions about our course. How long can I see the NailKnowledge course? You have a lifetime access to the course and can revisit it as often as you like. Is this course accredited? No.Regulated and unregulated (accredited) courses are Qualifications. NailKnowledge is a SUPPORT [&hellip;]","og_url":"https:\/\/nailknowledge.org\/vi\/nhung-cau-hoi-thuong-gap\/","og_site_name":"NailKnowledge","article_modified_time":"2026-03-11T15:07:35+00:00","twitter_card":"summary_large_image","twitter_misc":{"\u01af\u1edbc t\u00ednh th\u1eddi gian \u0111\u1ecdc":"4 ph\u00fat"},"schema":{"@context":"https:\/\/schema.org","@graph":[{"@type":"WebPage","@id":"https:\/\/nailknowledge.org\/frequently-asked-questions","url":"https:\/\/nailknowledge.org\/frequently-asked-questions","name":"Nh\u1eefng c\u00e2u h\u1ecfi th\u01b0\u1eddng g\u1eb7p - NailKnowledge","isPartOf":{"@id":"https:\/\/new.nailknowledge.org\/#website"},"datePublished":"2021-01-21T15:18:42+00:00","dateModified":"2026-03-11T15:07:35+00:00","breadcrumb":{"@id":"https:\/\/nailknowledge.org\/frequently-asked-questions#breadcrumb"},"inLanguage":"vi","potentialAction":[{"@type":"ReadAction","target":["https:\/\/nailknowledge.org\/frequently-asked-questions"]}]},{"@type":"BreadcrumbList","@id":"https:\/\/nailknowledge.org\/frequently-asked-questions#breadcrumb","itemListElement":[{"@type":"ListItem","position":1,"name":"Home","item":"https:\/\/nailknowledge.org\/"},{"@type":"ListItem","position":2,"name":"Frequently Asked Questions"}]},{"@type":"WebSite","@id":"https:\/\/new.nailknowledge.org\/#website","url":"https:\/\/new.nailknowledge.org\/","name":"Ki\u1ebfn th\u1ee9c v\u1ec1 m\u00f3ng tay","description":"","publisher":{"@id":"https:\/\/new.nailknowledge.org\/#organization"},"potentialAction":[{"@type":"SearchAction","target":{"@type":"EntryPoint","urlTemplate":"https:\/\/new.nailknowledge.org\/?s={search_term_string}"},"query-input":{"@type":"PropertyValueSpecification","valueRequired":true,"valueName":"search_term_string"}}],"inLanguage":"vi"},{"@type":"Organization","@id":"https:\/\/new.nailknowledge.org\/#organization","name":"Ki\u1ebfn th\u1ee9c v\u1ec1 m\u00f3ng tay","url":"https:\/\/new.nailknowledge.org\/","logo":{"@type":"ImageObject","inLanguage":"vi","@id":"https:\/\/new.nailknowledge.org\/#\/schema\/logo\/image\/","url":"https:\/\/nailknowledge.org\/wp-content\/uploads\/2026\/03\/KN-Logo-1.webp","contentUrl":"https:\/\/nailknowledge.org\/wp-content\/uploads\/2026\/03\/KN-Logo-1.webp","width":542,"height":100,"caption":"NailKnowledge"},"image":{"@id":"https:\/\/new.nailknowledge.org\/#\/schema\/logo\/image\/"}}]}},"_links":{"self":[{"href":"https:\/\/nailknowledge.org\/vi\/wp-json\/wp\/v2\/pages\/33039","targetHints":{"allow":["GET"]}}],"collection":[{"href":"https:\/\/nailknowledge.org\/vi\/wp-json\/wp\/v2\/pages"}],"about":[{"href":"https:\/\/nailknowledge.org\/vi\/wp-json\/wp\/v2\/types\/page"}],"author":[{"embeddable":true,"href":"https:\/\/nailknowledge.org\/vi\/wp-json\/wp\/v2\/users\/35"}],"replies":[{"embeddable":true,"href":"https:\/\/nailknowledge.org\/vi\/wp-json\/wp\/v2\/comments?post=33039"}],"version-history":[{"count":5,"href":"https:\/\/nailknowledge.org\/vi\/wp-json\/wp\/v2\/pages\/33039\/revisions"}],"predecessor-version":[{"id":164191,"href":"https:\/\/nailknowledge.org\/vi\/wp-json\/wp\/v2\/pages\/33039\/revisions\/164191"}],"wp:attachment":[{"href":"https:\/\/nailknowledge.org\/vi\/wp-json\/wp\/v2\/media?parent=33039"}],"curies":[{"name":"wp","href":"https:\/\/api.w.org\/{rel}","templated":true}]}}