{"id":33969,"date":"2021-02-05T14:26:25","date_gmt":"2021-02-05T14:26:25","guid":{"rendered":"https:\/\/nailknowledge.org\/?page_id=33969"},"modified":"2022-02-02T11:11:46","modified_gmt":"2022-02-02T11:11:46","slug":"loi-chung-thuc","status":"publish","type":"page","link":"https:\/\/nailknowledge.org\/vi\/testimonials","title":{"rendered":"L\u1eddi ch\u1ee9ng th\u1ef1c"},"content":{"rendered":"<p><img loading=\"eager\" fetchpriority=\"high\" decoding=\"async\" width=\"1541\" height=\"542\" src=\"https:\/\/nailknowledge.org\/wp-content\/uploads\/2021\/02\/Testimonials-banner-V3.png\" alt=\"\" \/><br \/>\n\t\t\t\t\t\t\t\t\t\t\t\t<img decoding=\"async\" width=\"493\" height=\"1043\" src=\"https:\/\/nailknowledge.org\/wp-content\/uploads\/2021\/02\/Testimonials-Mobile-Banner-V3-1.png\" alt=\"\" loading=\"lazy\" \/><br \/>\n\t\thttps:\/\/vimeo.com\/501812215\/30adf38420<\/p>\n<p style=\"text-align: center;\"><strong>Amy Lambourne<\/strong><br \/>K\u1ef9 thu\u1eadt vi\u00ean l\u00e0m m\u00f3ng chuy\u00ean nghi\u1ec7p\u00a0<\/p>\n<p>https:\/\/vimeo.com\/511089922\/24f73d06d1<\/p>\n<p style=\"text-align: center;\"><strong>Theresa Foddering<\/strong><br \/>\nCh\u1ee7 ti\u1ec7m v\u00e0 ng\u01b0\u1eddi h\u01b0\u1edbng d\u1eabn\n<\/p>\n<p>https:\/\/vimeo.com\/501811293\/e6fea99b03<\/p>\n<p style=\"text-align: center;\"><strong>Sue McGlashan<\/strong><br \/>Chuy\u00ean vi\u00ean l\u00e0m m\u00f3ng v\u00e0 l\u00e0m \u0111\u1eb9p<\/p>\n<p>https:\/\/vimeo.com\/507138318\/25f33a80b7<\/p>\n<p style=\"text-align: center;\"><strong>Tima Reshad<\/strong><br \/>Ch\u1ee7 ti\u1ec7m\u00a0<\/p>\n<p>https:\/\/vimeo.com\/511571654\/c62415fc1b<\/p>\n<p style=\"text-align: center;\"><strong>Heather Mackenzie<\/strong><br \/>H\u1ecdc sinh<\/p>\n<p>https:\/\/vimeo.com\/513924746\/7d9cc3e07e<\/p>\n<p style=\"text-align: center;\"><strong>Emily Geer<\/strong><br \/>Chuy\u00ean gia v\u00e0 Gi\u00e1o vi\u00ean l\u00e0m m\u00f3ng<\/p>\n<p>https:\/\/player.vimeo.com\/video\/526179658<\/p>\n<p style=\"text-align: center;\"><strong>Jennie Nippard<\/strong><br \/>Ch\u1ee7 ti\u1ec7m v\u00e0 ng\u01b0\u1eddi h\u01b0\u1edbng d\u1eabn<\/p>\n<p>https:\/\/vimeo.com\/528999168\/e84c06e8bf<\/p>\n<p style=\"text-align: center;\"><strong>Luisa Ansell<\/strong><br \/>Chuy\u00ean gia l\u00e0m m\u00f3ng<\/p>\n<p>https:\/\/vimeo.com\/547528076\/e35b7b3ad0<\/p>\n<p style=\"text-align: center;\"><strong>M\u00e8o Casto<\/strong><br \/>Chuy\u00ean gia l\u00e0m m\u00f3ng<\/p>\n<p style=\"text-align: center;\"><strong>Emily Geer<\/strong><br \/>Chuy\u00ean gia v\u00e0 Gi\u00e1o vi\u00ean l\u00e0m m\u00f3ng<\/p>\n<p style=\"text-align: center;\"><strong>Emily Geer<\/strong><br \/>Chuy\u00ean gia v\u00e0 Gi\u00e1o vi\u00ean l\u00e0m m\u00f3ng<\/p>\n<h2 style=\"text-align: center;\">Ti\u1ebfn th\u00eam m\u1ed9t b\u01b0\u1edbc trong s\u1ef1 nghi\u1ec7p l\u00e0m m\u00f3ng c\u1ee7a b\u1ea1n<\/h2>\n<p style=\"text-align: center;\"><strong>Cho d\u00f9 b\u1ea1n \u0111ang theo \u0111u\u1ed5i \u0111am m\u00ea c\u1ee7a m\u00ecnh, \u0111ang t\u00ecm ki\u1ebfm <\/strong><strong>th\u00e0nh th\u1ea1o H\u00f3a h\u1ecdc s\u1ea3n ph\u1ea9m ho\u1eb7c mu\u1ed1n th\u00eam m\u1ed9t s\u1ed1 <\/strong><strong>tr\u00ecnh \u0111\u1ed9 \u0111\u1ec3 b\u1ea1n kh\u00e1c bi\u1ec7t v\u1edbi nh\u1eefng c\u00f4ng vi\u1ec7c kh\u00e1c <\/strong><strong>ng\u01b0\u1eddi n\u1ed9p \u0111\u01a1n \u2013 NailKnowledge \u1edf \u0111\u00e2y \u0111\u1ec3 h\u1ed7 tr\u1ee3 b\u1ea1n.<\/strong><\/p>\n<p>\t\t\t<a href=\"https:\/\/nailknowledge.org\/vi\/courses\/bang-cap-chuyen-nghiep-ve-mong-tay-can-thiet\/\" role=\"button\"><br \/>\n\t\t\t\t\t\tB\u1eaft \u0111\u1ea7u h\u1ecdc<br \/>\n\t\t\t\t\t<\/a><\/p>","protected":false},"excerpt":{"rendered":"<p>https:\/\/vimeo.com\/501812215\/30adf38420 Amy LambourneProfessional Nail Technician\u00a0 https:\/\/vimeo.com\/511089922\/24f73d06d1 Theresa Foddering Salon Owner and Educator https:\/\/vimeo.com\/501811293\/e6fea99b03 Sue McGlashanNail and Beauty Therapist https:\/\/vimeo.com\/507138318\/25f33a80b7 Tima ReshadSalon Owner\u00a0 https:\/\/vimeo.com\/511571654\/c62415fc1b Heather MackenzieStudent https:\/\/vimeo.com\/513924746\/7d9cc3e07e Emily GeerNail Professional and Educator https:\/\/player.vimeo.com\/video\/526179658 Jennie NippardSalon Owner and Educator https:\/\/vimeo.com\/528999168\/e84c06e8bf Luisa AnsellNail Professional https:\/\/vimeo.com\/547528076\/e35b7b3ad0 Tabby CastoNail Professional Emily GeerNail Professional and Educator Emily GeerNail Professional and Educator [&hellip;]<\/p>\n","protected":false},"author":35,"featured_media":0,"parent":0,"menu_order":0,"comment_status":"closed","ping_status":"closed","template":"","meta":{"_genesis_hide_title":false,"_genesis_hide_breadcrumbs":false,"_genesis_hide_singular_image":false,"_genesis_hide_footer_widgets":false,"_genesis_custom_body_class":"","_genesis_custom_post_class":"","_genesis_layout":"","footnotes":""},"class_list":{"0":"post-33969","1":"page","2":"type-page","3":"status-publish","5":"entry"},"yoast_head":"<!-- This site is optimized with the Yoast SEO plugin v27.3 - https:\/\/yoast.com\/product\/yoast-seo-wordpress\/ -->\n<title>Testimonials - NailKnowledge<\/title>\n<meta name=\"robots\" content=\"index, follow, max-snippet:-1, max-image-preview:large, max-video-preview:-1\" \/>\n<link rel=\"canonical\" href=\"https:\/\/nailknowledge.org\/vi\/loi-chung-thuc\/\" \/>\n<meta property=\"og:locale\" content=\"vi_VN\" \/>\n<meta property=\"og:type\" content=\"article\" \/>\n<meta property=\"og:title\" content=\"Testimonials - NailKnowledge\" \/>\n<meta property=\"og:description\" content=\"https:\/\/vimeo.com\/501812215\/30adf38420 Amy LambourneProfessional Nail Technician\u00a0 https:\/\/vimeo.com\/511089922\/24f73d06d1 Theresa Foddering Salon Owner and Educator https:\/\/vimeo.com\/501811293\/e6fea99b03 Sue McGlashanNail and Beauty Therapist https:\/\/vimeo.com\/507138318\/25f33a80b7 Tima ReshadSalon Owner\u00a0 https:\/\/vimeo.com\/511571654\/c62415fc1b Heather MackenzieStudent https:\/\/vimeo.com\/513924746\/7d9cc3e07e Emily GeerNail Professional and Educator https:\/\/player.vimeo.com\/video\/526179658 Jennie NippardSalon Owner and Educator https:\/\/vimeo.com\/528999168\/e84c06e8bf Luisa AnsellNail Professional https:\/\/vimeo.com\/547528076\/e35b7b3ad0 Tabby CastoNail Professional Emily GeerNail Professional and Educator Emily GeerNail Professional and Educator [&hellip;]\" \/>\n<meta property=\"og:url\" content=\"https:\/\/nailknowledge.org\/vi\/loi-chung-thuc\/\" \/>\n<meta property=\"og:site_name\" content=\"NailKnowledge\" \/>\n<meta property=\"article:modified_time\" content=\"2022-02-02T11:11:46+00:00\" \/>\n<meta property=\"og:image\" content=\"https:\/\/nailknowledge.org\/wp-content\/uploads\/2023\/03\/image002.jpg\" \/>\n\t<meta property=\"og:image:width\" content=\"545\" \/>\n\t<meta property=\"og:image:height\" content=\"295\" \/>\n\t<meta property=\"og:image:type\" content=\"image\/jpeg\" \/>\n<meta name=\"twitter:card\" content=\"summary_large_image\" \/>\n<meta name=\"twitter:label1\" content=\"\u01af\u1edbc t\u00ednh th\u1eddi gian \u0111\u1ecdc\" \/>\n\t<meta name=\"twitter:data1\" content=\"9 ph\u00fat\" \/>\n<script type=\"application\/ld+json\" class=\"yoast-schema-graph\">{\"@context\":\"https:\\\/\\\/schema.org\",\"@graph\":[{\"@type\":\"WebPage\",\"@id\":\"https:\\\/\\\/nailknowledge.org\\\/testimonials\",\"url\":\"https:\\\/\\\/nailknowledge.org\\\/testimonials\",\"name\":\"Testimonials - NailKnowledge\",\"isPartOf\":{\"@id\":\"https:\\\/\\\/new.nailknowledge.org\\\/#website\"},\"primaryImageOfPage\":{\"@id\":\"https:\\\/\\\/nailknowledge.org\\\/testimonials#primaryimage\"},\"image\":{\"@id\":\"https:\\\/\\\/nailknowledge.org\\\/testimonials#primaryimage\"},\"thumbnailUrl\":\"https:\\\/\\\/nailknowledge.org\\\/wp-content\\\/uploads\\\/2021\\\/02\\\/Testimonials-banner-V3.png\",\"datePublished\":\"2021-02-05T14:26:25+00:00\",\"dateModified\":\"2022-02-02T11:11:46+00:00\",\"breadcrumb\":{\"@id\":\"https:\\\/\\\/nailknowledge.org\\\/testimonials#breadcrumb\"},\"inLanguage\":\"vi\",\"potentialAction\":[{\"@type\":\"ReadAction\",\"target\":[\"https:\\\/\\\/nailknowledge.org\\\/testimonials\"]}]},{\"@type\":\"ImageObject\",\"inLanguage\":\"vi\",\"@id\":\"https:\\\/\\\/nailknowledge.org\\\/testimonials#primaryimage\",\"url\":\"https:\\\/\\\/nailknowledge.org\\\/wp-content\\\/uploads\\\/2021\\\/02\\\/Testimonials-banner-V3.png\",\"contentUrl\":\"https:\\\/\\\/nailknowledge.org\\\/wp-content\\\/uploads\\\/2021\\\/02\\\/Testimonials-banner-V3.png\"},{\"@type\":\"BreadcrumbList\",\"@id\":\"https:\\\/\\\/nailknowledge.org\\\/testimonials#breadcrumb\",\"itemListElement\":[{\"@type\":\"ListItem\",\"position\":1,\"name\":\"Home\",\"item\":\"https:\\\/\\\/nailknowledge.org\\\/\"},{\"@type\":\"ListItem\",\"position\":2,\"name\":\"Testimonials\"}]},{\"@type\":\"WebSite\",\"@id\":\"https:\\\/\\\/new.nailknowledge.org\\\/#website\",\"url\":\"https:\\\/\\\/new.nailknowledge.org\\\/\",\"name\":\"NailKnowledge\",\"description\":\"\",\"publisher\":{\"@id\":\"https:\\\/\\\/new.nailknowledge.org\\\/#organization\"},\"potentialAction\":[{\"@type\":\"SearchAction\",\"target\":{\"@type\":\"EntryPoint\",\"urlTemplate\":\"https:\\\/\\\/new.nailknowledge.org\\\/?s={search_term_string}\"},\"query-input\":{\"@type\":\"PropertyValueSpecification\",\"valueRequired\":true,\"valueName\":\"search_term_string\"}}],\"inLanguage\":\"vi\"},{\"@type\":\"Organization\",\"@id\":\"https:\\\/\\\/new.nailknowledge.org\\\/#organization\",\"name\":\"NailKnowledge\",\"url\":\"https:\\\/\\\/new.nailknowledge.org\\\/\",\"logo\":{\"@type\":\"ImageObject\",\"inLanguage\":\"vi\",\"@id\":\"https:\\\/\\\/new.nailknowledge.org\\\/#\\\/schema\\\/logo\\\/image\\\/\",\"url\":\"https:\\\/\\\/nailknowledge.org\\\/wp-content\\\/uploads\\\/2026\\\/03\\\/KN-Logo-1.webp\",\"contentUrl\":\"https:\\\/\\\/nailknowledge.org\\\/wp-content\\\/uploads\\\/2026\\\/03\\\/KN-Logo-1.webp\",\"width\":542,\"height\":100,\"caption\":\"NailKnowledge\"},\"image\":{\"@id\":\"https:\\\/\\\/new.nailknowledge.org\\\/#\\\/schema\\\/logo\\\/image\\\/\"}}]}<\/script>\n<!-- \/ Yoast SEO plugin. -->","yoast_head_json":{"title":"L\u1eddi ch\u1ee9ng th\u1ef1c - NailKnowledge","robots":{"index":"index","follow":"follow","max-snippet":"max-snippet:-1","max-image-preview":"max-image-preview:large","max-video-preview":"max-video-preview:-1"},"canonical":"https:\/\/nailknowledge.org\/vi\/loi-chung-thuc\/","og_locale":"vi_VN","og_type":"article","og_title":"Testimonials - NailKnowledge","og_description":"https:\/\/vimeo.com\/501812215\/30adf38420 Amy LambourneProfessional Nail Technician\u00a0 https:\/\/vimeo.com\/511089922\/24f73d06d1 Theresa Foddering Salon Owner and Educator https:\/\/vimeo.com\/501811293\/e6fea99b03 Sue McGlashanNail and Beauty Therapist https:\/\/vimeo.com\/507138318\/25f33a80b7 Tima ReshadSalon Owner\u00a0 https:\/\/vimeo.com\/511571654\/c62415fc1b Heather MackenzieStudent https:\/\/vimeo.com\/513924746\/7d9cc3e07e Emily GeerNail Professional and Educator https:\/\/player.vimeo.com\/video\/526179658 Jennie NippardSalon Owner and Educator https:\/\/vimeo.com\/528999168\/e84c06e8bf Luisa AnsellNail Professional https:\/\/vimeo.com\/547528076\/e35b7b3ad0 Tabby CastoNail Professional Emily GeerNail Professional and Educator Emily GeerNail Professional and Educator [&hellip;]","og_url":"https:\/\/nailknowledge.org\/vi\/loi-chung-thuc\/","og_site_name":"NailKnowledge","article_modified_time":"2022-02-02T11:11:46+00:00","og_image":[{"width":545,"height":295,"url":"https:\/\/nailknowledge.org\/wp-content\/uploads\/2023\/03\/image002.jpg","type":"image\/jpeg"}],"twitter_card":"summary_large_image","twitter_misc":{"\u01af\u1edbc t\u00ednh th\u1eddi gian \u0111\u1ecdc":"9 ph\u00fat"},"schema":{"@context":"https:\/\/schema.org","@graph":[{"@type":"WebPage","@id":"https:\/\/nailknowledge.org\/testimonials","url":"https:\/\/nailknowledge.org\/testimonials","name":"L\u1eddi ch\u1ee9ng th\u1ef1c - NailKnowledge","isPartOf":{"@id":"https:\/\/new.nailknowledge.org\/#website"},"primaryImageOfPage":{"@id":"https:\/\/nailknowledge.org\/testimonials#primaryimage"},"image":{"@id":"https:\/\/nailknowledge.org\/testimonials#primaryimage"},"thumbnailUrl":"https:\/\/nailknowledge.org\/wp-content\/uploads\/2021\/02\/Testimonials-banner-V3.png","datePublished":"2021-02-05T14:26:25+00:00","dateModified":"2022-02-02T11:11:46+00:00","breadcrumb":{"@id":"https:\/\/nailknowledge.org\/testimonials#breadcrumb"},"inLanguage":"vi","potentialAction":[{"@type":"ReadAction","target":["https:\/\/nailknowledge.org\/testimonials"]}]},{"@type":"ImageObject","inLanguage":"vi","@id":"https:\/\/nailknowledge.org\/testimonials#primaryimage","url":"https:\/\/nailknowledge.org\/wp-content\/uploads\/2021\/02\/Testimonials-banner-V3.png","contentUrl":"https:\/\/nailknowledge.org\/wp-content\/uploads\/2021\/02\/Testimonials-banner-V3.png"},{"@type":"BreadcrumbList","@id":"https:\/\/nailknowledge.org\/testimonials#breadcrumb","itemListElement":[{"@type":"ListItem","position":1,"name":"Home","item":"https:\/\/nailknowledge.org\/"},{"@type":"ListItem","position":2,"name":"Testimonials"}]},{"@type":"WebSite","@id":"https:\/\/new.nailknowledge.org\/#website","url":"https:\/\/new.nailknowledge.org\/","name":"Ki\u1ebfn th\u1ee9c v\u1ec1 m\u00f3ng tay","description":"","publisher":{"@id":"https:\/\/new.nailknowledge.org\/#organization"},"potentialAction":[{"@type":"SearchAction","target":{"@type":"EntryPoint","urlTemplate":"https:\/\/new.nailknowledge.org\/?s={search_term_string}"},"query-input":{"@type":"PropertyValueSpecification","valueRequired":true,"valueName":"search_term_string"}}],"inLanguage":"vi"},{"@type":"Organization","@id":"https:\/\/new.nailknowledge.org\/#organization","name":"Ki\u1ebfn th\u1ee9c v\u1ec1 m\u00f3ng tay","url":"https:\/\/new.nailknowledge.org\/","logo":{"@type":"ImageObject","inLanguage":"vi","@id":"https:\/\/new.nailknowledge.org\/#\/schema\/logo\/image\/","url":"https:\/\/nailknowledge.org\/wp-content\/uploads\/2026\/03\/KN-Logo-1.webp","contentUrl":"https:\/\/nailknowledge.org\/wp-content\/uploads\/2026\/03\/KN-Logo-1.webp","width":542,"height":100,"caption":"NailKnowledge"},"image":{"@id":"https:\/\/new.nailknowledge.org\/#\/schema\/logo\/image\/"}}]}},"_links":{"self":[{"href":"https:\/\/nailknowledge.org\/vi\/wp-json\/wp\/v2\/pages\/33969","targetHints":{"allow":["GET"]}}],"collection":[{"href":"https:\/\/nailknowledge.org\/vi\/wp-json\/wp\/v2\/pages"}],"about":[{"href":"https:\/\/nailknowledge.org\/vi\/wp-json\/wp\/v2\/types\/page"}],"author":[{"embeddable":true,"href":"https:\/\/nailknowledge.org\/vi\/wp-json\/wp\/v2\/users\/35"}],"replies":[{"embeddable":true,"href":"https:\/\/nailknowledge.org\/vi\/wp-json\/wp\/v2\/comments?post=33969"}],"version-history":[{"count":0,"href":"https:\/\/nailknowledge.org\/vi\/wp-json\/wp\/v2\/pages\/33969\/revisions"}],"wp:attachment":[{"href":"https:\/\/nailknowledge.org\/vi\/wp-json\/wp\/v2\/media?parent=33969"}],"curies":[{"name":"wp","href":"https:\/\/api.w.org\/{rel}","templated":true}]}}