{"id":34077,"date":"2021-02-08T10:10:13","date_gmt":"2021-02-08T10:10:13","guid":{"rendered":"https:\/\/nailknowledge.org\/?page_id=34077"},"modified":"2021-02-08T15:41:49","modified_gmt":"2021-02-08T15:41:49","slug":"bai-hoc-thu-nghiem","status":"publish","type":"page","link":"https:\/\/nailknowledge.org\/vi\/taster-lesson","title":{"rendered":"B\u00e0i h\u1ecdc th\u1eed nghi\u1ec7m"},"content":{"rendered":"<p><img loading=\"eager\" fetchpriority=\"high\" decoding=\"async\" width=\"1541\" height=\"542\" src=\"https:\/\/nailknowledge.org\/wp-content\/uploads\/2021\/02\/NK-taster-Lesson-no-button-V2.png\" alt=\"B\u00e0i h\u1ecdc th\u1eed nghi\u1ec7m\" srcset=\"https:\/\/nailknowledge.org\/wp-content\/uploads\/2021\/02\/NK-taster-Lesson-no-button-V2.png 1541w, https:\/\/nailknowledge.org\/wp-content\/uploads\/2021\/02\/NK-taster-Lesson-no-button-V2-300x106.png 300w, https:\/\/nailknowledge.org\/wp-content\/uploads\/2021\/02\/NK-taster-Lesson-no-button-V2-1024x360.png 1024w, https:\/\/nailknowledge.org\/wp-content\/uploads\/2021\/02\/NK-taster-Lesson-no-button-V2-768x270.png 768w, https:\/\/nailknowledge.org\/wp-content\/uploads\/2021\/02\/NK-taster-Lesson-no-button-V2-1536x540.png 1536w, https:\/\/nailknowledge.org\/wp-content\/uploads\/2021\/02\/NK-taster-Lesson-no-button-V2-400x141.png 400w, https:\/\/nailknowledge.org\/wp-content\/uploads\/2021\/02\/NK-taster-Lesson-no-button-V2-600x211.png 600w\" sizes=\"auto, (max-width: 1541px) 100vw, 1541px\" \/><br \/>\n\t\t\t\t\t\t\t\t\t\t<img decoding=\"async\" width=\"1541\" height=\"542\" src=\"https:\/\/nailknowledge.org\/wp-content\/uploads\/2021\/02\/NK-taster-Lesson-no-button-V2.png\" alt=\"B\u00e0i h\u1ecdc th\u1eed nghi\u1ec7m\" loading=\"lazy\" srcset=\"https:\/\/nailknowledge.org\/wp-content\/uploads\/2021\/02\/NK-taster-Lesson-no-button-V2.png 1541w, https:\/\/nailknowledge.org\/wp-content\/uploads\/2021\/02\/NK-taster-Lesson-no-button-V2-300x106.png 300w, https:\/\/nailknowledge.org\/wp-content\/uploads\/2021\/02\/NK-taster-Lesson-no-button-V2-1024x360.png 1024w, https:\/\/nailknowledge.org\/wp-content\/uploads\/2021\/02\/NK-taster-Lesson-no-button-V2-768x270.png 768w, https:\/\/nailknowledge.org\/wp-content\/uploads\/2021\/02\/NK-taster-Lesson-no-button-V2-1536x540.png 1536w, https:\/\/nailknowledge.org\/wp-content\/uploads\/2021\/02\/NK-taster-Lesson-no-button-V2-400x141.png 400w, https:\/\/nailknowledge.org\/wp-content\/uploads\/2021\/02\/NK-taster-Lesson-no-button-V2-600x211.png 600w\" sizes=\"auto, (max-width: 1541px) 100vw, 1541px\" \/><br \/>\n\t\t\t<iframe width=\"100%\" allowfullscreen=\"true\" src=\"https:\/\/nailknowledge.org\/wp-content\/uploads\/taster\/v4\/story.html\"><\/iframe><a href=\"#\">To\u00e0n m\u00e0n h\u00ecnh<\/a><br \/>\n<a href=\"#\"><\/a>\t\t<\/p>\n<h2 style=\"text-align: center;\">Ti\u1ebfn th\u00eam m\u1ed9t b\u01b0\u1edbc trong s\u1ef1 nghi\u1ec7p l\u00e0m m\u00f3ng c\u1ee7a b\u1ea1n<\/h2>\n<p style=\"text-align: center;\"><strong>Cho d\u00f9 b\u1ea1n \u0111ang theo \u0111u\u1ed5i \u0111am m\u00ea c\u1ee7a m\u00ecnh, \u0111ang t\u00ecm ki\u1ebfm <\/strong><strong>th\u00e0nh th\u1ea1o H\u00f3a h\u1ecdc s\u1ea3n ph\u1ea9m ho\u1eb7c mu\u1ed1n th\u00eam m\u1ed9t s\u1ed1 <\/strong><strong>tr\u00ecnh \u0111\u1ed9 \u0111\u1ec3 b\u1ea1n kh\u00e1c bi\u1ec7t v\u1edbi nh\u1eefng c\u00f4ng vi\u1ec7c kh\u00e1c <\/strong><strong>ng\u01b0\u1eddi n\u1ed9p \u0111\u01a1n \u2013 NailKnowledge \u1edf \u0111\u00e2y \u0111\u1ec3 h\u1ed7 tr\u1ee3 b\u1ea1n.<\/strong><\/p>\n<p>\t\t\t<a href=\"https:\/\/nailknowledge.org\/vi\/courses\/bang-cap-chuyen-nghiep-ve-mong-tay-can-thiet\/\" role=\"button\"><br \/>\n\t\t\t\t\t\tB\u1eaft \u0111\u1ea7u h\u1ecdc<br \/>\n\t\t\t\t\t<\/a><\/p>","protected":false},"excerpt":{"rendered":"<p>Full Screen Take the Next Step in your Nail Career Whether you are following your passion, looking to master Product Chemistry or want some additional qualifications to set you apart from other job applicants &#8211; NailKnowledge is here to support you. Start learning<\/p>","protected":false},"author":35,"featured_media":0,"parent":0,"menu_order":0,"comment_status":"closed","ping_status":"closed","template":"","meta":{"_yoast_wpseo_focuskw":"","_yoast_wpseo_metadesc":"","_genesis_hide_title":false,"_genesis_hide_breadcrumbs":false,"_genesis_hide_singular_image":false,"_genesis_hide_footer_widgets":false,"_genesis_custom_body_class":"","_genesis_custom_post_class":"","_genesis_layout":"","footnotes":""},"class_list":{"0":"post-34077","1":"page","2":"type-page","3":"status-publish","5":"entry"},"yoast_head":"<!-- This site is optimized with the Yoast SEO plugin v27.4 - https:\/\/yoast.com\/product\/yoast-seo-wordpress\/ -->\n<title>Taster Lesson - NailKnowledge<\/title>\n<meta name=\"robots\" content=\"index, follow, max-snippet:-1, max-image-preview:large, max-video-preview:-1\" \/>\n<link rel=\"canonical\" href=\"https:\/\/nailknowledge.org\/vi\/bai-hoc-thu-nghiem\/\" \/>\n<meta property=\"og:locale\" content=\"vi_VN\" \/>\n<meta property=\"og:type\" content=\"article\" \/>\n<meta property=\"og:title\" content=\"Taster Lesson - NailKnowledge\" \/>\n<meta property=\"og:description\" content=\"Full Screen Take the Next Step in your Nail Career Whether you are following your passion, looking to master Product Chemistry or want some additional qualifications to set you apart from other job applicants &#8211; NailKnowledge is here to support you. Start learning\" \/>\n<meta property=\"og:url\" content=\"https:\/\/nailknowledge.org\/vi\/bai-hoc-thu-nghiem\/\" \/>\n<meta property=\"og:site_name\" content=\"NailKnowledge\" \/>\n<meta property=\"article:modified_time\" content=\"2021-02-08T15:41:49+00:00\" \/>\n<meta property=\"og:image\" content=\"https:\/\/nailknowledge.org\/wp-content\/uploads\/2023\/03\/image002.jpg\" \/>\n\t<meta property=\"og:image:width\" content=\"545\" \/>\n\t<meta property=\"og:image:height\" content=\"295\" \/>\n\t<meta property=\"og:image:type\" content=\"image\/jpeg\" \/>\n<meta name=\"twitter:card\" content=\"summary_large_image\" \/>\n<meta name=\"twitter:label1\" content=\"\u01af\u1edbc t\u00ednh th\u1eddi gian \u0111\u1ecdc\" \/>\n\t<meta name=\"twitter:data1\" content=\"1 ph\u00fat\" \/>\n<script type=\"application\/ld+json\" class=\"yoast-schema-graph\">{\"@context\":\"https:\\\/\\\/schema.org\",\"@graph\":[{\"@type\":\"WebPage\",\"@id\":\"https:\\\/\\\/nailknowledge.org\\\/taster-lesson\",\"url\":\"https:\\\/\\\/nailknowledge.org\\\/taster-lesson\",\"name\":\"Taster Lesson - NailKnowledge\",\"isPartOf\":{\"@id\":\"https:\\\/\\\/new.nailknowledge.org\\\/#website\"},\"primaryImageOfPage\":{\"@id\":\"https:\\\/\\\/nailknowledge.org\\\/taster-lesson#primaryimage\"},\"image\":{\"@id\":\"https:\\\/\\\/nailknowledge.org\\\/taster-lesson#primaryimage\"},\"thumbnailUrl\":\"https:\\\/\\\/nailknowledge.org\\\/wp-content\\\/uploads\\\/2021\\\/02\\\/NK-taster-Lesson-no-button-V2.png\",\"datePublished\":\"2021-02-08T10:10:13+00:00\",\"dateModified\":\"2021-02-08T15:41:49+00:00\",\"breadcrumb\":{\"@id\":\"https:\\\/\\\/nailknowledge.org\\\/taster-lesson#breadcrumb\"},\"inLanguage\":\"vi\",\"potentialAction\":[{\"@type\":\"ReadAction\",\"target\":[\"https:\\\/\\\/nailknowledge.org\\\/taster-lesson\"]}]},{\"@type\":\"ImageObject\",\"inLanguage\":\"vi\",\"@id\":\"https:\\\/\\\/nailknowledge.org\\\/taster-lesson#primaryimage\",\"url\":\"https:\\\/\\\/nailknowledge.org\\\/wp-content\\\/uploads\\\/2021\\\/02\\\/NK-taster-Lesson-no-button-V2.png\",\"contentUrl\":\"https:\\\/\\\/nailknowledge.org\\\/wp-content\\\/uploads\\\/2021\\\/02\\\/NK-taster-Lesson-no-button-V2.png\"},{\"@type\":\"BreadcrumbList\",\"@id\":\"https:\\\/\\\/nailknowledge.org\\\/taster-lesson#breadcrumb\",\"itemListElement\":[{\"@type\":\"ListItem\",\"position\":1,\"name\":\"Home\",\"item\":\"https:\\\/\\\/nailknowledge.org\\\/\"},{\"@type\":\"ListItem\",\"position\":2,\"name\":\"Taster Lesson\"}]},{\"@type\":\"WebSite\",\"@id\":\"https:\\\/\\\/new.nailknowledge.org\\\/#website\",\"url\":\"https:\\\/\\\/new.nailknowledge.org\\\/\",\"name\":\"NailKnowledge\",\"description\":\"\",\"publisher\":{\"@id\":\"https:\\\/\\\/new.nailknowledge.org\\\/#organization\"},\"potentialAction\":[{\"@type\":\"SearchAction\",\"target\":{\"@type\":\"EntryPoint\",\"urlTemplate\":\"https:\\\/\\\/new.nailknowledge.org\\\/?s={search_term_string}\"},\"query-input\":{\"@type\":\"PropertyValueSpecification\",\"valueRequired\":true,\"valueName\":\"search_term_string\"}}],\"inLanguage\":\"vi\"},{\"@type\":\"Organization\",\"@id\":\"https:\\\/\\\/new.nailknowledge.org\\\/#organization\",\"name\":\"NailKnowledge\",\"url\":\"https:\\\/\\\/new.nailknowledge.org\\\/\",\"logo\":{\"@type\":\"ImageObject\",\"inLanguage\":\"vi\",\"@id\":\"https:\\\/\\\/new.nailknowledge.org\\\/#\\\/schema\\\/logo\\\/image\\\/\",\"url\":\"https:\\\/\\\/nailknowledge.org\\\/wp-content\\\/uploads\\\/2026\\\/03\\\/KN-Logo-1.webp\",\"contentUrl\":\"https:\\\/\\\/nailknowledge.org\\\/wp-content\\\/uploads\\\/2026\\\/03\\\/KN-Logo-1.webp\",\"width\":542,\"height\":100,\"caption\":\"NailKnowledge\"},\"image\":{\"@id\":\"https:\\\/\\\/new.nailknowledge.org\\\/#\\\/schema\\\/logo\\\/image\\\/\"}}]}<\/script>\n<!-- \/ Yoast SEO plugin. -->","yoast_head_json":{"title":"B\u00e0i h\u1ecdc th\u1eed nghi\u1ec7m - NailKnowledge","robots":{"index":"index","follow":"follow","max-snippet":"max-snippet:-1","max-image-preview":"max-image-preview:large","max-video-preview":"max-video-preview:-1"},"canonical":"https:\/\/nailknowledge.org\/vi\/bai-hoc-thu-nghiem\/","og_locale":"vi_VN","og_type":"article","og_title":"Taster Lesson - NailKnowledge","og_description":"Full Screen Take the Next Step in your Nail Career Whether you are following your passion, looking to master Product Chemistry or want some additional qualifications to set you apart from other job applicants &#8211; NailKnowledge is here to support you. Start learning","og_url":"https:\/\/nailknowledge.org\/vi\/bai-hoc-thu-nghiem\/","og_site_name":"NailKnowledge","article_modified_time":"2021-02-08T15:41:49+00:00","og_image":[{"width":545,"height":295,"url":"https:\/\/nailknowledge.org\/wp-content\/uploads\/2023\/03\/image002.jpg","type":"image\/jpeg"}],"twitter_card":"summary_large_image","twitter_misc":{"\u01af\u1edbc t\u00ednh th\u1eddi gian \u0111\u1ecdc":"1 ph\u00fat"},"schema":{"@context":"https:\/\/schema.org","@graph":[{"@type":"WebPage","@id":"https:\/\/nailknowledge.org\/taster-lesson","url":"https:\/\/nailknowledge.org\/taster-lesson","name":"B\u00e0i h\u1ecdc th\u1eed nghi\u1ec7m - NailKnowledge","isPartOf":{"@id":"https:\/\/new.nailknowledge.org\/#website"},"primaryImageOfPage":{"@id":"https:\/\/nailknowledge.org\/taster-lesson#primaryimage"},"image":{"@id":"https:\/\/nailknowledge.org\/taster-lesson#primaryimage"},"thumbnailUrl":"https:\/\/nailknowledge.org\/wp-content\/uploads\/2021\/02\/NK-taster-Lesson-no-button-V2.png","datePublished":"2021-02-08T10:10:13+00:00","dateModified":"2021-02-08T15:41:49+00:00","breadcrumb":{"@id":"https:\/\/nailknowledge.org\/taster-lesson#breadcrumb"},"inLanguage":"vi","potentialAction":[{"@type":"ReadAction","target":["https:\/\/nailknowledge.org\/taster-lesson"]}]},{"@type":"ImageObject","inLanguage":"vi","@id":"https:\/\/nailknowledge.org\/taster-lesson#primaryimage","url":"https:\/\/nailknowledge.org\/wp-content\/uploads\/2021\/02\/NK-taster-Lesson-no-button-V2.png","contentUrl":"https:\/\/nailknowledge.org\/wp-content\/uploads\/2021\/02\/NK-taster-Lesson-no-button-V2.png"},{"@type":"BreadcrumbList","@id":"https:\/\/nailknowledge.org\/taster-lesson#breadcrumb","itemListElement":[{"@type":"ListItem","position":1,"name":"Home","item":"https:\/\/nailknowledge.org\/"},{"@type":"ListItem","position":2,"name":"Taster Lesson"}]},{"@type":"WebSite","@id":"https:\/\/new.nailknowledge.org\/#website","url":"https:\/\/new.nailknowledge.org\/","name":"Ki\u1ebfn th\u1ee9c v\u1ec1 m\u00f3ng tay","description":"","publisher":{"@id":"https:\/\/new.nailknowledge.org\/#organization"},"potentialAction":[{"@type":"SearchAction","target":{"@type":"EntryPoint","urlTemplate":"https:\/\/new.nailknowledge.org\/?s={search_term_string}"},"query-input":{"@type":"PropertyValueSpecification","valueRequired":true,"valueName":"search_term_string"}}],"inLanguage":"vi"},{"@type":"Organization","@id":"https:\/\/new.nailknowledge.org\/#organization","name":"Ki\u1ebfn th\u1ee9c v\u1ec1 m\u00f3ng tay","url":"https:\/\/new.nailknowledge.org\/","logo":{"@type":"ImageObject","inLanguage":"vi","@id":"https:\/\/new.nailknowledge.org\/#\/schema\/logo\/image\/","url":"https:\/\/nailknowledge.org\/wp-content\/uploads\/2026\/03\/KN-Logo-1.webp","contentUrl":"https:\/\/nailknowledge.org\/wp-content\/uploads\/2026\/03\/KN-Logo-1.webp","width":542,"height":100,"caption":"NailKnowledge"},"image":{"@id":"https:\/\/new.nailknowledge.org\/#\/schema\/logo\/image\/"}}]}},"_links":{"self":[{"href":"https:\/\/nailknowledge.org\/vi\/wp-json\/wp\/v2\/pages\/34077","targetHints":{"allow":["GET"]}}],"collection":[{"href":"https:\/\/nailknowledge.org\/vi\/wp-json\/wp\/v2\/pages"}],"about":[{"href":"https:\/\/nailknowledge.org\/vi\/wp-json\/wp\/v2\/types\/page"}],"author":[{"embeddable":true,"href":"https:\/\/nailknowledge.org\/vi\/wp-json\/wp\/v2\/users\/35"}],"replies":[{"embeddable":true,"href":"https:\/\/nailknowledge.org\/vi\/wp-json\/wp\/v2\/comments?post=34077"}],"version-history":[{"count":0,"href":"https:\/\/nailknowledge.org\/vi\/wp-json\/wp\/v2\/pages\/34077\/revisions"}],"wp:attachment":[{"href":"https:\/\/nailknowledge.org\/vi\/wp-json\/wp\/v2\/media?parent=34077"}],"curies":[{"name":"wp","href":"https:\/\/api.w.org\/{rel}","templated":true}]}}