{"id":36417,"date":"2021-05-26T15:05:15","date_gmt":"2021-05-26T15:05:15","guid":{"rendered":"https:\/\/nailknowledge.org\/?page_id=36417"},"modified":"2024-01-23T18:43:51","modified_gmt":"2024-01-23T18:43:51","slug":"tracy-anne-shelverton","status":"publish","type":"page","link":"https:\/\/nailknowledge.org\/vi\/tracy-anne-shelverton","title":{"rendered":"Tracy Anne Shelverton"},"content":{"rendered":"<div style=\"height:39px\" aria-hidden=\"true\" class=\"wp-block-spacer\"><\/div>\n\n\n\n<h1 class=\"wp-block-heading has-text-align-center\">Tracy Anne Shelverton<\/h1>\n\n\n\n<h3 class=\"wp-block-heading has-text-align-center\">Chuy\u00ean gia ch\u0103m s\u00f3c s\u1ee9c kh\u1ecfe b\u00e0n tay, Nh\u00e0 b\u00e1o v\u00e0 Nh\u00e0 gi\u00e1o d\u1ee5c<\/h3>\n\n\n\n<div style=\"height:39px\" aria-hidden=\"true\" class=\"wp-block-spacer\"><\/div>\n\n\n\n<div class=\"wp-block-group\"><div class=\"wp-block-group__inner-container is-layout-constrained wp-block-group-is-layout-constrained\">\n<div class=\"wp-block-group mx-auto container-max-width-1200\"><div class=\"wp-block-group__inner-container is-layout-constrained wp-block-group-is-layout-constrained\"><div class=\"wp-block-image\">\n<figure class=\"alignleft size-large is-resized\"><img loading=\"eager\" fetchpriority=\"high\" decoding=\"async\" width=\"819\" height=\"1024\" src=\"https:\/\/nailknowledge.org\/wp-content\/uploads\/2021\/05\/tracy-anne-shelverton-819x1024.jpg\" alt=\"Tracy Anne Shelverton\" class=\"wp-image-36419\" style=\"width:503px;height:auto\" srcset=\"https:\/\/nailknowledge.org\/wp-content\/uploads\/2021\/05\/tracy-anne-shelverton-819x1024.jpg 819w, https:\/\/nailknowledge.org\/wp-content\/uploads\/2021\/05\/tracy-anne-shelverton-600x750.jpg 600w, https:\/\/nailknowledge.org\/wp-content\/uploads\/2021\/05\/tracy-anne-shelverton-240x300.jpg 240w, https:\/\/nailknowledge.org\/wp-content\/uploads\/2021\/05\/tracy-anne-shelverton-768x960.jpg 768w, https:\/\/nailknowledge.org\/wp-content\/uploads\/2021\/05\/tracy-anne-shelverton.jpg 1175w\" sizes=\"auto, (max-width: 819px) 100vw, 819px\" \/><\/figure>\n<\/div>\n\n\n<p>Tracy l\u00e0 chuy\u00ean gia ch\u0103m s\u00f3c s\u1ee9c kh\u1ecfe b\u00e0n tay*** chuy\u00ean v\u1ec1 gi\u1ea3i ph\u1eabu v\u00e0 b\u1ec7nh l\u00fd c\u1ee7a b\u00e0n tay v\u00e0 m\u00f3ng tay.<\/p>\n\n\n\n<p>Tracy l\u00e0 gi\u00e1o vi\u00ean v\u1ec1 Ch\u0103m s\u00f3c b\u00e0n tay ung th\u01b0 v\u00e0 l\u00e0 OHV&#039;r \u0111\u00e3 \u0111\u0103ng k\u00fd t\u1ea1i IKNL v\u00e0 Kanker.nl<\/p>\n\n\n\n<p>Nh\u00e0 b\u00e1o vi\u1ebft b\u00e0i cho t\u1ea1p ch\u00ed Nail Design t\u1ea1i H\u00e0 Lan, B\u1ec9, Ph\u00e1p v\u00e0 \u0110an M\u1ea1ch.<\/p>\n\n\n\n<p>Ch\u1ee7 s\u1edf h\u1eefu c\u1ee7a Gorge Natural Nail Academy.<\/p>\n\n\n\n<p>Nh\u00e0 ph\u00e1t tri\u1ec3n c\u00e1c d\u1ee5ng c\u1ee5 v\u00e0 d\u0169a m\u00f3ng chuy\u00ean d\u1ee5ng cho m\u00f3ng t\u1ef1 nhi\u00ean.<\/p>\n\n\n\n<p>T\u1ef1 h\u00e0o l\u00e0 nh\u00e0 nh\u1eadp kh\u1ea9u c\u00e1c s\u1ea3n ph\u1ea9m n\u1ed5i ti\u1ebfng t\u1ea1i Benelux.<\/p>\n\n\n\n<p>Th\u1ea9m ph\u00e1n qu\u1ed1c t\u1ebf INJA.<\/p>\n\n\n\n<p>Doug Schoon cho bi\u1ebft \u201cTheo quan \u0111i\u1ec3m c\u1ee7a t\u00f4i, Tracy Anne Shelverton l\u00e0 m\u1ed9t trong nh\u1eefng nh\u00e0 gi\u00e1o d\u1ee5c l\u00e0m m\u00f3ng h\u00e0ng \u0111\u1ea7u th\u1ebf gi\u1edbi hi\u1ec7n nay, c\u00f4 \u1ea5y s\u1edf h\u1eefu m\u1ed9t ph\u1ea9m ch\u1ea5t quan tr\u1ecdng m\u00e0 t\u1ea5t c\u1ea3 c\u00e1c nh\u00e0 gi\u00e1o d\u1ee5c n\u00ean h\u01b0\u1edbng t\u1edbi. \u0110\u00f3 KH\u00d4NG ph\u1ea3i l\u00e0 vi\u1ec7c \u0111\u00fang, m\u00e0 l\u00e0 vi\u1ec7c \u0111\u00fang \u0111\u1eafn\u201d.<\/p>\n\n\n\n<p>***\u1ede Benelux, chuy\u00ean gia ch\u0103m s\u00f3c s\u1ee9c kh\u1ecfe l\u00e0 ng\u01b0\u1eddi quan s\u00e1t th\u1ea5y vi\u1ec7c ch\u0103m s\u00f3c b\u1ecb thi\u1ebfu ho\u1eb7c kh\u00f4ng \u0111\u01b0\u1ee3c chu\u1ea9n h\u00f3a trong tr\u01b0\u1eddng h\u1ee3p m\u1eafc b\u1ec7nh, cung c\u1ea5p ho\u1eb7c thi\u1ebft k\u1ebf ph\u01b0\u01a1ng ph\u00e1p ch\u0103m s\u00f3c ph\u00f9 h\u1ee3p v\u00e0 tri\u1ec3n khai trong h\u1ec7 th\u1ed1ng ch\u0103m s\u00f3c s\u1ee9c kh\u1ecfe.<\/p>\n<\/div><\/div>\n<\/div><\/div>\n\n\n\n<div style=\"height:39px\" aria-hidden=\"true\" class=\"wp-block-spacer\"><\/div>\n\n\n\n<div class=\"wp-block-group mb-0 has-background\" style=\"background-color:#efefef\"><div class=\"wp-block-group__inner-container is-layout-constrained wp-block-group-is-layout-constrained\">\n<div style=\"height:39px\" aria-hidden=\"true\" class=\"wp-block-spacer\"><\/div>\n\n\n\n<div class=\"wp-block-columns mx-auto container-max-width-1200 py-2 is-layout-flex wp-container-core-columns-is-layout-9d6595d7 wp-block-columns-is-layout-flex\">\n<div class=\"wp-block-column is-layout-flow wp-block-column-is-layout-flow\">\n<h2 class=\"wp-block-heading\">C\u00e1c chuy\u00ean gia c\u1ee7a ch\u00fang t\u00f4i \u0111\u00e3 vi\u1ebft nh\u1eefng cu\u1ed1n s\u00e1ch hay nh\u1ea5t v\u1ec1 m\u00f3ng tay<\/h2>\n\n\n\n<p>C\u00e1c chuy\u00ean gia tr\u00ean to\u00e0n th\u1ebf gi\u1edbi c\u1ee7a ch\u00fang t\u00f4i, v\u1edbi h\u01a1n 100 n\u0103m kinh nghi\u1ec7m k\u1ebft h\u1ee3p, l\u00e0 nh\u1eefng chuy\u00ean gia h\u00e0ng \u0111\u1ea7u trong ng\u00e0nh li\u00ean k\u1ebft v\u1edbi NailKnowledge. C\u00f9ng nhau, h\u1ecd \u0111\u00e3 c\u00f3 \u1ea3nh h\u01b0\u1edfng \u0111\u00e1ng k\u1ec3 \u0111\u1ebfn ng\u00e0nh c\u00f4ng nghi\u1ec7p l\u00e0m \u0111\u1eb9p trong su\u1ed1t s\u1ef1 nghi\u1ec7p l\u00e2u d\u00e0i c\u1ee7a m\u00ecnh. Nh\u1eefng \u0111\u00f3ng g\u00f3p c\u1ee7a h\u1ecd bao g\u1ed3m bi\u00ean so\u1ea1n nhi\u1ec1u cu\u1ed1n s\u00e1ch, t\u1ea1o ra c\u00e1c ch\u01b0\u01a1ng tr\u00ecnh \u0111\u00e0o t\u1ea1o video v\u00e0 \u00e2m thanh, v\u00e0 s\u1ea3n xu\u1ea5t h\u00e0ng ch\u1ee5c b\u00e0i b\u00e1o t\u1ea1p ch\u00ed t\u1eadp trung v\u00e0o c\u00e1c s\u1ea3n ph\u1ea9m c\u1ee7a ti\u1ec7m, s\u1ef1 an to\u00e0n v\u00e0 c\u00e1c ph\u01b0\u01a1ng ph\u00e1p t\u1ed1i \u01b0u cho c\u00e1c chuy\u00ean gia th\u1ea9m m\u1ef9 vi\u1ec7n.<\/p>\n\n\n\n<p><\/p>\n\n\n\n<p>M\u1eccI TH\u1ee8 b\u1ea1n c\u1ea7n bi\u1ebft \u0111\u1ec3 tr\u1edf th\u00e0nh b\u1eadc th\u1ea7y th\u1ef1c s\u1ef1 v\u1ec1 l\u00e0m m\u00f3ng. <\/p>\n\n\n\n<div class=\"wp-block-buttons is-layout-flex wp-block-buttons-is-layout-flex\">\n<div class=\"wp-block-button has-custom-width wp-block-button__width-100 has-custom-font-size\" style=\"font-size:24px\"><a class=\"wp-block-button__link has-background wp-element-button\" href=\"https:\/\/nailknowledge.org\/vi\/cua-hang\/\" style=\"border-radius:10px;background:linear-gradient(320deg,rgb(4,130,180) 0%,rgb(4,86,180) 98%)\">\u0110\u00e1nh gi\u00e1 S\u00e1ch \u0111i\u1ec7n t\u1eed c\u1ee7a ch\u00fang t\u00f4i<\/a><\/div>\n<\/div>\n<\/div>\n\n\n\n<div class=\"wp-block-column is-layout-flow wp-block-column-is-layout-flow\">\n<figure class=\"wp-block-image size-full\"><a href=\"https:\/\/nailknowledge.org\/vi\/cua-hang\/\"><img loading=\"lazy\" decoding=\"async\" width=\"1000\" height=\"1000\" src=\"https:\/\/nailknowledge.org\/wp-content\/uploads\/2023\/11\/Doug-Schoon-Face-to-Face.jpg\" alt=\"\" class=\"wp-image-94669\" srcset=\"https:\/\/nailknowledge.org\/wp-content\/uploads\/2023\/11\/Doug-Schoon-Face-to-Face.jpg 1000w, https:\/\/nailknowledge.org\/wp-content\/uploads\/2023\/11\/Doug-Schoon-Face-to-Face-300x300.jpg 300w, https:\/\/nailknowledge.org\/wp-content\/uploads\/2023\/11\/Doug-Schoon-Face-to-Face-180x180.jpg 180w, https:\/\/nailknowledge.org\/wp-content\/uploads\/2023\/11\/Doug-Schoon-Face-to-Face-600x600.jpg 600w, https:\/\/nailknowledge.org\/wp-content\/uploads\/2023\/11\/Doug-Schoon-Face-to-Face-150x150.jpg 150w, https:\/\/nailknowledge.org\/wp-content\/uploads\/2023\/11\/Doug-Schoon-Face-to-Face-768x768.jpg 768w, https:\/\/nailknowledge.org\/wp-content\/uploads\/2023\/11\/Doug-Schoon-Face-to-Face-12x12.jpg 12w\" sizes=\"auto, (max-width: 1000px) 100vw, 1000px\" \/><\/a><\/figure>\n<\/div>\n<\/div>\n\n\n<div class=\"wp-block-image\">\n<figure class=\"aligncenter size-large\"><img loading=\"lazy\" decoding=\"async\" width=\"1024\" height=\"360\" src=\"https:\/\/nailknowledge.org\/wp-content\/uploads\/2021\/01\/ask-the-experts-rectangle-1024x360.png\" alt=\"\" class=\"wp-image-73558\" srcset=\"https:\/\/nailknowledge.org\/wp-content\/uploads\/2021\/01\/ask-the-experts-rectangle-1024x360.png 1024w, https:\/\/nailknowledge.org\/wp-content\/uploads\/2021\/01\/ask-the-experts-rectangle-600x211.png 600w, https:\/\/nailknowledge.org\/wp-content\/uploads\/2021\/01\/ask-the-experts-rectangle-300x106.png 300w, https:\/\/nailknowledge.org\/wp-content\/uploads\/2021\/01\/ask-the-experts-rectangle-768x270.png 768w, https:\/\/nailknowledge.org\/wp-content\/uploads\/2021\/01\/ask-the-experts-rectangle-1536x540.png 1536w, https:\/\/nailknowledge.org\/wp-content\/uploads\/2021\/01\/ask-the-experts-rectangle.png 1541w\" sizes=\"auto, (max-width: 1024px) 100vw, 1024px\" \/><\/figure>\n<\/div>\n\n\n<div style=\"height:39px\" aria-hidden=\"true\" class=\"wp-block-spacer\"><\/div>\n<\/div><\/div>","protected":false},"excerpt":{"rendered":"<p>Tracy Anne Shelverton Hand Health Care Specialist, Columnist and Educator Tracy is a hand healthcare specialist*** specialized in the anatomy and pathology of the hands and nail unit. Tracy is a teacher for Oncology Hand Care and registered OHV\u2019r at IKNL and Kanker.nl Columnist for Nail Design Magazine in The Netherlands, Belgium, France and Denmark. [&hellip;]<\/p>\n","protected":false},"author":2,"featured_media":0,"parent":0,"menu_order":0,"comment_status":"closed","ping_status":"closed","template":"","meta":{"_yoast_wpseo_focuskw":"","_yoast_wpseo_metadesc":"","_genesis_hide_title":false,"_genesis_hide_breadcrumbs":false,"_genesis_hide_singular_image":false,"_genesis_hide_footer_widgets":false,"_genesis_custom_body_class":"","_genesis_custom_post_class":"","_genesis_layout":"","footnotes":""},"class_list":{"0":"post-36417","1":"page","2":"type-page","3":"status-publish","5":"entry"},"yoast_head":"<!-- This site is optimized with the Yoast SEO plugin v27.3 - https:\/\/yoast.com\/product\/yoast-seo-wordpress\/ -->\n<title>Tracy Anne Shelverton - NailKnowledge<\/title>\n<meta name=\"robots\" content=\"index, follow, max-snippet:-1, max-image-preview:large, max-video-preview:-1\" \/>\n<link rel=\"canonical\" href=\"https:\/\/nailknowledge.org\/vi\/tracy-anne-shelverton\/\" \/>\n<meta property=\"og:locale\" content=\"vi_VN\" \/>\n<meta property=\"og:type\" content=\"article\" \/>\n<meta property=\"og:title\" content=\"Tracy Anne Shelverton - NailKnowledge\" \/>\n<meta property=\"og:description\" content=\"Tracy Anne Shelverton Hand Health Care Specialist, Columnist and Educator Tracy is a hand healthcare specialist*** specialized in the anatomy and pathology of the hands and nail unit. Tracy is a teacher for Oncology Hand Care and registered OHV\u2019r at IKNL and Kanker.nl Columnist for Nail Design Magazine in The Netherlands, Belgium, France and Denmark. [&hellip;]\" \/>\n<meta property=\"og:url\" content=\"https:\/\/nailknowledge.org\/vi\/tracy-anne-shelverton\/\" \/>\n<meta property=\"og:site_name\" content=\"NailKnowledge\" \/>\n<meta property=\"article:modified_time\" content=\"2024-01-23T18:43:51+00:00\" \/>\n<meta property=\"og:image\" content=\"https:\/\/nailknowledge.org\/wp-content\/uploads\/2023\/03\/image002.jpg\" \/>\n\t<meta property=\"og:image:width\" content=\"545\" \/>\n\t<meta property=\"og:image:height\" content=\"295\" \/>\n\t<meta property=\"og:image:type\" content=\"image\/jpeg\" \/>\n<meta name=\"twitter:card\" content=\"summary_large_image\" \/>\n<meta name=\"twitter:label1\" content=\"\u01af\u1edbc t\u00ednh th\u1eddi gian \u0111\u1ecdc\" \/>\n\t<meta name=\"twitter:data1\" content=\"2 ph\u00fat\" \/>\n<script type=\"application\/ld+json\" class=\"yoast-schema-graph\">{\"@context\":\"https:\\\/\\\/schema.org\",\"@graph\":[{\"@type\":\"WebPage\",\"@id\":\"https:\\\/\\\/nailknowledge.org\\\/tracy-anne-shelverton\",\"url\":\"https:\\\/\\\/nailknowledge.org\\\/tracy-anne-shelverton\",\"name\":\"Tracy Anne Shelverton - NailKnowledge\",\"isPartOf\":{\"@id\":\"https:\\\/\\\/new.nailknowledge.org\\\/#website\"},\"primaryImageOfPage\":{\"@id\":\"https:\\\/\\\/nailknowledge.org\\\/tracy-anne-shelverton#primaryimage\"},\"image\":{\"@id\":\"https:\\\/\\\/nailknowledge.org\\\/tracy-anne-shelverton#primaryimage\"},\"thumbnailUrl\":\"https:\\\/\\\/nailknowledge.org\\\/wp-content\\\/uploads\\\/2021\\\/05\\\/tracy-anne-shelverton-819x1024.jpg\",\"datePublished\":\"2021-05-26T15:05:15+00:00\",\"dateModified\":\"2024-01-23T18:43:51+00:00\",\"breadcrumb\":{\"@id\":\"https:\\\/\\\/nailknowledge.org\\\/tracy-anne-shelverton#breadcrumb\"},\"inLanguage\":\"vi\",\"potentialAction\":[{\"@type\":\"ReadAction\",\"target\":[\"https:\\\/\\\/nailknowledge.org\\\/tracy-anne-shelverton\"]}]},{\"@type\":\"ImageObject\",\"inLanguage\":\"vi\",\"@id\":\"https:\\\/\\\/nailknowledge.org\\\/tracy-anne-shelverton#primaryimage\",\"url\":\"https:\\\/\\\/nailknowledge.org\\\/wp-content\\\/uploads\\\/2021\\\/05\\\/tracy-anne-shelverton-819x1024.jpg\",\"contentUrl\":\"https:\\\/\\\/nailknowledge.org\\\/wp-content\\\/uploads\\\/2021\\\/05\\\/tracy-anne-shelverton-819x1024.jpg\"},{\"@type\":\"BreadcrumbList\",\"@id\":\"https:\\\/\\\/nailknowledge.org\\\/tracy-anne-shelverton#breadcrumb\",\"itemListElement\":[{\"@type\":\"ListItem\",\"position\":1,\"name\":\"Home\",\"item\":\"https:\\\/\\\/nailknowledge.org\\\/\"},{\"@type\":\"ListItem\",\"position\":2,\"name\":\"Tracy Anne Shelverton\"}]},{\"@type\":\"WebSite\",\"@id\":\"https:\\\/\\\/new.nailknowledge.org\\\/#website\",\"url\":\"https:\\\/\\\/new.nailknowledge.org\\\/\",\"name\":\"NailKnowledge\",\"description\":\"\",\"publisher\":{\"@id\":\"https:\\\/\\\/new.nailknowledge.org\\\/#organization\"},\"potentialAction\":[{\"@type\":\"SearchAction\",\"target\":{\"@type\":\"EntryPoint\",\"urlTemplate\":\"https:\\\/\\\/new.nailknowledge.org\\\/?s={search_term_string}\"},\"query-input\":{\"@type\":\"PropertyValueSpecification\",\"valueRequired\":true,\"valueName\":\"search_term_string\"}}],\"inLanguage\":\"vi\"},{\"@type\":\"Organization\",\"@id\":\"https:\\\/\\\/new.nailknowledge.org\\\/#organization\",\"name\":\"NailKnowledge\",\"url\":\"https:\\\/\\\/new.nailknowledge.org\\\/\",\"logo\":{\"@type\":\"ImageObject\",\"inLanguage\":\"vi\",\"@id\":\"https:\\\/\\\/new.nailknowledge.org\\\/#\\\/schema\\\/logo\\\/image\\\/\",\"url\":\"https:\\\/\\\/nailknowledge.org\\\/wp-content\\\/uploads\\\/2026\\\/03\\\/KN-Logo-1.webp\",\"contentUrl\":\"https:\\\/\\\/nailknowledge.org\\\/wp-content\\\/uploads\\\/2026\\\/03\\\/KN-Logo-1.webp\",\"width\":542,\"height\":100,\"caption\":\"NailKnowledge\"},\"image\":{\"@id\":\"https:\\\/\\\/new.nailknowledge.org\\\/#\\\/schema\\\/logo\\\/image\\\/\"}}]}<\/script>\n<!-- \/ Yoast SEO plugin. -->","yoast_head_json":{"title":"Tracy Anne Shelverton - Ki\u1ebfn th\u1ee9c l\u00e0m m\u00f3ng","robots":{"index":"index","follow":"follow","max-snippet":"max-snippet:-1","max-image-preview":"max-image-preview:large","max-video-preview":"max-video-preview:-1"},"canonical":"https:\/\/nailknowledge.org\/vi\/tracy-anne-shelverton\/","og_locale":"vi_VN","og_type":"article","og_title":"Tracy Anne Shelverton - NailKnowledge","og_description":"Tracy Anne Shelverton Hand Health Care Specialist, Columnist and Educator Tracy is a hand healthcare specialist*** specialized in the anatomy and pathology of the hands and nail unit. Tracy is a teacher for Oncology Hand Care and registered OHV\u2019r at IKNL and Kanker.nl Columnist for Nail Design Magazine in The Netherlands, Belgium, France and Denmark. [&hellip;]","og_url":"https:\/\/nailknowledge.org\/vi\/tracy-anne-shelverton\/","og_site_name":"NailKnowledge","article_modified_time":"2024-01-23T18:43:51+00:00","og_image":[{"width":545,"height":295,"url":"https:\/\/nailknowledge.org\/wp-content\/uploads\/2023\/03\/image002.jpg","type":"image\/jpeg"}],"twitter_card":"summary_large_image","twitter_misc":{"\u01af\u1edbc t\u00ednh th\u1eddi gian \u0111\u1ecdc":"2 ph\u00fat"},"schema":{"@context":"https:\/\/schema.org","@graph":[{"@type":"WebPage","@id":"https:\/\/nailknowledge.org\/tracy-anne-shelverton","url":"https:\/\/nailknowledge.org\/tracy-anne-shelverton","name":"Tracy Anne Shelverton - Ki\u1ebfn th\u1ee9c l\u00e0m m\u00f3ng","isPartOf":{"@id":"https:\/\/new.nailknowledge.org\/#website"},"primaryImageOfPage":{"@id":"https:\/\/nailknowledge.org\/tracy-anne-shelverton#primaryimage"},"image":{"@id":"https:\/\/nailknowledge.org\/tracy-anne-shelverton#primaryimage"},"thumbnailUrl":"https:\/\/nailknowledge.org\/wp-content\/uploads\/2021\/05\/tracy-anne-shelverton-819x1024.jpg","datePublished":"2021-05-26T15:05:15+00:00","dateModified":"2024-01-23T18:43:51+00:00","breadcrumb":{"@id":"https:\/\/nailknowledge.org\/tracy-anne-shelverton#breadcrumb"},"inLanguage":"vi","potentialAction":[{"@type":"ReadAction","target":["https:\/\/nailknowledge.org\/tracy-anne-shelverton"]}]},{"@type":"ImageObject","inLanguage":"vi","@id":"https:\/\/nailknowledge.org\/tracy-anne-shelverton#primaryimage","url":"https:\/\/nailknowledge.org\/wp-content\/uploads\/2021\/05\/tracy-anne-shelverton-819x1024.jpg","contentUrl":"https:\/\/nailknowledge.org\/wp-content\/uploads\/2021\/05\/tracy-anne-shelverton-819x1024.jpg"},{"@type":"BreadcrumbList","@id":"https:\/\/nailknowledge.org\/tracy-anne-shelverton#breadcrumb","itemListElement":[{"@type":"ListItem","position":1,"name":"Home","item":"https:\/\/nailknowledge.org\/"},{"@type":"ListItem","position":2,"name":"Tracy Anne Shelverton"}]},{"@type":"WebSite","@id":"https:\/\/new.nailknowledge.org\/#website","url":"https:\/\/new.nailknowledge.org\/","name":"Ki\u1ebfn th\u1ee9c v\u1ec1 m\u00f3ng tay","description":"","publisher":{"@id":"https:\/\/new.nailknowledge.org\/#organization"},"potentialAction":[{"@type":"SearchAction","target":{"@type":"EntryPoint","urlTemplate":"https:\/\/new.nailknowledge.org\/?s={search_term_string}"},"query-input":{"@type":"PropertyValueSpecification","valueRequired":true,"valueName":"search_term_string"}}],"inLanguage":"vi"},{"@type":"Organization","@id":"https:\/\/new.nailknowledge.org\/#organization","name":"Ki\u1ebfn th\u1ee9c v\u1ec1 m\u00f3ng tay","url":"https:\/\/new.nailknowledge.org\/","logo":{"@type":"ImageObject","inLanguage":"vi","@id":"https:\/\/new.nailknowledge.org\/#\/schema\/logo\/image\/","url":"https:\/\/nailknowledge.org\/wp-content\/uploads\/2026\/03\/KN-Logo-1.webp","contentUrl":"https:\/\/nailknowledge.org\/wp-content\/uploads\/2026\/03\/KN-Logo-1.webp","width":542,"height":100,"caption":"NailKnowledge"},"image":{"@id":"https:\/\/new.nailknowledge.org\/#\/schema\/logo\/image\/"}}]}},"_links":{"self":[{"href":"https:\/\/nailknowledge.org\/vi\/wp-json\/wp\/v2\/pages\/36417","targetHints":{"allow":["GET"]}}],"collection":[{"href":"https:\/\/nailknowledge.org\/vi\/wp-json\/wp\/v2\/pages"}],"about":[{"href":"https:\/\/nailknowledge.org\/vi\/wp-json\/wp\/v2\/types\/page"}],"author":[{"embeddable":true,"href":"https:\/\/nailknowledge.org\/vi\/wp-json\/wp\/v2\/users\/2"}],"replies":[{"embeddable":true,"href":"https:\/\/nailknowledge.org\/vi\/wp-json\/wp\/v2\/comments?post=36417"}],"version-history":[{"count":0,"href":"https:\/\/nailknowledge.org\/vi\/wp-json\/wp\/v2\/pages\/36417\/revisions"}],"wp:attachment":[{"href":"https:\/\/nailknowledge.org\/vi\/wp-json\/wp\/v2\/media?parent=36417"}],"curies":[{"name":"wp","href":"https:\/\/api.w.org\/{rel}","templated":true}]}}