{"id":36612,"date":"2021-06-03T12:56:57","date_gmt":"2021-06-03T12:56:57","guid":{"rendered":"https:\/\/nailknowledge.org\/?page_id=36612"},"modified":"2021-06-03T13:03:21","modified_gmt":"2021-06-03T13:03:21","slug":"so-da-duoc-chap-thuan","status":"publish","type":"page","link":"https:\/\/nailknowledge.org\/vi\/nos-approved","title":{"rendered":"Ti\u00eau chu\u1ea9n ngh\u1ec1 nghi\u1ec7p qu\u1ed1c gia \u0111\u01b0\u1ee3c ch\u1ea5p thu\u1eadn cho ngh\u1ec1 l\u00e0m m\u00f3ng"},"content":{"rendered":"<figure class=\"wp-block-image size-large is-resized\"><img loading=\"eager\" fetchpriority=\"high\" decoding=\"async\" src=\"https:\/\/nailknowledge.org\/wp-content\/uploads\/2021\/06\/rsw_1400cg_true-1024x514.jpeg\" alt=\"\" class=\"wp-image-36613\" width=\"410\" height=\"205\" srcset=\"https:\/\/nailknowledge.org\/wp-content\/uploads\/2021\/06\/rsw_1400cg_true-1024x514.jpeg 1024w, https:\/\/nailknowledge.org\/wp-content\/uploads\/2021\/06\/rsw_1400cg_true-600x301.jpeg 600w, https:\/\/nailknowledge.org\/wp-content\/uploads\/2021\/06\/rsw_1400cg_true-300x151.jpeg 300w, https:\/\/nailknowledge.org\/wp-content\/uploads\/2021\/06\/rsw_1400cg_true-768x386.jpeg 768w, https:\/\/nailknowledge.org\/wp-content\/uploads\/2021\/06\/rsw_1400cg_true-400x201.jpeg 400w, https:\/\/nailknowledge.org\/wp-content\/uploads\/2021\/06\/rsw_1400cg_true.jpeg 1400w\" sizes=\"auto, (max-width: 410px) 100vw, 410px\" \/><\/figure>\n\n\n\n<p>TH\u00d4NG C\u00c1O B\u00c1O CH\u00cd<\/p>\n\n\n\n<p>L\u01b0u \u00fd: Bi\u00ean t\u1eadp vi\u00ean tin t\u1ee9c \u2013 Ph\u00e1t h\u00e0nh ngay<\/p>\n\n\n\n<p>Ng\u00e0y: 24 th\u00e1ng 5 n\u0103m 2021<\/p>\n\n\n\n<p>Ti\u00eau \u0111\u1ec1; Ti\u00eau chu\u1ea9n ngh\u1ec1 nghi\u1ec7p qu\u1ed1c gia (NOS) \u0111\u01b0\u1ee3c ch\u1ea5p thu\u1eadn cho ngh\u1ec1 l\u00e0m m\u00f3ng<\/p>\n\n\n\n<p>Habia r\u1ea5t vui m\u1eebng th\u00f4ng b\u00e1o r\u1eb1ng \u0111\u1ee3t \u0111\u00e1nh gi\u00e1 g\u1ea7n \u0111\u00e2y v\u1ec1 Ti\u00eau chu\u1ea9n ngh\u1ec1 nghi\u1ec7p qu\u1ed1c gia (NOS) cho ng\u00e0nh l\u00e0m m\u00f3ng \u0111\u00e3 \u0111\u01b0\u1ee3c Ch\u00ednh ph\u1ee7 ph\u00ea duy\u1ec7t v\u00e0 c\u00f4ng b\u1ed1. L\u00e0 m\u1ed9t ph\u1ea7n trong vai tr\u00f2 thi\u1ebft l\u1eadp ti\u00eau chu\u1ea9n c\u1ee7a Habia, t\u1ed5 ch\u1ee9c n\u00e0y \u0111\u00e3 l\u00e0m vi\u1ec7c v\u1edbi c\u00e1c Nh\u00e0 tuy\u1ec3n d\u1ee5ng trong ng\u00e0nh \u0111\u1ec3 th\u00e0nh l\u1eadp nh\u00f3m l\u00e0m vi\u1ec7c chuy\u00ean gia, c\u00f3 nhi\u1ec7m v\u1ee5 xem x\u00e9t NOS hi\u1ec7n t\u1ea1i, c\u1eadp nh\u1eadt v\u00e0 th\u1ed1ng nh\u1ea5t c\u00e1c thay \u0111\u1ed5i c\u1ea7n thi\u1ebft \u0111\u1ec3 \u0111\u1ea3m b\u1ea3o NOS ph\u1ea3n \u00e1nh nh\u1eefng thay \u0111\u1ed5i c\u1ee7a ng\u00e0nh nh\u1eb1m duy tr\u00ec v\u00e0 c\u1ea3i thi\u1ec7n c\u00e1c ti\u00eau chu\u1ea9n th\u1ef1c h\u00e0nh.<\/p>\n\n\n\n<p>NOS m\u1edbi, \u0111\u01b0\u1ee3c c\u00f4ng b\u1ed1 trong tu\u1ea7n n\u00e0y, \u0111\u00e3 \u0111\u01b0\u1ee3c c\u00e1c chuy\u00ean gia tuy\u1ec3n d\u1ee5ng chuy\u00ean nghi\u1ec7p c\u1ee7a ch\u00fang t\u00f4i bi\u00ean so\u1ea1n \u0111\u1ec3 \u0111\u1ea3m b\u1ea3o ch\u00fang ph\u1ea3n h\u1ed3i v\u1edbi nh\u1eefng di\u1ec5n bi\u1ebfn trong ng\u00e0nh l\u00e0m m\u00f3ng \u0111ang ph\u00e1t tri\u1ec3n nhanh ch\u00f3ng. B\u1ea3n d\u1ef1 th\u1ea3o NOS \u0111\u00e3 \u0111\u01b0\u1ee3c c\u00f4ng khai tham v\u1ea5n v\u00e0o th\u00e1ng 12 \u0111\u1ec3 thu th\u1eadp \u00fd ki\u1ebfn t\u1eeb khu v\u1ef1c bi\u00ean gi\u1edbi v\u00e0 ng\u00e0nh c\u00f4ng nghi\u1ec7p v\u00e0 \u0111\u01b0a v\u00e0o qu\u00e1 tr\u00ecnh xem x\u00e9t c\u00e1c ti\u00eau chu\u1ea9n l\u00e0m m\u00f3ng.<\/p>\n\n\n\n<p>B\u00ecnh lu\u1eadn v\u1ec1 vi\u1ec7c xem x\u00e9t c\u00e1c ti\u00eau chu\u1ea9n, Joan Scott, Ch\u1ee7 t\u1ecbch Habia cho bi\u1ebft &#039;M\u1eb7c d\u00f9 n\u0103m nay l\u00e0 m\u1ed9t n\u0103m \u0111\u1ea7y th\u00e1ch th\u1ee9c \u0111\u1ed1i v\u1edbi ng\u00e0nh, ch\u00fang t\u00f4i r\u1ea5t vui m\u1eebng khi vi\u1ec7c xem x\u00e9t c\u00e1c ti\u00eau chu\u1ea9n qu\u1ed1c gia kh\u00f4ng b\u1ecb tr\u00ec ho\u00e3n. C\u00e1c ti\u00eau chu\u1ea9n v\u1ec1 m\u00f3ng tay \u0111\u00e3 \u0111\u01b0\u1ee3c c\u00e1c nh\u00e0 tuy\u1ec3n d\u1ee5ng c\u1eadp nh\u1eadt \u0111\u1ec3 \u0111\u1ea3m b\u1ea3o ch\u00fang ph\u1ea3n \u00e1nh nh\u1eefng thay \u0111\u1ed5i g\u1ea7n \u0111\u00e2y trong ng\u00e0nh l\u00e0m m\u00f3ng. Xin g\u1eedi l\u1eddi c\u1ea3m \u01a1n \u0111\u1eb7c bi\u1ec7t \u0111\u1ebfn t\u1ea5t c\u1ea3 c\u00e1c nh\u00e0 tuy\u1ec3n d\u1ee5ng \u0111\u00e3 \u0111\u00f3ng g\u00f3p th\u1eddi gian v\u00e0 ki\u1ebfn th\u1ee9c qu\u00fd b\u00e1u c\u1ee7a m\u00ecnh \u0111\u1ec3 tham gia v\u00e0o d\u1ef1 \u00e1n quan tr\u1ecdng n\u00e0y, v\u1edbi t\u01b0 c\u00e1ch l\u00e0 m\u1ed9t ph\u1ea7n c\u1ee7a c\u00e1c nh\u00f3m l\u00e0m vi\u1ec7c chuy\u00ean gia (EWG) c\u0169ng nh\u01b0 t\u1ea5t c\u1ea3 nh\u1eefng ng\u01b0\u1eddi \u0111\u00e3 cung c\u1ea5p ph\u1ea3n h\u1ed3i trong qu\u00e1 tr\u00ecnh tham v\u1ea5n&#039;.<\/p>\n\n\n\n<p>Diane Hey, Nh\u00e0 tuy\u1ec3n d\u1ee5ng v\u00e0 Ch\u1ee7 t\u1ecbch c\u1ee7a Nh\u00f3m ch\u1ec9 \u0111\u1ea1o NOS n\u00f3i r\u1eb1ng &#039;Ch\u00fang t\u00f4i r\u1ea5t vui m\u1eebng khi ph\u00ea duy\u1ec7t v\u00e0 c\u00f4ng b\u1ed1 7 b\u1ed9 Ti\u00eau chu\u1ea9n ngh\u1ec1 nghi\u1ec7p qu\u1ed1c gia (NOS), th\u1eadt vinh d\u1ef1 khi \u0111\u01b0\u1ee3c l\u00e0m Ch\u1ee7 t\u1ecbch c\u1ee7a qu\u00e1 tr\u00ecnh n\u00e0y. T\u00f4i mu\u1ed1n c\u1ea3m \u01a1n t\u1ea5t c\u1ea3 c\u00e1c \u0111\u1ed3ng nghi\u1ec7p, chuy\u00ean gia v\u00e0 Ch\u1ee7 t\u1ecbch EWG v\u00ec s\u1ef1 si\u00eang n\u0103ng v\u00e0 cam k\u1ebft c\u1ee7a h\u1ecd trong vi\u1ec7c \u0111\u1ea3m b\u1ea3o c\u00e1c NOS n\u00e0y \u0111\u01b0\u1ee3c ho\u00e0n thi\u1ec7n v\u00e0 ph\u1ea3n \u00e1nh nh\u1eefng di\u1ec5n bi\u1ebfn trong t\u1eebng kh\u00eda c\u1ea1nh ch\u00ednh c\u1ee7a ng\u00e0nh. C\u00e1c b\u1ed9 n\u00e0y \u0111\u00e3 \u0111\u01b0a ra nh\u1eefng ph\u01b0\u01a1ng th\u1ee9c m\u1edbi, thi\u1ebft l\u1eadp m\u1ee9c \u0111\u1ed9 ti\u00eau chu\u1ea9n th\u1ef1c h\u00e0nh mong \u0111\u1ee3i, ho\u00e0n to\u00e0n bao g\u1ed3m v\u00e0 l\u00e0 m\u1ed9t th\u00e0nh t\u1ef1u to l\u1edbn! C\u1ea3m \u01a1n t\u1ea5t c\u1ea3 nh\u1eefng ng\u01b0\u1eddi tham gia. &#039;<\/p>\n\n\n\n<p>Marion Newman, BEM, ch\u1ee7 tr\u00ec Nh\u00f3m c\u00f4ng t\u00e1c chuy\u00ean gia cho Nails Suite &#039;T\u00f4i r\u1ea5t vui m\u1eebng khi NOS cho D\u1ecbch v\u1ee5 l\u00e0m m\u00f3ng \u0111\u00e3 \u0111\u01b0\u1ee3c xem x\u00e9t v\u00e0 ph\u00ea duy\u1ec7t trong n\u0103m nay. H\u1ecd s\u1ebd c\u1eadp nh\u1eadt l\u0129nh v\u1ef1c n\u00e0y cho n\u0103m 2021 v\u00e0 sau \u0111\u00f3. T\u00f4i r\u1ea5t vinh d\u1ef1 khi \u0111\u01b0\u1ee3c tham gia v\u00e0o qu\u00e1 tr\u00ecnh d\u00e0i v\u00e0 r\u1ea5t c\u1ea9n th\u1eadn n\u00e0y v\u00e0 mu\u1ed1n c\u1ea3m \u01a1n Habia v\u00e0 nh\u00f3m NOS \u0111\u00e3 gi\u00fap qu\u00e1 tr\u00ecnh n\u00e0y di\u1ec5n ra hi\u1ec7u qu\u1ea3 nh\u01b0 v\u1eady&#039;.<\/p>\n\n\n\n<p>\u2026\u2026\u2026\u2026\u2026\u2026\u2026\u2026\u2026\u2026\u2026\u2026\u2026\u2026\u2026\u2026\u2026\u2026\u2026\u2026\u2026\u2026\u2026\u2026\u2026\u2026\u2026\u2026\u2026\u2026\u2026\u2026\u2026\u2026\u2026\u2026\u2026\u2026\u2026\u2026\u2026\u2026\u2026\u2026\u2026\u2026\u2026\u2026\u2026\u2026\u2026\u2026\u2026\u2026\u2026\u2026\u2026\u2026\u2026\u2026\u2026\u2026\u2026\u2026..<\/p>\n\n\n\n<p>C\u01a1 quan qu\u1ea3n l\u00fd ng\u00e0nh t\u00f3c v\u00e0 l\u00e0m \u0111\u1eb9p (Habia) l\u00e0 C\u01a1 quan thi\u1ebft l\u1eadp ti\u00eau chu\u1ea9n (SSB) \u0111\u01b0\u1ee3c Ch\u00ednh ph\u1ee7 c\u00f4ng nh\u1eadn cho c\u00e1c ng\u00e0nh l\u00e0m t\u00f3c, c\u1eaft t\u00f3c, l\u00e0m \u0111\u1eb9p, l\u00e0m m\u00f3ng, th\u1ea9m m\u1ef9, ch\u0103m s\u00f3c s\u1ee9c kh\u1ecfe v\u00e0 to\u00e0n di\u1ec7n<\/p>\n\n\n\n<p>\u0111\u1ec3 h\u00ecnh th\u00e0nh n\u00ean Ng\u00e0nh. Trong h\u01a1n ba m\u01b0\u01a1i n\u0103m, h\u1ecd \u0111\u00e3 ph\u00e1t tri\u1ec3n c\u00e1c ti\u00eau chu\u1ea9n qu\u1ed1c gia ph\u1ea3n \u00e1nh vai tr\u00f2 c\u00f4ng vi\u1ec7c v\u00e0 h\u00ecnh th\u00e0nh c\u01a1 s\u1edf cho c\u00e1c b\u1eb1ng c\u1ea5p d\u1ef1a tr\u00ean n\u0103ng l\u1ef1c tr\u00ean kh\u1eafp V\u01b0\u01a1ng qu\u1ed1c Anh. Habia l\u00e0 m\u1ed9t t\u1ed5 ch\u1ee9c \u0111\u1ed9c l\u1eadp, phi l\u1ee3i nhu\u1eadn, h\u1ecd l\u00e0m vi\u1ec7c v\u1edbi t\u1ea5t c\u1ea3 c\u00e1c b\u00ean li\u00ean quan trong ng\u00e0nh, c\u00e1c t\u1ed5 ch\u1ee9c, nh\u00e0 tuy\u1ec3n d\u1ee5ng c\u00e1 nh\u00e2n, nh\u00e0 cung c\u1ea5p ch\u01b0\u01a1ng tr\u00ecnh \u0111\u00e0o t\u1ea1o, c\u00e1c c\u01a1 quan trao gi\u1ea3i v\u00e0 Ch\u00ednh ph\u1ee7 c\u00f9ng c\u00e1c c\u01a1 quan c\u1ee7a Ch\u00ednh ph\u1ee7 tr\u00ean kh\u1eafp V\u01b0\u01a1ng qu\u1ed1c Anh. Logo Habia l\u00e0 m\u1ed9t d\u1ea5u hi\u1ec7u l\u00e2u \u0111\u1eddi, \u0111\u01b0\u1ee3c c\u00f4ng nh\u1eadn r\u1ed9ng r\u00e3i v\u1ec1 c\u00e1c ti\u00eau chu\u1ea9n ch\u1ea5t l\u01b0\u1ee3ng cao, s\u1ef1 xu\u1ea5t s\u1eafc v\u00e0 t\u00ednh chuy\u00ean nghi\u1ec7p.<\/p>\n\n\n\n<p>Ti\u00eau chu\u1ea9n ngh\u1ec1 nghi\u1ec7p qu\u1ed1c gia (NOS) \u0111\u01b0\u1ee3c ph\u00e1t tri\u1ec3n b\u1edfi c\u00e1c T\u1ed5 ch\u1ee9c thi\u1ebft l\u1eadp ti\u00eau chu\u1ea9n (SSO) nh\u01b0 Habia, nh\u1eefng ng\u01b0\u1eddi tham kh\u1ea3o \u00fd ki\u1ebfn c\u1ee7a c\u00e1c nh\u00e0 tuy\u1ec3n d\u1ee5ng v\u00e0 c\u00e1c b\u00ean li\u00ean quan kh\u00e1c tr\u00ean kh\u1eafp c\u00e1c qu\u1ed1c gia V\u01b0\u01a1ng qu\u1ed1c Anh (Scotland, Wales, B\u1eafc Ireland v\u00e0 Anh). Qu\u00e1 tr\u00ecnh tham v\u1ea5n n\u00e0y cho ph\u00e9p b\u1ea5t k\u1ef3 y\u00eau c\u1ea7u c\u1ee5 th\u1ec3 n\u00e0o \u0111\u01b0\u1ee3c m\u1ed7i qu\u1ed1c gia xem x\u00e9t v\u00e0 k\u1ebft qu\u1ea3 l\u00e0 m\u1ed9t b\u1ed9 NOS ph\u00f9 h\u1ee3p \u0111\u1ec3 s\u1eed d\u1ee5ng tr\u00ean kh\u1eafp V\u01b0\u01a1ng qu\u1ed1c Anh. NOS, \u0111\u01b0\u1ee3c tr\u00ecnh b\u00e0y theo m\u1ed9t \u0111\u1ecbnh d\u1ea1ng chung, \u0111\u01b0\u1ee3c ph\u00ea duy\u1ec7t tr\u00ean c\u01a1 s\u1edf b\u1ed1n qu\u1ed1c gia v\u00e0 n\u1ed9i dung \u0111\u01b0\u1ee3c SQA Accreditation xem x\u00e9t k\u1ef9 l\u01b0\u1ee1ng. M\u1ed7i NOS \u0111\u1ec1u c\u00f3 ng\u00e0y c\u00f4ng b\u1ed1 n\u00eau r\u00f5 th\u1eddi \u0111i\u1ec3m ph\u00ea duy\u1ec7t v\u00e0 c\u00e1c NOS m\u1edbi nh\u1ea5t \u0111\u01b0\u1ee3c li\u1ec7t k\u00ea trong c\u01a1 s\u1edf d\u1eef li\u1ec7u n\u00e0y. Ngo\u00e0i ra c\u00f2n c\u00f3 m\u1ed9t ng\u00e0y \u0111\u00e1nh gi\u00e1 d\u1ef1 ki\u1ebfn v\u00e0 ng\u00e0y n\u00e0y s\u1ebd \u0111\u01b0\u1ee3c s\u1eed d\u1ee5ng l\u00e0m h\u01b0\u1edbng d\u1eabn v\u1ec1 th\u1eddi \u0111i\u1ec3m ch\u00fang c\u1ea7n \u0111\u01b0\u1ee3c \u0111\u00e1nh gi\u00e1 v\u00e0 ph\u1ea3n h\u1ed3i t\u1eeb c\u00e1c b\u00ean li\u00ean quan s\u1ebd \u0111\u01b0\u1ee3c s\u1eed d\u1ee5ng \u0111\u1ec3 \u1ea3nh h\u01b0\u1edfng \u0111\u1ebfn th\u1eddi \u0111i\u1ec3m \u0111\u01b0a v\u00e0o th\u1ef1c hi\u1ec7n.<\/p>\n\n\n\n<p>M\u1eb7c d\u00f9 NOS \u0111\u01b0\u1ee3c ph\u00e1t tri\u1ec3n nh\u01b0 c\u00e1c bi\u1ec7n ph\u00e1p n\u0103ng l\u1ef1c ri\u00eang l\u1ebb, ch\u00fang \u0111\u01b0\u1ee3c nh\u00f3m l\u1ea1i th\u00e0nh c\u00e1c B\u1ed9 x\u00e1c \u0111\u1ecbnh l\u0129nh v\u1ef1c m\u00e0 ch\u00fang li\u00ean quan v\u00e0 hi\u1ec7n c\u00f3 kho\u1ea3ng 900 b\u1ed9, v\u1edbi g\u1ea7n 23.000 NOS ri\u00eang bi\u1ec7t. Ch\u00fang bao g\u1ed3m nhi\u1ec1u l\u0129nh v\u1ef1c kh\u00e1c nhau.<\/p>\n\n\n\n<p>Khi c\u00f3 nhu c\u1ea7u d\u1ecbch NOS sang ti\u1ebfng Wales, vi\u1ec7c n\u00e0y s\u1ebd \u0111\u01b0\u1ee3c th\u1ef1c hi\u1ec7n v\u00e0 hi\u1ec7n c\u00f3 kho\u1ea3ng 1.900 NOS trong c\u01a1 s\u1edf d\u1eef li\u1ec7u \u0111\u00e3 \u0111\u01b0\u1ee3c d\u1ecbch sang ti\u1ebfng Wales.<\/p>\n\n\n\n<p>NOS c\u00f3 th\u1ec3 \u0111\u01b0\u1ee3c s\u1eed d\u1ee5ng \u0111\u1ec3 ph\u00e1t tri\u1ec3n c\u00e1c k\u1ef9 n\u0103ng v\u00e0 ki\u1ebfn th\u1ee9c, bao g\u1ed3m chuy\u1ec3n giao tr\u1ef1c ti\u1ebfp v\u00e0o c\u00e1c b\u1eb1ng c\u1ea5p ngh\u1ec1 nghi\u1ec7p v\u00e0 c\u00e1c b\u1eb1ng c\u1ea5p kh\u00e1c, khu\u00f4n kh\u1ed5 cho c\u00e1c ch\u01b0\u01a1ng tr\u00ecnh \u0111\u00e0o t\u1ea1o, c\u00e1c bi\u1ec7n ph\u00e1p \u0111\u00e1nh gi\u00e1 n\u0103ng l\u1ef1c n\u01a1i l\u00e0m vi\u1ec7c v\u00e0 t\u00e1c \u0111\u1ed9ng \u0111\u1ebfn m\u00f4 t\u1ea3 c\u00f4ng vi\u1ec7c.<\/p>\n\n\n\n<p>V\u00ed d\u1ee5, 1 NOS t\u01b0\u01a1ng quan tr\u1ef1c ti\u1ebfp v\u1edbi 1 \u0111\u01a1n v\u1ecb c\u1ee7a Ch\u1ee9ng ch\u1ec9 ngh\u1ec1 qu\u1ed1c gia\/Scotland v\u00e0 ch\u00fang \u0111\u01b0\u1ee3c s\u1eed d\u1ee5ng \u0111\u1ec3 ph\u00e1t tri\u1ec3n Ch\u1ee9ng ch\u1ec9, sau \u0111\u00f3 c\u00f3 th\u1ec3 \u0111\u01b0\u1ee3c cung c\u1ea5p th\u00f4ng qua c\u00e1c t\u1ed5 ch\u1ee9c trao gi\u1ea3i. Xem li\u00ean k\u1ebft https:\/\/www.ukstandards.org.uk\/About-nos<\/p>","protected":false},"excerpt":{"rendered":"<p>PRESS RELEASE Attention: News Editors \u2013 For immediate release Date: 24th May 2021 Title; National Occupational Standards (NOS) are approved for Nails Habia is delighted to announce that the recent review of the National Occupational Standards (NOS) for Nails has been appoved and publised by Government. As part of the Habia\u2019s standard setting role it [&hellip;]<\/p>\n","protected":false},"author":2,"featured_media":0,"parent":0,"menu_order":0,"comment_status":"closed","ping_status":"closed","template":"","meta":{"_yoast_wpseo_focuskw":"","_yoast_wpseo_metadesc":"","_genesis_hide_title":false,"_genesis_hide_breadcrumbs":false,"_genesis_hide_singular_image":false,"_genesis_hide_footer_widgets":false,"_genesis_custom_body_class":"","_genesis_custom_post_class":"","_genesis_layout":"","footnotes":""},"class_list":{"0":"post-36612","1":"page","2":"type-page","3":"status-publish","5":"entry"},"yoast_head":"<!-- This site is optimized with the Yoast SEO plugin v27.5 - https:\/\/yoast.com\/product\/yoast-seo-wordpress\/ -->\n<title>National Occupational Standards are approved for Nails - NailKnowledge<\/title>\n<meta name=\"robots\" content=\"index, follow, max-snippet:-1, max-image-preview:large, max-video-preview:-1\" \/>\n<link rel=\"canonical\" href=\"https:\/\/nailknowledge.org\/vi\/so-da-duoc-chap-thuan\/\" \/>\n<meta property=\"og:locale\" content=\"vi_VN\" \/>\n<meta property=\"og:type\" content=\"article\" \/>\n<meta property=\"og:title\" content=\"National Occupational Standards are approved for Nails - NailKnowledge\" \/>\n<meta property=\"og:description\" content=\"PRESS RELEASE Attention: News Editors \u2013 For immediate release Date: 24th May 2021 Title; National Occupational Standards (NOS) are approved for Nails Habia is delighted to announce that the recent review of the National Occupational Standards (NOS) for Nails has been appoved and publised by Government. As part of the Habia\u2019s standard setting role it [&hellip;]\" \/>\n<meta property=\"og:url\" content=\"https:\/\/nailknowledge.org\/vi\/so-da-duoc-chap-thuan\/\" \/>\n<meta property=\"og:site_name\" content=\"NailKnowledge\" \/>\n<meta property=\"article:modified_time\" content=\"2021-06-03T13:03:21+00:00\" \/>\n<meta property=\"og:image\" content=\"https:\/\/nailknowledge.org\/wp-content\/uploads\/2023\/03\/image002.jpg\" \/>\n\t<meta property=\"og:image:width\" content=\"545\" \/>\n\t<meta property=\"og:image:height\" content=\"295\" \/>\n\t<meta property=\"og:image:type\" content=\"image\/jpeg\" \/>\n<meta name=\"twitter:card\" content=\"summary_large_image\" \/>\n<meta name=\"twitter:label1\" content=\"\u01af\u1edbc t\u00ednh th\u1eddi gian \u0111\u1ecdc\" \/>\n\t<meta name=\"twitter:data1\" content=\"4 ph\u00fat\" \/>\n<script type=\"application\/ld+json\" class=\"yoast-schema-graph\">{\"@context\":\"https:\\\/\\\/schema.org\",\"@graph\":[{\"@type\":\"WebPage\",\"@id\":\"https:\\\/\\\/nailknowledge.org\\\/nos-approved\",\"url\":\"https:\\\/\\\/nailknowledge.org\\\/nos-approved\",\"name\":\"National Occupational Standards are approved for Nails - NailKnowledge\",\"isPartOf\":{\"@id\":\"https:\\\/\\\/new.nailknowledge.org\\\/#website\"},\"primaryImageOfPage\":{\"@id\":\"https:\\\/\\\/nailknowledge.org\\\/nos-approved#primaryimage\"},\"image\":{\"@id\":\"https:\\\/\\\/nailknowledge.org\\\/nos-approved#primaryimage\"},\"thumbnailUrl\":\"https:\\\/\\\/nailknowledge.org\\\/wp-content\\\/uploads\\\/2021\\\/06\\\/rsw_1400cg_true-1024x514.jpeg\",\"datePublished\":\"2021-06-03T12:56:57+00:00\",\"dateModified\":\"2021-06-03T13:03:21+00:00\",\"breadcrumb\":{\"@id\":\"https:\\\/\\\/nailknowledge.org\\\/nos-approved#breadcrumb\"},\"inLanguage\":\"vi\",\"potentialAction\":[{\"@type\":\"ReadAction\",\"target\":[\"https:\\\/\\\/nailknowledge.org\\\/nos-approved\"]}]},{\"@type\":\"ImageObject\",\"inLanguage\":\"vi\",\"@id\":\"https:\\\/\\\/nailknowledge.org\\\/nos-approved#primaryimage\",\"url\":\"https:\\\/\\\/nailknowledge.org\\\/wp-content\\\/uploads\\\/2021\\\/06\\\/rsw_1400cg_true-1024x514.jpeg\",\"contentUrl\":\"https:\\\/\\\/nailknowledge.org\\\/wp-content\\\/uploads\\\/2021\\\/06\\\/rsw_1400cg_true-1024x514.jpeg\"},{\"@type\":\"BreadcrumbList\",\"@id\":\"https:\\\/\\\/nailknowledge.org\\\/nos-approved#breadcrumb\",\"itemListElement\":[{\"@type\":\"ListItem\",\"position\":1,\"name\":\"Home\",\"item\":\"https:\\\/\\\/nailknowledge.org\\\/\"},{\"@type\":\"ListItem\",\"position\":2,\"name\":\"National Occupational Standards are approved for Nails\"}]},{\"@type\":\"WebSite\",\"@id\":\"https:\\\/\\\/new.nailknowledge.org\\\/#website\",\"url\":\"https:\\\/\\\/new.nailknowledge.org\\\/\",\"name\":\"NailKnowledge\",\"description\":\"\",\"publisher\":{\"@id\":\"https:\\\/\\\/new.nailknowledge.org\\\/#organization\"},\"potentialAction\":[{\"@type\":\"SearchAction\",\"target\":{\"@type\":\"EntryPoint\",\"urlTemplate\":\"https:\\\/\\\/new.nailknowledge.org\\\/?s={search_term_string}\"},\"query-input\":{\"@type\":\"PropertyValueSpecification\",\"valueRequired\":true,\"valueName\":\"search_term_string\"}}],\"inLanguage\":\"vi\"},{\"@type\":\"Organization\",\"@id\":\"https:\\\/\\\/new.nailknowledge.org\\\/#organization\",\"name\":\"NailKnowledge\",\"url\":\"https:\\\/\\\/new.nailknowledge.org\\\/\",\"logo\":{\"@type\":\"ImageObject\",\"inLanguage\":\"vi\",\"@id\":\"https:\\\/\\\/new.nailknowledge.org\\\/#\\\/schema\\\/logo\\\/image\\\/\",\"url\":\"https:\\\/\\\/nailknowledge.org\\\/wp-content\\\/uploads\\\/2026\\\/03\\\/KN-Logo-1.webp\",\"contentUrl\":\"https:\\\/\\\/nailknowledge.org\\\/wp-content\\\/uploads\\\/2026\\\/03\\\/KN-Logo-1.webp\",\"width\":542,\"height\":100,\"caption\":\"NailKnowledge\"},\"image\":{\"@id\":\"https:\\\/\\\/new.nailknowledge.org\\\/#\\\/schema\\\/logo\\\/image\\\/\"}}]}<\/script>\n<!-- \/ Yoast SEO plugin. -->","yoast_head_json":{"title":"Ti\u00eau chu\u1ea9n ngh\u1ec1 nghi\u1ec7p qu\u1ed1c gia \u0111\u01b0\u1ee3c ch\u1ea5p thu\u1eadn cho ngh\u1ec1 l\u00e0m m\u00f3ng - NailKnowledge","robots":{"index":"index","follow":"follow","max-snippet":"max-snippet:-1","max-image-preview":"max-image-preview:large","max-video-preview":"max-video-preview:-1"},"canonical":"https:\/\/nailknowledge.org\/vi\/so-da-duoc-chap-thuan\/","og_locale":"vi_VN","og_type":"article","og_title":"National Occupational Standards are approved for Nails - NailKnowledge","og_description":"PRESS RELEASE Attention: News Editors \u2013 For immediate release Date: 24th May 2021 Title; National Occupational Standards (NOS) are approved for Nails Habia is delighted to announce that the recent review of the National Occupational Standards (NOS) for Nails has been appoved and publised by Government. As part of the Habia\u2019s standard setting role it [&hellip;]","og_url":"https:\/\/nailknowledge.org\/vi\/so-da-duoc-chap-thuan\/","og_site_name":"NailKnowledge","article_modified_time":"2021-06-03T13:03:21+00:00","og_image":[{"width":545,"height":295,"url":"https:\/\/nailknowledge.org\/wp-content\/uploads\/2023\/03\/image002.jpg","type":"image\/jpeg"}],"twitter_card":"summary_large_image","twitter_misc":{"\u01af\u1edbc t\u00ednh th\u1eddi gian \u0111\u1ecdc":"4 ph\u00fat"},"schema":{"@context":"https:\/\/schema.org","@graph":[{"@type":"WebPage","@id":"https:\/\/nailknowledge.org\/nos-approved","url":"https:\/\/nailknowledge.org\/nos-approved","name":"Ti\u00eau chu\u1ea9n ngh\u1ec1 nghi\u1ec7p qu\u1ed1c gia \u0111\u01b0\u1ee3c ch\u1ea5p thu\u1eadn cho ngh\u1ec1 l\u00e0m m\u00f3ng - NailKnowledge","isPartOf":{"@id":"https:\/\/new.nailknowledge.org\/#website"},"primaryImageOfPage":{"@id":"https:\/\/nailknowledge.org\/nos-approved#primaryimage"},"image":{"@id":"https:\/\/nailknowledge.org\/nos-approved#primaryimage"},"thumbnailUrl":"https:\/\/nailknowledge.org\/wp-content\/uploads\/2021\/06\/rsw_1400cg_true-1024x514.jpeg","datePublished":"2021-06-03T12:56:57+00:00","dateModified":"2021-06-03T13:03:21+00:00","breadcrumb":{"@id":"https:\/\/nailknowledge.org\/nos-approved#breadcrumb"},"inLanguage":"vi","potentialAction":[{"@type":"ReadAction","target":["https:\/\/nailknowledge.org\/nos-approved"]}]},{"@type":"ImageObject","inLanguage":"vi","@id":"https:\/\/nailknowledge.org\/nos-approved#primaryimage","url":"https:\/\/nailknowledge.org\/wp-content\/uploads\/2021\/06\/rsw_1400cg_true-1024x514.jpeg","contentUrl":"https:\/\/nailknowledge.org\/wp-content\/uploads\/2021\/06\/rsw_1400cg_true-1024x514.jpeg"},{"@type":"BreadcrumbList","@id":"https:\/\/nailknowledge.org\/nos-approved#breadcrumb","itemListElement":[{"@type":"ListItem","position":1,"name":"Home","item":"https:\/\/nailknowledge.org\/"},{"@type":"ListItem","position":2,"name":"National Occupational Standards are approved for Nails"}]},{"@type":"WebSite","@id":"https:\/\/new.nailknowledge.org\/#website","url":"https:\/\/new.nailknowledge.org\/","name":"Ki\u1ebfn th\u1ee9c v\u1ec1 m\u00f3ng tay","description":"","publisher":{"@id":"https:\/\/new.nailknowledge.org\/#organization"},"potentialAction":[{"@type":"SearchAction","target":{"@type":"EntryPoint","urlTemplate":"https:\/\/new.nailknowledge.org\/?s={search_term_string}"},"query-input":{"@type":"PropertyValueSpecification","valueRequired":true,"valueName":"search_term_string"}}],"inLanguage":"vi"},{"@type":"Organization","@id":"https:\/\/new.nailknowledge.org\/#organization","name":"Ki\u1ebfn th\u1ee9c v\u1ec1 m\u00f3ng tay","url":"https:\/\/new.nailknowledge.org\/","logo":{"@type":"ImageObject","inLanguage":"vi","@id":"https:\/\/new.nailknowledge.org\/#\/schema\/logo\/image\/","url":"https:\/\/nailknowledge.org\/wp-content\/uploads\/2026\/03\/KN-Logo-1.webp","contentUrl":"https:\/\/nailknowledge.org\/wp-content\/uploads\/2026\/03\/KN-Logo-1.webp","width":542,"height":100,"caption":"NailKnowledge"},"image":{"@id":"https:\/\/new.nailknowledge.org\/#\/schema\/logo\/image\/"}}]}},"_links":{"self":[{"href":"https:\/\/nailknowledge.org\/vi\/wp-json\/wp\/v2\/pages\/36612","targetHints":{"allow":["GET"]}}],"collection":[{"href":"https:\/\/nailknowledge.org\/vi\/wp-json\/wp\/v2\/pages"}],"about":[{"href":"https:\/\/nailknowledge.org\/vi\/wp-json\/wp\/v2\/types\/page"}],"author":[{"embeddable":true,"href":"https:\/\/nailknowledge.org\/vi\/wp-json\/wp\/v2\/users\/2"}],"replies":[{"embeddable":true,"href":"https:\/\/nailknowledge.org\/vi\/wp-json\/wp\/v2\/comments?post=36612"}],"version-history":[{"count":0,"href":"https:\/\/nailknowledge.org\/vi\/wp-json\/wp\/v2\/pages\/36612\/revisions"}],"wp:attachment":[{"href":"https:\/\/nailknowledge.org\/vi\/wp-json\/wp\/v2\/media?parent=36612"}],"curies":[{"name":"wp","href":"https:\/\/api.w.org\/{rel}","templated":true}]}}