{"id":40569,"date":"2021-09-16T12:36:07","date_gmt":"2021-09-16T12:36:07","guid":{"rendered":"https:\/\/nailknowledge.org\/?page_id=40569"},"modified":"2025-10-27T17:36:14","modified_gmt":"2025-10-27T17:36:14","slug":"huy-hieu-nailknowledge","status":"publish","type":"page","link":"https:\/\/nailknowledge.org\/vi\/nailknowledge-badges","title":{"rendered":"Huy hi\u1ec7u"},"content":{"rendered":"<div style=\"height:40px\" aria-hidden=\"true\" class=\"wp-block-spacer\"><\/div>\n\n\n\n<h1 class=\"wp-block-heading has-text-align-center\">Huy hi\u1ec7u k\u1ef9 thu\u1eadt s\u1ed1 NailKnowledge<\/h1>\n\n\n\n<div class=\"wp-block-group containter-max-width-1200\"><div class=\"wp-block-group__inner-container is-layout-constrained wp-block-group-is-layout-constrained\">\n<p>Khi b\u1ea1n v\u01b0\u1ee3t qua kh\u00f3a h\u1ecdc NailKnowledge m\u1ed9t c\u00e1ch th\u00e0nh c\u00f4ng, th\u00e0nh t\u00edch c\u1ee7a b\u1ea1n c\u00f3 th\u1ec3 \u0111\u01b0\u1ee3c hi\u1ec3n th\u1ecb b\u1eb1ng c\u00e1ch hi\u1ec3n th\u1ecb&nbsp;<strong>Huy hi\u1ec7u k\u1ef9 thu\u1eadt s\u1ed1 NailKnowledge<\/strong>, m\u1ed9t h\u00ecnh \u1ea3nh tr\u1ef1c quan \u0111\u1ed9c \u0111\u00e1o v\u00e0 c\u00f3 th\u1ec3 x\u00e1c minh \u0111\u01b0\u1ee3c v\u1ec1 vi\u1ec7c \u0111\u1ea1t \u0111\u01b0\u1ee3c tr\u00ecnh \u0111\u1ed9 k\u1ef9 n\u0103ng v\u00e0 ki\u1ebfn th\u1ee9c c\u1ea7n thi\u1ebft trong ch\u1ee7 \u0111\u1ec1 n\u00e0y.&nbsp;<\/p>\n\n\n\n<div class=\"wp-block-columns is-layout-flex wp-container-core-columns-is-layout-9d6595d7 wp-block-columns-is-layout-flex\">\n<div class=\"wp-block-column is-layout-flow wp-block-column-is-layout-flow\"><div class=\"wp-block-image\">\n<figure class=\"aligncenter\"><a href=\"https:\/\/nailknowledge.org\/vi\/huy-hieu-nailknowledge\/huy-hieu-don-vi-lam-mong\/\"><img loading=\"eager\" fetchpriority=\"high\" decoding=\"async\" src=\"https:\/\/nailknowledge.org\/wp-content\/uploads\/2021\/09\/NailKnowledge_badge_The-Nail-Unit-300x300.png\" alt=\"\"\/><\/a><figcaption class=\"wp-element-caption\">\u0110\u01a1n v\u1ecb l\u00e0m m\u00f3ng<\/figcaption><\/figure>\n<\/div><\/div>\n\n\n\n<div class=\"wp-block-column is-layout-flow wp-block-column-is-layout-flow\"><div class=\"wp-block-image\">\n<figure class=\"aligncenter\"><a href=\"https:\/\/nailknowledge.org\/vi\/huy-hieu-nailknowledge\/hoa-hoc-san-pham\/\"><img loading=\"lazy\" decoding=\"async\" src=\"https:\/\/nailknowledge.org\/wp-content\/uploads\/2021\/09\/NailKnowledge_badge_Product-Chemistry-1-300x300.png\" alt=\"\"\/><\/a><figcaption class=\"wp-element-caption\">H\u00f3a h\u1ecdc s\u1ea3n ph\u1ea9m<\/figcaption><\/figure>\n<\/div><\/div>\n\n\n\n<div class=\"wp-block-column is-layout-flow wp-block-column-is-layout-flow\"><div class=\"wp-block-image\">\n<figure class=\"aligncenter\"><a href=\"https:\/\/nailknowledge.org\/vi\/huy-hieu-nailknowledge\/suc-khoe-va-an-toan\/\"><img loading=\"lazy\" decoding=\"async\" src=\"https:\/\/nailknowledge.org\/wp-content\/uploads\/2021\/09\/NailKnowledge_badge_Health-Safety-2-300x300.png\" alt=\"\"\/><\/a><figcaption class=\"wp-element-caption\">S\u1ee9c kh\u1ecfe &amp; An to\u00e0n<\/figcaption><\/figure>\n<\/div><\/div>\n\n\n\n<div class=\"wp-block-column is-layout-flow wp-block-column-is-layout-flow\"><div class=\"wp-block-image\">\n<figure class=\"aligncenter\"><a href=\"https:\/\/nailknowledge.org\/vi\/huy-hieu-nailknowledge\/chuyen-gia-co-chung-chi-ve-kien-thuc-lam-mong\/\"><img loading=\"lazy\" decoding=\"async\" src=\"https:\/\/nailknowledge.org\/wp-content\/uploads\/2021\/09\/CERTIFIED-NAIL-KNOWLEDGE-PROFESSIONAL-BADGES-1-300x300.png\" alt=\"\"\/><\/a><figcaption class=\"wp-element-caption\">Chuy\u00ean gia ki\u1ebfn th\u1ee9c v\u1ec1 m\u00f3ng tay \u0111\u01b0\u1ee3c ch\u1ee9ng nh\u1eadn<\/figcaption><\/figure>\n<\/div><\/div>\n<\/div>\n\n\n\n<div class=\"wp-block-columns is-layout-flex wp-container-core-columns-is-layout-9d6595d7 wp-block-columns-is-layout-flex\">\n<div class=\"wp-block-column is-layout-flow wp-block-column-is-layout-flow\"><\/div>\n\n\n\n<div class=\"wp-block-column is-layout-flow wp-block-column-is-layout-flow\"><div class=\"wp-block-image\">\n<figure class=\"aligncenter\"><a href=\"https:\/\/nailknowledge.org\/vi\/huy-hieu-nailknowledge\/nang-luong-uv-va-gel-uv\/\"><img loading=\"lazy\" decoding=\"async\" src=\"https:\/\/nailknowledge.org\/wp-content\/uploads\/2022\/04\/NailKnowledge_badge_UV-Energy-Gels-512.png\" alt=\"\"\/><\/a><figcaption class=\"wp-element-caption\">N\u0103ng l\u01b0\u1ee3ng UV &amp; Gel<\/figcaption><\/figure>\n<\/div><\/div>\n\n\n\n<div class=\"wp-block-column is-layout-flow wp-block-column-is-layout-flow\"><div class=\"wp-block-image\">\n<figure class=\"aligncenter\"><a href=\"https:\/\/nailknowledge.org\/vi\/huy-hieu-nailknowledge\/allergies-and-how-they-happen-digital-badge\/\"><img loading=\"lazy\" decoding=\"async\" src=\"https:\/\/nailknowledge.org\/wp-content\/uploads\/2022\/06\/NailKnowledge_badge_Nail-Allergies-1.png\" alt=\"\"\/><\/a><figcaption class=\"wp-element-caption\">D\u1ecb \u1ee9ng v\u00e0 c\u00e1ch ch\u00fang x\u1ea3y ra<\/figcaption><\/figure>\n<\/div><\/div>\n\n\n\n<div class=\"wp-block-column is-layout-flow wp-block-column-is-layout-flow\"><\/div>\n<\/div>\n\n\n\n<p>Hi\u1ec7n t\u1ea1i, ch\u00fang t\u00f4i c\u00f3 s\u00e1u huy hi\u1ec7u k\u1ef9 thu\u1eadt s\u1ed1 \u0111\u1ea1i di\u1ec7n cho m\u1ed7i m\u1ed9t trong ba l\u1edbp h\u1ecdc n\u00e2ng cao c\u1ee7a m\u00ecnh (\u0110\u01a1n v\u1ecb v\u1ec1 m\u00f3ng, H\u00f3a h\u1ecdc s\u1ea3n ph\u1ea9m v\u00e0 S\u1ee9c kh\u1ecfe v\u00e0 An to\u00e0n), b\u1eb1ng t\u1ed1t nghi\u1ec7p Chuy\u00ean gia NailKnowledge, D\u1ecb \u1ee9ng v\u00e0 c\u00e1ch ch\u00fang x\u1ea3y ra c\u0169ng nh\u01b0 kh\u00f3a h\u1ecdc ng\u1eafn h\u1ea1n v\u1ec1 N\u0103ng l\u01b0\u1ee3ng UV &amp; Gel UV.<\/p>\n\n\n\n<p>Nh\u1eefng huy hi\u1ec7u n\u00e0y \u0111\u01b0\u1ee3c thi\u1ebft k\u1ebf \u0111\u1ec3 s\u1eed d\u1ee5ng tr\u1ef1c tuy\u1ebfn v\u00ec c\u00f3 th\u1ec3 x\u00e1c minh b\u1eb1ng m\u1ed9t c\u00fa nh\u1ea5p chu\u1ed9t v\u00e0 \u0111\u01b0\u1ee3c t\u1ea1o ra \u0111\u1ec3 d\u1ec5 d\u00e0ng chia s\u1ebb tr\u00ean ph\u01b0\u01a1ng ti\u1ec7n truy\u1ec1n th\u00f4ng x\u00e3 h\u1ed9i, nh\u01b0ng b\u1ea1n c\u0169ng c\u00f3 th\u1ec3 in v\u00e0 hi\u1ec3n th\u1ecb ch\u00fang ho\u1eb7c \u0111\u01b0a ch\u00fang v\u00e0o CV c\u1ee7a m\u00ecnh.<\/p>\n<\/div><\/div>\n\n\n\n<p><\/p>","protected":false},"excerpt":{"rendered":"<p>NailKnowledge Digital Badges When you successfully pass a NailKnowledge course, your achievement can be shown by displaying your&nbsp;NailKnowledge Digital Badge, a unique and verifiable visual representation of achieving the necessary level of skill and knowledge in the subject matter.&nbsp; We currently have six digital badges representing each of our three masterclasses (the Nail Unit, Product [&hellip;]<\/p>\n","protected":false},"author":35,"featured_media":0,"parent":0,"menu_order":0,"comment_status":"closed","ping_status":"closed","template":"","meta":{"_yoast_wpseo_focuskw":"","_yoast_wpseo_metadesc":"","_genesis_hide_title":false,"_genesis_hide_breadcrumbs":false,"_genesis_hide_singular_image":false,"_genesis_hide_footer_widgets":false,"_genesis_custom_body_class":"","_genesis_custom_post_class":"","_genesis_layout":"","footnotes":""},"class_list":{"0":"post-40569","1":"page","2":"type-page","3":"status-publish","5":"entry"},"yoast_head":"<!-- This site is optimized with the Yoast SEO plugin v27.4 - https:\/\/yoast.com\/product\/yoast-seo-wordpress\/ -->\n<title>Badges - NailKnowledge<\/title>\n<meta name=\"robots\" content=\"index, follow, max-snippet:-1, max-image-preview:large, max-video-preview:-1\" \/>\n<link rel=\"canonical\" href=\"https:\/\/nailknowledge.org\/vi\/huy-hieu-nailknowledge\/\" \/>\n<meta property=\"og:locale\" content=\"vi_VN\" \/>\n<meta property=\"og:type\" content=\"article\" \/>\n<meta property=\"og:title\" content=\"Badges - NailKnowledge\" \/>\n<meta property=\"og:description\" content=\"NailKnowledge Digital Badges When you successfully pass a NailKnowledge course, your achievement can be shown by displaying your&nbsp;NailKnowledge Digital Badge, a unique and verifiable visual representation of achieving the necessary level of skill and knowledge in the subject matter.&nbsp; We currently have six digital badges representing each of our three masterclasses (the Nail Unit, Product [&hellip;]\" \/>\n<meta property=\"og:url\" content=\"https:\/\/nailknowledge.org\/vi\/huy-hieu-nailknowledge\/\" \/>\n<meta property=\"og:site_name\" content=\"NailKnowledge\" \/>\n<meta property=\"article:modified_time\" content=\"2025-10-27T17:36:14+00:00\" \/>\n<meta property=\"og:image\" content=\"https:\/\/nailknowledge.org\/wp-content\/uploads\/2021\/09\/NailKnowledge_badge_The-Nail-Unit-300x300.png\" \/>\n<meta name=\"twitter:card\" content=\"summary_large_image\" \/>\n<meta name=\"twitter:label1\" content=\"\u01af\u1edbc t\u00ednh th\u1eddi gian \u0111\u1ecdc\" \/>\n\t<meta name=\"twitter:data1\" content=\"2 ph\u00fat\" \/>\n<script type=\"application\/ld+json\" class=\"yoast-schema-graph\">{\"@context\":\"https:\\\/\\\/schema.org\",\"@graph\":[{\"@type\":\"WebPage\",\"@id\":\"https:\\\/\\\/nailknowledge.org\\\/nailknowledge-badges\",\"url\":\"https:\\\/\\\/nailknowledge.org\\\/nailknowledge-badges\",\"name\":\"Badges - NailKnowledge\",\"isPartOf\":{\"@id\":\"https:\\\/\\\/new.nailknowledge.org\\\/#website\"},\"primaryImageOfPage\":{\"@id\":\"https:\\\/\\\/nailknowledge.org\\\/nailknowledge-badges#primaryimage\"},\"image\":{\"@id\":\"https:\\\/\\\/nailknowledge.org\\\/nailknowledge-badges#primaryimage\"},\"thumbnailUrl\":\"https:\\\/\\\/nailknowledge.org\\\/wp-content\\\/uploads\\\/2021\\\/09\\\/NailKnowledge_badge_The-Nail-Unit-300x300.png\",\"datePublished\":\"2021-09-16T12:36:07+00:00\",\"dateModified\":\"2025-10-27T17:36:14+00:00\",\"breadcrumb\":{\"@id\":\"https:\\\/\\\/nailknowledge.org\\\/nailknowledge-badges#breadcrumb\"},\"inLanguage\":\"vi\",\"potentialAction\":[{\"@type\":\"ReadAction\",\"target\":[\"https:\\\/\\\/nailknowledge.org\\\/nailknowledge-badges\"]}]},{\"@type\":\"ImageObject\",\"inLanguage\":\"vi\",\"@id\":\"https:\\\/\\\/nailknowledge.org\\\/nailknowledge-badges#primaryimage\",\"url\":\"https:\\\/\\\/nailknowledge.org\\\/wp-content\\\/uploads\\\/2021\\\/09\\\/NailKnowledge_badge_The-Nail-Unit-300x300.png\",\"contentUrl\":\"https:\\\/\\\/nailknowledge.org\\\/wp-content\\\/uploads\\\/2021\\\/09\\\/NailKnowledge_badge_The-Nail-Unit-300x300.png\"},{\"@type\":\"BreadcrumbList\",\"@id\":\"https:\\\/\\\/nailknowledge.org\\\/nailknowledge-badges#breadcrumb\",\"itemListElement\":[{\"@type\":\"ListItem\",\"position\":1,\"name\":\"Home\",\"item\":\"https:\\\/\\\/nailknowledge.org\\\/\"},{\"@type\":\"ListItem\",\"position\":2,\"name\":\"Badges\"}]},{\"@type\":\"WebSite\",\"@id\":\"https:\\\/\\\/new.nailknowledge.org\\\/#website\",\"url\":\"https:\\\/\\\/new.nailknowledge.org\\\/\",\"name\":\"NailKnowledge\",\"description\":\"\",\"publisher\":{\"@id\":\"https:\\\/\\\/new.nailknowledge.org\\\/#organization\"},\"potentialAction\":[{\"@type\":\"SearchAction\",\"target\":{\"@type\":\"EntryPoint\",\"urlTemplate\":\"https:\\\/\\\/new.nailknowledge.org\\\/?s={search_term_string}\"},\"query-input\":{\"@type\":\"PropertyValueSpecification\",\"valueRequired\":true,\"valueName\":\"search_term_string\"}}],\"inLanguage\":\"vi\"},{\"@type\":\"Organization\",\"@id\":\"https:\\\/\\\/new.nailknowledge.org\\\/#organization\",\"name\":\"NailKnowledge\",\"url\":\"https:\\\/\\\/new.nailknowledge.org\\\/\",\"logo\":{\"@type\":\"ImageObject\",\"inLanguage\":\"vi\",\"@id\":\"https:\\\/\\\/new.nailknowledge.org\\\/#\\\/schema\\\/logo\\\/image\\\/\",\"url\":\"https:\\\/\\\/nailknowledge.org\\\/wp-content\\\/uploads\\\/2026\\\/03\\\/KN-Logo-1.webp\",\"contentUrl\":\"https:\\\/\\\/nailknowledge.org\\\/wp-content\\\/uploads\\\/2026\\\/03\\\/KN-Logo-1.webp\",\"width\":542,\"height\":100,\"caption\":\"NailKnowledge\"},\"image\":{\"@id\":\"https:\\\/\\\/new.nailknowledge.org\\\/#\\\/schema\\\/logo\\\/image\\\/\"}}]}<\/script>\n<!-- \/ Yoast SEO plugin. -->","yoast_head_json":{"title":"Huy hi\u1ec7u - NailKnowledge","robots":{"index":"index","follow":"follow","max-snippet":"max-snippet:-1","max-image-preview":"max-image-preview:large","max-video-preview":"max-video-preview:-1"},"canonical":"https:\/\/nailknowledge.org\/vi\/huy-hieu-nailknowledge\/","og_locale":"vi_VN","og_type":"article","og_title":"Badges - NailKnowledge","og_description":"NailKnowledge Digital Badges When you successfully pass a NailKnowledge course, your achievement can be shown by displaying your&nbsp;NailKnowledge Digital Badge, a unique and verifiable visual representation of achieving the necessary level of skill and knowledge in the subject matter.&nbsp; We currently have six digital badges representing each of our three masterclasses (the Nail Unit, Product [&hellip;]","og_url":"https:\/\/nailknowledge.org\/vi\/huy-hieu-nailknowledge\/","og_site_name":"NailKnowledge","article_modified_time":"2025-10-27T17:36:14+00:00","og_image":[{"url":"https:\/\/nailknowledge.org\/wp-content\/uploads\/2021\/09\/NailKnowledge_badge_The-Nail-Unit-300x300.png","type":"","width":"","height":""}],"twitter_card":"summary_large_image","twitter_misc":{"\u01af\u1edbc t\u00ednh th\u1eddi gian \u0111\u1ecdc":"2 ph\u00fat"},"schema":{"@context":"https:\/\/schema.org","@graph":[{"@type":"WebPage","@id":"https:\/\/nailknowledge.org\/nailknowledge-badges","url":"https:\/\/nailknowledge.org\/nailknowledge-badges","name":"Huy hi\u1ec7u - NailKnowledge","isPartOf":{"@id":"https:\/\/new.nailknowledge.org\/#website"},"primaryImageOfPage":{"@id":"https:\/\/nailknowledge.org\/nailknowledge-badges#primaryimage"},"image":{"@id":"https:\/\/nailknowledge.org\/nailknowledge-badges#primaryimage"},"thumbnailUrl":"https:\/\/nailknowledge.org\/wp-content\/uploads\/2021\/09\/NailKnowledge_badge_The-Nail-Unit-300x300.png","datePublished":"2021-09-16T12:36:07+00:00","dateModified":"2025-10-27T17:36:14+00:00","breadcrumb":{"@id":"https:\/\/nailknowledge.org\/nailknowledge-badges#breadcrumb"},"inLanguage":"vi","potentialAction":[{"@type":"ReadAction","target":["https:\/\/nailknowledge.org\/nailknowledge-badges"]}]},{"@type":"ImageObject","inLanguage":"vi","@id":"https:\/\/nailknowledge.org\/nailknowledge-badges#primaryimage","url":"https:\/\/nailknowledge.org\/wp-content\/uploads\/2021\/09\/NailKnowledge_badge_The-Nail-Unit-300x300.png","contentUrl":"https:\/\/nailknowledge.org\/wp-content\/uploads\/2021\/09\/NailKnowledge_badge_The-Nail-Unit-300x300.png"},{"@type":"BreadcrumbList","@id":"https:\/\/nailknowledge.org\/nailknowledge-badges#breadcrumb","itemListElement":[{"@type":"ListItem","position":1,"name":"Home","item":"https:\/\/nailknowledge.org\/"},{"@type":"ListItem","position":2,"name":"Badges"}]},{"@type":"WebSite","@id":"https:\/\/new.nailknowledge.org\/#website","url":"https:\/\/new.nailknowledge.org\/","name":"Ki\u1ebfn th\u1ee9c v\u1ec1 m\u00f3ng tay","description":"","publisher":{"@id":"https:\/\/new.nailknowledge.org\/#organization"},"potentialAction":[{"@type":"SearchAction","target":{"@type":"EntryPoint","urlTemplate":"https:\/\/new.nailknowledge.org\/?s={search_term_string}"},"query-input":{"@type":"PropertyValueSpecification","valueRequired":true,"valueName":"search_term_string"}}],"inLanguage":"vi"},{"@type":"Organization","@id":"https:\/\/new.nailknowledge.org\/#organization","name":"Ki\u1ebfn th\u1ee9c v\u1ec1 m\u00f3ng tay","url":"https:\/\/new.nailknowledge.org\/","logo":{"@type":"ImageObject","inLanguage":"vi","@id":"https:\/\/new.nailknowledge.org\/#\/schema\/logo\/image\/","url":"https:\/\/nailknowledge.org\/wp-content\/uploads\/2026\/03\/KN-Logo-1.webp","contentUrl":"https:\/\/nailknowledge.org\/wp-content\/uploads\/2026\/03\/KN-Logo-1.webp","width":542,"height":100,"caption":"NailKnowledge"},"image":{"@id":"https:\/\/new.nailknowledge.org\/#\/schema\/logo\/image\/"}}]}},"_links":{"self":[{"href":"https:\/\/nailknowledge.org\/vi\/wp-json\/wp\/v2\/pages\/40569","targetHints":{"allow":["GET"]}}],"collection":[{"href":"https:\/\/nailknowledge.org\/vi\/wp-json\/wp\/v2\/pages"}],"about":[{"href":"https:\/\/nailknowledge.org\/vi\/wp-json\/wp\/v2\/types\/page"}],"author":[{"embeddable":true,"href":"https:\/\/nailknowledge.org\/vi\/wp-json\/wp\/v2\/users\/35"}],"replies":[{"embeddable":true,"href":"https:\/\/nailknowledge.org\/vi\/wp-json\/wp\/v2\/comments?post=40569"}],"version-history":[{"count":5,"href":"https:\/\/nailknowledge.org\/vi\/wp-json\/wp\/v2\/pages\/40569\/revisions"}],"predecessor-version":[{"id":148094,"href":"https:\/\/nailknowledge.org\/vi\/wp-json\/wp\/v2\/pages\/40569\/revisions\/148094"}],"wp:attachment":[{"href":"https:\/\/nailknowledge.org\/vi\/wp-json\/wp\/v2\/media?parent=40569"}],"curies":[{"name":"wp","href":"https:\/\/api.w.org\/{rel}","templated":true}]}}