{"id":40579,"date":"2021-09-16T12:40:13","date_gmt":"2021-09-16T12:40:13","guid":{"rendered":"https:\/\/nailknowledge.org\/?page_id=40579"},"modified":"2022-05-10T15:44:18","modified_gmt":"2022-05-10T15:44:18","slug":"huy-hieu-don-vi-lam-mong","status":"publish","type":"page","link":"https:\/\/nailknowledge.org\/vi\/nailknowledge-badges\/the-nail-unit-badge","title":{"rendered":"\u0110\u01a1n v\u1ecb l\u00e0m m\u00f3ng"},"content":{"rendered":"<p><img loading=\"eager\" fetchpriority=\"high\" decoding=\"async\" width=\"1024\" height=\"1024\" src=\"https:\/\/nailknowledge.org\/wp-content\/uploads\/2021\/09\/NailKnowledge_badge_The-Nail-Unit-1024x1024.png\" alt=\"\" \/>\t\t\t\t\t\t\t\t\t\t\t\t\t\t<\/p>\n<h1>Huy hi\u1ec7u k\u1ef9 thu\u1eadt s\u1ed1 c\u1ee7a \u0111\u01a1n v\u1ecb Nail<\/h1>\n<h3>\u0110\u01b0\u1ee3c ph\u00e1t h\u00e0nh b\u1edfi NailKnowledge<\/h3>\n<p>Huy hi\u1ec7u k\u1ef9 thu\u1eadt s\u1ed1 Nail Unit c\u1ee7a NailKnowledge cho bi\u1ebft ng\u01b0\u1eddi nh\u1eadn \u0111\u00e3 v\u01b0\u1ee3t qua L\u1edbp h\u1ecdc n\u00e2ng cao v\u1ec1 Nail Unit v\u00e0 \u0111\u1ea1t \u0111\u01b0\u1ee3c tr\u00ecnh \u0111\u1ed9 chuy\u00ean m\u00f4n ph\u00f9 h\u1ee3p v\u1ec1 gi\u1ea3i ph\u1eabu m\u00f3ng v\u00e0 t\u00ecnh tr\u1ea1ng m\u00f3ng.<\/p>\n<h3>Ti\u00eau chu\u1ea9n \u0111\u1ed7:<\/h3>\n<ul>\n<li>Ho\u00e0n th\u00e0nh m\u1ed9t gi\u1edd hai m\u01b0\u01a1i ph\u00fat h\u1ecdc t\u1eeb xa \u0111\u01b0\u1ee3c d\u1ea1y trong s\u00e1u b\u00e0i h\u1ecdc <\/li>\n<li>\u0110\u1ea1t 12 \u0111i\u1ec3m ki\u1ebfn th\u1ee9c, 6 b\u00e0i ki\u1ec3m tra ki\u1ebfn th\u1ee9c, \u0111\u1ea1t 100%.<\/li>\n<\/ul>\n<h3>C\u00e1c ch\u1ee7 \u0111\u1ec1 \u0111\u01b0\u1ee3c \u0111\u1ec1 c\u1eadp:<\/h3>\n<ul>\n<li>Gi\u1ea3i ph\u1eabu m\u00f3ng tay<\/li>\n<li>S\u1ef1 ph\u00e1t tri\u1ec3n c\u1ee7a m\u00f3ng<\/li>\n<li>C\u1ea5u tr\u00fac m\u00f3ng<\/li>\n<li>N\u1ec1n m\u00f3ng v\u00e0 l\u01b0\u1ee1i li\u1ec1m<\/li>\n<li>Con d\u1ea5u m\u00f3ng tay<\/li>\n<li>T\u00ecnh tr\u1ea1ng m\u00f3ng tay<\/li>\n<\/ul>\n<h3>V\u1ec1 kh\u00f3a h\u1ecdc:<\/h3>\n<p>L\u1edbp h\u1ecdc The Nail Unit Masterclass c\u1ee7a NailKnowledge l\u00e0 l\u1edbp h\u1ecdc to\u00e0n di\u1ec7n nh\u1ea5t v\u1ec1 c\u00e1ch hi\u1ec3u \u0111\u01a1n v\u1ecb l\u00e0m m\u00f3ng. L\u1edbp h\u1ecdc n\u00e0y v\u01b0\u1ee3t xa gi\u00e1o d\u1ee5c th\u00f4ng th\u01b0\u1eddng v\u00e0 tr\u00ecnh b\u00e0y d\u01b0\u1edbi d\u1ea1ng ho\u1ea1t h\u00ecnh v\u1ec1 c\u00e1ch \u0111\u01a1n v\u1ecb l\u00e0m m\u00f3ng ho\u1ea1t \u0111\u1ed9ng v\u00e0 c\u00e1c th\u00e0nh ph\u1ea7n ri\u00eang l\u1ebb c\u1ee7a n\u00f3. T\u00ecm hi\u1ec3u th\u00eam <a href=\"https:\/\/nailknowledge.org\/vi\/courses\/nail-unit-masterclass\/\">\u0111\u00e2y<\/a>,<\/p>","protected":false},"excerpt":{"rendered":"<p>The Nail Unit Digital Badge Issued by NailKnowledge NailKnowledge\u2019s The Nail Unit Digital Badge indicates the recipient has successfully passed the Nail Unit Masterclass and attained a suitable level of subject competence in nail anatomy and nail conditions. Pass Criteria: Complete one hour twenty minutes of distance learning taught over six lessons Successfully pass 12 [&hellip;]<\/p>\n","protected":false},"author":35,"featured_media":0,"parent":40569,"menu_order":0,"comment_status":"closed","ping_status":"closed","template":"","meta":{"_genesis_hide_title":false,"_genesis_hide_breadcrumbs":false,"_genesis_hide_singular_image":false,"_genesis_hide_footer_widgets":false,"_genesis_custom_body_class":"","_genesis_custom_post_class":"","_genesis_layout":"","footnotes":""},"class_list":{"0":"post-40579","1":"page","2":"type-page","3":"status-publish","5":"entry"},"yoast_head":"<!-- This site is optimized with the Yoast SEO plugin v27.3 - https:\/\/yoast.com\/product\/yoast-seo-wordpress\/ -->\n<title>The Nail Unit - NailKnowledge<\/title>\n<meta name=\"robots\" content=\"index, follow, max-snippet:-1, max-image-preview:large, max-video-preview:-1\" \/>\n<link rel=\"canonical\" href=\"https:\/\/nailknowledge.org\/vi\/huy-hieu-nailknowledge\/huy-hieu-don-vi-lam-mong\/\" \/>\n<meta property=\"og:locale\" content=\"vi_VN\" \/>\n<meta property=\"og:type\" content=\"article\" \/>\n<meta property=\"og:title\" content=\"The Nail Unit - NailKnowledge\" \/>\n<meta property=\"og:description\" content=\"The Nail Unit Digital Badge Issued by NailKnowledge NailKnowledge\u2019s The Nail Unit Digital Badge indicates the recipient has successfully passed the Nail Unit Masterclass and attained a suitable level of subject competence in nail anatomy and nail conditions. Pass Criteria: Complete one hour twenty minutes of distance learning taught over six lessons Successfully pass 12 [&hellip;]\" \/>\n<meta property=\"og:url\" content=\"https:\/\/nailknowledge.org\/vi\/huy-hieu-nailknowledge\/huy-hieu-don-vi-lam-mong\/\" \/>\n<meta property=\"og:site_name\" content=\"NailKnowledge\" \/>\n<meta property=\"article:modified_time\" content=\"2022-05-10T15:44:18+00:00\" \/>\n<meta property=\"og:image\" content=\"https:\/\/nailknowledge.org\/wp-content\/uploads\/2023\/03\/image002.jpg\" \/>\n\t<meta property=\"og:image:width\" content=\"545\" \/>\n\t<meta property=\"og:image:height\" content=\"295\" \/>\n\t<meta property=\"og:image:type\" content=\"image\/jpeg\" \/>\n<meta name=\"twitter:card\" content=\"summary_large_image\" \/>\n<meta name=\"twitter:label1\" content=\"\u01af\u1edbc t\u00ednh th\u1eddi gian \u0111\u1ecdc\" \/>\n\t<meta name=\"twitter:data1\" content=\"1 ph\u00fat\" \/>\n<script type=\"application\/ld+json\" class=\"yoast-schema-graph\">{\"@context\":\"https:\\\/\\\/schema.org\",\"@graph\":[{\"@type\":\"WebPage\",\"@id\":\"https:\\\/\\\/nailknowledge.org\\\/nailknowledge-badges\\\/the-nail-unit-badge\",\"url\":\"https:\\\/\\\/nailknowledge.org\\\/nailknowledge-badges\\\/the-nail-unit-badge\",\"name\":\"The Nail Unit - NailKnowledge\",\"isPartOf\":{\"@id\":\"https:\\\/\\\/new.nailknowledge.org\\\/#website\"},\"primaryImageOfPage\":{\"@id\":\"https:\\\/\\\/nailknowledge.org\\\/nailknowledge-badges\\\/the-nail-unit-badge#primaryimage\"},\"image\":{\"@id\":\"https:\\\/\\\/nailknowledge.org\\\/nailknowledge-badges\\\/the-nail-unit-badge#primaryimage\"},\"thumbnailUrl\":\"https:\\\/\\\/nailknowledge.org\\\/wp-content\\\/uploads\\\/2021\\\/09\\\/NailKnowledge_badge_The-Nail-Unit-1024x1024.png\",\"datePublished\":\"2021-09-16T12:40:13+00:00\",\"dateModified\":\"2022-05-10T15:44:18+00:00\",\"breadcrumb\":{\"@id\":\"https:\\\/\\\/nailknowledge.org\\\/nailknowledge-badges\\\/the-nail-unit-badge#breadcrumb\"},\"inLanguage\":\"vi\",\"potentialAction\":[{\"@type\":\"ReadAction\",\"target\":[\"https:\\\/\\\/nailknowledge.org\\\/nailknowledge-badges\\\/the-nail-unit-badge\"]}]},{\"@type\":\"ImageObject\",\"inLanguage\":\"vi\",\"@id\":\"https:\\\/\\\/nailknowledge.org\\\/nailknowledge-badges\\\/the-nail-unit-badge#primaryimage\",\"url\":\"https:\\\/\\\/nailknowledge.org\\\/wp-content\\\/uploads\\\/2021\\\/09\\\/NailKnowledge_badge_The-Nail-Unit-1024x1024.png\",\"contentUrl\":\"https:\\\/\\\/nailknowledge.org\\\/wp-content\\\/uploads\\\/2021\\\/09\\\/NailKnowledge_badge_The-Nail-Unit-1024x1024.png\"},{\"@type\":\"BreadcrumbList\",\"@id\":\"https:\\\/\\\/nailknowledge.org\\\/nailknowledge-badges\\\/the-nail-unit-badge#breadcrumb\",\"itemListElement\":[{\"@type\":\"ListItem\",\"position\":1,\"name\":\"Home\",\"item\":\"https:\\\/\\\/nailknowledge.org\\\/\"},{\"@type\":\"ListItem\",\"position\":2,\"name\":\"Badges\",\"item\":\"https:\\\/\\\/nailknowledge.org\\\/nailknowledge-badges\"},{\"@type\":\"ListItem\",\"position\":3,\"name\":\"The Nail Unit\"}]},{\"@type\":\"WebSite\",\"@id\":\"https:\\\/\\\/new.nailknowledge.org\\\/#website\",\"url\":\"https:\\\/\\\/new.nailknowledge.org\\\/\",\"name\":\"NailKnowledge\",\"description\":\"\",\"publisher\":{\"@id\":\"https:\\\/\\\/new.nailknowledge.org\\\/#organization\"},\"potentialAction\":[{\"@type\":\"SearchAction\",\"target\":{\"@type\":\"EntryPoint\",\"urlTemplate\":\"https:\\\/\\\/new.nailknowledge.org\\\/?s={search_term_string}\"},\"query-input\":{\"@type\":\"PropertyValueSpecification\",\"valueRequired\":true,\"valueName\":\"search_term_string\"}}],\"inLanguage\":\"vi\"},{\"@type\":\"Organization\",\"@id\":\"https:\\\/\\\/new.nailknowledge.org\\\/#organization\",\"name\":\"NailKnowledge\",\"url\":\"https:\\\/\\\/new.nailknowledge.org\\\/\",\"logo\":{\"@type\":\"ImageObject\",\"inLanguage\":\"vi\",\"@id\":\"https:\\\/\\\/new.nailknowledge.org\\\/#\\\/schema\\\/logo\\\/image\\\/\",\"url\":\"https:\\\/\\\/nailknowledge.org\\\/wp-content\\\/uploads\\\/2026\\\/03\\\/KN-Logo-1.webp\",\"contentUrl\":\"https:\\\/\\\/nailknowledge.org\\\/wp-content\\\/uploads\\\/2026\\\/03\\\/KN-Logo-1.webp\",\"width\":542,\"height\":100,\"caption\":\"NailKnowledge\"},\"image\":{\"@id\":\"https:\\\/\\\/new.nailknowledge.org\\\/#\\\/schema\\\/logo\\\/image\\\/\"}}]}<\/script>\n<!-- \/ Yoast SEO plugin. -->","yoast_head_json":{"title":"\u0110\u01a1n v\u1ecb Nail - NailKnowledge","robots":{"index":"index","follow":"follow","max-snippet":"max-snippet:-1","max-image-preview":"max-image-preview:large","max-video-preview":"max-video-preview:-1"},"canonical":"https:\/\/nailknowledge.org\/vi\/huy-hieu-nailknowledge\/huy-hieu-don-vi-lam-mong\/","og_locale":"vi_VN","og_type":"article","og_title":"The Nail Unit - NailKnowledge","og_description":"The Nail Unit Digital Badge Issued by NailKnowledge NailKnowledge\u2019s The Nail Unit Digital Badge indicates the recipient has successfully passed the Nail Unit Masterclass and attained a suitable level of subject competence in nail anatomy and nail conditions. Pass Criteria: Complete one hour twenty minutes of distance learning taught over six lessons Successfully pass 12 [&hellip;]","og_url":"https:\/\/nailknowledge.org\/vi\/huy-hieu-nailknowledge\/huy-hieu-don-vi-lam-mong\/","og_site_name":"NailKnowledge","article_modified_time":"2022-05-10T15:44:18+00:00","og_image":[{"width":545,"height":295,"url":"https:\/\/nailknowledge.org\/wp-content\/uploads\/2023\/03\/image002.jpg","type":"image\/jpeg"}],"twitter_card":"summary_large_image","twitter_misc":{"\u01af\u1edbc t\u00ednh th\u1eddi gian \u0111\u1ecdc":"1 ph\u00fat"},"schema":{"@context":"https:\/\/schema.org","@graph":[{"@type":"WebPage","@id":"https:\/\/nailknowledge.org\/nailknowledge-badges\/the-nail-unit-badge","url":"https:\/\/nailknowledge.org\/nailknowledge-badges\/the-nail-unit-badge","name":"\u0110\u01a1n v\u1ecb Nail - NailKnowledge","isPartOf":{"@id":"https:\/\/new.nailknowledge.org\/#website"},"primaryImageOfPage":{"@id":"https:\/\/nailknowledge.org\/nailknowledge-badges\/the-nail-unit-badge#primaryimage"},"image":{"@id":"https:\/\/nailknowledge.org\/nailknowledge-badges\/the-nail-unit-badge#primaryimage"},"thumbnailUrl":"https:\/\/nailknowledge.org\/wp-content\/uploads\/2021\/09\/NailKnowledge_badge_The-Nail-Unit-1024x1024.png","datePublished":"2021-09-16T12:40:13+00:00","dateModified":"2022-05-10T15:44:18+00:00","breadcrumb":{"@id":"https:\/\/nailknowledge.org\/nailknowledge-badges\/the-nail-unit-badge#breadcrumb"},"inLanguage":"vi","potentialAction":[{"@type":"ReadAction","target":["https:\/\/nailknowledge.org\/nailknowledge-badges\/the-nail-unit-badge"]}]},{"@type":"ImageObject","inLanguage":"vi","@id":"https:\/\/nailknowledge.org\/nailknowledge-badges\/the-nail-unit-badge#primaryimage","url":"https:\/\/nailknowledge.org\/wp-content\/uploads\/2021\/09\/NailKnowledge_badge_The-Nail-Unit-1024x1024.png","contentUrl":"https:\/\/nailknowledge.org\/wp-content\/uploads\/2021\/09\/NailKnowledge_badge_The-Nail-Unit-1024x1024.png"},{"@type":"BreadcrumbList","@id":"https:\/\/nailknowledge.org\/nailknowledge-badges\/the-nail-unit-badge#breadcrumb","itemListElement":[{"@type":"ListItem","position":1,"name":"Home","item":"https:\/\/nailknowledge.org\/"},{"@type":"ListItem","position":2,"name":"Badges","item":"https:\/\/nailknowledge.org\/nailknowledge-badges"},{"@type":"ListItem","position":3,"name":"The Nail Unit"}]},{"@type":"WebSite","@id":"https:\/\/new.nailknowledge.org\/#website","url":"https:\/\/new.nailknowledge.org\/","name":"Ki\u1ebfn th\u1ee9c v\u1ec1 m\u00f3ng tay","description":"","publisher":{"@id":"https:\/\/new.nailknowledge.org\/#organization"},"potentialAction":[{"@type":"SearchAction","target":{"@type":"EntryPoint","urlTemplate":"https:\/\/new.nailknowledge.org\/?s={search_term_string}"},"query-input":{"@type":"PropertyValueSpecification","valueRequired":true,"valueName":"search_term_string"}}],"inLanguage":"vi"},{"@type":"Organization","@id":"https:\/\/new.nailknowledge.org\/#organization","name":"Ki\u1ebfn th\u1ee9c v\u1ec1 m\u00f3ng tay","url":"https:\/\/new.nailknowledge.org\/","logo":{"@type":"ImageObject","inLanguage":"vi","@id":"https:\/\/new.nailknowledge.org\/#\/schema\/logo\/image\/","url":"https:\/\/nailknowledge.org\/wp-content\/uploads\/2026\/03\/KN-Logo-1.webp","contentUrl":"https:\/\/nailknowledge.org\/wp-content\/uploads\/2026\/03\/KN-Logo-1.webp","width":542,"height":100,"caption":"NailKnowledge"},"image":{"@id":"https:\/\/new.nailknowledge.org\/#\/schema\/logo\/image\/"}}]}},"_links":{"self":[{"href":"https:\/\/nailknowledge.org\/vi\/wp-json\/wp\/v2\/pages\/40579","targetHints":{"allow":["GET"]}}],"collection":[{"href":"https:\/\/nailknowledge.org\/vi\/wp-json\/wp\/v2\/pages"}],"about":[{"href":"https:\/\/nailknowledge.org\/vi\/wp-json\/wp\/v2\/types\/page"}],"author":[{"embeddable":true,"href":"https:\/\/nailknowledge.org\/vi\/wp-json\/wp\/v2\/users\/35"}],"replies":[{"embeddable":true,"href":"https:\/\/nailknowledge.org\/vi\/wp-json\/wp\/v2\/comments?post=40579"}],"version-history":[{"count":0,"href":"https:\/\/nailknowledge.org\/vi\/wp-json\/wp\/v2\/pages\/40579\/revisions"}],"up":[{"embeddable":true,"href":"https:\/\/nailknowledge.org\/vi\/wp-json\/wp\/v2\/pages\/40569"}],"wp:attachment":[{"href":"https:\/\/nailknowledge.org\/vi\/wp-json\/wp\/v2\/media?parent=40579"}],"curies":[{"name":"wp","href":"https:\/\/api.w.org\/{rel}","templated":true}]}}