{"id":40603,"date":"2021-09-16T12:42:53","date_gmt":"2021-09-16T12:42:53","guid":{"rendered":"https:\/\/nailknowledge.org\/?page_id=40603"},"modified":"2022-05-10T15:47:38","modified_gmt":"2022-05-10T15:47:38","slug":"hoa-hoc-san-pham","status":"publish","type":"page","link":"https:\/\/nailknowledge.org\/vi\/nailknowledge-badges\/product-chemistry","title":{"rendered":"H\u00f3a h\u1ecdc s\u1ea3n ph\u1ea9m"},"content":{"rendered":"<p><img loading=\"eager\" fetchpriority=\"high\" decoding=\"async\" width=\"1024\" height=\"1024\" src=\"https:\/\/nailknowledge.org\/wp-content\/uploads\/2021\/09\/NailKnowledge_badge_Product-Chemistry-1-1024x1024.png\" alt=\"\" \/>\t\t\t\t\t\t\t\t\t\t\t\t\t\t<\/p>\n<h1>Huy hi\u1ec7u k\u1ef9 thu\u1eadt s\u1ed1 H\u00f3a h\u1ecdc s\u1ea3n ph\u1ea9m<\/h1>\n<h3>\u0110\u01b0\u1ee3c ph\u00e1t h\u00e0nh b\u1edfi NailKnowledge<\/h3>\n<p>Huy hi\u1ec7u k\u1ef9 thu\u1eadt s\u1ed1 v\u1ec1 H\u00f3a h\u1ecdc s\u1ea3n ph\u1ea9m c\u1ee7a NailKnowledge cho bi\u1ebft ng\u01b0\u1eddi nh\u1eadn \u0111\u00e3 v\u01b0\u1ee3t qua L\u1edbp h\u1ecdc n\u00e2ng cao v\u1ec1 H\u00f3a h\u1ecdc s\u1ea3n ph\u1ea9m v\u00e0 \u0111\u1ea1t \u0111\u01b0\u1ee3c tr\u00ecnh \u0111\u1ed9 chuy\u00ean m\u00f4n ph\u00f9 h\u1ee3p v\u1ec1 khoa h\u1ecdc \u0111\u1eb1ng sau c\u00e1c s\u1ea3n ph\u1ea9m \u0111\u01b0\u1ee3c s\u1eed d\u1ee5ng trong ng\u00e0nh l\u00e0m m\u00f3ng.<\/p>\n<h3>Ti\u00eau chu\u1ea9n \u0111\u1ed7:<\/h3>\n<ul>\n<li>Ho\u00e0n th\u00e0nh h\u01a1n hai gi\u1edd h\u1ecdc t\u1eeb xa \u0111\u01b0\u1ee3c gi\u1ea3ng d\u1ea1y trong n\u0103m b\u00e0i h\u1ecdc<\/li>\n<li>\u0110\u1ea1t 10 \u0111i\u1ec3m ki\u1ebfn th\u1ee9c, 5 b\u00e0i ki\u1ec3m tra ki\u1ebfn th\u1ee9c, \u0111\u1ea1t 100%.<\/li>\n<\/ul>\n<h3>C\u00e1c ch\u1ee7 \u0111\u1ec1 \u0111\u01b0\u1ee3c \u0111\u1ec1 c\u1eadp:<\/h3>\n<ul>\n<li>H\u00f3a ch\u1ea5t l\u00e0 g\u00ec?<\/li>\n<li>C\u00e1c lo\u1ea1i kem d\u01b0\u1ee1ng da, thu\u1ed1c v\u00e0 ch\u1ea5t \u0111\u00e1nh b\u00f3ng<\/li>\n<li>Acrylic v\u00e0 v\u1ecb tr\u00ed c\u1ee7a ch\u00fang trong ng\u00e0nh c\u00f4ng nghi\u1ec7p<\/li>\n<li>Ch\u1ea5t l\u1ecfng v\u00e0 b\u1ed9t<\/li>\n<li>Gel UV v\u00e0 c\u00e1c h\u1ec7 th\u1ed1ng kh\u00e1c<\/li>\n<\/ul>\n<h3>V\u1ec1 kh\u00f3a h\u1ecdc: <\/h3>\n<p>L\u1edbp h\u1ecdc chuy\u00ean s\u00e2u v\u1ec1 h\u00f3a h\u1ecdc s\u1ea3n ph\u1ea9m c\u1ee7a NailKnowledge kh\u00e1m ph\u00e1 t\u00ednh ch\u1ea5t h\u00f3a h\u1ecdc c\u1ee7a c\u00e1c s\u1ea3n ph\u1ea9m l\u00e0m m\u00f3ng v\u00e0 nh\u1eefng g\u00ec \u0111ang di\u1ec5n ra tr\u00ean m\u00f3ng, gi\u1ea3i th\u00edch qu\u00e1 tr\u00ecnh tr\u00f9ng h\u1ee3p, acrylic, gel UV v\u00e0 ch\u1ea5t l\u1ecfng &amp; b\u1ed9t, s\u1eed d\u1ee5ng h\u00ecnh \u1ea3nh \u0111\u1ed9ng 3D m\u1ea1nh m\u1ebd v\u00e0 h\u1ea5p d\u1eabn \u0111\u1ec3 ph\u00e2n t\u00edch khoa h\u1ecdc ph\u1ee9c t\u1ea1p, gi\u00fap b\u1ea1n hi\u1ec3u \u0111\u01b0\u1ee3c c\u00e1c ph\u1ea3n \u1ee9ng h\u00f3a h\u1ecdc n\u1eb1m \u1edf trung t\u00e2m c\u1ee7a ng\u00e0nh c\u00f4ng nghi\u1ec7p l\u00e0m m\u00f3ng. T\u00ecm hi\u1ec3u th\u00eam\u00a0<a href=\"https:\/\/nailknowledge.org\/vi\/courses\/product-chemistry-masterclass\/\">\u0111\u00e2y<\/a><\/p>","protected":false},"excerpt":{"rendered":"<p>Product Chemistry Digital Badge Issued by NailKnowledge NailKnowledge\u2019s Product Chemistry Digital Badge indicates the recipient has successfully passed the Product Chemistry Masterclass and attained a suitable level of subject competence in the science behind the products used in the nail industry. Pass Criteria: Complete over two hours of distance learning taught over five lessons Successfully [&hellip;]<\/p>\n","protected":false},"author":35,"featured_media":0,"parent":40569,"menu_order":0,"comment_status":"closed","ping_status":"closed","template":"","meta":{"_yoast_wpseo_focuskw":"","_yoast_wpseo_metadesc":"","_genesis_hide_title":false,"_genesis_hide_breadcrumbs":false,"_genesis_hide_singular_image":false,"_genesis_hide_footer_widgets":false,"_genesis_custom_body_class":"","_genesis_custom_post_class":"","_genesis_layout":"","footnotes":""},"class_list":{"0":"post-40603","1":"page","2":"type-page","3":"status-publish","5":"entry"},"yoast_head":"<!-- This site is optimized with the Yoast SEO plugin v27.4 - https:\/\/yoast.com\/product\/yoast-seo-wordpress\/ -->\n<title>Product Chemistry - NailKnowledge<\/title>\n<meta name=\"robots\" content=\"index, follow, max-snippet:-1, max-image-preview:large, max-video-preview:-1\" \/>\n<link rel=\"canonical\" href=\"https:\/\/nailknowledge.org\/vi\/huy-hieu-nailknowledge\/hoa-hoc-san-pham\/\" \/>\n<meta property=\"og:locale\" content=\"vi_VN\" \/>\n<meta property=\"og:type\" content=\"article\" \/>\n<meta property=\"og:title\" content=\"Product Chemistry - NailKnowledge\" \/>\n<meta property=\"og:description\" content=\"Product Chemistry Digital Badge Issued by NailKnowledge NailKnowledge\u2019s Product Chemistry Digital Badge indicates the recipient has successfully passed the Product Chemistry Masterclass and attained a suitable level of subject competence in the science behind the products used in the nail industry. Pass Criteria: Complete over two hours of distance learning taught over five lessons Successfully [&hellip;]\" \/>\n<meta property=\"og:url\" content=\"https:\/\/nailknowledge.org\/vi\/huy-hieu-nailknowledge\/hoa-hoc-san-pham\/\" \/>\n<meta property=\"og:site_name\" content=\"NailKnowledge\" \/>\n<meta property=\"article:modified_time\" content=\"2022-05-10T15:47:38+00:00\" \/>\n<meta property=\"og:image\" content=\"https:\/\/nailknowledge.org\/wp-content\/uploads\/2023\/03\/image002.jpg\" \/>\n\t<meta property=\"og:image:width\" content=\"545\" \/>\n\t<meta property=\"og:image:height\" content=\"295\" \/>\n\t<meta property=\"og:image:type\" content=\"image\/jpeg\" \/>\n<meta name=\"twitter:card\" content=\"summary_large_image\" \/>\n<meta name=\"twitter:label1\" content=\"\u01af\u1edbc t\u00ednh th\u1eddi gian \u0111\u1ecdc\" \/>\n\t<meta name=\"twitter:data1\" content=\"1 ph\u00fat\" \/>\n<script type=\"application\/ld+json\" class=\"yoast-schema-graph\">{\"@context\":\"https:\\\/\\\/schema.org\",\"@graph\":[{\"@type\":\"WebPage\",\"@id\":\"https:\\\/\\\/nailknowledge.org\\\/nailknowledge-badges\\\/product-chemistry\",\"url\":\"https:\\\/\\\/nailknowledge.org\\\/nailknowledge-badges\\\/product-chemistry\",\"name\":\"Product Chemistry - NailKnowledge\",\"isPartOf\":{\"@id\":\"https:\\\/\\\/new.nailknowledge.org\\\/#website\"},\"primaryImageOfPage\":{\"@id\":\"https:\\\/\\\/nailknowledge.org\\\/nailknowledge-badges\\\/product-chemistry#primaryimage\"},\"image\":{\"@id\":\"https:\\\/\\\/nailknowledge.org\\\/nailknowledge-badges\\\/product-chemistry#primaryimage\"},\"thumbnailUrl\":\"https:\\\/\\\/nailknowledge.org\\\/wp-content\\\/uploads\\\/2021\\\/09\\\/NailKnowledge_badge_Product-Chemistry-1-1024x1024.png\",\"datePublished\":\"2021-09-16T12:42:53+00:00\",\"dateModified\":\"2022-05-10T15:47:38+00:00\",\"breadcrumb\":{\"@id\":\"https:\\\/\\\/nailknowledge.org\\\/nailknowledge-badges\\\/product-chemistry#breadcrumb\"},\"inLanguage\":\"vi\",\"potentialAction\":[{\"@type\":\"ReadAction\",\"target\":[\"https:\\\/\\\/nailknowledge.org\\\/nailknowledge-badges\\\/product-chemistry\"]}]},{\"@type\":\"ImageObject\",\"inLanguage\":\"vi\",\"@id\":\"https:\\\/\\\/nailknowledge.org\\\/nailknowledge-badges\\\/product-chemistry#primaryimage\",\"url\":\"https:\\\/\\\/nailknowledge.org\\\/wp-content\\\/uploads\\\/2021\\\/09\\\/NailKnowledge_badge_Product-Chemistry-1-1024x1024.png\",\"contentUrl\":\"https:\\\/\\\/nailknowledge.org\\\/wp-content\\\/uploads\\\/2021\\\/09\\\/NailKnowledge_badge_Product-Chemistry-1-1024x1024.png\"},{\"@type\":\"BreadcrumbList\",\"@id\":\"https:\\\/\\\/nailknowledge.org\\\/nailknowledge-badges\\\/product-chemistry#breadcrumb\",\"itemListElement\":[{\"@type\":\"ListItem\",\"position\":1,\"name\":\"Home\",\"item\":\"https:\\\/\\\/nailknowledge.org\\\/\"},{\"@type\":\"ListItem\",\"position\":2,\"name\":\"Badges\",\"item\":\"https:\\\/\\\/nailknowledge.org\\\/nailknowledge-badges\"},{\"@type\":\"ListItem\",\"position\":3,\"name\":\"Product Chemistry\"}]},{\"@type\":\"WebSite\",\"@id\":\"https:\\\/\\\/new.nailknowledge.org\\\/#website\",\"url\":\"https:\\\/\\\/new.nailknowledge.org\\\/\",\"name\":\"NailKnowledge\",\"description\":\"\",\"publisher\":{\"@id\":\"https:\\\/\\\/new.nailknowledge.org\\\/#organization\"},\"potentialAction\":[{\"@type\":\"SearchAction\",\"target\":{\"@type\":\"EntryPoint\",\"urlTemplate\":\"https:\\\/\\\/new.nailknowledge.org\\\/?s={search_term_string}\"},\"query-input\":{\"@type\":\"PropertyValueSpecification\",\"valueRequired\":true,\"valueName\":\"search_term_string\"}}],\"inLanguage\":\"vi\"},{\"@type\":\"Organization\",\"@id\":\"https:\\\/\\\/new.nailknowledge.org\\\/#organization\",\"name\":\"NailKnowledge\",\"url\":\"https:\\\/\\\/new.nailknowledge.org\\\/\",\"logo\":{\"@type\":\"ImageObject\",\"inLanguage\":\"vi\",\"@id\":\"https:\\\/\\\/new.nailknowledge.org\\\/#\\\/schema\\\/logo\\\/image\\\/\",\"url\":\"https:\\\/\\\/nailknowledge.org\\\/wp-content\\\/uploads\\\/2026\\\/03\\\/KN-Logo-1.webp\",\"contentUrl\":\"https:\\\/\\\/nailknowledge.org\\\/wp-content\\\/uploads\\\/2026\\\/03\\\/KN-Logo-1.webp\",\"width\":542,\"height\":100,\"caption\":\"NailKnowledge\"},\"image\":{\"@id\":\"https:\\\/\\\/new.nailknowledge.org\\\/#\\\/schema\\\/logo\\\/image\\\/\"}}]}<\/script>\n<!-- \/ Yoast SEO plugin. -->","yoast_head_json":{"title":"H\u00f3a h\u1ecdc s\u1ea3n ph\u1ea9m - NailKnowledge","robots":{"index":"index","follow":"follow","max-snippet":"max-snippet:-1","max-image-preview":"max-image-preview:large","max-video-preview":"max-video-preview:-1"},"canonical":"https:\/\/nailknowledge.org\/vi\/huy-hieu-nailknowledge\/hoa-hoc-san-pham\/","og_locale":"vi_VN","og_type":"article","og_title":"Product Chemistry - NailKnowledge","og_description":"Product Chemistry Digital Badge Issued by NailKnowledge NailKnowledge\u2019s Product Chemistry Digital Badge indicates the recipient has successfully passed the Product Chemistry Masterclass and attained a suitable level of subject competence in the science behind the products used in the nail industry. Pass Criteria: Complete over two hours of distance learning taught over five lessons Successfully [&hellip;]","og_url":"https:\/\/nailknowledge.org\/vi\/huy-hieu-nailknowledge\/hoa-hoc-san-pham\/","og_site_name":"NailKnowledge","article_modified_time":"2022-05-10T15:47:38+00:00","og_image":[{"width":545,"height":295,"url":"https:\/\/nailknowledge.org\/wp-content\/uploads\/2023\/03\/image002.jpg","type":"image\/jpeg"}],"twitter_card":"summary_large_image","twitter_misc":{"\u01af\u1edbc t\u00ednh th\u1eddi gian \u0111\u1ecdc":"1 ph\u00fat"},"schema":{"@context":"https:\/\/schema.org","@graph":[{"@type":"WebPage","@id":"https:\/\/nailknowledge.org\/nailknowledge-badges\/product-chemistry","url":"https:\/\/nailknowledge.org\/nailknowledge-badges\/product-chemistry","name":"H\u00f3a h\u1ecdc s\u1ea3n ph\u1ea9m - NailKnowledge","isPartOf":{"@id":"https:\/\/new.nailknowledge.org\/#website"},"primaryImageOfPage":{"@id":"https:\/\/nailknowledge.org\/nailknowledge-badges\/product-chemistry#primaryimage"},"image":{"@id":"https:\/\/nailknowledge.org\/nailknowledge-badges\/product-chemistry#primaryimage"},"thumbnailUrl":"https:\/\/nailknowledge.org\/wp-content\/uploads\/2021\/09\/NailKnowledge_badge_Product-Chemistry-1-1024x1024.png","datePublished":"2021-09-16T12:42:53+00:00","dateModified":"2022-05-10T15:47:38+00:00","breadcrumb":{"@id":"https:\/\/nailknowledge.org\/nailknowledge-badges\/product-chemistry#breadcrumb"},"inLanguage":"vi","potentialAction":[{"@type":"ReadAction","target":["https:\/\/nailknowledge.org\/nailknowledge-badges\/product-chemistry"]}]},{"@type":"ImageObject","inLanguage":"vi","@id":"https:\/\/nailknowledge.org\/nailknowledge-badges\/product-chemistry#primaryimage","url":"https:\/\/nailknowledge.org\/wp-content\/uploads\/2021\/09\/NailKnowledge_badge_Product-Chemistry-1-1024x1024.png","contentUrl":"https:\/\/nailknowledge.org\/wp-content\/uploads\/2021\/09\/NailKnowledge_badge_Product-Chemistry-1-1024x1024.png"},{"@type":"BreadcrumbList","@id":"https:\/\/nailknowledge.org\/nailknowledge-badges\/product-chemistry#breadcrumb","itemListElement":[{"@type":"ListItem","position":1,"name":"Home","item":"https:\/\/nailknowledge.org\/"},{"@type":"ListItem","position":2,"name":"Badges","item":"https:\/\/nailknowledge.org\/nailknowledge-badges"},{"@type":"ListItem","position":3,"name":"Product Chemistry"}]},{"@type":"WebSite","@id":"https:\/\/new.nailknowledge.org\/#website","url":"https:\/\/new.nailknowledge.org\/","name":"Ki\u1ebfn th\u1ee9c v\u1ec1 m\u00f3ng tay","description":"","publisher":{"@id":"https:\/\/new.nailknowledge.org\/#organization"},"potentialAction":[{"@type":"SearchAction","target":{"@type":"EntryPoint","urlTemplate":"https:\/\/new.nailknowledge.org\/?s={search_term_string}"},"query-input":{"@type":"PropertyValueSpecification","valueRequired":true,"valueName":"search_term_string"}}],"inLanguage":"vi"},{"@type":"Organization","@id":"https:\/\/new.nailknowledge.org\/#organization","name":"Ki\u1ebfn th\u1ee9c v\u1ec1 m\u00f3ng tay","url":"https:\/\/new.nailknowledge.org\/","logo":{"@type":"ImageObject","inLanguage":"vi","@id":"https:\/\/new.nailknowledge.org\/#\/schema\/logo\/image\/","url":"https:\/\/nailknowledge.org\/wp-content\/uploads\/2026\/03\/KN-Logo-1.webp","contentUrl":"https:\/\/nailknowledge.org\/wp-content\/uploads\/2026\/03\/KN-Logo-1.webp","width":542,"height":100,"caption":"NailKnowledge"},"image":{"@id":"https:\/\/new.nailknowledge.org\/#\/schema\/logo\/image\/"}}]}},"_links":{"self":[{"href":"https:\/\/nailknowledge.org\/vi\/wp-json\/wp\/v2\/pages\/40603","targetHints":{"allow":["GET"]}}],"collection":[{"href":"https:\/\/nailknowledge.org\/vi\/wp-json\/wp\/v2\/pages"}],"about":[{"href":"https:\/\/nailknowledge.org\/vi\/wp-json\/wp\/v2\/types\/page"}],"author":[{"embeddable":true,"href":"https:\/\/nailknowledge.org\/vi\/wp-json\/wp\/v2\/users\/35"}],"replies":[{"embeddable":true,"href":"https:\/\/nailknowledge.org\/vi\/wp-json\/wp\/v2\/comments?post=40603"}],"version-history":[{"count":0,"href":"https:\/\/nailknowledge.org\/vi\/wp-json\/wp\/v2\/pages\/40603\/revisions"}],"up":[{"embeddable":true,"href":"https:\/\/nailknowledge.org\/vi\/wp-json\/wp\/v2\/pages\/40569"}],"wp:attachment":[{"href":"https:\/\/nailknowledge.org\/vi\/wp-json\/wp\/v2\/media?parent=40603"}],"curies":[{"name":"wp","href":"https:\/\/api.w.org\/{rel}","templated":true}]}}