{"id":40608,"date":"2021-09-16T12:43:44","date_gmt":"2021-09-16T12:43:44","guid":{"rendered":"https:\/\/nailknowledge.org\/?page_id=40608"},"modified":"2022-05-10T15:50:19","modified_gmt":"2022-05-10T15:50:19","slug":"suc-khoe-va-an-toan","status":"publish","type":"page","link":"https:\/\/nailknowledge.org\/vi\/nailknowledge-badges\/health-and-safety","title":{"rendered":"S\u1ee9c kh\u1ecfe &amp; An to\u00e0n"},"content":{"rendered":"<p><img loading=\"eager\" fetchpriority=\"high\" decoding=\"async\" width=\"1024\" height=\"1024\" src=\"https:\/\/nailknowledge.org\/wp-content\/uploads\/2021\/09\/NailKnowledge_badge_Health-Safety-2-1024x1024.png\" alt=\"\" \/>\t\t\t\t\t\t\t\t\t\t\t\t\t\t<\/p>\n<h1>Huy hi\u1ec7u k\u1ef9 thu\u1eadt s\u1ed1 v\u1ec1 s\u1ee9c kh\u1ecfe v\u00e0 an to\u00e0n<\/h1>\n<h3>\u0110\u01b0\u1ee3c ph\u00e1t h\u00e0nh b\u1edfi NailKnowledge<\/h3>\n<p>Huy hi\u1ec7u k\u1ef9 thu\u1eadt s\u1ed1 v\u1ec1 S\u1ee9c kh\u1ecfe v\u00e0 An to\u00e0n c\u1ee7a NailKnowledge cho bi\u1ebft ng\u01b0\u1eddi nh\u1eadn \u0111\u00e3 v\u01b0\u1ee3t qua L\u1edbp h\u1ecdc chuy\u00ean s\u00e2u v\u1ec1 S\u1ee9c kh\u1ecfe v\u00e0 An to\u00e0n v\u00e0 \u0111\u1ea1t \u0111\u01b0\u1ee3c tr\u00ecnh \u0111\u1ed9 chuy\u00ean m\u00f4n ph\u00f9 h\u1ee3p trong ch\u1ee7 \u0111\u1ec1 thi\u1ebft y\u1ebfu n\u00e0y.<\/p>\n<h3>Ti\u00eau chu\u1ea9n \u0111\u1ed7:<\/h3>\n<ul>\n<li>Ho\u00e0n th\u00e0nh hai gi\u1edd h\u1ecdc t\u1eeb xa \u0111\u01b0\u1ee3c gi\u1ea3ng d\u1ea1y trong n\u0103m b\u00e0i h\u1ecdc<\/li>\n<li>\u0110\u1ea1t 10 \u0111i\u1ec3m ki\u1ebfn th\u1ee9c, 5 b\u00e0i ki\u1ec3m tra ki\u1ebfn th\u1ee9c, \u0111\u1ea1t 100%.<\/li>\n<\/ul>\n<h3>C\u00e1c ch\u1ee7 \u0111\u1ec1 \u0111\u01b0\u1ee3c \u0111\u1ec1 c\u1eadp:<\/h3>\n<ul>\n<li>M\u00f4i tr\u01b0\u1eddng l\u00e0m vi\u1ec7c c\u1ee7a b\u1ea1n<\/li>\n<li>V\u1ec7 sinh<\/li>\n<li>S\u1eed d\u1ee5ng s\u1ea3n ph\u1ea9m an to\u00e0n<\/li>\n<li>D\u1ecb \u1ee9ng v\u00e0 k\u00edch \u1ee9ng<\/li>\n<li>L\u00e0m vi\u1ec7c v\u1edbi kh\u00e1ch h\u00e0ng<\/li>\n<\/ul>\n<h3>V\u1ec1 kh\u00f3a h\u1ecdc: <\/h3>\n<p>L\u1edbp h\u1ecdc chuy\u00ean s\u00e2u v\u1ec1 S\u1ee9c kh\u1ecfe v\u00e0 An to\u00e0n c\u1ee7a NailKnowledge cung c\u1ea5p l\u1eddi khuy\u00ean thi\u1ebft y\u1ebfu v\u1ec1 s\u1ee9c kh\u1ecfe v\u00e0 an to\u00e0n \u0111\u1ec3 gi\u1eef an to\u00e0n cho b\u1ea1n v\u00e0 kh\u00e1ch h\u00e0ng c\u1ee7a b\u1ea1n. L\u1edbp h\u1ecdc bao g\u1ed3m c\u00e1c chi\u1ebfn l\u01b0\u1ee3c \u0111\u1ec3 gi\u1ea3m thi\u1ec3u r\u1ee7i ro t\u1eeb m\u00f4i tr\u01b0\u1eddng l\u00e0m vi\u1ec7c, b\u1ee5i, h\u01a1i v\u00e0 s\u1ea3n ph\u1ea9m, c\u0169ng nh\u01b0 kh\u00e1m ph\u00e1 v\u1ea5n \u0111\u1ec1 ng\u00e0y c\u00e0ng gia t\u0103ng v\u1ec1 d\u1ecb \u1ee9ng v\u00e0 k\u00edch \u1ee9ng. T\u00ecm hi\u1ec3u th\u00eam\u00a0<a href=\"https:\/\/nailknowledge.org\/vi\/courses\/health-safety-masterclass\/\">\u0111\u00e2y<\/a><\/p>","protected":false},"excerpt":{"rendered":"<p>Health and Safety Digital Badge Issued by NailKnowledge NailKnowledge&#8217;s Health and Safety Digital Badge indicates the recipient has successfully passed the Health and Safety Masterclass and attained a suitable level of subject competence in this essential topic. Pass Criteria: Complete two hours of distance learning taught over five lessons Successfully pass 10 knowledge points, 5 [&hellip;]<\/p>\n","protected":false},"author":35,"featured_media":0,"parent":40569,"menu_order":0,"comment_status":"closed","ping_status":"closed","template":"","meta":{"_yoast_wpseo_focuskw":"","_yoast_wpseo_metadesc":"","_genesis_hide_title":false,"_genesis_hide_breadcrumbs":false,"_genesis_hide_singular_image":false,"_genesis_hide_footer_widgets":false,"_genesis_custom_body_class":"","_genesis_custom_post_class":"","_genesis_layout":"","footnotes":""},"class_list":{"0":"post-40608","1":"page","2":"type-page","3":"status-publish","5":"entry"},"yoast_head":"<!-- This site is optimized with the Yoast SEO plugin v27.4 - https:\/\/yoast.com\/product\/yoast-seo-wordpress\/ -->\n<title>Health &amp; Safety - NailKnowledge<\/title>\n<meta name=\"robots\" content=\"index, follow, max-snippet:-1, max-image-preview:large, max-video-preview:-1\" \/>\n<link rel=\"canonical\" href=\"https:\/\/nailknowledge.org\/vi\/huy-hieu-nailknowledge\/suc-khoe-va-an-toan\/\" \/>\n<meta property=\"og:locale\" content=\"vi_VN\" \/>\n<meta property=\"og:type\" content=\"article\" \/>\n<meta property=\"og:title\" content=\"Health &amp; Safety - NailKnowledge\" \/>\n<meta property=\"og:description\" content=\"Health and Safety Digital Badge Issued by NailKnowledge NailKnowledge&#8217;s Health and Safety Digital Badge indicates the recipient has successfully passed the Health and Safety Masterclass and attained a suitable level of subject competence in this essential topic. Pass Criteria: Complete two hours of distance learning taught over five lessons Successfully pass 10 knowledge points, 5 [&hellip;]\" \/>\n<meta property=\"og:url\" content=\"https:\/\/nailknowledge.org\/vi\/huy-hieu-nailknowledge\/suc-khoe-va-an-toan\/\" \/>\n<meta property=\"og:site_name\" content=\"NailKnowledge\" \/>\n<meta property=\"article:modified_time\" content=\"2022-05-10T15:50:19+00:00\" \/>\n<meta property=\"og:image\" content=\"https:\/\/nailknowledge.org\/wp-content\/uploads\/2023\/03\/image002.jpg\" \/>\n\t<meta property=\"og:image:width\" content=\"545\" \/>\n\t<meta property=\"og:image:height\" content=\"295\" \/>\n\t<meta property=\"og:image:type\" content=\"image\/jpeg\" \/>\n<meta name=\"twitter:card\" content=\"summary_large_image\" \/>\n<meta name=\"twitter:label1\" content=\"\u01af\u1edbc t\u00ednh th\u1eddi gian \u0111\u1ecdc\" \/>\n\t<meta name=\"twitter:data1\" content=\"1 ph\u00fat\" \/>\n<script type=\"application\/ld+json\" class=\"yoast-schema-graph\">{\"@context\":\"https:\\\/\\\/schema.org\",\"@graph\":[{\"@type\":\"WebPage\",\"@id\":\"https:\\\/\\\/nailknowledge.org\\\/nailknowledge-badges\\\/health-and-safety\",\"url\":\"https:\\\/\\\/nailknowledge.org\\\/nailknowledge-badges\\\/health-and-safety\",\"name\":\"Health & Safety - NailKnowledge\",\"isPartOf\":{\"@id\":\"https:\\\/\\\/new.nailknowledge.org\\\/#website\"},\"primaryImageOfPage\":{\"@id\":\"https:\\\/\\\/nailknowledge.org\\\/nailknowledge-badges\\\/health-and-safety#primaryimage\"},\"image\":{\"@id\":\"https:\\\/\\\/nailknowledge.org\\\/nailknowledge-badges\\\/health-and-safety#primaryimage\"},\"thumbnailUrl\":\"https:\\\/\\\/nailknowledge.org\\\/wp-content\\\/uploads\\\/2021\\\/09\\\/NailKnowledge_badge_Health-Safety-2-1024x1024.png\",\"datePublished\":\"2021-09-16T12:43:44+00:00\",\"dateModified\":\"2022-05-10T15:50:19+00:00\",\"breadcrumb\":{\"@id\":\"https:\\\/\\\/nailknowledge.org\\\/nailknowledge-badges\\\/health-and-safety#breadcrumb\"},\"inLanguage\":\"vi\",\"potentialAction\":[{\"@type\":\"ReadAction\",\"target\":[\"https:\\\/\\\/nailknowledge.org\\\/nailknowledge-badges\\\/health-and-safety\"]}]},{\"@type\":\"ImageObject\",\"inLanguage\":\"vi\",\"@id\":\"https:\\\/\\\/nailknowledge.org\\\/nailknowledge-badges\\\/health-and-safety#primaryimage\",\"url\":\"https:\\\/\\\/nailknowledge.org\\\/wp-content\\\/uploads\\\/2021\\\/09\\\/NailKnowledge_badge_Health-Safety-2-1024x1024.png\",\"contentUrl\":\"https:\\\/\\\/nailknowledge.org\\\/wp-content\\\/uploads\\\/2021\\\/09\\\/NailKnowledge_badge_Health-Safety-2-1024x1024.png\"},{\"@type\":\"BreadcrumbList\",\"@id\":\"https:\\\/\\\/nailknowledge.org\\\/nailknowledge-badges\\\/health-and-safety#breadcrumb\",\"itemListElement\":[{\"@type\":\"ListItem\",\"position\":1,\"name\":\"Home\",\"item\":\"https:\\\/\\\/nailknowledge.org\\\/\"},{\"@type\":\"ListItem\",\"position\":2,\"name\":\"Badges\",\"item\":\"https:\\\/\\\/nailknowledge.org\\\/nailknowledge-badges\"},{\"@type\":\"ListItem\",\"position\":3,\"name\":\"Health &#038; Safety\"}]},{\"@type\":\"WebSite\",\"@id\":\"https:\\\/\\\/new.nailknowledge.org\\\/#website\",\"url\":\"https:\\\/\\\/new.nailknowledge.org\\\/\",\"name\":\"NailKnowledge\",\"description\":\"\",\"publisher\":{\"@id\":\"https:\\\/\\\/new.nailknowledge.org\\\/#organization\"},\"potentialAction\":[{\"@type\":\"SearchAction\",\"target\":{\"@type\":\"EntryPoint\",\"urlTemplate\":\"https:\\\/\\\/new.nailknowledge.org\\\/?s={search_term_string}\"},\"query-input\":{\"@type\":\"PropertyValueSpecification\",\"valueRequired\":true,\"valueName\":\"search_term_string\"}}],\"inLanguage\":\"vi\"},{\"@type\":\"Organization\",\"@id\":\"https:\\\/\\\/new.nailknowledge.org\\\/#organization\",\"name\":\"NailKnowledge\",\"url\":\"https:\\\/\\\/new.nailknowledge.org\\\/\",\"logo\":{\"@type\":\"ImageObject\",\"inLanguage\":\"vi\",\"@id\":\"https:\\\/\\\/new.nailknowledge.org\\\/#\\\/schema\\\/logo\\\/image\\\/\",\"url\":\"https:\\\/\\\/nailknowledge.org\\\/wp-content\\\/uploads\\\/2026\\\/03\\\/KN-Logo-1.webp\",\"contentUrl\":\"https:\\\/\\\/nailknowledge.org\\\/wp-content\\\/uploads\\\/2026\\\/03\\\/KN-Logo-1.webp\",\"width\":542,\"height\":100,\"caption\":\"NailKnowledge\"},\"image\":{\"@id\":\"https:\\\/\\\/new.nailknowledge.org\\\/#\\\/schema\\\/logo\\\/image\\\/\"}}]}<\/script>\n<!-- \/ Yoast SEO plugin. -->","yoast_head_json":{"title":"S\u1ee9c kh\u1ecfe &amp; An to\u00e0n - NailKnowledge","robots":{"index":"index","follow":"follow","max-snippet":"max-snippet:-1","max-image-preview":"max-image-preview:large","max-video-preview":"max-video-preview:-1"},"canonical":"https:\/\/nailknowledge.org\/vi\/huy-hieu-nailknowledge\/suc-khoe-va-an-toan\/","og_locale":"vi_VN","og_type":"article","og_title":"Health & Safety - NailKnowledge","og_description":"Health and Safety Digital Badge Issued by NailKnowledge NailKnowledge&#8217;s Health and Safety Digital Badge indicates the recipient has successfully passed the Health and Safety Masterclass and attained a suitable level of subject competence in this essential topic. Pass Criteria: Complete two hours of distance learning taught over five lessons Successfully pass 10 knowledge points, 5 [&hellip;]","og_url":"https:\/\/nailknowledge.org\/vi\/huy-hieu-nailknowledge\/suc-khoe-va-an-toan\/","og_site_name":"NailKnowledge","article_modified_time":"2022-05-10T15:50:19+00:00","og_image":[{"width":545,"height":295,"url":"https:\/\/nailknowledge.org\/wp-content\/uploads\/2023\/03\/image002.jpg","type":"image\/jpeg"}],"twitter_card":"summary_large_image","twitter_misc":{"\u01af\u1edbc t\u00ednh th\u1eddi gian \u0111\u1ecdc":"1 ph\u00fat"},"schema":{"@context":"https:\/\/schema.org","@graph":[{"@type":"WebPage","@id":"https:\/\/nailknowledge.org\/nailknowledge-badges\/health-and-safety","url":"https:\/\/nailknowledge.org\/nailknowledge-badges\/health-and-safety","name":"S\u1ee9c kh\u1ecfe &amp; An to\u00e0n - NailKnowledge","isPartOf":{"@id":"https:\/\/new.nailknowledge.org\/#website"},"primaryImageOfPage":{"@id":"https:\/\/nailknowledge.org\/nailknowledge-badges\/health-and-safety#primaryimage"},"image":{"@id":"https:\/\/nailknowledge.org\/nailknowledge-badges\/health-and-safety#primaryimage"},"thumbnailUrl":"https:\/\/nailknowledge.org\/wp-content\/uploads\/2021\/09\/NailKnowledge_badge_Health-Safety-2-1024x1024.png","datePublished":"2021-09-16T12:43:44+00:00","dateModified":"2022-05-10T15:50:19+00:00","breadcrumb":{"@id":"https:\/\/nailknowledge.org\/nailknowledge-badges\/health-and-safety#breadcrumb"},"inLanguage":"vi","potentialAction":[{"@type":"ReadAction","target":["https:\/\/nailknowledge.org\/nailknowledge-badges\/health-and-safety"]}]},{"@type":"ImageObject","inLanguage":"vi","@id":"https:\/\/nailknowledge.org\/nailknowledge-badges\/health-and-safety#primaryimage","url":"https:\/\/nailknowledge.org\/wp-content\/uploads\/2021\/09\/NailKnowledge_badge_Health-Safety-2-1024x1024.png","contentUrl":"https:\/\/nailknowledge.org\/wp-content\/uploads\/2021\/09\/NailKnowledge_badge_Health-Safety-2-1024x1024.png"},{"@type":"BreadcrumbList","@id":"https:\/\/nailknowledge.org\/nailknowledge-badges\/health-and-safety#breadcrumb","itemListElement":[{"@type":"ListItem","position":1,"name":"Home","item":"https:\/\/nailknowledge.org\/"},{"@type":"ListItem","position":2,"name":"Badges","item":"https:\/\/nailknowledge.org\/nailknowledge-badges"},{"@type":"ListItem","position":3,"name":"Health &#038; Safety"}]},{"@type":"WebSite","@id":"https:\/\/new.nailknowledge.org\/#website","url":"https:\/\/new.nailknowledge.org\/","name":"Ki\u1ebfn th\u1ee9c v\u1ec1 m\u00f3ng tay","description":"","publisher":{"@id":"https:\/\/new.nailknowledge.org\/#organization"},"potentialAction":[{"@type":"SearchAction","target":{"@type":"EntryPoint","urlTemplate":"https:\/\/new.nailknowledge.org\/?s={search_term_string}"},"query-input":{"@type":"PropertyValueSpecification","valueRequired":true,"valueName":"search_term_string"}}],"inLanguage":"vi"},{"@type":"Organization","@id":"https:\/\/new.nailknowledge.org\/#organization","name":"Ki\u1ebfn th\u1ee9c v\u1ec1 m\u00f3ng tay","url":"https:\/\/new.nailknowledge.org\/","logo":{"@type":"ImageObject","inLanguage":"vi","@id":"https:\/\/new.nailknowledge.org\/#\/schema\/logo\/image\/","url":"https:\/\/nailknowledge.org\/wp-content\/uploads\/2026\/03\/KN-Logo-1.webp","contentUrl":"https:\/\/nailknowledge.org\/wp-content\/uploads\/2026\/03\/KN-Logo-1.webp","width":542,"height":100,"caption":"NailKnowledge"},"image":{"@id":"https:\/\/new.nailknowledge.org\/#\/schema\/logo\/image\/"}}]}},"_links":{"self":[{"href":"https:\/\/nailknowledge.org\/vi\/wp-json\/wp\/v2\/pages\/40608","targetHints":{"allow":["GET"]}}],"collection":[{"href":"https:\/\/nailknowledge.org\/vi\/wp-json\/wp\/v2\/pages"}],"about":[{"href":"https:\/\/nailknowledge.org\/vi\/wp-json\/wp\/v2\/types\/page"}],"author":[{"embeddable":true,"href":"https:\/\/nailknowledge.org\/vi\/wp-json\/wp\/v2\/users\/35"}],"replies":[{"embeddable":true,"href":"https:\/\/nailknowledge.org\/vi\/wp-json\/wp\/v2\/comments?post=40608"}],"version-history":[{"count":0,"href":"https:\/\/nailknowledge.org\/vi\/wp-json\/wp\/v2\/pages\/40608\/revisions"}],"up":[{"embeddable":true,"href":"https:\/\/nailknowledge.org\/vi\/wp-json\/wp\/v2\/pages\/40569"}],"wp:attachment":[{"href":"https:\/\/nailknowledge.org\/vi\/wp-json\/wp\/v2\/media?parent=40608"}],"curies":[{"name":"wp","href":"https:\/\/api.w.org\/{rel}","templated":true}]}}