{"id":40613,"date":"2021-09-16T12:44:31","date_gmt":"2021-09-16T12:44:31","guid":{"rendered":"https:\/\/nailknowledge.org\/?page_id=40613"},"modified":"2022-05-10T15:52:49","modified_gmt":"2022-05-10T15:52:49","slug":"chuyen-gia-co-chung-chi-ve-kien-thuc-lam-mong","status":"publish","type":"page","link":"https:\/\/nailknowledge.org\/vi\/nailknowledge-badges\/certified-nail-knowledge-professional","title":{"rendered":"Chuy\u00ean gia ki\u1ebfn th\u1ee9c v\u1ec1 m\u00f3ng \u0111\u01b0\u1ee3c ch\u1ee9ng nh\u1eadn"},"content":{"rendered":"<p><img loading=\"eager\" fetchpriority=\"high\" decoding=\"async\" width=\"1000\" height=\"1000\" src=\"https:\/\/nailknowledge.org\/wp-content\/uploads\/2021\/09\/CERTIFIED-NAIL-KNOWLEDGE-PROFESSIONAL-BADGES-1.png\" alt=\"\" \/>\t\t\t\t\t\t\t\t\t\t\t\t\t\t<\/p>\n<h1>Huy hi\u1ec7u k\u1ef9 thu\u1eadt s\u1ed1 chuy\u00ean nghi\u1ec7p v\u1ec1 m\u00f3ng tay thi\u1ebft y\u1ebfu<\/h1>\n<h3>\u0110\u01b0\u1ee3c ph\u00e1t h\u00e0nh b\u1edfi NailKnowledge<\/h3>\n<p>Huy hi\u1ec7u k\u1ef9 thu\u1eadt s\u1ed1 d\u00e0nh cho chuy\u00ean gia l\u00e0m m\u00f3ng thi\u1ebft y\u1ebfu c\u1ee7a NailKnowledge ch\u1ee9ng minh r\u1eb1ng ng\u01b0\u1eddi s\u1edf h\u1eefu \u0111\u00e3 v\u01b0\u1ee3t qua l\u00fd thuy\u1ebft thi\u1ebft y\u1ebfu c\u1ea7n thi\u1ebft cho s\u1ef1 nghi\u1ec7p l\u00e0m m\u00f3ng chuy\u00ean nghi\u1ec7p v\u00e0 \u0111\u1ea1t \u0111\u01b0\u1ee3c tr\u00ecnh \u0111\u1ed9 n\u0103ng l\u1ef1c ph\u00f9 h\u1ee3p trong ba m\u00f4n l\u00fd thuy\u1ebft c\u1ee7a Masterclass.<\/p>\n<h3>Ti\u00eau chu\u1ea9n \u0111\u1ed7:<\/h3>\n<ul>\n<li>Ho\u00e0n th\u00e0nh s\u00e1u gi\u1edd h\u1ecdc t\u1eeb xa \u0111\u01b0\u1ee3c gi\u1ea3ng d\u1ea1y trong m\u01b0\u1eddi s\u00e1u b\u00e0i h\u1ecdc bao g\u1ed3m ba ch\u1ee7 \u0111\u1ec1 l\u00fd thuy\u1ebft \u2013 \u0110\u01a1n v\u1ecb l\u00e0m m\u00f3ng, H\u00f3a h\u1ecdc s\u1ea3n ph\u1ea9m v\u00e0 S\u1ee9c kh\u1ecfe &amp; An to\u00e0n.<\/li>\n<li>\u0110\u1ea1t 32 \u0111i\u1ec3m ki\u1ebfn th\u1ee9c, 16 b\u00e0i ki\u1ec3m tra ki\u1ebfn th\u1ee9c v\u00e0 b\u00e0i ki\u1ec3m tra tr\u1eafc nghi\u1ec7m chuy\u00ean ng\u00e0nh g\u1ed3m 30 c\u00e2u, \u0111\u1ea1t 100 ph\u1ea7n tr\u0103m.<\/li>\n<\/ul>\n<h3>C\u00e1c ch\u1ee7 \u0111\u1ec1 \u0111\u01b0\u1ee3c \u0111\u1ec1 c\u1eadp:<\/h3>\n<ul>\n<li><strong>\u0110\u01a1n v\u1ecb l\u00e0m m\u00f3ng<\/strong> \u2013 nghi\u00ean c\u1ee9u c\u1ea5u tr\u00fac c\u1ee7a m\u00f3ng, c\u00e1ch m\u00f3ng ph\u00e1t tri\u1ec3n v\u00e0 c\u00e1c t\u00ecnh tr\u1ea1ng m\u00f3ng ph\u1ed5 bi\u1ebfn<\/li>\n<li><strong>H\u00f3a h\u1ecdc s\u1ea3n ph\u1ea9m<\/strong> \u2013 ho\u00e0n th\u00e0nh l\u1edbp h\u1ecdc n\u00e2ng cao v\u1ec1 h\u00f3a h\u1ecdc s\u1ea3n ph\u1ea9m c\u01a1 b\u1ea3n v\u00e0 qu\u00e1 tr\u00ecnh tr\u00f9ng h\u1ee3p n\u1eb1m \u1edf trung t\u00e2m c\u1ee7a ng\u00e0nh c\u00f4ng nghi\u1ec7p l\u00e0m m\u00f3ng<\/li>\n<li><strong>S\u1ee9c kh\u1ecfe &amp; An to\u00e0n<\/strong> \u2013 h\u1ecdc c\u00e1c k\u1ef9 thu\u1eadt v\u1ec1 s\u1ee9c kh\u1ecfe v\u00e0 an to\u00e0n \u0111\u1ec3 gi\u1eef an to\u00e0n cho b\u1ea1n v\u00e0 kh\u00e1ch h\u00e0ng c\u1ee7a b\u1ea1n, v\u1edbi c\u00e1c chi\u1ebfn l\u01b0\u1ee3c gi\u1ea3m thi\u1ec3u r\u1ee7i ro t\u1eeb b\u1ee5i, h\u01a1i v\u00e0 c\u00e1c s\u1ea3n ph\u1ea9m<\/li>\n<\/ul>\n<h3>V\u1ec1 kh\u00f3a h\u1ecdc:<\/h3>\n<p>Ch\u1ee9ng ch\u1ec9 Chuy\u00ean gia l\u00e0m m\u00f3ng thi\u1ebft y\u1ebfu c\u1ee7a NailKnowledge bao g\u1ed3m ba ch\u1ee7 \u0111\u1ec1 l\u00fd thuy\u1ebft thi\u1ebft y\u1ebfu v\u1ec1 m\u00f3ng \u2013 \u0111\u01a1n v\u1ecb l\u00e0m m\u00f3ng, h\u00f3a h\u1ecdc s\u1ea3n ph\u1ea9m v\u00e0 s\u1ee9c kh\u1ecfe v\u00e0 an to\u00e0n \u2013 \u0111\u1ec3 b\u1ed5 sung cho kh\u00f3a \u0111\u00e0o t\u1ea1o th\u1ef1c h\u00e0nh c\u1ee7a b\u1ea1n, s\u1eed d\u1ee5ng c\u00e1c h\u00ecnh \u1ea3nh \u0111\u1ed9ng h\u1ea5p d\u1eabn c\u1ee7a chuy\u00ean gia \u0111\u1ec3 ph\u00e2n t\u00edch khoa h\u1ecdc. T\u00ecm hi\u1ec3u th\u00eam\u00a0<a href=\"https:\/\/nailknowledge.org\/vi\/courses\/bang-cap-chuyen-nghiep-ve-mong-tay-can-thiet\/\">\u0111\u00e2y<\/a><\/p>","protected":false},"excerpt":{"rendered":"<p>Essential Nail Professional Digital Badge Issued by NailKnowledge NailKnowledge\u2019s Essential Nail Professional Digital Badge demonstrates the holder has passed the essential theory necessary for a career as a nail professional, and attained a suitable level of subject competence across the three Masterclass theory subjects. Pass Criteria: Complete six hours of distance learning taught over sixteen [&hellip;]<\/p>\n","protected":false},"author":35,"featured_media":0,"parent":40569,"menu_order":0,"comment_status":"closed","ping_status":"closed","template":"","meta":{"_genesis_hide_title":false,"_genesis_hide_breadcrumbs":false,"_genesis_hide_singular_image":false,"_genesis_hide_footer_widgets":false,"_genesis_custom_body_class":"","_genesis_custom_post_class":"","_genesis_layout":"","footnotes":""},"class_list":{"0":"post-40613","1":"page","2":"type-page","3":"status-publish","5":"entry"},"yoast_head":"<!-- This site is optimized with the Yoast SEO plugin v27.3 - https:\/\/yoast.com\/product\/yoast-seo-wordpress\/ -->\n<title>Certified Nail Knowledge Professional - NailKnowledge<\/title>\n<meta name=\"robots\" content=\"index, follow, max-snippet:-1, max-image-preview:large, max-video-preview:-1\" \/>\n<link rel=\"canonical\" href=\"https:\/\/nailknowledge.org\/vi\/huy-hieu-nailknowledge\/chuyen-gia-co-chung-chi-ve-kien-thuc-lam-mong\/\" \/>\n<meta property=\"og:locale\" content=\"vi_VN\" \/>\n<meta property=\"og:type\" content=\"article\" \/>\n<meta property=\"og:title\" content=\"Certified Nail Knowledge Professional - NailKnowledge\" \/>\n<meta property=\"og:description\" content=\"Essential Nail Professional Digital Badge Issued by NailKnowledge NailKnowledge\u2019s Essential Nail Professional Digital Badge demonstrates the holder has passed the essential theory necessary for a career as a nail professional, and attained a suitable level of subject competence across the three Masterclass theory subjects. Pass Criteria: Complete six hours of distance learning taught over sixteen [&hellip;]\" \/>\n<meta property=\"og:url\" content=\"https:\/\/nailknowledge.org\/vi\/huy-hieu-nailknowledge\/chuyen-gia-co-chung-chi-ve-kien-thuc-lam-mong\/\" \/>\n<meta property=\"og:site_name\" content=\"NailKnowledge\" \/>\n<meta property=\"article:modified_time\" content=\"2022-05-10T15:52:49+00:00\" \/>\n<meta property=\"og:image\" content=\"https:\/\/nailknowledge.org\/wp-content\/uploads\/2023\/03\/image002.jpg\" \/>\n\t<meta property=\"og:image:width\" content=\"545\" \/>\n\t<meta property=\"og:image:height\" content=\"295\" \/>\n\t<meta property=\"og:image:type\" content=\"image\/jpeg\" \/>\n<meta name=\"twitter:card\" content=\"summary_large_image\" \/>\n<meta name=\"twitter:label1\" content=\"\u01af\u1edbc t\u00ednh th\u1eddi gian \u0111\u1ecdc\" \/>\n\t<meta name=\"twitter:data1\" content=\"2 ph\u00fat\" \/>\n<script type=\"application\/ld+json\" class=\"yoast-schema-graph\">{\"@context\":\"https:\\\/\\\/schema.org\",\"@graph\":[{\"@type\":\"WebPage\",\"@id\":\"https:\\\/\\\/nailknowledge.org\\\/nailknowledge-badges\\\/certified-nail-knowledge-professional\",\"url\":\"https:\\\/\\\/nailknowledge.org\\\/nailknowledge-badges\\\/certified-nail-knowledge-professional\",\"name\":\"Certified Nail Knowledge Professional - NailKnowledge\",\"isPartOf\":{\"@id\":\"https:\\\/\\\/new.nailknowledge.org\\\/#website\"},\"primaryImageOfPage\":{\"@id\":\"https:\\\/\\\/nailknowledge.org\\\/nailknowledge-badges\\\/certified-nail-knowledge-professional#primaryimage\"},\"image\":{\"@id\":\"https:\\\/\\\/nailknowledge.org\\\/nailknowledge-badges\\\/certified-nail-knowledge-professional#primaryimage\"},\"thumbnailUrl\":\"https:\\\/\\\/nailknowledge.org\\\/wp-content\\\/uploads\\\/2021\\\/09\\\/CERTIFIED-NAIL-KNOWLEDGE-PROFESSIONAL-BADGES-1.png\",\"datePublished\":\"2021-09-16T12:44:31+00:00\",\"dateModified\":\"2022-05-10T15:52:49+00:00\",\"breadcrumb\":{\"@id\":\"https:\\\/\\\/nailknowledge.org\\\/nailknowledge-badges\\\/certified-nail-knowledge-professional#breadcrumb\"},\"inLanguage\":\"vi\",\"potentialAction\":[{\"@type\":\"ReadAction\",\"target\":[\"https:\\\/\\\/nailknowledge.org\\\/nailknowledge-badges\\\/certified-nail-knowledge-professional\"]}]},{\"@type\":\"ImageObject\",\"inLanguage\":\"vi\",\"@id\":\"https:\\\/\\\/nailknowledge.org\\\/nailknowledge-badges\\\/certified-nail-knowledge-professional#primaryimage\",\"url\":\"https:\\\/\\\/nailknowledge.org\\\/wp-content\\\/uploads\\\/2021\\\/09\\\/CERTIFIED-NAIL-KNOWLEDGE-PROFESSIONAL-BADGES-1.png\",\"contentUrl\":\"https:\\\/\\\/nailknowledge.org\\\/wp-content\\\/uploads\\\/2021\\\/09\\\/CERTIFIED-NAIL-KNOWLEDGE-PROFESSIONAL-BADGES-1.png\"},{\"@type\":\"BreadcrumbList\",\"@id\":\"https:\\\/\\\/nailknowledge.org\\\/nailknowledge-badges\\\/certified-nail-knowledge-professional#breadcrumb\",\"itemListElement\":[{\"@type\":\"ListItem\",\"position\":1,\"name\":\"Home\",\"item\":\"https:\\\/\\\/nailknowledge.org\\\/\"},{\"@type\":\"ListItem\",\"position\":2,\"name\":\"Badges\",\"item\":\"https:\\\/\\\/nailknowledge.org\\\/nailknowledge-badges\"},{\"@type\":\"ListItem\",\"position\":3,\"name\":\"Certified Nail Knowledge Professional\"}]},{\"@type\":\"WebSite\",\"@id\":\"https:\\\/\\\/new.nailknowledge.org\\\/#website\",\"url\":\"https:\\\/\\\/new.nailknowledge.org\\\/\",\"name\":\"NailKnowledge\",\"description\":\"\",\"publisher\":{\"@id\":\"https:\\\/\\\/new.nailknowledge.org\\\/#organization\"},\"potentialAction\":[{\"@type\":\"SearchAction\",\"target\":{\"@type\":\"EntryPoint\",\"urlTemplate\":\"https:\\\/\\\/new.nailknowledge.org\\\/?s={search_term_string}\"},\"query-input\":{\"@type\":\"PropertyValueSpecification\",\"valueRequired\":true,\"valueName\":\"search_term_string\"}}],\"inLanguage\":\"vi\"},{\"@type\":\"Organization\",\"@id\":\"https:\\\/\\\/new.nailknowledge.org\\\/#organization\",\"name\":\"NailKnowledge\",\"url\":\"https:\\\/\\\/new.nailknowledge.org\\\/\",\"logo\":{\"@type\":\"ImageObject\",\"inLanguage\":\"vi\",\"@id\":\"https:\\\/\\\/new.nailknowledge.org\\\/#\\\/schema\\\/logo\\\/image\\\/\",\"url\":\"https:\\\/\\\/nailknowledge.org\\\/wp-content\\\/uploads\\\/2026\\\/03\\\/KN-Logo-1.webp\",\"contentUrl\":\"https:\\\/\\\/nailknowledge.org\\\/wp-content\\\/uploads\\\/2026\\\/03\\\/KN-Logo-1.webp\",\"width\":542,\"height\":100,\"caption\":\"NailKnowledge\"},\"image\":{\"@id\":\"https:\\\/\\\/new.nailknowledge.org\\\/#\\\/schema\\\/logo\\\/image\\\/\"}}]}<\/script>\n<!-- \/ Yoast SEO plugin. -->","yoast_head_json":{"title":"Chuy\u00ean gia ki\u1ebfn th\u1ee9c v\u1ec1 m\u00f3ng \u0111\u01b0\u1ee3c ch\u1ee9ng nh\u1eadn - NailKnowledge","robots":{"index":"index","follow":"follow","max-snippet":"max-snippet:-1","max-image-preview":"max-image-preview:large","max-video-preview":"max-video-preview:-1"},"canonical":"https:\/\/nailknowledge.org\/vi\/huy-hieu-nailknowledge\/chuyen-gia-co-chung-chi-ve-kien-thuc-lam-mong\/","og_locale":"vi_VN","og_type":"article","og_title":"Certified Nail Knowledge Professional - NailKnowledge","og_description":"Essential Nail Professional Digital Badge Issued by NailKnowledge NailKnowledge\u2019s Essential Nail Professional Digital Badge demonstrates the holder has passed the essential theory necessary for a career as a nail professional, and attained a suitable level of subject competence across the three Masterclass theory subjects. Pass Criteria: Complete six hours of distance learning taught over sixteen [&hellip;]","og_url":"https:\/\/nailknowledge.org\/vi\/huy-hieu-nailknowledge\/chuyen-gia-co-chung-chi-ve-kien-thuc-lam-mong\/","og_site_name":"NailKnowledge","article_modified_time":"2022-05-10T15:52:49+00:00","og_image":[{"width":545,"height":295,"url":"https:\/\/nailknowledge.org\/wp-content\/uploads\/2023\/03\/image002.jpg","type":"image\/jpeg"}],"twitter_card":"summary_large_image","twitter_misc":{"\u01af\u1edbc t\u00ednh th\u1eddi gian \u0111\u1ecdc":"2 ph\u00fat"},"schema":{"@context":"https:\/\/schema.org","@graph":[{"@type":"WebPage","@id":"https:\/\/nailknowledge.org\/nailknowledge-badges\/certified-nail-knowledge-professional","url":"https:\/\/nailknowledge.org\/nailknowledge-badges\/certified-nail-knowledge-professional","name":"Chuy\u00ean gia ki\u1ebfn th\u1ee9c v\u1ec1 m\u00f3ng \u0111\u01b0\u1ee3c ch\u1ee9ng nh\u1eadn - NailKnowledge","isPartOf":{"@id":"https:\/\/new.nailknowledge.org\/#website"},"primaryImageOfPage":{"@id":"https:\/\/nailknowledge.org\/nailknowledge-badges\/certified-nail-knowledge-professional#primaryimage"},"image":{"@id":"https:\/\/nailknowledge.org\/nailknowledge-badges\/certified-nail-knowledge-professional#primaryimage"},"thumbnailUrl":"https:\/\/nailknowledge.org\/wp-content\/uploads\/2021\/09\/CERTIFIED-NAIL-KNOWLEDGE-PROFESSIONAL-BADGES-1.png","datePublished":"2021-09-16T12:44:31+00:00","dateModified":"2022-05-10T15:52:49+00:00","breadcrumb":{"@id":"https:\/\/nailknowledge.org\/nailknowledge-badges\/certified-nail-knowledge-professional#breadcrumb"},"inLanguage":"vi","potentialAction":[{"@type":"ReadAction","target":["https:\/\/nailknowledge.org\/nailknowledge-badges\/certified-nail-knowledge-professional"]}]},{"@type":"ImageObject","inLanguage":"vi","@id":"https:\/\/nailknowledge.org\/nailknowledge-badges\/certified-nail-knowledge-professional#primaryimage","url":"https:\/\/nailknowledge.org\/wp-content\/uploads\/2021\/09\/CERTIFIED-NAIL-KNOWLEDGE-PROFESSIONAL-BADGES-1.png","contentUrl":"https:\/\/nailknowledge.org\/wp-content\/uploads\/2021\/09\/CERTIFIED-NAIL-KNOWLEDGE-PROFESSIONAL-BADGES-1.png"},{"@type":"BreadcrumbList","@id":"https:\/\/nailknowledge.org\/nailknowledge-badges\/certified-nail-knowledge-professional#breadcrumb","itemListElement":[{"@type":"ListItem","position":1,"name":"Home","item":"https:\/\/nailknowledge.org\/"},{"@type":"ListItem","position":2,"name":"Badges","item":"https:\/\/nailknowledge.org\/nailknowledge-badges"},{"@type":"ListItem","position":3,"name":"Certified Nail Knowledge Professional"}]},{"@type":"WebSite","@id":"https:\/\/new.nailknowledge.org\/#website","url":"https:\/\/new.nailknowledge.org\/","name":"Ki\u1ebfn th\u1ee9c v\u1ec1 m\u00f3ng tay","description":"","publisher":{"@id":"https:\/\/new.nailknowledge.org\/#organization"},"potentialAction":[{"@type":"SearchAction","target":{"@type":"EntryPoint","urlTemplate":"https:\/\/new.nailknowledge.org\/?s={search_term_string}"},"query-input":{"@type":"PropertyValueSpecification","valueRequired":true,"valueName":"search_term_string"}}],"inLanguage":"vi"},{"@type":"Organization","@id":"https:\/\/new.nailknowledge.org\/#organization","name":"Ki\u1ebfn th\u1ee9c v\u1ec1 m\u00f3ng tay","url":"https:\/\/new.nailknowledge.org\/","logo":{"@type":"ImageObject","inLanguage":"vi","@id":"https:\/\/new.nailknowledge.org\/#\/schema\/logo\/image\/","url":"https:\/\/nailknowledge.org\/wp-content\/uploads\/2026\/03\/KN-Logo-1.webp","contentUrl":"https:\/\/nailknowledge.org\/wp-content\/uploads\/2026\/03\/KN-Logo-1.webp","width":542,"height":100,"caption":"NailKnowledge"},"image":{"@id":"https:\/\/new.nailknowledge.org\/#\/schema\/logo\/image\/"}}]}},"_links":{"self":[{"href":"https:\/\/nailknowledge.org\/vi\/wp-json\/wp\/v2\/pages\/40613","targetHints":{"allow":["GET"]}}],"collection":[{"href":"https:\/\/nailknowledge.org\/vi\/wp-json\/wp\/v2\/pages"}],"about":[{"href":"https:\/\/nailknowledge.org\/vi\/wp-json\/wp\/v2\/types\/page"}],"author":[{"embeddable":true,"href":"https:\/\/nailknowledge.org\/vi\/wp-json\/wp\/v2\/users\/35"}],"replies":[{"embeddable":true,"href":"https:\/\/nailknowledge.org\/vi\/wp-json\/wp\/v2\/comments?post=40613"}],"version-history":[{"count":0,"href":"https:\/\/nailknowledge.org\/vi\/wp-json\/wp\/v2\/pages\/40613\/revisions"}],"up":[{"embeddable":true,"href":"https:\/\/nailknowledge.org\/vi\/wp-json\/wp\/v2\/pages\/40569"}],"wp:attachment":[{"href":"https:\/\/nailknowledge.org\/vi\/wp-json\/wp\/v2\/media?parent=40613"}],"curies":[{"name":"wp","href":"https:\/\/api.w.org\/{rel}","templated":true}]}}