{"id":42726,"date":"2021-11-29T18:05:35","date_gmt":"2021-11-29T18:05:35","guid":{"rendered":"https:\/\/nailknowledge.org\/?page_id=42726"},"modified":"2024-01-23T18:44:51","modified_gmt":"2024-01-23T18:44:51","slug":"kelly-melanitou","status":"publish","type":"page","link":"https:\/\/nailknowledge.org\/vi\/kelly-melanitou","title":{"rendered":"Kelly Melanitou"},"content":{"rendered":"<div style=\"height:39px\" aria-hidden=\"true\" class=\"wp-block-spacer\"><\/div>\n\n\n\n<h1 class=\"wp-block-heading has-text-align-center\">Kelly Melanitou<\/h1>\n\n\n\n<h3 class=\"wp-block-heading has-text-align-center\">Nh\u00e0 gi\u00e1o d\u1ee5c v\u00e0 hu\u1ea5n luy\u1ec7n vi\u00ean qu\u1ed1c t\u1ebf<\/h3>\n\n\n\n<div style=\"height:39px\" aria-hidden=\"true\" class=\"wp-block-spacer\"><\/div>\n\n\n\n<div class=\"wp-block-group\"><div class=\"wp-block-group__inner-container is-layout-constrained wp-block-group-is-layout-constrained\">\n<div class=\"wp-block-group mx-auto container-max-width-1200\"><div class=\"wp-block-group__inner-container is-layout-constrained wp-block-group-is-layout-constrained\"><div class=\"wp-block-image\">\n<figure class=\"alignleft size-large is-resized\"><img loading=\"eager\" fetchpriority=\"high\" decoding=\"async\" width=\"819\" height=\"1024\" src=\"https:\/\/nailknowledge.org\/wp-content\/uploads\/2021\/11\/Kelly Melanitou-819x1024.jpeg\" alt=\"kelly melanitou\" class=\"wp-image-42727\" style=\"width:528px;height:auto\" srcset=\"https:\/\/nailknowledge.org\/wp-content\/uploads\/2021\/11\/Kelly%20Melanitou-819x1024.jpeg 819w, https:\/\/nailknowledge.org\/wp-content\/uploads\/2021\/11\/Kelly%20Melanitou-600x750.jpeg 600w, https:\/\/nailknowledge.org\/wp-content\/uploads\/2021\/11\/Kelly%20Melanitou-240x300.jpeg 240w, https:\/\/nailknowledge.org\/wp-content\/uploads\/2021\/11\/Kelly%20Melanitou-768x960.jpeg 768w, https:\/\/nailknowledge.org\/wp-content\/uploads\/2021\/11\/Kelly%20Melanitou-1229x1536.jpeg 1229w, https:\/\/nailknowledge.org\/wp-content\/uploads\/2021\/11\/Kelly%20Melanitou-1639x2048.jpeg 1639w, https:\/\/nailknowledge.org\/wp-content\/uploads\/2021\/11\/Kelly%20Melanitou-120x150.jpeg 120w, https:\/\/nailknowledge.org\/wp-content\/uploads\/2021\/11\/Kelly%20Melanitou.jpeg 1882w\" sizes=\"auto, (max-width: 819px) 100vw, 819px\" \/><\/figure>\n<\/div>\n\n\n<p>Kelly \u0111\u00e3 l\u00e0m vi\u1ec7c trong ng\u00e0nh l\u00e0m m\u00f3ng t\u1eeb n\u0103m 2005. L\u00e0 m\u1ed9t nh\u00e0 gi\u00e1o d\u1ee5c qu\u1ed1c t\u1ebf, c\u00f4 \u0111\u00e3 gi\u1ea3ng d\u1ea1y v\u00e0 h\u01b0\u1edbng d\u1eabn c\u00e1c chuy\u00ean gia v\u00e0 nh\u00e0 gi\u00e1o d\u1ee5c v\u1ec1 l\u00e0m m\u00f3ng t\u1ea1i h\u01a1n 40 qu\u1ed1c gia tr\u00ean kh\u1eafp th\u1ebf gi\u1edbi.<\/p>\n\n\n\n<p>\u0110\u01b0\u1ee3c ch\u1ee9ng nh\u1eadn v\u1ec1 Gi\u00e1o d\u1ee5c ng\u01b0\u1eddi l\u1edbn v\u00e0 hu\u1ea5n luy\u1ec7n, Kelly l\u00e0 c\u1ef1u Gi\u00e1m \u0111\u1ed1c Gi\u00e1o d\u1ee5c Qu\u1ed1c t\u1ebf c\u1ee7a CND\u2122 v\u00e0 l\u00e0 Nh\u00e0 gi\u00e1o d\u1ee5c c\u1ee7a Global Team CND\u2122 t\u1eeb n\u0103m 2009. C\u00f4 c\u0169ng \u0111ang l\u00e0m vi\u1ec7c v\u1edbi t\u01b0 c\u00e1ch l\u00e0 Chuy\u00ean gia t\u01b0 v\u1ea5n gi\u00e1o d\u1ee5c cho c\u00e1c doanh nghi\u1ec7p \u1edf nhi\u1ec1u qu\u1ed1c gia kh\u00e1c nhau.<\/p>\n\n\n\n<p>L\u00e0 nh\u00e0 thi\u1ebft k\u1ebf ch\u00ednh v\u00e0 l\u00e0 tr\u01b0\u1edfng nh\u00f3m l\u00e0m m\u00f3ng cho ch\u01b0\u01a1ng tr\u00ecnh Revlon Professional Style Masters trong 4 n\u0103m, Kelly c\u0169ng \u0111\u00e3 l\u00e0m vi\u1ec7c \u1edf h\u1eadu tr\u01b0\u1eddng t\u1ea1i Tu\u1ea7n l\u1ec5 th\u1eddi trang \u1edf New York, Milan, London v\u00e0 Paris.<\/p>\n\n\n\n<p>Gi\u00e1m kh\u1ea3o qu\u1ed1c t\u1ebf cho c\u00e1c cu\u1ed9c thi l\u00e0m m\u00f3ng \u1edf Ch\u00e2u \u00c2u v\u00e0 Ch\u00e2u \u00c1.<\/p>\n\n\n\n<p>\u0110\u01b0\u1ee3c trao t\u1eb7ng hai gi\u1ea3i th\u01b0\u1edfng \u201cNh\u00e0 gi\u00e1o d\u1ee5c qu\u1ed1c t\u1ebf c\u1ee7a n\u0103m\u201d v\u00e0 \u201cChuy\u00ean gia t\u00e1o b\u1ea1o\u201d.<\/p>\n\n\n\n<p>Kelly n\u00f3i \u0111\u01b0\u1ee3c n\u0103m th\u1ee9 ti\u1ebfng.<\/p>\n<\/div><\/div>\n<\/div><\/div>\n\n\n\n<div style=\"height:39px\" aria-hidden=\"true\" class=\"wp-block-spacer\"><\/div>\n\n\n\n<div class=\"wp-block-group mb-0 has-background\" style=\"background-color:#efefef\"><div class=\"wp-block-group__inner-container is-layout-constrained wp-block-group-is-layout-constrained\">\n<div style=\"height:39px\" aria-hidden=\"true\" class=\"wp-block-spacer\"><\/div>\n\n\n\n<div class=\"wp-block-columns mx-auto container-max-width-1200 py-2 is-layout-flex wp-container-core-columns-is-layout-9d6595d7 wp-block-columns-is-layout-flex\">\n<div class=\"wp-block-column is-layout-flow wp-block-column-is-layout-flow\">\n<h2 class=\"wp-block-heading\">C\u00e1c chuy\u00ean gia c\u1ee7a ch\u00fang t\u00f4i \u0111\u00e3 vi\u1ebft nh\u1eefng cu\u1ed1n s\u00e1ch hay nh\u1ea5t v\u1ec1 m\u00f3ng tay<\/h2>\n\n\n\n<p>C\u00e1c chuy\u00ean gia tr\u00ean to\u00e0n th\u1ebf gi\u1edbi c\u1ee7a ch\u00fang t\u00f4i, v\u1edbi h\u01a1n 100 n\u0103m kinh nghi\u1ec7m k\u1ebft h\u1ee3p, l\u00e0 nh\u1eefng chuy\u00ean gia h\u00e0ng \u0111\u1ea7u trong ng\u00e0nh li\u00ean k\u1ebft v\u1edbi NailKnowledge. C\u00f9ng nhau, h\u1ecd \u0111\u00e3 c\u00f3 \u1ea3nh h\u01b0\u1edfng \u0111\u00e1ng k\u1ec3 \u0111\u1ebfn ng\u00e0nh c\u00f4ng nghi\u1ec7p l\u00e0m \u0111\u1eb9p trong su\u1ed1t s\u1ef1 nghi\u1ec7p l\u00e2u d\u00e0i c\u1ee7a m\u00ecnh. Nh\u1eefng \u0111\u00f3ng g\u00f3p c\u1ee7a h\u1ecd bao g\u1ed3m bi\u00ean so\u1ea1n nhi\u1ec1u cu\u1ed1n s\u00e1ch, t\u1ea1o ra c\u00e1c ch\u01b0\u01a1ng tr\u00ecnh \u0111\u00e0o t\u1ea1o video v\u00e0 \u00e2m thanh, v\u00e0 s\u1ea3n xu\u1ea5t h\u00e0ng ch\u1ee5c b\u00e0i b\u00e1o t\u1ea1p ch\u00ed t\u1eadp trung v\u00e0o c\u00e1c s\u1ea3n ph\u1ea9m c\u1ee7a ti\u1ec7m, s\u1ef1 an to\u00e0n v\u00e0 c\u00e1c ph\u01b0\u01a1ng ph\u00e1p t\u1ed1i \u01b0u cho c\u00e1c chuy\u00ean gia th\u1ea9m m\u1ef9 vi\u1ec7n.<\/p>\n\n\n\n<p><\/p>\n\n\n\n<p>M\u1eccI TH\u1ee8 b\u1ea1n c\u1ea7n bi\u1ebft \u0111\u1ec3 tr\u1edf th\u00e0nh b\u1eadc th\u1ea7y th\u1ef1c s\u1ef1 v\u1ec1 l\u00e0m m\u00f3ng. <\/p>\n\n\n\n<div class=\"wp-block-buttons is-layout-flex wp-block-buttons-is-layout-flex\">\n<div class=\"wp-block-button has-custom-width wp-block-button__width-100 has-custom-font-size\" style=\"font-size:24px\"><a class=\"wp-block-button__link has-background wp-element-button\" href=\"https:\/\/nailknowledge.org\/vi\/cua-hang\/\" style=\"border-radius:10px;background:linear-gradient(320deg,rgb(4,130,180) 0%,rgb(4,86,180) 98%)\">\u0110\u00e1nh gi\u00e1 S\u00e1ch \u0111i\u1ec7n t\u1eed c\u1ee7a ch\u00fang t\u00f4i<\/a><\/div>\n<\/div>\n<\/div>\n\n\n\n<div class=\"wp-block-column is-layout-flow wp-block-column-is-layout-flow\">\n<figure class=\"wp-block-image size-full\"><a href=\"https:\/\/nailknowledge.org\/vi\/cua-hang\/\"><img loading=\"lazy\" decoding=\"async\" width=\"1000\" height=\"1000\" src=\"https:\/\/nailknowledge.org\/wp-content\/uploads\/2023\/11\/Doug-Schoon-Face-to-Face.jpg\" alt=\"\" class=\"wp-image-94669\" srcset=\"https:\/\/nailknowledge.org\/wp-content\/uploads\/2023\/11\/Doug-Schoon-Face-to-Face.jpg 1000w, https:\/\/nailknowledge.org\/wp-content\/uploads\/2023\/11\/Doug-Schoon-Face-to-Face-300x300.jpg 300w, https:\/\/nailknowledge.org\/wp-content\/uploads\/2023\/11\/Doug-Schoon-Face-to-Face-180x180.jpg 180w, https:\/\/nailknowledge.org\/wp-content\/uploads\/2023\/11\/Doug-Schoon-Face-to-Face-600x600.jpg 600w, https:\/\/nailknowledge.org\/wp-content\/uploads\/2023\/11\/Doug-Schoon-Face-to-Face-150x150.jpg 150w, https:\/\/nailknowledge.org\/wp-content\/uploads\/2023\/11\/Doug-Schoon-Face-to-Face-768x768.jpg 768w, https:\/\/nailknowledge.org\/wp-content\/uploads\/2023\/11\/Doug-Schoon-Face-to-Face-12x12.jpg 12w\" sizes=\"auto, (max-width: 1000px) 100vw, 1000px\" \/><\/a><\/figure>\n<\/div>\n<\/div>\n\n\n<div class=\"wp-block-image\">\n<figure class=\"aligncenter size-large\"><img loading=\"lazy\" decoding=\"async\" width=\"1024\" height=\"360\" src=\"https:\/\/nailknowledge.org\/wp-content\/uploads\/2021\/01\/ask-the-experts-rectangle-1024x360.png\" alt=\"\" class=\"wp-image-73558\" srcset=\"https:\/\/nailknowledge.org\/wp-content\/uploads\/2021\/01\/ask-the-experts-rectangle-1024x360.png 1024w, https:\/\/nailknowledge.org\/wp-content\/uploads\/2021\/01\/ask-the-experts-rectangle-600x211.png 600w, https:\/\/nailknowledge.org\/wp-content\/uploads\/2021\/01\/ask-the-experts-rectangle-300x106.png 300w, https:\/\/nailknowledge.org\/wp-content\/uploads\/2021\/01\/ask-the-experts-rectangle-768x270.png 768w, https:\/\/nailknowledge.org\/wp-content\/uploads\/2021\/01\/ask-the-experts-rectangle-1536x540.png 1536w, https:\/\/nailknowledge.org\/wp-content\/uploads\/2021\/01\/ask-the-experts-rectangle.png 1541w\" sizes=\"auto, (max-width: 1024px) 100vw, 1024px\" \/><\/figure>\n<\/div>\n\n\n<div style=\"height:39px\" aria-hidden=\"true\" class=\"wp-block-spacer\"><\/div>\n<\/div><\/div>","protected":false},"excerpt":{"rendered":"<p>Kelly Melanitou International Educator and Coach Kelly has worked in the nail industry since 2005. As an international educator, she has taught classes and mentored nail professionals and educators in over 40 countries around the world. Certified in Adult Education and coaching, Kelly is a former International Education Manager for CND\u2122, and a Global Team [&hellip;]<\/p>\n","protected":false},"author":2405,"featured_media":0,"parent":0,"menu_order":0,"comment_status":"closed","ping_status":"closed","template":"","meta":{"_yoast_wpseo_focuskw":"","_yoast_wpseo_metadesc":"","_genesis_hide_title":false,"_genesis_hide_breadcrumbs":false,"_genesis_hide_singular_image":false,"_genesis_hide_footer_widgets":false,"_genesis_custom_body_class":"","_genesis_custom_post_class":"","_genesis_layout":"","footnotes":""},"class_list":{"0":"post-42726","1":"page","2":"type-page","3":"status-publish","5":"entry"},"yoast_head":"<!-- This site is optimized with the Yoast SEO plugin v27.4 - https:\/\/yoast.com\/product\/yoast-seo-wordpress\/ -->\n<title>Kelly Melanitou - NailKnowledge<\/title>\n<meta name=\"robots\" content=\"index, follow, max-snippet:-1, max-image-preview:large, max-video-preview:-1\" \/>\n<link rel=\"canonical\" href=\"https:\/\/nailknowledge.org\/vi\/kelly-melanitou\/\" \/>\n<meta property=\"og:locale\" content=\"vi_VN\" \/>\n<meta property=\"og:type\" content=\"article\" \/>\n<meta property=\"og:title\" content=\"Kelly Melanitou - NailKnowledge\" \/>\n<meta property=\"og:description\" content=\"Kelly Melanitou International Educator and Coach Kelly has worked in the nail industry since 2005. As an international educator, she has taught classes and mentored nail professionals and educators in over 40 countries around the world. Certified in Adult Education and coaching, Kelly is a former International Education Manager for CND\u2122, and a Global Team [&hellip;]\" \/>\n<meta property=\"og:url\" content=\"https:\/\/nailknowledge.org\/vi\/kelly-melanitou\/\" \/>\n<meta property=\"og:site_name\" content=\"NailKnowledge\" \/>\n<meta property=\"article:modified_time\" content=\"2024-01-23T18:44:51+00:00\" \/>\n<meta property=\"og:image\" content=\"https:\/\/nailknowledge.org\/wp-content\/uploads\/2023\/03\/image002.jpg\" \/>\n\t<meta property=\"og:image:width\" content=\"545\" \/>\n\t<meta property=\"og:image:height\" content=\"295\" \/>\n\t<meta property=\"og:image:type\" content=\"image\/jpeg\" \/>\n<meta name=\"twitter:card\" content=\"summary_large_image\" \/>\n<meta name=\"twitter:label1\" content=\"\u01af\u1edbc t\u00ednh th\u1eddi gian \u0111\u1ecdc\" \/>\n\t<meta name=\"twitter:data1\" content=\"2 ph\u00fat\" \/>\n<script type=\"application\/ld+json\" class=\"yoast-schema-graph\">{\"@context\":\"https:\\\/\\\/schema.org\",\"@graph\":[{\"@type\":\"WebPage\",\"@id\":\"https:\\\/\\\/nailknowledge.org\\\/kelly-melanitou\",\"url\":\"https:\\\/\\\/nailknowledge.org\\\/kelly-melanitou\",\"name\":\"Kelly Melanitou - NailKnowledge\",\"isPartOf\":{\"@id\":\"https:\\\/\\\/new.nailknowledge.org\\\/#website\"},\"primaryImageOfPage\":{\"@id\":\"https:\\\/\\\/nailknowledge.org\\\/kelly-melanitou#primaryimage\"},\"image\":{\"@id\":\"https:\\\/\\\/nailknowledge.org\\\/kelly-melanitou#primaryimage\"},\"thumbnailUrl\":\"https:\\\/\\\/nailknowledge.org\\\/wp-content\\\/uploads\\\/2023\\\/11\\\/Doug-Schoon-Face-to-Face.jpg\",\"datePublished\":\"2021-11-29T18:05:35+00:00\",\"dateModified\":\"2024-01-23T18:44:51+00:00\",\"breadcrumb\":{\"@id\":\"https:\\\/\\\/nailknowledge.org\\\/kelly-melanitou#breadcrumb\"},\"inLanguage\":\"vi\",\"potentialAction\":[{\"@type\":\"ReadAction\",\"target\":[\"https:\\\/\\\/nailknowledge.org\\\/kelly-melanitou\"]}]},{\"@type\":\"ImageObject\",\"inLanguage\":\"vi\",\"@id\":\"https:\\\/\\\/nailknowledge.org\\\/kelly-melanitou#primaryimage\",\"url\":\"https:\\\/\\\/nailknowledge.org\\\/wp-content\\\/uploads\\\/2023\\\/11\\\/Doug-Schoon-Face-to-Face.jpg\",\"contentUrl\":\"https:\\\/\\\/nailknowledge.org\\\/wp-content\\\/uploads\\\/2023\\\/11\\\/Doug-Schoon-Face-to-Face.jpg\"},{\"@type\":\"BreadcrumbList\",\"@id\":\"https:\\\/\\\/nailknowledge.org\\\/kelly-melanitou#breadcrumb\",\"itemListElement\":[{\"@type\":\"ListItem\",\"position\":1,\"name\":\"Home\",\"item\":\"https:\\\/\\\/nailknowledge.org\\\/\"},{\"@type\":\"ListItem\",\"position\":2,\"name\":\"Kelly Melanitou\"}]},{\"@type\":\"WebSite\",\"@id\":\"https:\\\/\\\/new.nailknowledge.org\\\/#website\",\"url\":\"https:\\\/\\\/new.nailknowledge.org\\\/\",\"name\":\"NailKnowledge\",\"description\":\"\",\"publisher\":{\"@id\":\"https:\\\/\\\/new.nailknowledge.org\\\/#organization\"},\"potentialAction\":[{\"@type\":\"SearchAction\",\"target\":{\"@type\":\"EntryPoint\",\"urlTemplate\":\"https:\\\/\\\/new.nailknowledge.org\\\/?s={search_term_string}\"},\"query-input\":{\"@type\":\"PropertyValueSpecification\",\"valueRequired\":true,\"valueName\":\"search_term_string\"}}],\"inLanguage\":\"vi\"},{\"@type\":\"Organization\",\"@id\":\"https:\\\/\\\/new.nailknowledge.org\\\/#organization\",\"name\":\"NailKnowledge\",\"url\":\"https:\\\/\\\/new.nailknowledge.org\\\/\",\"logo\":{\"@type\":\"ImageObject\",\"inLanguage\":\"vi\",\"@id\":\"https:\\\/\\\/new.nailknowledge.org\\\/#\\\/schema\\\/logo\\\/image\\\/\",\"url\":\"https:\\\/\\\/nailknowledge.org\\\/wp-content\\\/uploads\\\/2026\\\/03\\\/KN-Logo-1.webp\",\"contentUrl\":\"https:\\\/\\\/nailknowledge.org\\\/wp-content\\\/uploads\\\/2026\\\/03\\\/KN-Logo-1.webp\",\"width\":542,\"height\":100,\"caption\":\"NailKnowledge\"},\"image\":{\"@id\":\"https:\\\/\\\/new.nailknowledge.org\\\/#\\\/schema\\\/logo\\\/image\\\/\"}}]}<\/script>\n<!-- \/ Yoast SEO plugin. -->","yoast_head_json":{"title":"Kelly Melanitou - Ki\u1ebfn th\u1ee9c v\u1ec1 m\u00f3ng tay","robots":{"index":"index","follow":"follow","max-snippet":"max-snippet:-1","max-image-preview":"max-image-preview:large","max-video-preview":"max-video-preview:-1"},"canonical":"https:\/\/nailknowledge.org\/vi\/kelly-melanitou\/","og_locale":"vi_VN","og_type":"article","og_title":"Kelly Melanitou - NailKnowledge","og_description":"Kelly Melanitou International Educator and Coach Kelly has worked in the nail industry since 2005. As an international educator, she has taught classes and mentored nail professionals and educators in over 40 countries around the world. Certified in Adult Education and coaching, Kelly is a former International Education Manager for CND\u2122, and a Global Team [&hellip;]","og_url":"https:\/\/nailknowledge.org\/vi\/kelly-melanitou\/","og_site_name":"NailKnowledge","article_modified_time":"2024-01-23T18:44:51+00:00","og_image":[{"width":545,"height":295,"url":"https:\/\/nailknowledge.org\/wp-content\/uploads\/2023\/03\/image002.jpg","type":"image\/jpeg"}],"twitter_card":"summary_large_image","twitter_misc":{"\u01af\u1edbc t\u00ednh th\u1eddi gian \u0111\u1ecdc":"2 ph\u00fat"},"schema":{"@context":"https:\/\/schema.org","@graph":[{"@type":"WebPage","@id":"https:\/\/nailknowledge.org\/kelly-melanitou","url":"https:\/\/nailknowledge.org\/kelly-melanitou","name":"Kelly Melanitou - Ki\u1ebfn th\u1ee9c v\u1ec1 m\u00f3ng tay","isPartOf":{"@id":"https:\/\/new.nailknowledge.org\/#website"},"primaryImageOfPage":{"@id":"https:\/\/nailknowledge.org\/kelly-melanitou#primaryimage"},"image":{"@id":"https:\/\/nailknowledge.org\/kelly-melanitou#primaryimage"},"thumbnailUrl":"https:\/\/nailknowledge.org\/wp-content\/uploads\/2023\/11\/Doug-Schoon-Face-to-Face.jpg","datePublished":"2021-11-29T18:05:35+00:00","dateModified":"2024-01-23T18:44:51+00:00","breadcrumb":{"@id":"https:\/\/nailknowledge.org\/kelly-melanitou#breadcrumb"},"inLanguage":"vi","potentialAction":[{"@type":"ReadAction","target":["https:\/\/nailknowledge.org\/kelly-melanitou"]}]},{"@type":"ImageObject","inLanguage":"vi","@id":"https:\/\/nailknowledge.org\/kelly-melanitou#primaryimage","url":"https:\/\/nailknowledge.org\/wp-content\/uploads\/2023\/11\/Doug-Schoon-Face-to-Face.jpg","contentUrl":"https:\/\/nailknowledge.org\/wp-content\/uploads\/2023\/11\/Doug-Schoon-Face-to-Face.jpg"},{"@type":"BreadcrumbList","@id":"https:\/\/nailknowledge.org\/kelly-melanitou#breadcrumb","itemListElement":[{"@type":"ListItem","position":1,"name":"Home","item":"https:\/\/nailknowledge.org\/"},{"@type":"ListItem","position":2,"name":"Kelly Melanitou"}]},{"@type":"WebSite","@id":"https:\/\/new.nailknowledge.org\/#website","url":"https:\/\/new.nailknowledge.org\/","name":"Ki\u1ebfn th\u1ee9c v\u1ec1 m\u00f3ng tay","description":"","publisher":{"@id":"https:\/\/new.nailknowledge.org\/#organization"},"potentialAction":[{"@type":"SearchAction","target":{"@type":"EntryPoint","urlTemplate":"https:\/\/new.nailknowledge.org\/?s={search_term_string}"},"query-input":{"@type":"PropertyValueSpecification","valueRequired":true,"valueName":"search_term_string"}}],"inLanguage":"vi"},{"@type":"Organization","@id":"https:\/\/new.nailknowledge.org\/#organization","name":"Ki\u1ebfn th\u1ee9c v\u1ec1 m\u00f3ng tay","url":"https:\/\/new.nailknowledge.org\/","logo":{"@type":"ImageObject","inLanguage":"vi","@id":"https:\/\/new.nailknowledge.org\/#\/schema\/logo\/image\/","url":"https:\/\/nailknowledge.org\/wp-content\/uploads\/2026\/03\/KN-Logo-1.webp","contentUrl":"https:\/\/nailknowledge.org\/wp-content\/uploads\/2026\/03\/KN-Logo-1.webp","width":542,"height":100,"caption":"NailKnowledge"},"image":{"@id":"https:\/\/new.nailknowledge.org\/#\/schema\/logo\/image\/"}}]}},"_links":{"self":[{"href":"https:\/\/nailknowledge.org\/vi\/wp-json\/wp\/v2\/pages\/42726","targetHints":{"allow":["GET"]}}],"collection":[{"href":"https:\/\/nailknowledge.org\/vi\/wp-json\/wp\/v2\/pages"}],"about":[{"href":"https:\/\/nailknowledge.org\/vi\/wp-json\/wp\/v2\/types\/page"}],"author":[{"embeddable":true,"href":"https:\/\/nailknowledge.org\/vi\/wp-json\/wp\/v2\/users\/2405"}],"replies":[{"embeddable":true,"href":"https:\/\/nailknowledge.org\/vi\/wp-json\/wp\/v2\/comments?post=42726"}],"version-history":[{"count":0,"href":"https:\/\/nailknowledge.org\/vi\/wp-json\/wp\/v2\/pages\/42726\/revisions"}],"wp:attachment":[{"href":"https:\/\/nailknowledge.org\/vi\/wp-json\/wp\/v2\/media?parent=42726"}],"curies":[{"name":"wp","href":"https:\/\/api.w.org\/{rel}","templated":true}]}}