{"id":46166,"date":"2022-05-06T12:15:55","date_gmt":"2022-05-06T12:15:55","guid":{"rendered":"https:\/\/nailknowledge.org\/?page_id=46166"},"modified":"2022-05-17T11:34:27","modified_gmt":"2022-05-17T11:34:27","slug":"nang-luong-uv-va-gel-uv","status":"publish","type":"page","link":"https:\/\/nailknowledge.org\/vi\/nailknowledge-badges\/uv-energy-and-uv-gels","title":{"rendered":"Huy hi\u1ec7u k\u1ef9 thu\u1eadt s\u1ed1 UV Energy v\u00e0 UV Gels"},"content":{"rendered":"<p><img loading=\"eager\" fetchpriority=\"high\" decoding=\"async\" width=\"512\" height=\"512\" src=\"https:\/\/nailknowledge.org\/wp-content\/uploads\/2022\/04\/NailKnowledge_badge_UV-Energy-Gels-512.png\" alt=\"\" \/>\t\t\t\t\t\t\t\t\t\t\t\t\t\t<\/p>\n<h1>Huy hi\u1ec7u k\u1ef9 thu\u1eadt s\u1ed1 UV Energy v\u00e0 UV Gels<\/h1>\n<h3>\u0110\u01b0\u1ee3c ph\u00e1t h\u00e0nh b\u1edfi NailKnowledge<\/h3>\n<p>Huy hi\u1ec7u k\u1ef9 thu\u1eadt s\u1ed1 n\u00e0y ch\u1ee9ng nh\u1eadn ng\u01b0\u1eddi s\u1edf h\u1eefu \u0111\u00e3 ho\u00e0n th\u00e0nh th\u00e0nh c\u00f4ng B\u00e0i h\u1ecdc n\u00e2ng cao v\u1ec1 UV Energy v\u00e0 UV Gels c\u1ee7a NailKnowledge, cho th\u1ea5y ng\u01b0\u1eddi nh\u1eadn \u0111\u00e3 \u0111\u1ea1t \u0111\u01b0\u1ee3c tr\u00ecnh \u0111\u1ed9 ph\u00f9 h\u1ee3p v\u1ec1 ki\u1ebfn th\u1ee9c chuy\u00ean m\u00f4n.<\/p>\n<h3>Ti\u00eau chu\u1ea9n \u0111\u1ed7:<\/h3>\n<ul>\n<li>Ho\u00e0n th\u00e0nh kh\u00f3a h\u1ecdc t\u1eeb xa k\u00e9o d\u00e0i m\u1ed9t gi\u1edd v\u1ec1 n\u0103ng l\u01b0\u1ee3ng tia c\u1ef1c t\u00edm, gel tia c\u1ef1c t\u00edm v\u00e0 d\u1ecb \u1ee9ng<\/li>\n<li>V\u01b0\u1ee3t qua hai \u0111i\u1ec3m ki\u1ebfn th\u1ee9c t\u01b0\u01a1ng t\u00e1c \u0111\u1ec3 ki\u1ec3m tra s\u1ef1 hi\u1ec3u bi\u1ebft v\u1ec1 ch\u1ee7 \u0111\u1ec1<\/li>\n<li>\u0110\u1ea1t \u0111i\u1ec3m 100 ph\u1ea7n tr\u0103m trong b\u00e0i ki\u1ec3m tra tr\u1eafc nghi\u1ec7m<\/li>\n<\/ul>\n<h3>C\u00e1c ch\u1ee7 \u0111\u1ec1 \u0111\u01b0\u1ee3c \u0111\u1ec1 c\u1eadp:<\/h3>\n<ul>\n<li>Qu\u00e1 tr\u00ecnh tr\u00f9ng h\u1ee3p<\/li>\n<li>Gel UV v\u00e0 \u0111\u00e8n UV<\/li>\n<li>B\u1ea3o d\u01b0\u1ee1ng kh\u00f4ng \u0111\u00fang c\u00e1ch \/ b\u1ea3o d\u01b0\u1ee1ng \u0111\u00fang c\u00e1ch<\/li>\n<li>D\u1ecb \u1ee9ng<\/li>\n<\/ul>\n<h3>V\u1ec1 kh\u00f3a h\u1ecdc:<\/h3>\n<p>B\u00e0i h\u1ecdc v\u1ec1 N\u0103ng l\u01b0\u1ee3ng UV v\u00e0 Gel UV c\u1ee7a NailKnowledge cung c\u1ea5p ki\u1ebfn th\u1ee9c khoa h\u1ecdc \u0111\u1eb1ng sau h\u1ec7 th\u1ed1ng l\u00e0m m\u00f3ng ph\u1ed5 bi\u1ebfn n\u00e0y v\u00e0 ch\u1ec9 ra c\u00e1ch gi\u1ea3m nguy c\u01a1 d\u1ecb \u1ee9ng. T\u00ecm hi\u1ec3u th\u00eam\u00a0<a href=\"https:\/\/nailknowledge.org\/vi\/san-pham\/nang-luong-uv-va-gel-uv\/\">\u0111\u00e2y<\/a><\/p>","protected":false},"excerpt":{"rendered":"<p>UV Energy and UV Gels Digital Badge Issued by NailKnowledge This digital badge certifies the holder\u2019s successful completion of NailKnowledge\u2019s UV Energy and UV Gels Advanced Lesson, indicating the recipient has attained a suitable level of subject competence. Pass Criteria: Complete a one-hour distance learning on UV energy, UV gels and allergies Pass two interactive [&hellip;]<\/p>\n","protected":false},"author":35,"featured_media":0,"parent":40569,"menu_order":0,"comment_status":"closed","ping_status":"closed","template":"","meta":{"_yoast_wpseo_focuskw":"","_yoast_wpseo_metadesc":"","_genesis_hide_title":false,"_genesis_hide_breadcrumbs":false,"_genesis_hide_singular_image":false,"_genesis_hide_footer_widgets":false,"_genesis_custom_body_class":"","_genesis_custom_post_class":"","_genesis_layout":"","footnotes":""},"class_list":{"0":"post-46166","1":"page","2":"type-page","3":"status-publish","5":"entry"},"yoast_head":"<!-- This site is optimized with the Yoast SEO plugin v27.4 - https:\/\/yoast.com\/product\/yoast-seo-wordpress\/ -->\n<title>UV Energy and UV Gels Digital Badge - NailKnowledge<\/title>\n<meta name=\"robots\" content=\"index, follow, max-snippet:-1, max-image-preview:large, max-video-preview:-1\" \/>\n<link rel=\"canonical\" href=\"https:\/\/nailknowledge.org\/vi\/huy-hieu-nailknowledge\/nang-luong-uv-va-gel-uv\/\" \/>\n<meta property=\"og:locale\" content=\"vi_VN\" \/>\n<meta property=\"og:type\" content=\"article\" \/>\n<meta property=\"og:title\" content=\"UV Energy and UV Gels Digital Badge - NailKnowledge\" \/>\n<meta property=\"og:description\" content=\"UV Energy and UV Gels Digital Badge Issued by NailKnowledge This digital badge certifies the holder\u2019s successful completion of NailKnowledge\u2019s UV Energy and UV Gels Advanced Lesson, indicating the recipient has attained a suitable level of subject competence. Pass Criteria: Complete a one-hour distance learning on UV energy, UV gels and allergies Pass two interactive [&hellip;]\" \/>\n<meta property=\"og:url\" content=\"https:\/\/nailknowledge.org\/vi\/huy-hieu-nailknowledge\/nang-luong-uv-va-gel-uv\/\" \/>\n<meta property=\"og:site_name\" content=\"NailKnowledge\" \/>\n<meta property=\"article:modified_time\" content=\"2022-05-17T11:34:27+00:00\" \/>\n<meta property=\"og:image\" content=\"https:\/\/nailknowledge.org\/wp-content\/uploads\/2023\/03\/image002.jpg\" \/>\n\t<meta property=\"og:image:width\" content=\"545\" \/>\n\t<meta property=\"og:image:height\" content=\"295\" \/>\n\t<meta property=\"og:image:type\" content=\"image\/jpeg\" \/>\n<meta name=\"twitter:card\" content=\"summary_large_image\" \/>\n<meta name=\"twitter:label1\" content=\"\u01af\u1edbc t\u00ednh th\u1eddi gian \u0111\u1ecdc\" \/>\n\t<meta name=\"twitter:data1\" content=\"1 ph\u00fat\" \/>\n<script type=\"application\/ld+json\" class=\"yoast-schema-graph\">{\"@context\":\"https:\\\/\\\/schema.org\",\"@graph\":[{\"@type\":\"WebPage\",\"@id\":\"https:\\\/\\\/nailknowledge.org\\\/nailknowledge-badges\\\/uv-energy-and-uv-gels\",\"url\":\"https:\\\/\\\/nailknowledge.org\\\/nailknowledge-badges\\\/uv-energy-and-uv-gels\",\"name\":\"UV Energy and UV Gels Digital Badge - NailKnowledge\",\"isPartOf\":{\"@id\":\"https:\\\/\\\/new.nailknowledge.org\\\/#website\"},\"primaryImageOfPage\":{\"@id\":\"https:\\\/\\\/nailknowledge.org\\\/nailknowledge-badges\\\/uv-energy-and-uv-gels#primaryimage\"},\"image\":{\"@id\":\"https:\\\/\\\/nailknowledge.org\\\/nailknowledge-badges\\\/uv-energy-and-uv-gels#primaryimage\"},\"thumbnailUrl\":\"https:\\\/\\\/nailknowledge.org\\\/wp-content\\\/uploads\\\/2022\\\/04\\\/NailKnowledge_badge_UV-Energy-Gels-512.png\",\"datePublished\":\"2022-05-06T12:15:55+00:00\",\"dateModified\":\"2022-05-17T11:34:27+00:00\",\"breadcrumb\":{\"@id\":\"https:\\\/\\\/nailknowledge.org\\\/nailknowledge-badges\\\/uv-energy-and-uv-gels#breadcrumb\"},\"inLanguage\":\"vi\",\"potentialAction\":[{\"@type\":\"ReadAction\",\"target\":[\"https:\\\/\\\/nailknowledge.org\\\/nailknowledge-badges\\\/uv-energy-and-uv-gels\"]}]},{\"@type\":\"ImageObject\",\"inLanguage\":\"vi\",\"@id\":\"https:\\\/\\\/nailknowledge.org\\\/nailknowledge-badges\\\/uv-energy-and-uv-gels#primaryimage\",\"url\":\"https:\\\/\\\/nailknowledge.org\\\/wp-content\\\/uploads\\\/2022\\\/04\\\/NailKnowledge_badge_UV-Energy-Gels-512.png\",\"contentUrl\":\"https:\\\/\\\/nailknowledge.org\\\/wp-content\\\/uploads\\\/2022\\\/04\\\/NailKnowledge_badge_UV-Energy-Gels-512.png\"},{\"@type\":\"BreadcrumbList\",\"@id\":\"https:\\\/\\\/nailknowledge.org\\\/nailknowledge-badges\\\/uv-energy-and-uv-gels#breadcrumb\",\"itemListElement\":[{\"@type\":\"ListItem\",\"position\":1,\"name\":\"Home\",\"item\":\"https:\\\/\\\/nailknowledge.org\\\/\"},{\"@type\":\"ListItem\",\"position\":2,\"name\":\"Badges\",\"item\":\"https:\\\/\\\/nailknowledge.org\\\/nailknowledge-badges\"},{\"@type\":\"ListItem\",\"position\":3,\"name\":\"UV Energy and UV Gels Digital Badge\"}]},{\"@type\":\"WebSite\",\"@id\":\"https:\\\/\\\/new.nailknowledge.org\\\/#website\",\"url\":\"https:\\\/\\\/new.nailknowledge.org\\\/\",\"name\":\"NailKnowledge\",\"description\":\"\",\"publisher\":{\"@id\":\"https:\\\/\\\/new.nailknowledge.org\\\/#organization\"},\"potentialAction\":[{\"@type\":\"SearchAction\",\"target\":{\"@type\":\"EntryPoint\",\"urlTemplate\":\"https:\\\/\\\/new.nailknowledge.org\\\/?s={search_term_string}\"},\"query-input\":{\"@type\":\"PropertyValueSpecification\",\"valueRequired\":true,\"valueName\":\"search_term_string\"}}],\"inLanguage\":\"vi\"},{\"@type\":\"Organization\",\"@id\":\"https:\\\/\\\/new.nailknowledge.org\\\/#organization\",\"name\":\"NailKnowledge\",\"url\":\"https:\\\/\\\/new.nailknowledge.org\\\/\",\"logo\":{\"@type\":\"ImageObject\",\"inLanguage\":\"vi\",\"@id\":\"https:\\\/\\\/new.nailknowledge.org\\\/#\\\/schema\\\/logo\\\/image\\\/\",\"url\":\"https:\\\/\\\/nailknowledge.org\\\/wp-content\\\/uploads\\\/2026\\\/03\\\/KN-Logo-1.webp\",\"contentUrl\":\"https:\\\/\\\/nailknowledge.org\\\/wp-content\\\/uploads\\\/2026\\\/03\\\/KN-Logo-1.webp\",\"width\":542,\"height\":100,\"caption\":\"NailKnowledge\"},\"image\":{\"@id\":\"https:\\\/\\\/new.nailknowledge.org\\\/#\\\/schema\\\/logo\\\/image\\\/\"}}]}<\/script>\n<!-- \/ Yoast SEO plugin. -->","yoast_head_json":{"title":"Huy hi\u1ec7u k\u1ef9 thu\u1eadt s\u1ed1 UV Energy v\u00e0 UV Gels - NailKnowledge","robots":{"index":"index","follow":"follow","max-snippet":"max-snippet:-1","max-image-preview":"max-image-preview:large","max-video-preview":"max-video-preview:-1"},"canonical":"https:\/\/nailknowledge.org\/vi\/huy-hieu-nailknowledge\/nang-luong-uv-va-gel-uv\/","og_locale":"vi_VN","og_type":"article","og_title":"UV Energy and UV Gels Digital Badge - NailKnowledge","og_description":"UV Energy and UV Gels Digital Badge Issued by NailKnowledge This digital badge certifies the holder\u2019s successful completion of NailKnowledge\u2019s UV Energy and UV Gels Advanced Lesson, indicating the recipient has attained a suitable level of subject competence. Pass Criteria: Complete a one-hour distance learning on UV energy, UV gels and allergies Pass two interactive [&hellip;]","og_url":"https:\/\/nailknowledge.org\/vi\/huy-hieu-nailknowledge\/nang-luong-uv-va-gel-uv\/","og_site_name":"NailKnowledge","article_modified_time":"2022-05-17T11:34:27+00:00","og_image":[{"width":545,"height":295,"url":"https:\/\/nailknowledge.org\/wp-content\/uploads\/2023\/03\/image002.jpg","type":"image\/jpeg"}],"twitter_card":"summary_large_image","twitter_misc":{"\u01af\u1edbc t\u00ednh th\u1eddi gian \u0111\u1ecdc":"1 ph\u00fat"},"schema":{"@context":"https:\/\/schema.org","@graph":[{"@type":"WebPage","@id":"https:\/\/nailknowledge.org\/nailknowledge-badges\/uv-energy-and-uv-gels","url":"https:\/\/nailknowledge.org\/nailknowledge-badges\/uv-energy-and-uv-gels","name":"Huy hi\u1ec7u k\u1ef9 thu\u1eadt s\u1ed1 UV Energy v\u00e0 UV Gels - NailKnowledge","isPartOf":{"@id":"https:\/\/new.nailknowledge.org\/#website"},"primaryImageOfPage":{"@id":"https:\/\/nailknowledge.org\/nailknowledge-badges\/uv-energy-and-uv-gels#primaryimage"},"image":{"@id":"https:\/\/nailknowledge.org\/nailknowledge-badges\/uv-energy-and-uv-gels#primaryimage"},"thumbnailUrl":"https:\/\/nailknowledge.org\/wp-content\/uploads\/2022\/04\/NailKnowledge_badge_UV-Energy-Gels-512.png","datePublished":"2022-05-06T12:15:55+00:00","dateModified":"2022-05-17T11:34:27+00:00","breadcrumb":{"@id":"https:\/\/nailknowledge.org\/nailknowledge-badges\/uv-energy-and-uv-gels#breadcrumb"},"inLanguage":"vi","potentialAction":[{"@type":"ReadAction","target":["https:\/\/nailknowledge.org\/nailknowledge-badges\/uv-energy-and-uv-gels"]}]},{"@type":"ImageObject","inLanguage":"vi","@id":"https:\/\/nailknowledge.org\/nailknowledge-badges\/uv-energy-and-uv-gels#primaryimage","url":"https:\/\/nailknowledge.org\/wp-content\/uploads\/2022\/04\/NailKnowledge_badge_UV-Energy-Gels-512.png","contentUrl":"https:\/\/nailknowledge.org\/wp-content\/uploads\/2022\/04\/NailKnowledge_badge_UV-Energy-Gels-512.png"},{"@type":"BreadcrumbList","@id":"https:\/\/nailknowledge.org\/nailknowledge-badges\/uv-energy-and-uv-gels#breadcrumb","itemListElement":[{"@type":"ListItem","position":1,"name":"Home","item":"https:\/\/nailknowledge.org\/"},{"@type":"ListItem","position":2,"name":"Badges","item":"https:\/\/nailknowledge.org\/nailknowledge-badges"},{"@type":"ListItem","position":3,"name":"UV Energy and UV Gels Digital Badge"}]},{"@type":"WebSite","@id":"https:\/\/new.nailknowledge.org\/#website","url":"https:\/\/new.nailknowledge.org\/","name":"Ki\u1ebfn th\u1ee9c v\u1ec1 m\u00f3ng tay","description":"","publisher":{"@id":"https:\/\/new.nailknowledge.org\/#organization"},"potentialAction":[{"@type":"SearchAction","target":{"@type":"EntryPoint","urlTemplate":"https:\/\/new.nailknowledge.org\/?s={search_term_string}"},"query-input":{"@type":"PropertyValueSpecification","valueRequired":true,"valueName":"search_term_string"}}],"inLanguage":"vi"},{"@type":"Organization","@id":"https:\/\/new.nailknowledge.org\/#organization","name":"Ki\u1ebfn th\u1ee9c v\u1ec1 m\u00f3ng tay","url":"https:\/\/new.nailknowledge.org\/","logo":{"@type":"ImageObject","inLanguage":"vi","@id":"https:\/\/new.nailknowledge.org\/#\/schema\/logo\/image\/","url":"https:\/\/nailknowledge.org\/wp-content\/uploads\/2026\/03\/KN-Logo-1.webp","contentUrl":"https:\/\/nailknowledge.org\/wp-content\/uploads\/2026\/03\/KN-Logo-1.webp","width":542,"height":100,"caption":"NailKnowledge"},"image":{"@id":"https:\/\/new.nailknowledge.org\/#\/schema\/logo\/image\/"}}]}},"_links":{"self":[{"href":"https:\/\/nailknowledge.org\/vi\/wp-json\/wp\/v2\/pages\/46166","targetHints":{"allow":["GET"]}}],"collection":[{"href":"https:\/\/nailknowledge.org\/vi\/wp-json\/wp\/v2\/pages"}],"about":[{"href":"https:\/\/nailknowledge.org\/vi\/wp-json\/wp\/v2\/types\/page"}],"author":[{"embeddable":true,"href":"https:\/\/nailknowledge.org\/vi\/wp-json\/wp\/v2\/users\/35"}],"replies":[{"embeddable":true,"href":"https:\/\/nailknowledge.org\/vi\/wp-json\/wp\/v2\/comments?post=46166"}],"version-history":[{"count":0,"href":"https:\/\/nailknowledge.org\/vi\/wp-json\/wp\/v2\/pages\/46166\/revisions"}],"up":[{"embeddable":true,"href":"https:\/\/nailknowledge.org\/vi\/wp-json\/wp\/v2\/pages\/40569"}],"wp:attachment":[{"href":"https:\/\/nailknowledge.org\/vi\/wp-json\/wp\/v2\/media?parent=46166"}],"curies":[{"name":"wp","href":"https:\/\/api.w.org\/{rel}","templated":true}]}}