{"id":52672,"date":"2022-12-22T09:40:59","date_gmt":"2022-12-22T09:40:59","guid":{"rendered":"https:\/\/nailknowledge.org\/?page_id=52672"},"modified":"2023-07-21T10:16:38","modified_gmt":"2023-07-21T10:16:38","slug":"nail-professional-diploma","status":"publish","type":"page","link":"https:\/\/nailknowledge.org\/vi\/professional-nail-courses\/nail-professional-diploma","title":{"rendered":"Nail Professional Diploma"},"content":{"rendered":"<div class=\"wp-block-columns is-layout-flex wp-container-core-columns-is-layout-9d6595d7 wp-block-columns-is-layout-flex\">\n<div class=\"wp-block-column is-layout-flow wp-block-column-is-layout-flow\" style=\"flex-basis:33.33%\">\n<figure class=\"wp-block-image size-full\"><img loading=\"eager\" fetchpriority=\"high\" decoding=\"async\" width=\"1024\" height=\"576\" src=\"https:\/\/nailknowledge.org\/wp-content\/uploads\/2021\/09\/Diploma.jpg\" alt=\"B\u1eb1ng c\u1ea5p v\u1ec1 NailKnowledge\" class=\"wp-image-40405\" srcset=\"https:\/\/nailknowledge.org\/wp-content\/uploads\/2021\/09\/Diploma.jpg 1024w, https:\/\/nailknowledge.org\/wp-content\/uploads\/2021\/09\/Diploma-600x338.jpg 600w, https:\/\/nailknowledge.org\/wp-content\/uploads\/2021\/09\/Diploma-300x169.jpg 300w, https:\/\/nailknowledge.org\/wp-content\/uploads\/2021\/09\/Diploma-768x432.jpg 768w, https:\/\/nailknowledge.org\/wp-content\/uploads\/2021\/09\/Diploma-18x10.jpg 18w\" sizes=\"auto, (max-width: 1024px) 100vw, 1024px\" \/><\/figure>\n\n\n\n<p><\/p>\n<\/div>\n\n\n\n<div class=\"wp-block-column is-vertically-aligned-center is-layout-flow wp-block-column-is-layout-flow\" style=\"flex-basis:66.66%\">\n<h2 class=\"wp-block-heading has-text-align-center kn-course-section-title\">Nail Professional Diploma<\/h2>\n\n\n\n<div class=\"wp-block-columns is-layout-flex wp-container-core-columns-is-layout-9d6595d7 wp-block-columns-is-layout-flex\">\n<div class=\"wp-block-column is-vertically-aligned-top is-layout-flow wp-block-column-is-layout-flow\">\n<p class=\"has-text-align-center mb-0 has-text-color has-large-font-size\" style=\"color:#e93f9a\"><strong>MI\u1ec4N PH\u00cd<\/strong><\/p>\n<\/div>\n\n\n\n<div class=\"wp-block-column is-vertically-aligned-center is-layout-flow wp-block-column-is-layout-flow\">\n<div class=\"wp-block-buttons alignfull is-horizontal is-content-justification-center is-layout-flex wp-container-core-buttons-is-layout-499968f5 wp-block-buttons-is-layout-flex\">\n<div class=\"wp-block-button\"><a class=\"wp-block-button__link wp-element-button\" href=\"https:\/\/learn.nailknowledge.org\/direct-customers\/?course=xb4VRe7m5g\">\u0110\u0103ng k\u00fd<\/a><\/div>\n<\/div>\n<\/div>\n<\/div>\n<\/div>\n<\/div>\n\n\n\n<p><strong><em>PLEASE NOTE:-&nbsp;You must have passed all three Nail Professional Masterclasses before you can attempt to take the Nail Professional Diploma.&nbsp; Simply login to enroll.<\/em><\/strong><\/p>\n\n\n\n<p>If you have completed the three associated Masterclasses, then I really hope you have enjoyed them, learned loads, and had plenty of those \u2018light bulb\u2019 moments.<\/p>\n\n\n\n<p>Now is the time to earn your Nail Professional Diploma. As with all worthwhile Diplomas, this proves your achievement. That is your knowledge of all the essential understanding of the theory behind your career as a nail professional.<\/p>\n\n\n\n<p>Good luck with the final exam and enjoy your Diploma that you can put in pride of place on your wall and, of course, add it to your CV.<\/p>\n\n\n\n<p>Remember you will have unlimited access to the Courses, plus there is a huge wealth of information in our Knowledge Base that will be growing all the time.<\/p>\n\n\n\n<p>Marian Newman BEM<\/p>\n\n\n\n<figure class=\"wp-block-embed aligncenter is-type-video is-provider-vimeo wp-block-embed-vimeo wp-embed-aspect-16-9 wp-has-aspect-ratio\"><div class=\"wp-block-embed__wrapper\">\n<iframe loading=\"lazy\" title=\"Gi\u1edbi thi\u1ec7u v\u1ec1 NailKnowledge\" src=\"https:\/\/player.vimeo.com\/video\/492205416?dnt=1&amp;app_id=122963\" width=\"500\" height=\"281\" frameborder=\"0\" allow=\"autoplay; fullscreen; picture-in-picture; clipboard-write\"><\/iframe>\n<\/div><\/figure>\n\n\n\n<h2 class=\"wp-block-heading has-text-align-center kn-course-section-title my-4\">N\u1ed9i dung kh\u00f3a h\u1ecdc<\/h2>\n\n\n\n<h2 class=\"wp-block-heading has-text-align-center mt-4 kn-course-section-title text-pink\"><strong><strong><strong>K\u1ef2 THI B\u1eb0NG T\u1ed0T NGHI\u1ec6P<\/strong><\/strong><\/strong><\/h2>\n\n\n\n<div class=\"wp-block-columns is-layout-flex wp-container-core-columns-is-layout-9d6595d7 wp-block-columns-is-layout-flex\">\n<div class=\"wp-block-column is-layout-flow wp-block-column-is-layout-flow\"><\/div>\n\n\n\n<div class=\"wp-block-column is-layout-flow wp-block-column-is-layout-flow\" style=\"flex-basis:50%\">\n<figure class=\"wp-block-image size-large\"><img loading=\"lazy\" decoding=\"async\" width=\"1725\" height=\"1078\" src=\"https:\/\/nailknowledge.org\/wp-content\/uploads\/2022\/12\/NAIL-KNOWLEDGE-INTRO-SQ-edited-1.jpg\" alt=\"\" class=\"wp-image-52496\" srcset=\"https:\/\/nailknowledge.org\/wp-content\/uploads\/2022\/12\/NAIL-KNOWLEDGE-INTRO-SQ-edited-1.jpg 1725w, https:\/\/nailknowledge.org\/wp-content\/uploads\/2022\/12\/NAIL-KNOWLEDGE-INTRO-SQ-edited-1-600x375.jpg 600w, https:\/\/nailknowledge.org\/wp-content\/uploads\/2022\/12\/NAIL-KNOWLEDGE-INTRO-SQ-edited-1-300x187.jpg 300w, https:\/\/nailknowledge.org\/wp-content\/uploads\/2022\/12\/NAIL-KNOWLEDGE-INTRO-SQ-edited-1-1024x640.jpg 1024w, https:\/\/nailknowledge.org\/wp-content\/uploads\/2022\/12\/NAIL-KNOWLEDGE-INTRO-SQ-edited-1-768x480.jpg 768w, https:\/\/nailknowledge.org\/wp-content\/uploads\/2022\/12\/NAIL-KNOWLEDGE-INTRO-SQ-edited-1-1536x960.jpg 1536w, https:\/\/nailknowledge.org\/wp-content\/uploads\/2022\/12\/NAIL-KNOWLEDGE-INTRO-SQ-edited-1-400x250.jpg 400w\" sizes=\"auto, (max-width: 1725px) 100vw, 1725px\" \/><\/figure>\n\n\n\n<h3 class=\"wp-block-heading mb-0 kn-course-title\">K\u1ef3 thi t\u1ed1t nghi\u1ec7p<\/h3>\n\n\n\n<p class=\"text-pink my-0\"><strong>1  <strong><strong><strong><strong><strong><strong><strong>Ki\u1ec3m tra ki\u1ebfn th\u1ee9c<\/strong><\/strong><\/strong><\/strong><\/strong><\/strong><\/strong> <\/strong><\/p>\n<\/div>\n\n\n\n<div class=\"wp-block-column is-layout-flow wp-block-column-is-layout-flow\"><\/div>\n<\/div>\n\n\n\n<div style=\"height:100px\" aria-hidden=\"true\" class=\"wp-block-spacer\"><\/div>\n\n\n\n<div class=\"wp-block-columns is-layout-flex wp-container-core-columns-is-layout-9d6595d7 wp-block-columns-is-layout-flex\">\n<div class=\"wp-block-column is-layout-flow wp-block-column-is-layout-flow\" style=\"flex-basis:33.33%\">\n<figure class=\"wp-block-image size-full\"><img loading=\"lazy\" decoding=\"async\" width=\"1024\" height=\"576\" src=\"https:\/\/nailknowledge.org\/wp-content\/uploads\/2021\/09\/Diploma.jpg\" alt=\"B\u1eb1ng c\u1ea5p v\u1ec1 NailKnowledge\" class=\"wp-image-40405\" srcset=\"https:\/\/nailknowledge.org\/wp-content\/uploads\/2021\/09\/Diploma.jpg 1024w, https:\/\/nailknowledge.org\/wp-content\/uploads\/2021\/09\/Diploma-600x338.jpg 600w, https:\/\/nailknowledge.org\/wp-content\/uploads\/2021\/09\/Diploma-300x169.jpg 300w, https:\/\/nailknowledge.org\/wp-content\/uploads\/2021\/09\/Diploma-768x432.jpg 768w, https:\/\/nailknowledge.org\/wp-content\/uploads\/2021\/09\/Diploma-18x10.jpg 18w\" sizes=\"auto, (max-width: 1024px) 100vw, 1024px\" \/><\/figure>\n\n\n\n<p><\/p>\n<\/div>\n\n\n\n<div class=\"wp-block-column is-vertically-aligned-center is-layout-flow wp-block-column-is-layout-flow\" style=\"flex-basis:66.66%\">\n<h2 class=\"wp-block-heading has-text-align-center kn-course-section-title\">Nail Professional Diploma<\/h2>\n\n\n\n<div class=\"wp-block-columns is-layout-flex wp-container-core-columns-is-layout-9d6595d7 wp-block-columns-is-layout-flex\">\n<div class=\"wp-block-column is-vertically-aligned-top is-layout-flow wp-block-column-is-layout-flow\">\n<p class=\"has-text-align-center mb-0 has-text-color has-large-font-size\" style=\"color:#e93f9a\"><strong>MI\u1ec4N PH\u00cd<\/strong><\/p>\n<\/div>\n\n\n\n<div class=\"wp-block-column is-vertically-aligned-center is-layout-flow wp-block-column-is-layout-flow\">\n<div class=\"wp-block-buttons alignfull is-horizontal is-content-justification-center is-layout-flex wp-container-core-buttons-is-layout-499968f5 wp-block-buttons-is-layout-flex\">\n<div class=\"wp-block-button\"><a class=\"wp-block-button__link wp-element-button\" href=\"https:\/\/learn.nailknowledge.org\/direct-customers\/?course=xb4VRe7m5g\">\u0110\u0103ng k\u00fd<\/a><\/div>\n<\/div>\n<\/div>\n<\/div>\n<\/div>\n<\/div>","protected":false},"excerpt":{"rendered":"<p>Nail Professional Diploma FREE PLEASE NOTE:-&nbsp;You must have passed all three Nail Professional Masterclasses before you can attempt to take the Nail Professional Diploma.&nbsp; Simply login to enroll. If you have completed the three associated Masterclasses, then I really hope you have enjoyed them, learned loads, and had plenty of those \u2018light bulb\u2019 moments. Now [&hellip;]<\/p>\n","protected":false},"author":35,"featured_media":0,"parent":39235,"menu_order":0,"comment_status":"closed","ping_status":"closed","template":"","meta":{"_yoast_wpseo_focuskw":"","_yoast_wpseo_metadesc":"","_genesis_hide_title":false,"_genesis_hide_breadcrumbs":false,"_genesis_hide_singular_image":false,"_genesis_hide_footer_widgets":false,"_genesis_custom_body_class":"","_genesis_custom_post_class":"","_genesis_layout":"","footnotes":""},"class_list":{"0":"post-52672","1":"page","2":"type-page","3":"status-publish","5":"entry"},"yoast_head":"<!-- This site is optimized with the Yoast SEO plugin v27.4 - https:\/\/yoast.com\/product\/yoast-seo-wordpress\/ -->\n<title>Nail Professional Diploma - NailKnowledge<\/title>\n<meta name=\"robots\" content=\"index, follow, max-snippet:-1, max-image-preview:large, max-video-preview:-1\" \/>\n<link rel=\"canonical\" href=\"https:\/\/nailknowledge.org\/vi\/khoa-hoc-lam-mong-chuyen-nghiep\/nail-professional-diploma\/\" \/>\n<meta property=\"og:locale\" content=\"vi_VN\" \/>\n<meta property=\"og:type\" content=\"article\" \/>\n<meta property=\"og:title\" content=\"Nail Professional Diploma - NailKnowledge\" \/>\n<meta property=\"og:description\" content=\"Nail Professional Diploma FREE PLEASE NOTE:-&nbsp;You must have passed all three Nail Professional Masterclasses before you can attempt to take the Nail Professional Diploma.&nbsp; Simply login to enroll. If you have completed the three associated Masterclasses, then I really hope you have enjoyed them, learned loads, and had plenty of those \u2018light bulb\u2019 moments. Now [&hellip;]\" \/>\n<meta property=\"og:url\" content=\"https:\/\/nailknowledge.org\/vi\/khoa-hoc-lam-mong-chuyen-nghiep\/nail-professional-diploma\/\" \/>\n<meta property=\"og:site_name\" content=\"NailKnowledge\" \/>\n<meta property=\"article:modified_time\" content=\"2023-07-21T10:16:38+00:00\" \/>\n<meta property=\"og:image\" content=\"https:\/\/nailknowledge.org\/wp-content\/uploads\/2023\/03\/image002.jpg\" \/>\n\t<meta property=\"og:image:width\" content=\"545\" \/>\n\t<meta property=\"og:image:height\" content=\"295\" \/>\n\t<meta property=\"og:image:type\" content=\"image\/jpeg\" \/>\n<meta name=\"twitter:card\" content=\"summary_large_image\" \/>\n<meta name=\"twitter:label1\" content=\"\u01af\u1edbc t\u00ednh th\u1eddi gian \u0111\u1ecdc\" \/>\n\t<meta name=\"twitter:data1\" content=\"2 ph\u00fat\" \/>\n<script type=\"application\/ld+json\" class=\"yoast-schema-graph\">{\"@context\":\"https:\\\/\\\/schema.org\",\"@graph\":[{\"@type\":\"WebPage\",\"@id\":\"https:\\\/\\\/nailknowledge.org\\\/professional-nail-courses\\\/nail-professional-diploma\",\"url\":\"https:\\\/\\\/nailknowledge.org\\\/professional-nail-courses\\\/nail-professional-diploma\",\"name\":\"Nail Professional Diploma - NailKnowledge\",\"isPartOf\":{\"@id\":\"https:\\\/\\\/new.nailknowledge.org\\\/#website\"},\"primaryImageOfPage\":{\"@id\":\"https:\\\/\\\/nailknowledge.org\\\/professional-nail-courses\\\/nail-professional-diploma#primaryimage\"},\"image\":{\"@id\":\"https:\\\/\\\/nailknowledge.org\\\/professional-nail-courses\\\/nail-professional-diploma#primaryimage\"},\"thumbnailUrl\":\"https:\\\/\\\/nailknowledge.org\\\/wp-content\\\/uploads\\\/2021\\\/09\\\/Diploma.jpg\",\"datePublished\":\"2022-12-22T09:40:59+00:00\",\"dateModified\":\"2023-07-21T10:16:38+00:00\",\"breadcrumb\":{\"@id\":\"https:\\\/\\\/nailknowledge.org\\\/professional-nail-courses\\\/nail-professional-diploma#breadcrumb\"},\"inLanguage\":\"vi\",\"potentialAction\":[{\"@type\":\"ReadAction\",\"target\":[\"https:\\\/\\\/nailknowledge.org\\\/professional-nail-courses\\\/nail-professional-diploma\"]}]},{\"@type\":\"ImageObject\",\"inLanguage\":\"vi\",\"@id\":\"https:\\\/\\\/nailknowledge.org\\\/professional-nail-courses\\\/nail-professional-diploma#primaryimage\",\"url\":\"https:\\\/\\\/nailknowledge.org\\\/wp-content\\\/uploads\\\/2021\\\/09\\\/Diploma.jpg\",\"contentUrl\":\"https:\\\/\\\/nailknowledge.org\\\/wp-content\\\/uploads\\\/2021\\\/09\\\/Diploma.jpg\"},{\"@type\":\"BreadcrumbList\",\"@id\":\"https:\\\/\\\/nailknowledge.org\\\/professional-nail-courses\\\/nail-professional-diploma#breadcrumb\",\"itemListElement\":[{\"@type\":\"ListItem\",\"position\":1,\"name\":\"Home\",\"item\":\"https:\\\/\\\/nailknowledge.org\\\/\"},{\"@type\":\"ListItem\",\"position\":2,\"name\":\"Professional Nail Courses\",\"item\":\"https:\\\/\\\/nailknowledge.org\\\/professional-nail-courses\"},{\"@type\":\"ListItem\",\"position\":3,\"name\":\"Nail Professional Diploma\"}]},{\"@type\":\"WebSite\",\"@id\":\"https:\\\/\\\/new.nailknowledge.org\\\/#website\",\"url\":\"https:\\\/\\\/new.nailknowledge.org\\\/\",\"name\":\"NailKnowledge\",\"description\":\"\",\"publisher\":{\"@id\":\"https:\\\/\\\/new.nailknowledge.org\\\/#organization\"},\"potentialAction\":[{\"@type\":\"SearchAction\",\"target\":{\"@type\":\"EntryPoint\",\"urlTemplate\":\"https:\\\/\\\/new.nailknowledge.org\\\/?s={search_term_string}\"},\"query-input\":{\"@type\":\"PropertyValueSpecification\",\"valueRequired\":true,\"valueName\":\"search_term_string\"}}],\"inLanguage\":\"vi\"},{\"@type\":\"Organization\",\"@id\":\"https:\\\/\\\/new.nailknowledge.org\\\/#organization\",\"name\":\"NailKnowledge\",\"url\":\"https:\\\/\\\/new.nailknowledge.org\\\/\",\"logo\":{\"@type\":\"ImageObject\",\"inLanguage\":\"vi\",\"@id\":\"https:\\\/\\\/new.nailknowledge.org\\\/#\\\/schema\\\/logo\\\/image\\\/\",\"url\":\"https:\\\/\\\/nailknowledge.org\\\/wp-content\\\/uploads\\\/2026\\\/03\\\/KN-Logo-1.webp\",\"contentUrl\":\"https:\\\/\\\/nailknowledge.org\\\/wp-content\\\/uploads\\\/2026\\\/03\\\/KN-Logo-1.webp\",\"width\":542,\"height\":100,\"caption\":\"NailKnowledge\"},\"image\":{\"@id\":\"https:\\\/\\\/new.nailknowledge.org\\\/#\\\/schema\\\/logo\\\/image\\\/\"}}]}<\/script>\n<!-- \/ Yoast SEO plugin. -->","yoast_head_json":{"title":"Nail Professional Diploma - NailKnowledge","robots":{"index":"index","follow":"follow","max-snippet":"max-snippet:-1","max-image-preview":"max-image-preview:large","max-video-preview":"max-video-preview:-1"},"canonical":"https:\/\/nailknowledge.org\/vi\/khoa-hoc-lam-mong-chuyen-nghiep\/nail-professional-diploma\/","og_locale":"vi_VN","og_type":"article","og_title":"Nail Professional Diploma - NailKnowledge","og_description":"Nail Professional Diploma FREE PLEASE NOTE:-&nbsp;You must have passed all three Nail Professional Masterclasses before you can attempt to take the Nail Professional Diploma.&nbsp; Simply login to enroll. If you have completed the three associated Masterclasses, then I really hope you have enjoyed them, learned loads, and had plenty of those \u2018light bulb\u2019 moments. Now [&hellip;]","og_url":"https:\/\/nailknowledge.org\/vi\/khoa-hoc-lam-mong-chuyen-nghiep\/nail-professional-diploma\/","og_site_name":"NailKnowledge","article_modified_time":"2023-07-21T10:16:38+00:00","og_image":[{"width":545,"height":295,"url":"https:\/\/nailknowledge.org\/wp-content\/uploads\/2023\/03\/image002.jpg","type":"image\/jpeg"}],"twitter_card":"summary_large_image","twitter_misc":{"\u01af\u1edbc t\u00ednh th\u1eddi gian \u0111\u1ecdc":"2 ph\u00fat"},"schema":{"@context":"https:\/\/schema.org","@graph":[{"@type":"WebPage","@id":"https:\/\/nailknowledge.org\/professional-nail-courses\/nail-professional-diploma","url":"https:\/\/nailknowledge.org\/professional-nail-courses\/nail-professional-diploma","name":"Nail Professional Diploma - NailKnowledge","isPartOf":{"@id":"https:\/\/new.nailknowledge.org\/#website"},"primaryImageOfPage":{"@id":"https:\/\/nailknowledge.org\/professional-nail-courses\/nail-professional-diploma#primaryimage"},"image":{"@id":"https:\/\/nailknowledge.org\/professional-nail-courses\/nail-professional-diploma#primaryimage"},"thumbnailUrl":"https:\/\/nailknowledge.org\/wp-content\/uploads\/2021\/09\/Diploma.jpg","datePublished":"2022-12-22T09:40:59+00:00","dateModified":"2023-07-21T10:16:38+00:00","breadcrumb":{"@id":"https:\/\/nailknowledge.org\/professional-nail-courses\/nail-professional-diploma#breadcrumb"},"inLanguage":"vi","potentialAction":[{"@type":"ReadAction","target":["https:\/\/nailknowledge.org\/professional-nail-courses\/nail-professional-diploma"]}]},{"@type":"ImageObject","inLanguage":"vi","@id":"https:\/\/nailknowledge.org\/professional-nail-courses\/nail-professional-diploma#primaryimage","url":"https:\/\/nailknowledge.org\/wp-content\/uploads\/2021\/09\/Diploma.jpg","contentUrl":"https:\/\/nailknowledge.org\/wp-content\/uploads\/2021\/09\/Diploma.jpg"},{"@type":"BreadcrumbList","@id":"https:\/\/nailknowledge.org\/professional-nail-courses\/nail-professional-diploma#breadcrumb","itemListElement":[{"@type":"ListItem","position":1,"name":"Home","item":"https:\/\/nailknowledge.org\/"},{"@type":"ListItem","position":2,"name":"Professional Nail Courses","item":"https:\/\/nailknowledge.org\/professional-nail-courses"},{"@type":"ListItem","position":3,"name":"Nail Professional Diploma"}]},{"@type":"WebSite","@id":"https:\/\/new.nailknowledge.org\/#website","url":"https:\/\/new.nailknowledge.org\/","name":"Ki\u1ebfn th\u1ee9c v\u1ec1 m\u00f3ng tay","description":"","publisher":{"@id":"https:\/\/new.nailknowledge.org\/#organization"},"potentialAction":[{"@type":"SearchAction","target":{"@type":"EntryPoint","urlTemplate":"https:\/\/new.nailknowledge.org\/?s={search_term_string}"},"query-input":{"@type":"PropertyValueSpecification","valueRequired":true,"valueName":"search_term_string"}}],"inLanguage":"vi"},{"@type":"Organization","@id":"https:\/\/new.nailknowledge.org\/#organization","name":"Ki\u1ebfn th\u1ee9c v\u1ec1 m\u00f3ng tay","url":"https:\/\/new.nailknowledge.org\/","logo":{"@type":"ImageObject","inLanguage":"vi","@id":"https:\/\/new.nailknowledge.org\/#\/schema\/logo\/image\/","url":"https:\/\/nailknowledge.org\/wp-content\/uploads\/2026\/03\/KN-Logo-1.webp","contentUrl":"https:\/\/nailknowledge.org\/wp-content\/uploads\/2026\/03\/KN-Logo-1.webp","width":542,"height":100,"caption":"NailKnowledge"},"image":{"@id":"https:\/\/new.nailknowledge.org\/#\/schema\/logo\/image\/"}}]}},"_links":{"self":[{"href":"https:\/\/nailknowledge.org\/vi\/wp-json\/wp\/v2\/pages\/52672","targetHints":{"allow":["GET"]}}],"collection":[{"href":"https:\/\/nailknowledge.org\/vi\/wp-json\/wp\/v2\/pages"}],"about":[{"href":"https:\/\/nailknowledge.org\/vi\/wp-json\/wp\/v2\/types\/page"}],"author":[{"embeddable":true,"href":"https:\/\/nailknowledge.org\/vi\/wp-json\/wp\/v2\/users\/35"}],"replies":[{"embeddable":true,"href":"https:\/\/nailknowledge.org\/vi\/wp-json\/wp\/v2\/comments?post=52672"}],"version-history":[{"count":0,"href":"https:\/\/nailknowledge.org\/vi\/wp-json\/wp\/v2\/pages\/52672\/revisions"}],"up":[{"embeddable":true,"href":"https:\/\/nailknowledge.org\/vi\/wp-json\/wp\/v2\/pages\/39235"}],"wp:attachment":[{"href":"https:\/\/nailknowledge.org\/vi\/wp-json\/wp\/v2\/media?parent=52672"}],"curies":[{"name":"wp","href":"https:\/\/api.w.org\/{rel}","templated":true}]}}