{"id":62041,"date":"2023-03-30T12:53:48","date_gmt":"2023-03-30T12:53:48","guid":{"rendered":"https:\/\/nailknowledge.org\/?page_id=62041"},"modified":"2024-03-04T16:45:27","modified_gmt":"2024-03-04T16:45:27","slug":"subsciption-for-individuals","status":"publish","type":"page","link":"https:\/\/nailknowledge.org\/vi\/subsciption-for-individuals","title":{"rendered":"Subscription for individuals"},"content":{"rendered":"<div class=\"wp-block-group mx-auto container-max-width-1200 py-2\"><div class=\"wp-block-group__inner-container is-layout-constrained wp-block-group-is-layout-constrained\">\n<h2 class=\"wp-block-heading has-text-align-center\">Elevate Your Skills and Stay Ahead of the Curve <\/h2>\n\n\n<div class=\"wp-block-image\">\n<figure class=\"aligncenter size-full\"><a href=\"https:\/\/learn.nailknowledge.org\/subscriptions\/oRZV31qzPN\"><img loading=\"eager\" fetchpriority=\"high\" decoding=\"async\" width=\"1024\" height=\"546\" src=\"https:\/\/nailknowledge.org\/wp-content\/uploads\/2024\/03\/Subscribe-Now-Subscription-2.jpg\" alt=\"\" class=\"wp-image-113080\" srcset=\"https:\/\/nailknowledge.org\/wp-content\/uploads\/2024\/03\/Subscribe-Now-Subscription-2.jpg 1024w, https:\/\/nailknowledge.org\/wp-content\/uploads\/2024\/03\/Subscribe-Now-Subscription-2-600x320.jpg 600w, https:\/\/nailknowledge.org\/wp-content\/uploads\/2024\/03\/Subscribe-Now-Subscription-2-300x160.jpg 300w, https:\/\/nailknowledge.org\/wp-content\/uploads\/2024\/03\/Subscribe-Now-Subscription-2-768x410.jpg 768w, https:\/\/nailknowledge.org\/wp-content\/uploads\/2024\/03\/Subscribe-Now-Subscription-2-18x10.jpg 18w, https:\/\/nailknowledge.org\/wp-content\/uploads\/2024\/03\/Subscribe-Now-Subscription-2-50x27.jpg 50w, https:\/\/nailknowledge.org\/wp-content\/uploads\/2024\/03\/Subscribe-Now-Subscription-2-200x107.jpg 200w, https:\/\/nailknowledge.org\/wp-content\/uploads\/2024\/03\/Subscribe-Now-Subscription-2-100x53.jpg 100w\" sizes=\"auto, (max-width: 1024px) 100vw, 1024px\" \/><\/a><\/figure>\n<\/div>\n\n\n<h4 class=\"wp-block-heading\">Lu\u00f4n c\u1eadp nh\u1eadt xu h\u01b0\u1edbng c\u1ee7a ng\u00e0nh v\u1edbi g\u00f3i \u0111\u0103ng k\u00fd 1 n\u0103m<\/h4>\n\n\n\n<p>You&#8217;ll gain instant access to all NailKnowledge <a href=\"https:\/\/nailknowledge.org\/vi\/cua-hang\/\">S\u00e1ch \u0111i\u1ec7n t\u1eed <\/a>and courses, including the <a href=\"https:\/\/nailknowledge.org\/vi\/khoa-hoc-lam-mong-chuyen-nghiep\/bang-cap-chuyen-nghiep-ve-mong-tay-can-thiet\/\">Essential Nail Diploma<\/a>, <a href=\"https:\/\/nailknowledge.org\/vi\/khoa-hoc-lam-mong-chuyen-nghiep\/nang-luong-uv-va-gel-uv\/\">N\u0103ng l\u01b0\u1ee3ng UV &amp; Gel UV<\/a> V\u00e0 <a href=\"https:\/\/nailknowledge.org\/vi\/khoa-hoc-lam-mong-chuyen-nghiep\/allergies-and-how-they-happen\/\">Allergies and how they Happen.<\/a><\/p>\n\n\n\n<p>This comprehensive and expert-endorsed training ensures that you&#8217;re always well-informed and prepared to excel in your nail care endeavors.<\/p>\n\n\n\n<h2 class=\"wp-block-heading has-text-align-center\">S\u00e1ch \u0111i\u1ec7n t\u1eed NailKnowledge<\/h2>\n\n\n\n<p>T\u1ea5t c\u1ea3 nh\u1eefng \u0111i\u1ec1u n\u00e0y <a href=\"https:\/\/nailknowledge.org\/vi\/cua-hang\/\">S\u00e1ch \u0111i\u1ec7n t\u1eed<\/a>, bao g\u1ed3m c\u1ea3 lo\u1ea1t truy\u1ec7n Face-to-Face b\u00e1n ch\u1ea1y nh\u1ea5t c\u1ee7a t\u00e1c gi\u1ea3 Doug Schoon, \u0111\u1ec1u c\u00f3 trong g\u00f3i \u0111\u0103ng k\u00fd c\u1ee7a b\u1ea1n.<\/p>\n\n\n\n<figure class=\"wp-block-image size-large\"><a href=\"https:\/\/nailknowledge.org\/vi\/cua-hang\/\"><img loading=\"lazy\" decoding=\"async\" width=\"1024\" height=\"546\" src=\"https:\/\/nailknowledge.org\/wp-content\/uploads\/2023\/11\/Face-to-Face-UK-1-1024x546.jpg\" alt=\"S\u00e1ch \u0111i\u1ec7n t\u1eed Nailknowledge\" class=\"wp-image-92676\" srcset=\"https:\/\/nailknowledge.org\/wp-content\/uploads\/2023\/11\/Face-to-Face-UK-1-1024x546.jpg 1024w, https:\/\/nailknowledge.org\/wp-content\/uploads\/2023\/11\/Face-to-Face-UK-1-600x320.jpg 600w, https:\/\/nailknowledge.org\/wp-content\/uploads\/2023\/11\/Face-to-Face-UK-1-300x160.jpg 300w, https:\/\/nailknowledge.org\/wp-content\/uploads\/2023\/11\/Face-to-Face-UK-1-768x409.jpg 768w, https:\/\/nailknowledge.org\/wp-content\/uploads\/2023\/11\/Face-to-Face-UK-1-18x10.jpg 18w, https:\/\/nailknowledge.org\/wp-content\/uploads\/2023\/11\/Face-to-Face-UK-1.jpg 1280w\" sizes=\"auto, (max-width: 1024px) 100vw, 1024px\" \/><\/a><\/figure>\n\n\n\n<h4 class=\"wp-block-heading\">NailKnowledge Essential Nail Diploma: More Than Just a Certificate<\/h4>\n\n\n\n<p>You might already have your qualifications, but the nail industry is ever-evolving. The <strong>B\u1eb1ng c\u1ea5p v\u1ec1 NailKnowledge Essential Nail<\/strong> goes beyond the basics, offering you advanced theoretical training in Nail Anatomy, Product Chemistry, and Health &amp; Safety. Stay updated on the latest trends and techniques, becoming an invaluable asset in the nail care industry.<\/p>\n\n\n\n<h4 class=\"wp-block-heading\">Overcome the Plateau and Reach New Heights<\/h4>\n\n\n\n<p>Even qualified nail technicians can benefit from continuous learning. The courses provided by NailKnowledge are designed to help you enhance your existing skills, master new techniques, and provide a superior experience for your clients. Never stop growing, and watch as your career flourishes.<\/p>\n\n\n\n<h4 class=\"wp-block-heading\">Real Nail Technicians, Real Success<\/h4>\n\n\n\n<p>Don&#8217;t just take our word for it. Here&#8217;s what other nail technicians have to say about the NailKnowledge program:<\/p>\n\n\n\n<p>&#8220;I thought I knew it all, but NailKnowledge opened my eyes to new techniques and trends. My clients have noticed the improvement, and my appointment book is always full!&#8221; &#8211; <em>Sue Mcglashan, Nail Technician<\/em><\/p>\n\n\n\n<p>&#8220;NailKnowledge has been a game-changer for my career. I&#8217;m more confident and knowledgeable, and salons are eager to have me on their team.&#8221; &#8211; Emily Geer<em>, Nail Technician<\/em> v\u00e0 Nh\u00e0 gi\u00e1o d\u1ee5c<\/p>\n\n\n\n<h4 class=\"wp-block-heading\">Don&#8217;t Miss Out<\/h4>\n\n\n\n<p>Seize this opportunity to enhance your nail expertise, whether you&#8217;re a professional, student, or enthusiast, and provide the exceptional experience nails deserve.<\/p>\n\n\n\n<div class=\"wp-block-buttons is-layout-flex wp-block-buttons-is-layout-flex\">\n<div class=\"wp-block-button has-custom-width wp-block-button__width-100 has-custom-font-size\" style=\"font-size:24px\"><a class=\"wp-block-button__link has-background wp-element-button\" href=\"https:\/\/learn.nailknowledge.org\/subscriptions\/oRZV31qzPN\" style=\"border-radius:10px;background:linear-gradient(320deg,rgb(0,212,91) 0%,rgb(35,164,85) 100%)\"><strong>Subscribe Now and Get Instant Access<\/strong><\/a><\/div>\n<\/div>\n\n\n\n<p>Take advantage of this opportunity to invest in your nail care journey and elevate your skills, meeting the exceptional standards nails deserve.<\/p>\n\n\n\n<p><\/p>\n<\/div><\/div>","protected":false},"excerpt":{"rendered":"<p>Elevate Your Skills and Stay Ahead of the Curve Stay on Top of Industry Trends with a 1-Year Subscription You&#8217;ll gain instant access to all NailKnowledge eBooks and courses, including the Essential Nail Diploma, UV Energy &amp; UV Gels and Allergies and how they Happen. This comprehensive and expert-endorsed training ensures that you&#8217;re always well-informed [&hellip;]<\/p>\n","protected":false},"author":2,"featured_media":0,"parent":0,"menu_order":0,"comment_status":"closed","ping_status":"closed","template":"","meta":{"_yoast_wpseo_focuskw":"","_yoast_wpseo_metadesc":"","_genesis_hide_title":false,"_genesis_hide_breadcrumbs":false,"_genesis_hide_singular_image":false,"_genesis_hide_footer_widgets":false,"_genesis_custom_body_class":"","_genesis_custom_post_class":"","_genesis_layout":"","footnotes":""},"class_list":{"0":"post-62041","1":"page","2":"type-page","3":"status-publish","5":"entry"},"yoast_head":"<!-- This site is optimized with the Yoast SEO plugin v27.4 - https:\/\/yoast.com\/product\/yoast-seo-wordpress\/ -->\n<title>Subscription for individuals - NailKnowledge<\/title>\n<meta name=\"robots\" content=\"index, follow, max-snippet:-1, max-image-preview:large, max-video-preview:-1\" \/>\n<link rel=\"canonical\" href=\"https:\/\/nailknowledge.org\/vi\/subsciption-for-individuals\/\" \/>\n<meta property=\"og:locale\" content=\"vi_VN\" \/>\n<meta property=\"og:type\" content=\"article\" \/>\n<meta property=\"og:title\" content=\"Subscription for individuals - NailKnowledge\" \/>\n<meta property=\"og:description\" content=\"Elevate Your Skills and Stay Ahead of the Curve Stay on Top of Industry Trends with a 1-Year Subscription You&#8217;ll gain instant access to all NailKnowledge eBooks and courses, including the Essential Nail Diploma, UV Energy &amp; UV Gels and Allergies and how they Happen. This comprehensive and expert-endorsed training ensures that you&#8217;re always well-informed [&hellip;]\" \/>\n<meta property=\"og:url\" content=\"https:\/\/nailknowledge.org\/vi\/subsciption-for-individuals\/\" \/>\n<meta property=\"og:site_name\" content=\"NailKnowledge\" \/>\n<meta property=\"article:modified_time\" content=\"2024-03-04T16:45:27+00:00\" \/>\n<meta property=\"og:image\" content=\"https:\/\/nailknowledge.org\/wp-content\/uploads\/2024\/03\/Subscribe-Now-Subscription-2.jpg\" \/>\n<meta name=\"twitter:card\" content=\"summary_large_image\" \/>\n<meta name=\"twitter:label1\" content=\"\u01af\u1edbc t\u00ednh th\u1eddi gian \u0111\u1ecdc\" \/>\n\t<meta name=\"twitter:data1\" content=\"2 ph\u00fat\" \/>\n<script type=\"application\/ld+json\" class=\"yoast-schema-graph\">{\"@context\":\"https:\\\/\\\/schema.org\",\"@graph\":[{\"@type\":\"WebPage\",\"@id\":\"https:\\\/\\\/nailknowledge.org\\\/subsciption-for-individuals\",\"url\":\"https:\\\/\\\/nailknowledge.org\\\/subsciption-for-individuals\",\"name\":\"Subscription for individuals - NailKnowledge\",\"isPartOf\":{\"@id\":\"https:\\\/\\\/new.nailknowledge.org\\\/#website\"},\"primaryImageOfPage\":{\"@id\":\"https:\\\/\\\/nailknowledge.org\\\/subsciption-for-individuals#primaryimage\"},\"image\":{\"@id\":\"https:\\\/\\\/nailknowledge.org\\\/subsciption-for-individuals#primaryimage\"},\"thumbnailUrl\":\"https:\\\/\\\/nailknowledge.org\\\/wp-content\\\/uploads\\\/2024\\\/03\\\/Subscribe-Now-Subscription-2.jpg\",\"datePublished\":\"2023-03-30T12:53:48+00:00\",\"dateModified\":\"2024-03-04T16:45:27+00:00\",\"breadcrumb\":{\"@id\":\"https:\\\/\\\/nailknowledge.org\\\/subsciption-for-individuals#breadcrumb\"},\"inLanguage\":\"vi\",\"potentialAction\":[{\"@type\":\"ReadAction\",\"target\":[\"https:\\\/\\\/nailknowledge.org\\\/subsciption-for-individuals\"]}]},{\"@type\":\"ImageObject\",\"inLanguage\":\"vi\",\"@id\":\"https:\\\/\\\/nailknowledge.org\\\/subsciption-for-individuals#primaryimage\",\"url\":\"https:\\\/\\\/nailknowledge.org\\\/wp-content\\\/uploads\\\/2024\\\/03\\\/Subscribe-Now-Subscription-2.jpg\",\"contentUrl\":\"https:\\\/\\\/nailknowledge.org\\\/wp-content\\\/uploads\\\/2024\\\/03\\\/Subscribe-Now-Subscription-2.jpg\"},{\"@type\":\"BreadcrumbList\",\"@id\":\"https:\\\/\\\/nailknowledge.org\\\/subsciption-for-individuals#breadcrumb\",\"itemListElement\":[{\"@type\":\"ListItem\",\"position\":1,\"name\":\"Home\",\"item\":\"https:\\\/\\\/nailknowledge.org\\\/\"},{\"@type\":\"ListItem\",\"position\":2,\"name\":\"Subscription for individuals\"}]},{\"@type\":\"WebSite\",\"@id\":\"https:\\\/\\\/new.nailknowledge.org\\\/#website\",\"url\":\"https:\\\/\\\/new.nailknowledge.org\\\/\",\"name\":\"NailKnowledge\",\"description\":\"\",\"publisher\":{\"@id\":\"https:\\\/\\\/new.nailknowledge.org\\\/#organization\"},\"potentialAction\":[{\"@type\":\"SearchAction\",\"target\":{\"@type\":\"EntryPoint\",\"urlTemplate\":\"https:\\\/\\\/new.nailknowledge.org\\\/?s={search_term_string}\"},\"query-input\":{\"@type\":\"PropertyValueSpecification\",\"valueRequired\":true,\"valueName\":\"search_term_string\"}}],\"inLanguage\":\"vi\"},{\"@type\":\"Organization\",\"@id\":\"https:\\\/\\\/new.nailknowledge.org\\\/#organization\",\"name\":\"NailKnowledge\",\"url\":\"https:\\\/\\\/new.nailknowledge.org\\\/\",\"logo\":{\"@type\":\"ImageObject\",\"inLanguage\":\"vi\",\"@id\":\"https:\\\/\\\/new.nailknowledge.org\\\/#\\\/schema\\\/logo\\\/image\\\/\",\"url\":\"https:\\\/\\\/nailknowledge.org\\\/wp-content\\\/uploads\\\/2026\\\/03\\\/KN-Logo-1.webp\",\"contentUrl\":\"https:\\\/\\\/nailknowledge.org\\\/wp-content\\\/uploads\\\/2026\\\/03\\\/KN-Logo-1.webp\",\"width\":542,\"height\":100,\"caption\":\"NailKnowledge\"},\"image\":{\"@id\":\"https:\\\/\\\/new.nailknowledge.org\\\/#\\\/schema\\\/logo\\\/image\\\/\"}}]}<\/script>\n<!-- \/ Yoast SEO plugin. -->","yoast_head_json":{"title":"Subscription for individuals - NailKnowledge","robots":{"index":"index","follow":"follow","max-snippet":"max-snippet:-1","max-image-preview":"max-image-preview:large","max-video-preview":"max-video-preview:-1"},"canonical":"https:\/\/nailknowledge.org\/vi\/subsciption-for-individuals\/","og_locale":"vi_VN","og_type":"article","og_title":"Subscription for individuals - NailKnowledge","og_description":"Elevate Your Skills and Stay Ahead of the Curve Stay on Top of Industry Trends with a 1-Year Subscription You&#8217;ll gain instant access to all NailKnowledge eBooks and courses, including the Essential Nail Diploma, UV Energy &amp; UV Gels and Allergies and how they Happen. This comprehensive and expert-endorsed training ensures that you&#8217;re always well-informed [&hellip;]","og_url":"https:\/\/nailknowledge.org\/vi\/subsciption-for-individuals\/","og_site_name":"NailKnowledge","article_modified_time":"2024-03-04T16:45:27+00:00","og_image":[{"url":"https:\/\/nailknowledge.org\/wp-content\/uploads\/2024\/03\/Subscribe-Now-Subscription-2.jpg","type":"","width":"","height":""}],"twitter_card":"summary_large_image","twitter_misc":{"\u01af\u1edbc t\u00ednh th\u1eddi gian \u0111\u1ecdc":"2 ph\u00fat"},"schema":{"@context":"https:\/\/schema.org","@graph":[{"@type":"WebPage","@id":"https:\/\/nailknowledge.org\/subsciption-for-individuals","url":"https:\/\/nailknowledge.org\/subsciption-for-individuals","name":"Subscription for individuals - NailKnowledge","isPartOf":{"@id":"https:\/\/new.nailknowledge.org\/#website"},"primaryImageOfPage":{"@id":"https:\/\/nailknowledge.org\/subsciption-for-individuals#primaryimage"},"image":{"@id":"https:\/\/nailknowledge.org\/subsciption-for-individuals#primaryimage"},"thumbnailUrl":"https:\/\/nailknowledge.org\/wp-content\/uploads\/2024\/03\/Subscribe-Now-Subscription-2.jpg","datePublished":"2023-03-30T12:53:48+00:00","dateModified":"2024-03-04T16:45:27+00:00","breadcrumb":{"@id":"https:\/\/nailknowledge.org\/subsciption-for-individuals#breadcrumb"},"inLanguage":"vi","potentialAction":[{"@type":"ReadAction","target":["https:\/\/nailknowledge.org\/subsciption-for-individuals"]}]},{"@type":"ImageObject","inLanguage":"vi","@id":"https:\/\/nailknowledge.org\/subsciption-for-individuals#primaryimage","url":"https:\/\/nailknowledge.org\/wp-content\/uploads\/2024\/03\/Subscribe-Now-Subscription-2.jpg","contentUrl":"https:\/\/nailknowledge.org\/wp-content\/uploads\/2024\/03\/Subscribe-Now-Subscription-2.jpg"},{"@type":"BreadcrumbList","@id":"https:\/\/nailknowledge.org\/subsciption-for-individuals#breadcrumb","itemListElement":[{"@type":"ListItem","position":1,"name":"Home","item":"https:\/\/nailknowledge.org\/"},{"@type":"ListItem","position":2,"name":"Subscription for individuals"}]},{"@type":"WebSite","@id":"https:\/\/new.nailknowledge.org\/#website","url":"https:\/\/new.nailknowledge.org\/","name":"Ki\u1ebfn th\u1ee9c v\u1ec1 m\u00f3ng tay","description":"","publisher":{"@id":"https:\/\/new.nailknowledge.org\/#organization"},"potentialAction":[{"@type":"SearchAction","target":{"@type":"EntryPoint","urlTemplate":"https:\/\/new.nailknowledge.org\/?s={search_term_string}"},"query-input":{"@type":"PropertyValueSpecification","valueRequired":true,"valueName":"search_term_string"}}],"inLanguage":"vi"},{"@type":"Organization","@id":"https:\/\/new.nailknowledge.org\/#organization","name":"Ki\u1ebfn th\u1ee9c v\u1ec1 m\u00f3ng tay","url":"https:\/\/new.nailknowledge.org\/","logo":{"@type":"ImageObject","inLanguage":"vi","@id":"https:\/\/new.nailknowledge.org\/#\/schema\/logo\/image\/","url":"https:\/\/nailknowledge.org\/wp-content\/uploads\/2026\/03\/KN-Logo-1.webp","contentUrl":"https:\/\/nailknowledge.org\/wp-content\/uploads\/2026\/03\/KN-Logo-1.webp","width":542,"height":100,"caption":"NailKnowledge"},"image":{"@id":"https:\/\/new.nailknowledge.org\/#\/schema\/logo\/image\/"}}]}},"_links":{"self":[{"href":"https:\/\/nailknowledge.org\/vi\/wp-json\/wp\/v2\/pages\/62041","targetHints":{"allow":["GET"]}}],"collection":[{"href":"https:\/\/nailknowledge.org\/vi\/wp-json\/wp\/v2\/pages"}],"about":[{"href":"https:\/\/nailknowledge.org\/vi\/wp-json\/wp\/v2\/types\/page"}],"author":[{"embeddable":true,"href":"https:\/\/nailknowledge.org\/vi\/wp-json\/wp\/v2\/users\/2"}],"replies":[{"embeddable":true,"href":"https:\/\/nailknowledge.org\/vi\/wp-json\/wp\/v2\/comments?post=62041"}],"version-history":[{"count":0,"href":"https:\/\/nailknowledge.org\/vi\/wp-json\/wp\/v2\/pages\/62041\/revisions"}],"wp:attachment":[{"href":"https:\/\/nailknowledge.org\/vi\/wp-json\/wp\/v2\/media?parent=62041"}],"curies":[{"name":"wp","href":"https:\/\/api.w.org\/{rel}","templated":true}]}}