{"id":66630,"date":"2023-05-09T08:57:44","date_gmt":"2023-05-09T08:57:44","guid":{"rendered":"https:\/\/nailknowledge.org\/?page_id=66630"},"modified":"2026-03-11T14:26:37","modified_gmt":"2026-03-11T14:26:37","slug":"ban-tin","status":"publish","type":"page","link":"https:\/\/nailknowledge.org\/vi\/newsletter","title":{"rendered":"B\u1ea3n tin h\u00e0ng tu\u1ea7n c\u1ee7a NailKnowledge"},"content":{"rendered":"<div class=\"wp-block-group alignfull has-muted-petal-background-color has-background\" style=\"padding-top:var(--wp--preset--spacing--80);padding-bottom:var(--wp--preset--spacing--80)\"><div class=\"wp-block-group__inner-container is-layout-constrained wp-block-group-is-layout-constrained\">\n<div class=\"wp-block-group container-max-width-1200 mx-auto\"><div class=\"wp-block-group__inner-container is-layout-constrained wp-block-group-is-layout-constrained\">\n<h1 class=\"wp-block-heading has-text-align-center\">B\u1ea3n tin h\u00e0ng tu\u1ea7n c\u1ee7a NailKnowledge<\/h1>\n\n\n\n<h3 class=\"wp-block-heading has-text-align-center\">\u0110\u0103ng k\u00fd \u0111\u1ec3&nbsp;<em>\u201cTu\u1ea7n b\u00e1o ki\u1ebfn th\u1ee9c\u201d<\/em>&nbsp;\u0111\u1ec3 bi\u1ebft th\u00f4ng tin chuy\u00ean s\u00e2u m\u1edbi nh\u1ea5t t\u1eeb c\u00e1c chuy\u00ean gia trong ng\u00e0nh, tin t\u1ee9c, \u01b0u \u0111\u00e3i \u0111\u1eb7c bi\u1ec7t v\u00e0 th\u00f4ng b\u00e1o c\u1ee7a ch\u00fang t\u00f4i. Lu\u00f4n c\u1eadp nh\u1eadt v\u00e0 \u0111i \u0111\u1ea7u.<\/h3>\n<\/div><\/div>\n<\/div><\/div>\n\n\n\n<div style=\"height:40px\" aria-hidden=\"true\" class=\"wp-block-spacer\"><\/div>\n\n\n\n<h3 class=\"wp-block-heading has-text-align-center\" id=\"hs_cos_wrapper_widget_1643475805922_title\">\u0110\u0103ng k\u00fd nh\u1eadn B\u1ea3n tin \u201cKnowledge Weekly\u201d NGAY!<\/h3>\n\n\n\n<iframe\n    src=\"https:\/\/api.leadconnectorhq.com\/widget\/form\/ulDOWF5V7pNv26d4KIko\"\n    style=\"width:100%;height:100%;border:none;border-radius:3px\"\n    id=\"inline-ulDOWF5V7pNv26d4KIko\" \n    data-layout=\"{'id':'INLINE'}\"\n    data-trigger-type=\"alwaysShow\"\n    data-trigger-value=\"\"\n    data-activation-type=\"alwaysActivated\"\n    data-activation-value=\"\"\n    data-deactivation-type=\"neverDeactivate\"\n    data-deactivation-value=\"\"\n    data-form-name=\"Newsletter Page\"\n    data-height=\"466\"\n    data-layout-iframe-id=\"inline-ulDOWF5V7pNv26d4KIko\"\n    data-form-id=\"ulDOWF5V7pNv26d4KIko\"\n    title=\"Newsletter Page\"\n        >\n<\/iframe>\n<script src=\"https:\/\/link.msgsndr.com\/js\/form_embed.js\"><\/script>\n\n\n\n<p><\/p>","protected":false},"excerpt":{"rendered":"<p>NailKnowledge Weekly Newsletter Subscribe to&nbsp;&#8220;Knowledge Weekly&#8221;&nbsp;for the latest insights from our industry experts, news, special offers and notifications. Stay in the know and stay ahead. Subscribe for the &#8220;Knowledge Weekly&#8221; Newsletter NOW!<\/p>","protected":false},"author":2,"featured_media":66631,"parent":0,"menu_order":0,"comment_status":"closed","ping_status":"closed","template":"","meta":{"_genesis_hide_title":false,"_genesis_hide_breadcrumbs":false,"_genesis_hide_singular_image":false,"_genesis_hide_footer_widgets":false,"_genesis_custom_body_class":"","_genesis_custom_post_class":"","_genesis_layout":"","footnotes":""},"class_list":{"0":"post-66630","1":"page","2":"type-page","3":"status-publish","4":"has-post-thumbnail","6":"entry"},"yoast_head":"<!-- This site is optimized with the Yoast SEO plugin v27.3 - https:\/\/yoast.com\/product\/yoast-seo-wordpress\/ -->\n<title>NailKnowledge Weekly Newsletter - NailKnowledge<\/title>\n<meta name=\"robots\" content=\"index, follow, max-snippet:-1, max-image-preview:large, max-video-preview:-1\" \/>\n<link rel=\"canonical\" href=\"https:\/\/nailknowledge.org\/vi\/ban-tin\/\" \/>\n<meta property=\"og:locale\" content=\"vi_VN\" \/>\n<meta property=\"og:type\" content=\"article\" \/>\n<meta property=\"og:title\" content=\"NailKnowledge Weekly Newsletter - NailKnowledge\" \/>\n<meta property=\"og:description\" content=\"NailKnowledge Weekly Newsletter Subscribe to&nbsp;&#8220;Knowledge Weekly&#8221;&nbsp;for the latest insights from our industry experts, news, special offers and notifications. Stay in the know and stay ahead. Subscribe for the &#8220;Knowledge Weekly&#8221; Newsletter NOW!\" \/>\n<meta property=\"og:url\" content=\"https:\/\/nailknowledge.org\/vi\/ban-tin\/\" \/>\n<meta property=\"og:site_name\" content=\"NailKnowledge\" \/>\n<meta property=\"article:modified_time\" content=\"2026-03-11T14:26:37+00:00\" \/>\n<meta property=\"og:image\" content=\"https:\/\/nailknowledge.org\/wp-content\/uploads\/2023\/05\/Sign-up-to-Newsletter-Landing-page-1.png\" \/>\n\t<meta property=\"og:image:width\" content=\"1541\" \/>\n\t<meta property=\"og:image:height\" content=\"542\" \/>\n\t<meta property=\"og:image:type\" content=\"image\/png\" \/>\n<meta name=\"twitter:card\" content=\"summary_large_image\" \/>\n<meta name=\"twitter:label1\" content=\"\u01af\u1edbc t\u00ednh th\u1eddi gian \u0111\u1ecdc\" \/>\n\t<meta name=\"twitter:data1\" content=\"1 ph\u00fat\" \/>\n<script type=\"application\/ld+json\" class=\"yoast-schema-graph\">{\"@context\":\"https:\\\/\\\/schema.org\",\"@graph\":[{\"@type\":\"WebPage\",\"@id\":\"https:\\\/\\\/nailknowledge.org\\\/newsletter\",\"url\":\"https:\\\/\\\/nailknowledge.org\\\/newsletter\",\"name\":\"NailKnowledge Weekly Newsletter - NailKnowledge\",\"isPartOf\":{\"@id\":\"https:\\\/\\\/new.nailknowledge.org\\\/#website\"},\"primaryImageOfPage\":{\"@id\":\"https:\\\/\\\/nailknowledge.org\\\/newsletter#primaryimage\"},\"image\":{\"@id\":\"https:\\\/\\\/nailknowledge.org\\\/newsletter#primaryimage\"},\"thumbnailUrl\":\"https:\\\/\\\/nailknowledge.org\\\/wp-content\\\/uploads\\\/2023\\\/05\\\/Sign-up-to-Newsletter-Landing-page-1.png\",\"datePublished\":\"2023-05-09T08:57:44+00:00\",\"dateModified\":\"2026-03-11T14:26:37+00:00\",\"breadcrumb\":{\"@id\":\"https:\\\/\\\/nailknowledge.org\\\/newsletter#breadcrumb\"},\"inLanguage\":\"vi\",\"potentialAction\":[{\"@type\":\"ReadAction\",\"target\":[\"https:\\\/\\\/nailknowledge.org\\\/newsletter\"]}]},{\"@type\":\"ImageObject\",\"inLanguage\":\"vi\",\"@id\":\"https:\\\/\\\/nailknowledge.org\\\/newsletter#primaryimage\",\"url\":\"https:\\\/\\\/nailknowledge.org\\\/wp-content\\\/uploads\\\/2023\\\/05\\\/Sign-up-to-Newsletter-Landing-page-1.png\",\"contentUrl\":\"https:\\\/\\\/nailknowledge.org\\\/wp-content\\\/uploads\\\/2023\\\/05\\\/Sign-up-to-Newsletter-Landing-page-1.png\",\"width\":1541,\"height\":542,\"caption\":\"NailKnowledge Weekly Newsletter\"},{\"@type\":\"BreadcrumbList\",\"@id\":\"https:\\\/\\\/nailknowledge.org\\\/newsletter#breadcrumb\",\"itemListElement\":[{\"@type\":\"ListItem\",\"position\":1,\"name\":\"Home\",\"item\":\"https:\\\/\\\/nailknowledge.org\\\/\"},{\"@type\":\"ListItem\",\"position\":2,\"name\":\"NailKnowledge Weekly Newsletter\"}]},{\"@type\":\"WebSite\",\"@id\":\"https:\\\/\\\/new.nailknowledge.org\\\/#website\",\"url\":\"https:\\\/\\\/new.nailknowledge.org\\\/\",\"name\":\"NailKnowledge\",\"description\":\"\",\"publisher\":{\"@id\":\"https:\\\/\\\/new.nailknowledge.org\\\/#organization\"},\"potentialAction\":[{\"@type\":\"SearchAction\",\"target\":{\"@type\":\"EntryPoint\",\"urlTemplate\":\"https:\\\/\\\/new.nailknowledge.org\\\/?s={search_term_string}\"},\"query-input\":{\"@type\":\"PropertyValueSpecification\",\"valueRequired\":true,\"valueName\":\"search_term_string\"}}],\"inLanguage\":\"vi\"},{\"@type\":\"Organization\",\"@id\":\"https:\\\/\\\/new.nailknowledge.org\\\/#organization\",\"name\":\"NailKnowledge\",\"url\":\"https:\\\/\\\/new.nailknowledge.org\\\/\",\"logo\":{\"@type\":\"ImageObject\",\"inLanguage\":\"vi\",\"@id\":\"https:\\\/\\\/new.nailknowledge.org\\\/#\\\/schema\\\/logo\\\/image\\\/\",\"url\":\"https:\\\/\\\/nailknowledge.org\\\/wp-content\\\/uploads\\\/2026\\\/03\\\/KN-Logo-1.webp\",\"contentUrl\":\"https:\\\/\\\/nailknowledge.org\\\/wp-content\\\/uploads\\\/2026\\\/03\\\/KN-Logo-1.webp\",\"width\":542,\"height\":100,\"caption\":\"NailKnowledge\"},\"image\":{\"@id\":\"https:\\\/\\\/new.nailknowledge.org\\\/#\\\/schema\\\/logo\\\/image\\\/\"}}]}<\/script>\n<!-- \/ Yoast SEO plugin. -->","yoast_head_json":{"title":"B\u1ea3n tin h\u00e0ng tu\u1ea7n c\u1ee7a NailKnowledge - NailKnowledge","robots":{"index":"index","follow":"follow","max-snippet":"max-snippet:-1","max-image-preview":"max-image-preview:large","max-video-preview":"max-video-preview:-1"},"canonical":"https:\/\/nailknowledge.org\/vi\/ban-tin\/","og_locale":"vi_VN","og_type":"article","og_title":"NailKnowledge Weekly Newsletter - NailKnowledge","og_description":"NailKnowledge Weekly Newsletter Subscribe to&nbsp;&#8220;Knowledge Weekly&#8221;&nbsp;for the latest insights from our industry experts, news, special offers and notifications. Stay in the know and stay ahead. Subscribe for the &#8220;Knowledge Weekly&#8221; Newsletter NOW!","og_url":"https:\/\/nailknowledge.org\/vi\/ban-tin\/","og_site_name":"NailKnowledge","article_modified_time":"2026-03-11T14:26:37+00:00","og_image":[{"width":1541,"height":542,"url":"https:\/\/nailknowledge.org\/wp-content\/uploads\/2023\/05\/Sign-up-to-Newsletter-Landing-page-1.png","type":"image\/png"}],"twitter_card":"summary_large_image","twitter_misc":{"\u01af\u1edbc t\u00ednh th\u1eddi gian \u0111\u1ecdc":"1 ph\u00fat"},"schema":{"@context":"https:\/\/schema.org","@graph":[{"@type":"WebPage","@id":"https:\/\/nailknowledge.org\/newsletter","url":"https:\/\/nailknowledge.org\/newsletter","name":"B\u1ea3n tin h\u00e0ng tu\u1ea7n c\u1ee7a NailKnowledge - NailKnowledge","isPartOf":{"@id":"https:\/\/new.nailknowledge.org\/#website"},"primaryImageOfPage":{"@id":"https:\/\/nailknowledge.org\/newsletter#primaryimage"},"image":{"@id":"https:\/\/nailknowledge.org\/newsletter#primaryimage"},"thumbnailUrl":"https:\/\/nailknowledge.org\/wp-content\/uploads\/2023\/05\/Sign-up-to-Newsletter-Landing-page-1.png","datePublished":"2023-05-09T08:57:44+00:00","dateModified":"2026-03-11T14:26:37+00:00","breadcrumb":{"@id":"https:\/\/nailknowledge.org\/newsletter#breadcrumb"},"inLanguage":"vi","potentialAction":[{"@type":"ReadAction","target":["https:\/\/nailknowledge.org\/newsletter"]}]},{"@type":"ImageObject","inLanguage":"vi","@id":"https:\/\/nailknowledge.org\/newsletter#primaryimage","url":"https:\/\/nailknowledge.org\/wp-content\/uploads\/2023\/05\/Sign-up-to-Newsletter-Landing-page-1.png","contentUrl":"https:\/\/nailknowledge.org\/wp-content\/uploads\/2023\/05\/Sign-up-to-Newsletter-Landing-page-1.png","width":1541,"height":542,"caption":"NailKnowledge Weekly Newsletter"},{"@type":"BreadcrumbList","@id":"https:\/\/nailknowledge.org\/newsletter#breadcrumb","itemListElement":[{"@type":"ListItem","position":1,"name":"Home","item":"https:\/\/nailknowledge.org\/"},{"@type":"ListItem","position":2,"name":"NailKnowledge Weekly Newsletter"}]},{"@type":"WebSite","@id":"https:\/\/new.nailknowledge.org\/#website","url":"https:\/\/new.nailknowledge.org\/","name":"Ki\u1ebfn th\u1ee9c v\u1ec1 m\u00f3ng tay","description":"","publisher":{"@id":"https:\/\/new.nailknowledge.org\/#organization"},"potentialAction":[{"@type":"SearchAction","target":{"@type":"EntryPoint","urlTemplate":"https:\/\/new.nailknowledge.org\/?s={search_term_string}"},"query-input":{"@type":"PropertyValueSpecification","valueRequired":true,"valueName":"search_term_string"}}],"inLanguage":"vi"},{"@type":"Organization","@id":"https:\/\/new.nailknowledge.org\/#organization","name":"Ki\u1ebfn th\u1ee9c v\u1ec1 m\u00f3ng tay","url":"https:\/\/new.nailknowledge.org\/","logo":{"@type":"ImageObject","inLanguage":"vi","@id":"https:\/\/new.nailknowledge.org\/#\/schema\/logo\/image\/","url":"https:\/\/nailknowledge.org\/wp-content\/uploads\/2026\/03\/KN-Logo-1.webp","contentUrl":"https:\/\/nailknowledge.org\/wp-content\/uploads\/2026\/03\/KN-Logo-1.webp","width":542,"height":100,"caption":"NailKnowledge"},"image":{"@id":"https:\/\/new.nailknowledge.org\/#\/schema\/logo\/image\/"}}]}},"_links":{"self":[{"href":"https:\/\/nailknowledge.org\/vi\/wp-json\/wp\/v2\/pages\/66630","targetHints":{"allow":["GET"]}}],"collection":[{"href":"https:\/\/nailknowledge.org\/vi\/wp-json\/wp\/v2\/pages"}],"about":[{"href":"https:\/\/nailknowledge.org\/vi\/wp-json\/wp\/v2\/types\/page"}],"author":[{"embeddable":true,"href":"https:\/\/nailknowledge.org\/vi\/wp-json\/wp\/v2\/users\/2"}],"replies":[{"embeddable":true,"href":"https:\/\/nailknowledge.org\/vi\/wp-json\/wp\/v2\/comments?post=66630"}],"version-history":[{"count":4,"href":"https:\/\/nailknowledge.org\/vi\/wp-json\/wp\/v2\/pages\/66630\/revisions"}],"predecessor-version":[{"id":164159,"href":"https:\/\/nailknowledge.org\/vi\/wp-json\/wp\/v2\/pages\/66630\/revisions\/164159"}],"wp:featuredmedia":[{"embeddable":true,"href":"https:\/\/nailknowledge.org\/vi\/wp-json\/wp\/v2\/media\/66631"}],"wp:attachment":[{"href":"https:\/\/nailknowledge.org\/vi\/wp-json\/wp\/v2\/media?parent=66630"}],"curies":[{"name":"wp","href":"https:\/\/api.w.org\/{rel}","templated":true}]}}