{"id":67157,"date":"2023-05-10T15:54:57","date_gmt":"2023-05-10T15:54:57","guid":{"rendered":"https:\/\/nailknowledge.org\/?page_id=67157"},"modified":"2025-09-24T11:35:47","modified_gmt":"2025-09-24T11:35:47","slug":"loi-chung-thuc-cua-nailknowledge","status":"publish","type":"page","link":"https:\/\/nailknowledge.org\/vi\/nailknowledge-testimonials","title":{"rendered":"L\u1eddi ch\u1ee9ng th\u1ef1c c\u1ee7a NailKnowledge"},"content":{"rendered":"<h3 class=\"wp-block-heading has-text-align-center\">B\u1ea1n \u0111\u00e3 tham gia kh\u00f3a h\u1ecdc n\u00e0o c\u1ee7a ch\u00fang t\u00f4i ch\u01b0a?&nbsp;<\/h3>\n\n\n\n<h3 class=\"wp-block-heading has-text-align-center\">B\u1ea1n \u0111\u00e3 c\u1eadp nh\u1eadt ki\u1ebfn th\u1ee9c c\u1ee7a m\u00ecnh b\u1eb1ng c\u00e1c th\u00f4ng tin t\u1eeb Blog v\u00e0 C\u01a1 s\u1edf ki\u1ebfn th\u1ee9c c\u1ee7a ch\u00fang t\u00f4i ch\u01b0a?<\/h3>\n\n\n\n<h1 class=\"wp-block-heading\" id=\"hs_cos_wrapper_widget_1643475805922_title\">H\u00e3y \u0111\u1ec3 l\u1ea1i l\u1eddi ch\u1ee9ng th\u1ef1c c\u1ee7a b\u1ea1n b\u00ean d\u01b0\u1edbi v\u00e0 cho ch\u00fang t\u00f4i bi\u1ebft suy ngh\u0129 c\u1ee7a b\u1ea1n!<\/h1>\n\n\n\n<iframe\n    src=\"https:\/\/api.leadconnectorhq.com\/widget\/form\/KWy79ZThAXUdhnQhyxb2\"\n    style=\"width:100%;height:100%;border:none;border-radius:3px\"\n    id=\"inline-KWy79ZThAXUdhnQhyxb2\" \n    data-layout=\"{'id':'INLINE'}\"\n    data-trigger-type=\"alwaysShow\"\n    data-trigger-value=\"\"\n    data-activation-type=\"alwaysActivated\"\n    data-activation-value=\"\"\n    data-deactivation-type=\"neverDeactivate\"\n    data-deactivation-value=\"\"\n    data-form-name=\"Form 1\"\n    data-height=\"910\"\n    data-layout-iframe-id=\"inline-KWy79ZThAXUdhnQhyxb2\"\n    data-form-id=\"KWy79ZThAXUdhnQhyxb2\"\n    title=\"Form 1\"\n        >\n<\/iframe>\n<script src=\"https:\/\/link.msgsndr.com\/js\/form_embed.js\"><\/script>","protected":false},"excerpt":{"rendered":"<p>Have you taken one of our courses?&nbsp; Have you been updating your education with facts from our Blogs and Knowledge Base? Leave your testimonial below, and let us know what you think!<\/p>","protected":false},"author":2,"featured_media":67160,"parent":0,"menu_order":0,"comment_status":"closed","ping_status":"closed","template":"","meta":{"_genesis_hide_title":false,"_genesis_hide_breadcrumbs":false,"_genesis_hide_singular_image":false,"_genesis_hide_footer_widgets":false,"_genesis_custom_body_class":"","_genesis_custom_post_class":"","_genesis_layout":"","footnotes":""},"class_list":{"0":"post-67157","1":"page","2":"type-page","3":"status-publish","4":"has-post-thumbnail","6":"entry"},"yoast_head":"<!-- This site is optimized with the Yoast SEO plugin v27.3 - https:\/\/yoast.com\/product\/yoast-seo-wordpress\/ -->\n<title>NailKnowledge Testimonials - NailKnowledge<\/title>\n<meta name=\"robots\" content=\"index, follow, max-snippet:-1, max-image-preview:large, max-video-preview:-1\" \/>\n<link rel=\"canonical\" href=\"https:\/\/nailknowledge.org\/vi\/loi-chung-thuc-cua-nailknowledge\/\" \/>\n<meta property=\"og:locale\" content=\"vi_VN\" \/>\n<meta property=\"og:type\" content=\"article\" \/>\n<meta property=\"og:title\" content=\"NailKnowledge Testimonials - NailKnowledge\" \/>\n<meta property=\"og:description\" content=\"Have you taken one of our courses?&nbsp; Have you been updating your education with facts from our Blogs and Knowledge Base? Leave your testimonial below, and let us know what you think!\" \/>\n<meta property=\"og:url\" content=\"https:\/\/nailknowledge.org\/vi\/loi-chung-thuc-cua-nailknowledge\/\" \/>\n<meta property=\"og:site_name\" content=\"NailKnowledge\" \/>\n<meta property=\"article:modified_time\" content=\"2025-09-24T11:35:47+00:00\" \/>\n<meta property=\"og:image\" content=\"https:\/\/nailknowledge.org\/wp-content\/uploads\/2023\/05\/Blog-Thumbnail-1280-\u00d7-682-px-8.jpg\" \/>\n\t<meta property=\"og:image:width\" content=\"1280\" \/>\n\t<meta property=\"og:image:height\" content=\"682\" \/>\n\t<meta property=\"og:image:type\" content=\"image\/jpeg\" \/>\n<meta name=\"twitter:card\" content=\"summary_large_image\" \/>\n<meta name=\"twitter:label1\" content=\"\u01af\u1edbc t\u00ednh th\u1eddi gian \u0111\u1ecdc\" \/>\n\t<meta name=\"twitter:data1\" content=\"1 ph\u00fat\" \/>\n<script type=\"application\/ld+json\" class=\"yoast-schema-graph\">{\"@context\":\"https:\\\/\\\/schema.org\",\"@graph\":[{\"@type\":\"WebPage\",\"@id\":\"https:\\\/\\\/nailknowledge.org\\\/nailknowledge-testimonials\",\"url\":\"https:\\\/\\\/nailknowledge.org\\\/nailknowledge-testimonials\",\"name\":\"NailKnowledge Testimonials - NailKnowledge\",\"isPartOf\":{\"@id\":\"https:\\\/\\\/new.nailknowledge.org\\\/#website\"},\"primaryImageOfPage\":{\"@id\":\"https:\\\/\\\/nailknowledge.org\\\/nailknowledge-testimonials#primaryimage\"},\"image\":{\"@id\":\"https:\\\/\\\/nailknowledge.org\\\/nailknowledge-testimonials#primaryimage\"},\"thumbnailUrl\":\"https:\\\/\\\/nailknowledge.org\\\/wp-content\\\/uploads\\\/2023\\\/05\\\/Blog-Thumbnail-1280-\u00d7-682-px-8.jpg\",\"datePublished\":\"2023-05-10T15:54:57+00:00\",\"dateModified\":\"2025-09-24T11:35:47+00:00\",\"breadcrumb\":{\"@id\":\"https:\\\/\\\/nailknowledge.org\\\/nailknowledge-testimonials#breadcrumb\"},\"inLanguage\":\"vi\",\"potentialAction\":[{\"@type\":\"ReadAction\",\"target\":[\"https:\\\/\\\/nailknowledge.org\\\/nailknowledge-testimonials\"]}]},{\"@type\":\"ImageObject\",\"inLanguage\":\"vi\",\"@id\":\"https:\\\/\\\/nailknowledge.org\\\/nailknowledge-testimonials#primaryimage\",\"url\":\"https:\\\/\\\/nailknowledge.org\\\/wp-content\\\/uploads\\\/2023\\\/05\\\/Blog-Thumbnail-1280-\u00d7-682-px-8.jpg\",\"contentUrl\":\"https:\\\/\\\/nailknowledge.org\\\/wp-content\\\/uploads\\\/2023\\\/05\\\/Blog-Thumbnail-1280-\u00d7-682-px-8.jpg\",\"width\":1280,\"height\":682,\"caption\":\"NailKnowledge Testimonials\"},{\"@type\":\"BreadcrumbList\",\"@id\":\"https:\\\/\\\/nailknowledge.org\\\/nailknowledge-testimonials#breadcrumb\",\"itemListElement\":[{\"@type\":\"ListItem\",\"position\":1,\"name\":\"Home\",\"item\":\"https:\\\/\\\/nailknowledge.org\\\/\"},{\"@type\":\"ListItem\",\"position\":2,\"name\":\"NailKnowledge Testimonials\"}]},{\"@type\":\"WebSite\",\"@id\":\"https:\\\/\\\/new.nailknowledge.org\\\/#website\",\"url\":\"https:\\\/\\\/new.nailknowledge.org\\\/\",\"name\":\"NailKnowledge\",\"description\":\"\",\"publisher\":{\"@id\":\"https:\\\/\\\/new.nailknowledge.org\\\/#organization\"},\"potentialAction\":[{\"@type\":\"SearchAction\",\"target\":{\"@type\":\"EntryPoint\",\"urlTemplate\":\"https:\\\/\\\/new.nailknowledge.org\\\/?s={search_term_string}\"},\"query-input\":{\"@type\":\"PropertyValueSpecification\",\"valueRequired\":true,\"valueName\":\"search_term_string\"}}],\"inLanguage\":\"vi\"},{\"@type\":\"Organization\",\"@id\":\"https:\\\/\\\/new.nailknowledge.org\\\/#organization\",\"name\":\"NailKnowledge\",\"url\":\"https:\\\/\\\/new.nailknowledge.org\\\/\",\"logo\":{\"@type\":\"ImageObject\",\"inLanguage\":\"vi\",\"@id\":\"https:\\\/\\\/new.nailknowledge.org\\\/#\\\/schema\\\/logo\\\/image\\\/\",\"url\":\"https:\\\/\\\/nailknowledge.org\\\/wp-content\\\/uploads\\\/2026\\\/03\\\/KN-Logo-1.webp\",\"contentUrl\":\"https:\\\/\\\/nailknowledge.org\\\/wp-content\\\/uploads\\\/2026\\\/03\\\/KN-Logo-1.webp\",\"width\":542,\"height\":100,\"caption\":\"NailKnowledge\"},\"image\":{\"@id\":\"https:\\\/\\\/new.nailknowledge.org\\\/#\\\/schema\\\/logo\\\/image\\\/\"}}]}<\/script>\n<!-- \/ Yoast SEO plugin. -->","yoast_head_json":{"title":"L\u1eddi ch\u1ee9ng th\u1ef1c c\u1ee7a NailKnowledge - NailKnowledge","robots":{"index":"index","follow":"follow","max-snippet":"max-snippet:-1","max-image-preview":"max-image-preview:large","max-video-preview":"max-video-preview:-1"},"canonical":"https:\/\/nailknowledge.org\/vi\/loi-chung-thuc-cua-nailknowledge\/","og_locale":"vi_VN","og_type":"article","og_title":"NailKnowledge Testimonials - NailKnowledge","og_description":"Have you taken one of our courses?&nbsp; Have you been updating your education with facts from our Blogs and Knowledge Base? Leave your testimonial below, and let us know what you think!","og_url":"https:\/\/nailknowledge.org\/vi\/loi-chung-thuc-cua-nailknowledge\/","og_site_name":"NailKnowledge","article_modified_time":"2025-09-24T11:35:47+00:00","og_image":[{"width":1280,"height":682,"url":"https:\/\/nailknowledge.org\/wp-content\/uploads\/2023\/05\/Blog-Thumbnail-1280-\u00d7-682-px-8.jpg","type":"image\/jpeg"}],"twitter_card":"summary_large_image","twitter_misc":{"\u01af\u1edbc t\u00ednh th\u1eddi gian \u0111\u1ecdc":"1 ph\u00fat"},"schema":{"@context":"https:\/\/schema.org","@graph":[{"@type":"WebPage","@id":"https:\/\/nailknowledge.org\/nailknowledge-testimonials","url":"https:\/\/nailknowledge.org\/nailknowledge-testimonials","name":"L\u1eddi ch\u1ee9ng th\u1ef1c c\u1ee7a NailKnowledge - NailKnowledge","isPartOf":{"@id":"https:\/\/new.nailknowledge.org\/#website"},"primaryImageOfPage":{"@id":"https:\/\/nailknowledge.org\/nailknowledge-testimonials#primaryimage"},"image":{"@id":"https:\/\/nailknowledge.org\/nailknowledge-testimonials#primaryimage"},"thumbnailUrl":"https:\/\/nailknowledge.org\/wp-content\/uploads\/2023\/05\/Blog-Thumbnail-1280-\u00d7-682-px-8.jpg","datePublished":"2023-05-10T15:54:57+00:00","dateModified":"2025-09-24T11:35:47+00:00","breadcrumb":{"@id":"https:\/\/nailknowledge.org\/nailknowledge-testimonials#breadcrumb"},"inLanguage":"vi","potentialAction":[{"@type":"ReadAction","target":["https:\/\/nailknowledge.org\/nailknowledge-testimonials"]}]},{"@type":"ImageObject","inLanguage":"vi","@id":"https:\/\/nailknowledge.org\/nailknowledge-testimonials#primaryimage","url":"https:\/\/nailknowledge.org\/wp-content\/uploads\/2023\/05\/Blog-Thumbnail-1280-\u00d7-682-px-8.jpg","contentUrl":"https:\/\/nailknowledge.org\/wp-content\/uploads\/2023\/05\/Blog-Thumbnail-1280-\u00d7-682-px-8.jpg","width":1280,"height":682,"caption":"NailKnowledge Testimonials"},{"@type":"BreadcrumbList","@id":"https:\/\/nailknowledge.org\/nailknowledge-testimonials#breadcrumb","itemListElement":[{"@type":"ListItem","position":1,"name":"Home","item":"https:\/\/nailknowledge.org\/"},{"@type":"ListItem","position":2,"name":"NailKnowledge Testimonials"}]},{"@type":"WebSite","@id":"https:\/\/new.nailknowledge.org\/#website","url":"https:\/\/new.nailknowledge.org\/","name":"Ki\u1ebfn th\u1ee9c v\u1ec1 m\u00f3ng tay","description":"","publisher":{"@id":"https:\/\/new.nailknowledge.org\/#organization"},"potentialAction":[{"@type":"SearchAction","target":{"@type":"EntryPoint","urlTemplate":"https:\/\/new.nailknowledge.org\/?s={search_term_string}"},"query-input":{"@type":"PropertyValueSpecification","valueRequired":true,"valueName":"search_term_string"}}],"inLanguage":"vi"},{"@type":"Organization","@id":"https:\/\/new.nailknowledge.org\/#organization","name":"Ki\u1ebfn th\u1ee9c v\u1ec1 m\u00f3ng tay","url":"https:\/\/new.nailknowledge.org\/","logo":{"@type":"ImageObject","inLanguage":"vi","@id":"https:\/\/new.nailknowledge.org\/#\/schema\/logo\/image\/","url":"https:\/\/nailknowledge.org\/wp-content\/uploads\/2026\/03\/KN-Logo-1.webp","contentUrl":"https:\/\/nailknowledge.org\/wp-content\/uploads\/2026\/03\/KN-Logo-1.webp","width":542,"height":100,"caption":"NailKnowledge"},"image":{"@id":"https:\/\/new.nailknowledge.org\/#\/schema\/logo\/image\/"}}]}},"_links":{"self":[{"href":"https:\/\/nailknowledge.org\/vi\/wp-json\/wp\/v2\/pages\/67157","targetHints":{"allow":["GET"]}}],"collection":[{"href":"https:\/\/nailknowledge.org\/vi\/wp-json\/wp\/v2\/pages"}],"about":[{"href":"https:\/\/nailknowledge.org\/vi\/wp-json\/wp\/v2\/types\/page"}],"author":[{"embeddable":true,"href":"https:\/\/nailknowledge.org\/vi\/wp-json\/wp\/v2\/users\/2"}],"replies":[{"embeddable":true,"href":"https:\/\/nailknowledge.org\/vi\/wp-json\/wp\/v2\/comments?post=67157"}],"version-history":[{"count":1,"href":"https:\/\/nailknowledge.org\/vi\/wp-json\/wp\/v2\/pages\/67157\/revisions"}],"predecessor-version":[{"id":147924,"href":"https:\/\/nailknowledge.org\/vi\/wp-json\/wp\/v2\/pages\/67157\/revisions\/147924"}],"wp:featuredmedia":[{"embeddable":true,"href":"https:\/\/nailknowledge.org\/vi\/wp-json\/wp\/v2\/media\/67160"}],"wp:attachment":[{"href":"https:\/\/nailknowledge.org\/vi\/wp-json\/wp\/v2\/media?parent=67157"}],"curies":[{"name":"wp","href":"https:\/\/api.w.org\/{rel}","templated":true}]}}