{"id":67611,"date":"2023-05-12T12:38:30","date_gmt":"2023-05-12T12:38:30","guid":{"rendered":"https:\/\/nailknowledge.org\/?page_id=67611"},"modified":"2023-05-25T10:49:13","modified_gmt":"2023-05-25T10:49:13","slug":"bai-hoc-thu-nghiem","status":"publish","type":"page","link":"https:\/\/nailknowledge.org\/vi\/professional-nail-courses\/taster-lesson","title":{"rendered":"B\u00e0i h\u1ecdc th\u1eed nghi\u1ec7m"},"content":{"rendered":"<div class=\"wp-block-columns is-layout-flex wp-container-core-columns-is-layout-9d6595d7 wp-block-columns-is-layout-flex\">\n<div class=\"wp-block-column is-layout-flow wp-block-column-is-layout-flow\" style=\"flex-basis:33.33%\">\n<figure class=\"wp-block-image size-large\"><img loading=\"eager\" fetchpriority=\"high\" decoding=\"async\" width=\"1024\" height=\"576\" src=\"https:\/\/nailknowledge.org\/wp-content\/uploads\/2020\/08\/magazin-image-with-nk-logo-300dpiv3-1024x576.jpg\" alt=\"\" class=\"wp-image-32305\" srcset=\"https:\/\/nailknowledge.org\/wp-content\/uploads\/2020\/08\/magazin-image-with-nk-logo-300dpiv3-1024x576.jpg 1024w, https:\/\/nailknowledge.org\/wp-content\/uploads\/2020\/08\/magazin-image-with-nk-logo-300dpiv3-600x338.jpg 600w, https:\/\/nailknowledge.org\/wp-content\/uploads\/2020\/08\/magazin-image-with-nk-logo-300dpiv3-300x169.jpg 300w, https:\/\/nailknowledge.org\/wp-content\/uploads\/2020\/08\/magazin-image-with-nk-logo-300dpiv3-768x432.jpg 768w, https:\/\/nailknowledge.org\/wp-content\/uploads\/2020\/08\/magazin-image-with-nk-logo-300dpiv3-1536x864.jpg 1536w, https:\/\/nailknowledge.org\/wp-content\/uploads\/2020\/08\/magazin-image-with-nk-logo-300dpiv3-400x225.jpg 400w, https:\/\/nailknowledge.org\/wp-content\/uploads\/2020\/08\/magazin-image-with-nk-logo-300dpiv3-100x56.jpg 100w, https:\/\/nailknowledge.org\/wp-content\/uploads\/2020\/08\/magazin-image-with-nk-logo-300dpiv3.jpg 1920w\" sizes=\"auto, (max-width: 1024px) 100vw, 1024px\" \/><\/figure>\n\n\n\n<p><\/p>\n<\/div>\n\n\n\n<div class=\"wp-block-column is-vertically-aligned-center is-layout-flow wp-block-column-is-layout-flow\" style=\"flex-basis:66.66%\">\n<h2 class=\"wp-block-heading has-text-align-center kn-course-section-title\">B\u00e0i h\u1ecdc th\u1eed nghi\u1ec7m<\/h2>\n\n\n\n<div class=\"wp-block-columns is-layout-flex wp-container-core-columns-is-layout-9d6595d7 wp-block-columns-is-layout-flex\">\n<div class=\"wp-block-column is-vertically-aligned-top is-layout-flow wp-block-column-is-layout-flow\">\n<p class=\"has-text-align-center mb-0 has-text-color has-large-font-size\" style=\"color:#e93f9a\"><strong>B\u00c0I H\u1eccC MI\u1ec4N PH\u00cd<\/strong><\/p>\n<\/div>\n\n\n\n<div class=\"wp-block-column is-vertically-aligned-center is-layout-flow wp-block-column-is-layout-flow\">\n<div class=\"wp-block-buttons alignfull is-horizontal is-content-justification-center is-layout-flex wp-container-core-buttons-is-layout-499968f5 wp-block-buttons-is-layout-flex\">\n<div class=\"wp-block-button\"><a class=\"wp-block-button__link wp-element-button\" href=\"https:\/\/learn.nailknowledge.org\/direct-customers\/?course=3W6qA4KOjd\">H\u00e3y h\u1ecdc ngay!<\/a><\/div>\n<\/div>\n<\/div>\n<\/div>\n<\/div>\n<\/div>\n\n\n\n<p>T\u00ecm hi\u1ec3u l\u00fd do t\u1ea1i sao h\u00e0ng ng\u00e0n Chuy\u00ean gia l\u00e0m m\u00f3ng \u0111ang ph\u00e1t cu\u1ed3ng v\u1ec1 kh\u00f3a h\u1ecdc NailKnowledge Diploma<\/p>\n\n\n\n<h3 class=\"wp-block-heading has-text-align-center has-text-color\" style=\"color:#e93f9a\"><strong>H\u00e3y xem video b\u00ean d\u01b0\u1edbi v\u00e0 sau \u0111\u00f3 \u0111\u0103ng k\u00fd b\u00e0i h\u1ecdc MI\u1ec4N PH\u00cd.<\/strong><\/h3>\n\n\n\n<figure class=\"wp-block-embed is-type-video is-provider-vimeo wp-block-embed-vimeo wp-embed-aspect-16-9 wp-has-aspect-ratio\"><div class=\"wp-block-embed__wrapper\">\n<iframe loading=\"lazy\" title=\"Gi\u1edbi thi\u1ec7u v\u1ec1 NailKnowledge\" src=\"https:\/\/player.vimeo.com\/video\/492205416?dnt=1&amp;app_id=122963\" width=\"500\" height=\"281\" frameborder=\"0\" allow=\"autoplay; fullscreen; picture-in-picture; clipboard-write\"><\/iframe>\n<\/div><\/figure>\n\n\n\n<div style=\"height:40px\" aria-hidden=\"true\" class=\"wp-block-spacer\"><\/div>\n\n\n\n<div class=\"wp-block-columns is-layout-flex wp-container-core-columns-is-layout-9d6595d7 wp-block-columns-is-layout-flex\">\n<div class=\"wp-block-column is-layout-flow wp-block-column-is-layout-flow\" style=\"flex-basis:33.33%\">\n<figure class=\"wp-block-image size-large\"><img loading=\"lazy\" decoding=\"async\" width=\"1024\" height=\"576\" src=\"https:\/\/nailknowledge.org\/wp-content\/uploads\/2020\/08\/magazin-image-with-nk-logo-300dpiv3-1024x576.jpg\" alt=\"\" class=\"wp-image-32305\" srcset=\"https:\/\/nailknowledge.org\/wp-content\/uploads\/2020\/08\/magazin-image-with-nk-logo-300dpiv3-1024x576.jpg 1024w, https:\/\/nailknowledge.org\/wp-content\/uploads\/2020\/08\/magazin-image-with-nk-logo-300dpiv3-600x338.jpg 600w, https:\/\/nailknowledge.org\/wp-content\/uploads\/2020\/08\/magazin-image-with-nk-logo-300dpiv3-300x169.jpg 300w, https:\/\/nailknowledge.org\/wp-content\/uploads\/2020\/08\/magazin-image-with-nk-logo-300dpiv3-768x432.jpg 768w, https:\/\/nailknowledge.org\/wp-content\/uploads\/2020\/08\/magazin-image-with-nk-logo-300dpiv3-1536x864.jpg 1536w, https:\/\/nailknowledge.org\/wp-content\/uploads\/2020\/08\/magazin-image-with-nk-logo-300dpiv3-400x225.jpg 400w, https:\/\/nailknowledge.org\/wp-content\/uploads\/2020\/08\/magazin-image-with-nk-logo-300dpiv3-100x56.jpg 100w, https:\/\/nailknowledge.org\/wp-content\/uploads\/2020\/08\/magazin-image-with-nk-logo-300dpiv3.jpg 1920w\" sizes=\"auto, (max-width: 1024px) 100vw, 1024px\" \/><\/figure>\n\n\n\n<p><\/p>\n<\/div>\n\n\n\n<div class=\"wp-block-column is-vertically-aligned-center is-layout-flow wp-block-column-is-layout-flow\" style=\"flex-basis:66.66%\">\n<h2 class=\"wp-block-heading has-text-align-center kn-course-section-title\">B\u00e0i h\u1ecdc th\u1eed nghi\u1ec7m<\/h2>\n\n\n\n<div class=\"wp-block-columns is-layout-flex wp-container-core-columns-is-layout-9d6595d7 wp-block-columns-is-layout-flex\">\n<div class=\"wp-block-column is-vertically-aligned-top is-layout-flow wp-block-column-is-layout-flow\">\n<p class=\"has-text-align-center mb-0 has-text-color has-large-font-size\" style=\"color:#e93f9a\"><strong>MI\u1ec4N PH\u00cd<\/strong><\/p>\n<\/div>\n\n\n\n<div class=\"wp-block-column is-vertically-aligned-center is-layout-flow wp-block-column-is-layout-flow\">\n<div class=\"wp-block-buttons alignfull is-horizontal is-content-justification-center is-layout-flex wp-container-core-buttons-is-layout-499968f5 wp-block-buttons-is-layout-flex\">\n<div class=\"wp-block-button\"><a class=\"wp-block-button__link wp-element-button\" href=\"https:\/\/learn.nailknowledge.org\/direct-customers\/?course=3W6qA4KOjd\">H\u00e3y h\u1ecdc ngay!<\/a><\/div>\n<\/div>\n<\/div>\n<\/div>\n<\/div>\n<\/div>","protected":false},"excerpt":{"rendered":"<p>B\u00e0i h\u1ecdc th\u1eed B\u00c0I H\u1eccC MI\u1ec4N PH\u00cd T\u00ecm hi\u1ec3u l\u00fd do t\u1ea1i sao h\u00e0ng ng\u00e0n Chuy\u00ean gia l\u00e0m m\u00f3ng l\u1ea1i ph\u00e1t cu\u1ed3ng v\u1ec1 kh\u00f3a h\u1ecdc NailKnowledge Diploma Xem video b\u00ean d\u01b0\u1edbi r\u1ed3i \u0111\u0103ng k\u00fd b\u00e0i h\u1ecdc MI\u1ec4N PH\u00cd c\u1ee7a b\u1ea1n. B\u00e0i h\u1ecdc th\u1eed MI\u1ec4N PH\u00cd<\/p>","protected":false},"author":35,"featured_media":0,"parent":39235,"menu_order":0,"comment_status":"closed","ping_status":"closed","template":"","meta":{"_yoast_wpseo_focuskw":"","_yoast_wpseo_metadesc":"","_genesis_hide_title":false,"_genesis_hide_breadcrumbs":false,"_genesis_hide_singular_image":false,"_genesis_hide_footer_widgets":false,"_genesis_custom_body_class":"","_genesis_custom_post_class":"","_genesis_layout":"","footnotes":""},"class_list":{"0":"post-67611","1":"page","2":"type-page","3":"status-publish","5":"entry"},"yoast_head":"<!-- This site is optimized with the Yoast SEO plugin v27.4 - https:\/\/yoast.com\/product\/yoast-seo-wordpress\/ -->\n<title>Taster Lesson - NailKnowledge<\/title>\n<meta name=\"robots\" content=\"index, follow, max-snippet:-1, max-image-preview:large, max-video-preview:-1\" \/>\n<link rel=\"canonical\" href=\"https:\/\/nailknowledge.org\/vi\/khoa-hoc-lam-mong-chuyen-nghiep\/bai-hoc-thu-nghiem\/\" \/>\n<meta property=\"og:locale\" content=\"vi_VN\" \/>\n<meta property=\"og:type\" content=\"article\" \/>\n<meta property=\"og:title\" content=\"Taster Lesson - NailKnowledge\" \/>\n<meta property=\"og:description\" content=\"Taster Lesson FREE LESSON Find out why thousands of Nail Professionals are raving about the NailKnowledge Diploma course Watch the video below and then register for your FREE lesson. Taster Lesson FREE\" \/>\n<meta property=\"og:url\" content=\"https:\/\/nailknowledge.org\/vi\/khoa-hoc-lam-mong-chuyen-nghiep\/bai-hoc-thu-nghiem\/\" \/>\n<meta property=\"og:site_name\" content=\"NailKnowledge\" \/>\n<meta property=\"article:modified_time\" content=\"2023-05-25T10:49:13+00:00\" \/>\n<meta property=\"og:image\" content=\"https:\/\/nailknowledge.org\/wp-content\/uploads\/2023\/03\/image002.jpg\" \/>\n\t<meta property=\"og:image:width\" content=\"545\" \/>\n\t<meta property=\"og:image:height\" content=\"295\" \/>\n\t<meta property=\"og:image:type\" content=\"image\/jpeg\" \/>\n<meta name=\"twitter:card\" content=\"summary_large_image\" \/>\n<meta name=\"twitter:label1\" content=\"\u01af\u1edbc t\u00ednh th\u1eddi gian \u0111\u1ecdc\" \/>\n\t<meta name=\"twitter:data1\" content=\"1 ph\u00fat\" \/>\n<script type=\"application\/ld+json\" class=\"yoast-schema-graph\">{\"@context\":\"https:\\\/\\\/schema.org\",\"@graph\":[{\"@type\":\"WebPage\",\"@id\":\"https:\\\/\\\/nailknowledge.org\\\/professional-nail-courses\\\/taster-lesson\",\"url\":\"https:\\\/\\\/nailknowledge.org\\\/professional-nail-courses\\\/taster-lesson\",\"name\":\"Taster Lesson - NailKnowledge\",\"isPartOf\":{\"@id\":\"https:\\\/\\\/new.nailknowledge.org\\\/#website\"},\"primaryImageOfPage\":{\"@id\":\"https:\\\/\\\/nailknowledge.org\\\/professional-nail-courses\\\/taster-lesson#primaryimage\"},\"image\":{\"@id\":\"https:\\\/\\\/nailknowledge.org\\\/professional-nail-courses\\\/taster-lesson#primaryimage\"},\"thumbnailUrl\":\"https:\\\/\\\/nailknowledge.org\\\/wp-content\\\/uploads\\\/2020\\\/08\\\/magazin-image-with-nk-logo-300dpiv3-1024x576.jpg\",\"datePublished\":\"2023-05-12T12:38:30+00:00\",\"dateModified\":\"2023-05-25T10:49:13+00:00\",\"breadcrumb\":{\"@id\":\"https:\\\/\\\/nailknowledge.org\\\/professional-nail-courses\\\/taster-lesson#breadcrumb\"},\"inLanguage\":\"vi\",\"potentialAction\":[{\"@type\":\"ReadAction\",\"target\":[\"https:\\\/\\\/nailknowledge.org\\\/professional-nail-courses\\\/taster-lesson\"]}]},{\"@type\":\"ImageObject\",\"inLanguage\":\"vi\",\"@id\":\"https:\\\/\\\/nailknowledge.org\\\/professional-nail-courses\\\/taster-lesson#primaryimage\",\"url\":\"https:\\\/\\\/nailknowledge.org\\\/wp-content\\\/uploads\\\/2020\\\/08\\\/magazin-image-with-nk-logo-300dpiv3-1024x576.jpg\",\"contentUrl\":\"https:\\\/\\\/nailknowledge.org\\\/wp-content\\\/uploads\\\/2020\\\/08\\\/magazin-image-with-nk-logo-300dpiv3-1024x576.jpg\"},{\"@type\":\"BreadcrumbList\",\"@id\":\"https:\\\/\\\/nailknowledge.org\\\/professional-nail-courses\\\/taster-lesson#breadcrumb\",\"itemListElement\":[{\"@type\":\"ListItem\",\"position\":1,\"name\":\"Home\",\"item\":\"https:\\\/\\\/nailknowledge.org\\\/\"},{\"@type\":\"ListItem\",\"position\":2,\"name\":\"Professional Nail Courses\",\"item\":\"https:\\\/\\\/nailknowledge.org\\\/professional-nail-courses\"},{\"@type\":\"ListItem\",\"position\":3,\"name\":\"Taster Lesson\"}]},{\"@type\":\"WebSite\",\"@id\":\"https:\\\/\\\/new.nailknowledge.org\\\/#website\",\"url\":\"https:\\\/\\\/new.nailknowledge.org\\\/\",\"name\":\"NailKnowledge\",\"description\":\"\",\"publisher\":{\"@id\":\"https:\\\/\\\/new.nailknowledge.org\\\/#organization\"},\"potentialAction\":[{\"@type\":\"SearchAction\",\"target\":{\"@type\":\"EntryPoint\",\"urlTemplate\":\"https:\\\/\\\/new.nailknowledge.org\\\/?s={search_term_string}\"},\"query-input\":{\"@type\":\"PropertyValueSpecification\",\"valueRequired\":true,\"valueName\":\"search_term_string\"}}],\"inLanguage\":\"vi\"},{\"@type\":\"Organization\",\"@id\":\"https:\\\/\\\/new.nailknowledge.org\\\/#organization\",\"name\":\"NailKnowledge\",\"url\":\"https:\\\/\\\/new.nailknowledge.org\\\/\",\"logo\":{\"@type\":\"ImageObject\",\"inLanguage\":\"vi\",\"@id\":\"https:\\\/\\\/new.nailknowledge.org\\\/#\\\/schema\\\/logo\\\/image\\\/\",\"url\":\"https:\\\/\\\/nailknowledge.org\\\/wp-content\\\/uploads\\\/2026\\\/03\\\/KN-Logo-1.webp\",\"contentUrl\":\"https:\\\/\\\/nailknowledge.org\\\/wp-content\\\/uploads\\\/2026\\\/03\\\/KN-Logo-1.webp\",\"width\":542,\"height\":100,\"caption\":\"NailKnowledge\"},\"image\":{\"@id\":\"https:\\\/\\\/new.nailknowledge.org\\\/#\\\/schema\\\/logo\\\/image\\\/\"}}]}<\/script>\n<!-- \/ Yoast SEO plugin. -->","yoast_head_json":{"title":"B\u00e0i h\u1ecdc th\u1eed nghi\u1ec7m - NailKnowledge","robots":{"index":"index","follow":"follow","max-snippet":"max-snippet:-1","max-image-preview":"max-image-preview:large","max-video-preview":"max-video-preview:-1"},"canonical":"https:\/\/nailknowledge.org\/vi\/khoa-hoc-lam-mong-chuyen-nghiep\/bai-hoc-thu-nghiem\/","og_locale":"vi_VN","og_type":"article","og_title":"Taster Lesson - NailKnowledge","og_description":"Taster Lesson FREE LESSON Find out why thousands of Nail Professionals are raving about the NailKnowledge Diploma course Watch the video below and then register for your FREE lesson. Taster Lesson FREE","og_url":"https:\/\/nailknowledge.org\/vi\/khoa-hoc-lam-mong-chuyen-nghiep\/bai-hoc-thu-nghiem\/","og_site_name":"NailKnowledge","article_modified_time":"2023-05-25T10:49:13+00:00","og_image":[{"width":545,"height":295,"url":"https:\/\/nailknowledge.org\/wp-content\/uploads\/2023\/03\/image002.jpg","type":"image\/jpeg"}],"twitter_card":"summary_large_image","twitter_misc":{"\u01af\u1edbc t\u00ednh th\u1eddi gian \u0111\u1ecdc":"1 ph\u00fat"},"schema":{"@context":"https:\/\/schema.org","@graph":[{"@type":"WebPage","@id":"https:\/\/nailknowledge.org\/professional-nail-courses\/taster-lesson","url":"https:\/\/nailknowledge.org\/professional-nail-courses\/taster-lesson","name":"B\u00e0i h\u1ecdc th\u1eed nghi\u1ec7m - NailKnowledge","isPartOf":{"@id":"https:\/\/new.nailknowledge.org\/#website"},"primaryImageOfPage":{"@id":"https:\/\/nailknowledge.org\/professional-nail-courses\/taster-lesson#primaryimage"},"image":{"@id":"https:\/\/nailknowledge.org\/professional-nail-courses\/taster-lesson#primaryimage"},"thumbnailUrl":"https:\/\/nailknowledge.org\/wp-content\/uploads\/2020\/08\/magazin-image-with-nk-logo-300dpiv3-1024x576.jpg","datePublished":"2023-05-12T12:38:30+00:00","dateModified":"2023-05-25T10:49:13+00:00","breadcrumb":{"@id":"https:\/\/nailknowledge.org\/professional-nail-courses\/taster-lesson#breadcrumb"},"inLanguage":"vi","potentialAction":[{"@type":"ReadAction","target":["https:\/\/nailknowledge.org\/professional-nail-courses\/taster-lesson"]}]},{"@type":"ImageObject","inLanguage":"vi","@id":"https:\/\/nailknowledge.org\/professional-nail-courses\/taster-lesson#primaryimage","url":"https:\/\/nailknowledge.org\/wp-content\/uploads\/2020\/08\/magazin-image-with-nk-logo-300dpiv3-1024x576.jpg","contentUrl":"https:\/\/nailknowledge.org\/wp-content\/uploads\/2020\/08\/magazin-image-with-nk-logo-300dpiv3-1024x576.jpg"},{"@type":"BreadcrumbList","@id":"https:\/\/nailknowledge.org\/professional-nail-courses\/taster-lesson#breadcrumb","itemListElement":[{"@type":"ListItem","position":1,"name":"Home","item":"https:\/\/nailknowledge.org\/"},{"@type":"ListItem","position":2,"name":"Professional Nail Courses","item":"https:\/\/nailknowledge.org\/professional-nail-courses"},{"@type":"ListItem","position":3,"name":"Taster Lesson"}]},{"@type":"WebSite","@id":"https:\/\/new.nailknowledge.org\/#website","url":"https:\/\/new.nailknowledge.org\/","name":"Ki\u1ebfn th\u1ee9c v\u1ec1 m\u00f3ng tay","description":"","publisher":{"@id":"https:\/\/new.nailknowledge.org\/#organization"},"potentialAction":[{"@type":"SearchAction","target":{"@type":"EntryPoint","urlTemplate":"https:\/\/new.nailknowledge.org\/?s={search_term_string}"},"query-input":{"@type":"PropertyValueSpecification","valueRequired":true,"valueName":"search_term_string"}}],"inLanguage":"vi"},{"@type":"Organization","@id":"https:\/\/new.nailknowledge.org\/#organization","name":"Ki\u1ebfn th\u1ee9c v\u1ec1 m\u00f3ng tay","url":"https:\/\/new.nailknowledge.org\/","logo":{"@type":"ImageObject","inLanguage":"vi","@id":"https:\/\/new.nailknowledge.org\/#\/schema\/logo\/image\/","url":"https:\/\/nailknowledge.org\/wp-content\/uploads\/2026\/03\/KN-Logo-1.webp","contentUrl":"https:\/\/nailknowledge.org\/wp-content\/uploads\/2026\/03\/KN-Logo-1.webp","width":542,"height":100,"caption":"NailKnowledge"},"image":{"@id":"https:\/\/new.nailknowledge.org\/#\/schema\/logo\/image\/"}}]}},"_links":{"self":[{"href":"https:\/\/nailknowledge.org\/vi\/wp-json\/wp\/v2\/pages\/67611","targetHints":{"allow":["GET"]}}],"collection":[{"href":"https:\/\/nailknowledge.org\/vi\/wp-json\/wp\/v2\/pages"}],"about":[{"href":"https:\/\/nailknowledge.org\/vi\/wp-json\/wp\/v2\/types\/page"}],"author":[{"embeddable":true,"href":"https:\/\/nailknowledge.org\/vi\/wp-json\/wp\/v2\/users\/35"}],"replies":[{"embeddable":true,"href":"https:\/\/nailknowledge.org\/vi\/wp-json\/wp\/v2\/comments?post=67611"}],"version-history":[{"count":0,"href":"https:\/\/nailknowledge.org\/vi\/wp-json\/wp\/v2\/pages\/67611\/revisions"}],"up":[{"embeddable":true,"href":"https:\/\/nailknowledge.org\/vi\/wp-json\/wp\/v2\/pages\/39235"}],"wp:attachment":[{"href":"https:\/\/nailknowledge.org\/vi\/wp-json\/wp\/v2\/media?parent=67611"}],"curies":[{"name":"wp","href":"https:\/\/api.w.org\/{rel}","templated":true}]}}