{"id":73827,"date":"2023-07-21T11:13:36","date_gmt":"2023-07-21T11:13:36","guid":{"rendered":"https:\/\/nailknowledge.org\/?page_id=73827"},"modified":"2023-07-21T14:10:22","modified_gmt":"2023-07-21T14:10:22","slug":"bang-tot-nghiep-chuyen-nghiep-cua-unhas","status":"publish","type":"page","link":"https:\/\/nailknowledge.org\/vi\/professional-nail-courses\/diploma-profissional-de-unhas","title":{"rendered":"B\u1eb1ng t\u1ed1t nghi\u1ec7p chuy\u00ean nghi\u1ec7p c\u1ee7a Unhas"},"content":{"rendered":"<div class=\"wp-block-columns is-layout-flex wp-container-core-columns-is-layout-9d6595d7 wp-block-columns-is-layout-flex\">\n<div class=\"wp-block-column is-layout-flow wp-block-column-is-layout-flow\" style=\"flex-basis:33.33%\">\n<figure class=\"wp-block-image size-full\"><img loading=\"eager\" fetchpriority=\"high\" decoding=\"async\" width=\"1024\" height=\"576\" src=\"https:\/\/nailknowledge.org\/wp-content\/uploads\/2021\/09\/Diploma.jpg\" alt=\"B\u1eb1ng c\u1ea5p v\u1ec1 NailKnowledge\" class=\"wp-image-40405\" srcset=\"https:\/\/nailknowledge.org\/wp-content\/uploads\/2021\/09\/Diploma.jpg 1024w, https:\/\/nailknowledge.org\/wp-content\/uploads\/2021\/09\/Diploma-600x338.jpg 600w, https:\/\/nailknowledge.org\/wp-content\/uploads\/2021\/09\/Diploma-300x169.jpg 300w, https:\/\/nailknowledge.org\/wp-content\/uploads\/2021\/09\/Diploma-768x432.jpg 768w, https:\/\/nailknowledge.org\/wp-content\/uploads\/2021\/09\/Diploma-18x10.jpg 18w\" sizes=\"auto, (max-width: 1024px) 100vw, 1024px\" \/><\/figure>\n\n\n\n<p><\/p>\n<\/div>\n\n\n\n<div class=\"wp-block-column is-vertically-aligned-center is-layout-flow wp-block-column-is-layout-flow\" style=\"flex-basis:66.66%\">\n<h2 class=\"wp-block-heading has-text-align-center kn-course-section-title\">B\u1eb1ng t\u1ed1t nghi\u1ec7p chuy\u00ean nghi\u1ec7p c\u1ee7a Unhas<\/h2>\n\n\n\n<div class=\"wp-block-columns is-layout-flex wp-container-core-columns-is-layout-9d6595d7 wp-block-columns-is-layout-flex\">\n<div class=\"wp-block-column is-vertically-aligned-top is-layout-flow wp-block-column-is-layout-flow\">\n<p class=\"has-text-align-center mb-0 has-text-color has-large-font-size\" style=\"color:#e93f9a\"><strong>S\u00c1CH<\/strong><\/p>\n<\/div>\n\n\n\n<div class=\"wp-block-column is-vertically-aligned-center is-layout-flow wp-block-column-is-layout-flow\">\n<div class=\"wp-block-buttons alignfull is-horizontal is-content-justification-center is-layout-flex wp-container-core-buttons-is-layout-499968f5 wp-block-buttons-is-layout-flex\">\n<div class=\"wp-block-button\"><a class=\"wp-block-button__link wp-element-button\" href=\"https:\/\/learn.nailknowledge.org\/direct-customers\/?course=jxa7mvVW5w\">\u0110\u0103ng k\u00fd<\/a><\/div>\n<\/div>\n<\/div>\n<\/div>\n<\/div>\n<\/div>\n\n\n\n<p><strong>L\u01afU \u00dd:- B\u1ea1n ph\u1ea3i v\u01b0\u1ee3t qua t\u1ea5t c\u1ea3 nh\u1eefng ng\u00e0y n\u00e0y v\u1edbi t\u01b0 c\u00e1ch l\u00e0 c\u00e1c l\u1edbp h\u1ecdc Th\u1ea1c s\u0129 tr\u01b0\u1edbc khi c\u00f3 \u0111\u01b0\u1ee3c b\u1eb1ng t\u1ed1t nghi\u1ec7p cu\u1ed1i c\u00f9ng. B\u1ea1n c\u00f3 th\u1ec3 ph\u1ea3i \u0111\u0103ng nh\u1eadp \u0111\u1ec3 \u0111\u0103ng nh\u1eadp.<\/strong><\/p>\n\n\n\n<p>B\u1ea1n \u0111\u00e3 ho\u00e0n th\u00e0nh v\u1edbi t\u01b0 c\u00e1ch l\u00e0 c\u00e1c hi\u1ec7p h\u1ed9i Masterclasses, sau \u0111\u00f3 b\u1ea1n th\u1ef1c s\u1ef1 c\u00f3 c\u1ea3m h\u1ee9ng m\u00e0 b\u1ea1n c\u00f3 th\u1ec3 b\u1eaft \u0111\u1ea7u, h\u1ecdc r\u1ea5t nhi\u1ec1u v\u00e0 r\u1ea5t nhi\u1ec1u th\u1ee9 s\u1ebd x\u1ea3y ra trong kho\u1ea3nh kh\u1eafc &#039;quando cai a ficha&#039;.<\/p>\n\n\n\n<p>\u0110\u00e2y l\u00e0 m\u1ed9t hora de ganhar seu V\u0103n b\u1eb1ng Chuy\u00ean nghi\u1ec7p c\u1ee7a Unhas. \u0110\u1ec3 c\u00f3 \u0111\u01b0\u1ee3c t\u1ea5t c\u1ea3 c\u00e1c b\u1eb1ng c\u1ea5p m\u00e0 b\u1ea1n c\u00f3 th\u1ec3 nh\u1eadn \u0111\u01b0\u1ee3c, b\u1ea1n c\u00f3 th\u1ec3 d\u1ec5 d\u00e0ng chinh ph\u1ee5c \u0111\u01b0\u1ee3c n\u00f3. \u0110\u00e2y l\u00e0 m\u1ed9t trong nh\u1eefng \u0111i\u1ec1u b\u1ea1n c\u00f3 th\u1ec3 c\u1ea3m nh\u1eadn \u0111\u01b0\u1ee3c v\u1ec1 t\u1ea5t c\u1ea3 nh\u1eefng \u0111i\u1ec1u c\u1ea7n thi\u1ebft v\u1ec1 m\u1eb7t l\u00fd thuy\u1ebft v\u00ec sau \u0111\u00f3 b\u1ea1n c\u00f3 th\u1ec3 tr\u1edf th\u00e0nh m\u1ed9t chuy\u00ean gia chuy\u00ean nghi\u1ec7p.<\/p>\n\n\n\n<p>B\u1ea1n s\u1eafp x\u1ebfp kh\u00f4ng c\u00f3 b\u00e0i ki\u1ec3m tra cu\u1ed1i c\u00f9ng v\u00e0 sau \u0111\u00f3 b\u1ea1n c\u00f3 \u0111\u01b0\u1ee3c Ch\u1ee9ng ch\u1ec9 m\u00e0 b\u1ea1n c\u00f3 th\u1ec3 mu\u1ed1n l\u1ea5y b\u1eb1ng t\u1ed1t nghi\u1ec7p c\u1ee7a m\u00ecnh, r\u00f5 r\u00e0ng, b\u1ed5 sung cho ch\u01b0\u01a1ng tr\u00ecnh h\u1ecdc c\u1ee7a b\u1ea1n.<\/p>\n\n\n\n<p>N\u1ebfu b\u1ea1n kh\u00f4ng c\u00f3 gi\u1edbi h\u1ea1n v\u1ec1 Cursos, c\u00f3 r\u1ea5t nhi\u1ec1u th\u00f4ng tin v\u1ec1 c\u01a1 s\u1edf m\u1edbi c\u1ee7a Conhecimento m\u00e0 b\u1ea1n b\u1eaft \u0111\u1ea7u t\u0103ng d\u1ea7n ho\u1eb7c theo nh\u1ecbp \u0111\u1ed9 vi\u1ec7c c\u1ea7n l\u00e0m.<\/p>\n\n\n\n<p>Marian Newman BEM<\/p>\n\n\n\n<figure class=\"wp-block-embed aligncenter is-type-video is-provider-vimeo wp-block-embed-vimeo wp-embed-aspect-16-9 wp-has-aspect-ratio\"><div class=\"wp-block-embed__wrapper\">\n<iframe loading=\"lazy\" title=\"Gi\u1edbi thi\u1ec7u NailKnowledge - Brazil\" src=\"https:\/\/player.vimeo.com\/video\/836933339?dnt=1&amp;app_id=122963\" width=\"500\" height=\"281\" frameborder=\"0\" allow=\"autoplay; fullscreen; picture-in-picture; clipboard-write\"><\/iframe>\n<\/div><\/figure>\n\n\n\n<h2 class=\"wp-block-heading has-text-align-center kn-course-section-title my-4\">N\u1ed9i dung kh\u00f3a h\u1ecdc<\/h2>\n\n\n\n<h2 class=\"wp-block-heading has-text-align-center mt-4 kn-course-section-title text-pink\"><strong><strong><strong><strong>K\u1ef3 thi t\u1ed1t nghi\u1ec7p<\/strong><\/strong><\/strong><\/strong><\/h2>\n\n\n\n<div class=\"wp-block-columns is-layout-flex wp-container-core-columns-is-layout-9d6595d7 wp-block-columns-is-layout-flex\">\n<div class=\"wp-block-column is-layout-flow wp-block-column-is-layout-flow\"><\/div>\n\n\n\n<div class=\"wp-block-column is-layout-flow wp-block-column-is-layout-flow\" style=\"flex-basis:50%\">\n<figure class=\"wp-block-image size-large\"><img loading=\"lazy\" decoding=\"async\" width=\"1725\" height=\"1078\" src=\"https:\/\/nailknowledge.org\/wp-content\/uploads\/2022\/12\/NAIL-KNOWLEDGE-INTRO-SQ-edited-1.jpg\" alt=\"\" class=\"wp-image-52496\" srcset=\"https:\/\/nailknowledge.org\/wp-content\/uploads\/2022\/12\/NAIL-KNOWLEDGE-INTRO-SQ-edited-1.jpg 1725w, https:\/\/nailknowledge.org\/wp-content\/uploads\/2022\/12\/NAIL-KNOWLEDGE-INTRO-SQ-edited-1-600x375.jpg 600w, https:\/\/nailknowledge.org\/wp-content\/uploads\/2022\/12\/NAIL-KNOWLEDGE-INTRO-SQ-edited-1-300x187.jpg 300w, https:\/\/nailknowledge.org\/wp-content\/uploads\/2022\/12\/NAIL-KNOWLEDGE-INTRO-SQ-edited-1-1024x640.jpg 1024w, https:\/\/nailknowledge.org\/wp-content\/uploads\/2022\/12\/NAIL-KNOWLEDGE-INTRO-SQ-edited-1-768x480.jpg 768w, https:\/\/nailknowledge.org\/wp-content\/uploads\/2022\/12\/NAIL-KNOWLEDGE-INTRO-SQ-edited-1-1536x960.jpg 1536w, https:\/\/nailknowledge.org\/wp-content\/uploads\/2022\/12\/NAIL-KNOWLEDGE-INTRO-SQ-edited-1-400x250.jpg 400w\" sizes=\"auto, (max-width: 1725px) 100vw, 1725px\" \/><\/figure>\n\n\n\n<h3 class=\"wp-block-heading mb-0 kn-course-title\"><strong>K\u1ef3 thi t\u1ed1t nghi\u1ec7p<\/strong><\/h3>\n\n\n\n<p class=\"text-pink my-0\"><strong>1  <strong><strong><strong><strong><strong><strong><strong><strong><strong><strong>X\u00e1c minh conhecimento<\/strong><\/strong><\/strong><\/strong><\/strong><\/strong><\/strong><\/strong><\/strong><\/strong> <\/strong><\/p>\n<\/div>\n\n\n\n<div class=\"wp-block-column is-layout-flow wp-block-column-is-layout-flow\"><\/div>\n<\/div>\n\n\n\n<div style=\"height:100px\" aria-hidden=\"true\" class=\"wp-block-spacer\"><\/div>\n\n\n\n<div class=\"wp-block-columns is-layout-flex wp-container-core-columns-is-layout-9d6595d7 wp-block-columns-is-layout-flex\">\n<div class=\"wp-block-column is-layout-flow wp-block-column-is-layout-flow\" style=\"flex-basis:33.33%\">\n<figure class=\"wp-block-image size-full\"><img loading=\"lazy\" decoding=\"async\" width=\"1024\" height=\"576\" src=\"https:\/\/nailknowledge.org\/wp-content\/uploads\/2021\/09\/Diploma.jpg\" alt=\"B\u1eb1ng c\u1ea5p v\u1ec1 NailKnowledge\" class=\"wp-image-40405\" srcset=\"https:\/\/nailknowledge.org\/wp-content\/uploads\/2021\/09\/Diploma.jpg 1024w, https:\/\/nailknowledge.org\/wp-content\/uploads\/2021\/09\/Diploma-600x338.jpg 600w, https:\/\/nailknowledge.org\/wp-content\/uploads\/2021\/09\/Diploma-300x169.jpg 300w, https:\/\/nailknowledge.org\/wp-content\/uploads\/2021\/09\/Diploma-768x432.jpg 768w, https:\/\/nailknowledge.org\/wp-content\/uploads\/2021\/09\/Diploma-18x10.jpg 18w\" sizes=\"auto, (max-width: 1024px) 100vw, 1024px\" \/><\/figure>\n\n\n\n<p><\/p>\n<\/div>\n\n\n\n<div class=\"wp-block-column is-vertically-aligned-center is-layout-flow wp-block-column-is-layout-flow\" style=\"flex-basis:66.66%\">\n<h2 class=\"wp-block-heading has-text-align-center kn-course-section-title\">B\u1eb1ng t\u1ed1t nghi\u1ec7p chuy\u00ean nghi\u1ec7p c\u1ee7a Unhas<\/h2>\n\n\n\n<div class=\"wp-block-columns is-layout-flex wp-container-core-columns-is-layout-9d6595d7 wp-block-columns-is-layout-flex\">\n<div class=\"wp-block-column is-vertically-aligned-top is-layout-flow wp-block-column-is-layout-flow\">\n<p class=\"has-text-align-center mb-0 has-text-color has-large-font-size\" style=\"color:#e93f9a\"><strong>S\u00c1CH<\/strong><\/p>\n<\/div>\n\n\n\n<div class=\"wp-block-column is-vertically-aligned-center is-layout-flow wp-block-column-is-layout-flow\">\n<div class=\"wp-block-buttons alignfull is-horizontal is-content-justification-center is-layout-flex wp-container-core-buttons-is-layout-499968f5 wp-block-buttons-is-layout-flex\">\n<div class=\"wp-block-button\"><a class=\"wp-block-button__link wp-element-button\" href=\"https:\/\/learn.nailknowledge.org\/direct-customers\/?course=jxa7mvVW5w\">\u0110\u0103ng k\u00fd<\/a><\/div>\n<\/div>\n<\/div>\n<\/div>\n<\/div>\n<\/div>","protected":false},"excerpt":{"rendered":"<p>Diploma Profissional de Unhas LIVRE OBSERVE:-&nbsp;Voc\u00ea deve ter passado em todas as tr\u00eas Masterclasses &nbsp;antes de tentar obter o Diploma final. Basta fazer o login para se inscrever. Se voc\u00ea completou as tr\u00eas Masterclasses associadas, ent\u00e3o eu realmente espero que voc\u00ea tenha gostado delas, aprendido muito e tido muitos desses momentos \u2018quando cai a ficha\u2019. [&hellip;]<\/p>\n","protected":false},"author":35,"featured_media":0,"parent":39235,"menu_order":0,"comment_status":"closed","ping_status":"closed","template":"","meta":{"_yoast_wpseo_focuskw":"","_yoast_wpseo_metadesc":"","_genesis_hide_title":false,"_genesis_hide_breadcrumbs":false,"_genesis_hide_singular_image":false,"_genesis_hide_footer_widgets":false,"_genesis_custom_body_class":"","_genesis_custom_post_class":"","_genesis_layout":"","footnotes":""},"class_list":{"0":"post-73827","1":"page","2":"type-page","3":"status-publish","5":"entry"},"yoast_head":"<!-- This site is optimized with the Yoast SEO plugin v27.4 - https:\/\/yoast.com\/product\/yoast-seo-wordpress\/ -->\n<title>Diploma Profissional de Unhas - NailKnowledge<\/title>\n<meta name=\"robots\" content=\"index, follow, max-snippet:-1, max-image-preview:large, max-video-preview:-1\" \/>\n<link rel=\"canonical\" href=\"https:\/\/nailknowledge.org\/vi\/khoa-hoc-lam-mong-chuyen-nghiep\/bang-tot-nghiep-chuyen-nghiep-cua-unhas\/\" \/>\n<meta property=\"og:locale\" content=\"vi_VN\" \/>\n<meta property=\"og:type\" content=\"article\" \/>\n<meta property=\"og:title\" content=\"Diploma Profissional de Unhas - NailKnowledge\" \/>\n<meta property=\"og:description\" content=\"Diploma Profissional de Unhas LIVRE OBSERVE:-&nbsp;Voc\u00ea deve ter passado em todas as tr\u00eas Masterclasses &nbsp;antes de tentar obter o Diploma final. Basta fazer o login para se inscrever. Se voc\u00ea completou as tr\u00eas Masterclasses associadas, ent\u00e3o eu realmente espero que voc\u00ea tenha gostado delas, aprendido muito e tido muitos desses momentos \u2018quando cai a ficha\u2019. [&hellip;]\" \/>\n<meta property=\"og:url\" content=\"https:\/\/nailknowledge.org\/vi\/khoa-hoc-lam-mong-chuyen-nghiep\/bang-tot-nghiep-chuyen-nghiep-cua-unhas\/\" \/>\n<meta property=\"og:site_name\" content=\"NailKnowledge\" \/>\n<meta property=\"article:modified_time\" content=\"2023-07-21T14:10:22+00:00\" \/>\n<meta property=\"og:image\" content=\"https:\/\/nailknowledge.org\/wp-content\/uploads\/2023\/03\/image002.jpg\" \/>\n\t<meta property=\"og:image:width\" content=\"545\" \/>\n\t<meta property=\"og:image:height\" content=\"295\" \/>\n\t<meta property=\"og:image:type\" content=\"image\/jpeg\" \/>\n<meta name=\"twitter:card\" content=\"summary_large_image\" \/>\n<meta name=\"twitter:label1\" content=\"\u01af\u1edbc t\u00ednh th\u1eddi gian \u0111\u1ecdc\" \/>\n\t<meta name=\"twitter:data1\" content=\"2 ph\u00fat\" \/>\n<script type=\"application\/ld+json\" class=\"yoast-schema-graph\">{\"@context\":\"https:\\\/\\\/schema.org\",\"@graph\":[{\"@type\":\"WebPage\",\"@id\":\"https:\\\/\\\/nailknowledge.org\\\/professional-nail-courses\\\/diploma-profissional-de-unhas\",\"url\":\"https:\\\/\\\/nailknowledge.org\\\/professional-nail-courses\\\/diploma-profissional-de-unhas\",\"name\":\"Diploma Profissional de Unhas - NailKnowledge\",\"isPartOf\":{\"@id\":\"https:\\\/\\\/new.nailknowledge.org\\\/#website\"},\"primaryImageOfPage\":{\"@id\":\"https:\\\/\\\/nailknowledge.org\\\/professional-nail-courses\\\/diploma-profissional-de-unhas#primaryimage\"},\"image\":{\"@id\":\"https:\\\/\\\/nailknowledge.org\\\/professional-nail-courses\\\/diploma-profissional-de-unhas#primaryimage\"},\"thumbnailUrl\":\"https:\\\/\\\/nailknowledge.org\\\/wp-content\\\/uploads\\\/2021\\\/09\\\/Diploma.jpg\",\"datePublished\":\"2023-07-21T11:13:36+00:00\",\"dateModified\":\"2023-07-21T14:10:22+00:00\",\"breadcrumb\":{\"@id\":\"https:\\\/\\\/nailknowledge.org\\\/professional-nail-courses\\\/diploma-profissional-de-unhas#breadcrumb\"},\"inLanguage\":\"vi\",\"potentialAction\":[{\"@type\":\"ReadAction\",\"target\":[\"https:\\\/\\\/nailknowledge.org\\\/professional-nail-courses\\\/diploma-profissional-de-unhas\"]}]},{\"@type\":\"ImageObject\",\"inLanguage\":\"vi\",\"@id\":\"https:\\\/\\\/nailknowledge.org\\\/professional-nail-courses\\\/diploma-profissional-de-unhas#primaryimage\",\"url\":\"https:\\\/\\\/nailknowledge.org\\\/wp-content\\\/uploads\\\/2021\\\/09\\\/Diploma.jpg\",\"contentUrl\":\"https:\\\/\\\/nailknowledge.org\\\/wp-content\\\/uploads\\\/2021\\\/09\\\/Diploma.jpg\"},{\"@type\":\"BreadcrumbList\",\"@id\":\"https:\\\/\\\/nailknowledge.org\\\/professional-nail-courses\\\/diploma-profissional-de-unhas#breadcrumb\",\"itemListElement\":[{\"@type\":\"ListItem\",\"position\":1,\"name\":\"Home\",\"item\":\"https:\\\/\\\/nailknowledge.org\\\/\"},{\"@type\":\"ListItem\",\"position\":2,\"name\":\"Professional Nail Courses\",\"item\":\"https:\\\/\\\/nailknowledge.org\\\/professional-nail-courses\"},{\"@type\":\"ListItem\",\"position\":3,\"name\":\"Diploma Profissional de Unhas\"}]},{\"@type\":\"WebSite\",\"@id\":\"https:\\\/\\\/new.nailknowledge.org\\\/#website\",\"url\":\"https:\\\/\\\/new.nailknowledge.org\\\/\",\"name\":\"NailKnowledge\",\"description\":\"\",\"publisher\":{\"@id\":\"https:\\\/\\\/new.nailknowledge.org\\\/#organization\"},\"potentialAction\":[{\"@type\":\"SearchAction\",\"target\":{\"@type\":\"EntryPoint\",\"urlTemplate\":\"https:\\\/\\\/new.nailknowledge.org\\\/?s={search_term_string}\"},\"query-input\":{\"@type\":\"PropertyValueSpecification\",\"valueRequired\":true,\"valueName\":\"search_term_string\"}}],\"inLanguage\":\"vi\"},{\"@type\":\"Organization\",\"@id\":\"https:\\\/\\\/new.nailknowledge.org\\\/#organization\",\"name\":\"NailKnowledge\",\"url\":\"https:\\\/\\\/new.nailknowledge.org\\\/\",\"logo\":{\"@type\":\"ImageObject\",\"inLanguage\":\"vi\",\"@id\":\"https:\\\/\\\/new.nailknowledge.org\\\/#\\\/schema\\\/logo\\\/image\\\/\",\"url\":\"https:\\\/\\\/nailknowledge.org\\\/wp-content\\\/uploads\\\/2026\\\/03\\\/KN-Logo-1.webp\",\"contentUrl\":\"https:\\\/\\\/nailknowledge.org\\\/wp-content\\\/uploads\\\/2026\\\/03\\\/KN-Logo-1.webp\",\"width\":542,\"height\":100,\"caption\":\"NailKnowledge\"},\"image\":{\"@id\":\"https:\\\/\\\/new.nailknowledge.org\\\/#\\\/schema\\\/logo\\\/image\\\/\"}}]}<\/script>\n<!-- \/ Yoast SEO plugin. -->","yoast_head_json":{"title":"Ch\u1ee9ng ch\u1ec9 ngh\u1ec1 c\u1ee7a Unhas - NailKnowledge","robots":{"index":"index","follow":"follow","max-snippet":"max-snippet:-1","max-image-preview":"max-image-preview:large","max-video-preview":"max-video-preview:-1"},"canonical":"https:\/\/nailknowledge.org\/vi\/khoa-hoc-lam-mong-chuyen-nghiep\/bang-tot-nghiep-chuyen-nghiep-cua-unhas\/","og_locale":"vi_VN","og_type":"article","og_title":"Diploma Profissional de Unhas - NailKnowledge","og_description":"Diploma Profissional de Unhas LIVRE OBSERVE:-&nbsp;Voc\u00ea deve ter passado em todas as tr\u00eas Masterclasses &nbsp;antes de tentar obter o Diploma final. Basta fazer o login para se inscrever. Se voc\u00ea completou as tr\u00eas Masterclasses associadas, ent\u00e3o eu realmente espero que voc\u00ea tenha gostado delas, aprendido muito e tido muitos desses momentos \u2018quando cai a ficha\u2019. [&hellip;]","og_url":"https:\/\/nailknowledge.org\/vi\/khoa-hoc-lam-mong-chuyen-nghiep\/bang-tot-nghiep-chuyen-nghiep-cua-unhas\/","og_site_name":"NailKnowledge","article_modified_time":"2023-07-21T14:10:22+00:00","og_image":[{"width":545,"height":295,"url":"https:\/\/nailknowledge.org\/wp-content\/uploads\/2023\/03\/image002.jpg","type":"image\/jpeg"}],"twitter_card":"summary_large_image","twitter_misc":{"\u01af\u1edbc t\u00ednh th\u1eddi gian \u0111\u1ecdc":"2 ph\u00fat"},"schema":{"@context":"https:\/\/schema.org","@graph":[{"@type":"WebPage","@id":"https:\/\/nailknowledge.org\/professional-nail-courses\/diploma-profissional-de-unhas","url":"https:\/\/nailknowledge.org\/professional-nail-courses\/diploma-profissional-de-unhas","name":"Ch\u1ee9ng ch\u1ec9 ngh\u1ec1 c\u1ee7a Unhas - NailKnowledge","isPartOf":{"@id":"https:\/\/new.nailknowledge.org\/#website"},"primaryImageOfPage":{"@id":"https:\/\/nailknowledge.org\/professional-nail-courses\/diploma-profissional-de-unhas#primaryimage"},"image":{"@id":"https:\/\/nailknowledge.org\/professional-nail-courses\/diploma-profissional-de-unhas#primaryimage"},"thumbnailUrl":"https:\/\/nailknowledge.org\/wp-content\/uploads\/2021\/09\/Diploma.jpg","datePublished":"2023-07-21T11:13:36+00:00","dateModified":"2023-07-21T14:10:22+00:00","breadcrumb":{"@id":"https:\/\/nailknowledge.org\/professional-nail-courses\/diploma-profissional-de-unhas#breadcrumb"},"inLanguage":"vi","potentialAction":[{"@type":"ReadAction","target":["https:\/\/nailknowledge.org\/professional-nail-courses\/diploma-profissional-de-unhas"]}]},{"@type":"ImageObject","inLanguage":"vi","@id":"https:\/\/nailknowledge.org\/professional-nail-courses\/diploma-profissional-de-unhas#primaryimage","url":"https:\/\/nailknowledge.org\/wp-content\/uploads\/2021\/09\/Diploma.jpg","contentUrl":"https:\/\/nailknowledge.org\/wp-content\/uploads\/2021\/09\/Diploma.jpg"},{"@type":"BreadcrumbList","@id":"https:\/\/nailknowledge.org\/professional-nail-courses\/diploma-profissional-de-unhas#breadcrumb","itemListElement":[{"@type":"ListItem","position":1,"name":"Home","item":"https:\/\/nailknowledge.org\/"},{"@type":"ListItem","position":2,"name":"Professional Nail Courses","item":"https:\/\/nailknowledge.org\/professional-nail-courses"},{"@type":"ListItem","position":3,"name":"Diploma Profissional de Unhas"}]},{"@type":"WebSite","@id":"https:\/\/new.nailknowledge.org\/#website","url":"https:\/\/new.nailknowledge.org\/","name":"Ki\u1ebfn th\u1ee9c v\u1ec1 m\u00f3ng tay","description":"","publisher":{"@id":"https:\/\/new.nailknowledge.org\/#organization"},"potentialAction":[{"@type":"SearchAction","target":{"@type":"EntryPoint","urlTemplate":"https:\/\/new.nailknowledge.org\/?s={search_term_string}"},"query-input":{"@type":"PropertyValueSpecification","valueRequired":true,"valueName":"search_term_string"}}],"inLanguage":"vi"},{"@type":"Organization","@id":"https:\/\/new.nailknowledge.org\/#organization","name":"Ki\u1ebfn th\u1ee9c v\u1ec1 m\u00f3ng tay","url":"https:\/\/new.nailknowledge.org\/","logo":{"@type":"ImageObject","inLanguage":"vi","@id":"https:\/\/new.nailknowledge.org\/#\/schema\/logo\/image\/","url":"https:\/\/nailknowledge.org\/wp-content\/uploads\/2026\/03\/KN-Logo-1.webp","contentUrl":"https:\/\/nailknowledge.org\/wp-content\/uploads\/2026\/03\/KN-Logo-1.webp","width":542,"height":100,"caption":"NailKnowledge"},"image":{"@id":"https:\/\/new.nailknowledge.org\/#\/schema\/logo\/image\/"}}]}},"_links":{"self":[{"href":"https:\/\/nailknowledge.org\/vi\/wp-json\/wp\/v2\/pages\/73827","targetHints":{"allow":["GET"]}}],"collection":[{"href":"https:\/\/nailknowledge.org\/vi\/wp-json\/wp\/v2\/pages"}],"about":[{"href":"https:\/\/nailknowledge.org\/vi\/wp-json\/wp\/v2\/types\/page"}],"author":[{"embeddable":true,"href":"https:\/\/nailknowledge.org\/vi\/wp-json\/wp\/v2\/users\/35"}],"replies":[{"embeddable":true,"href":"https:\/\/nailknowledge.org\/vi\/wp-json\/wp\/v2\/comments?post=73827"}],"version-history":[{"count":0,"href":"https:\/\/nailknowledge.org\/vi\/wp-json\/wp\/v2\/pages\/73827\/revisions"}],"up":[{"embeddable":true,"href":"https:\/\/nailknowledge.org\/vi\/wp-json\/wp\/v2\/pages\/39235"}],"wp:attachment":[{"href":"https:\/\/nailknowledge.org\/vi\/wp-json\/wp\/v2\/media?parent=73827"}],"curies":[{"name":"wp","href":"https:\/\/api.w.org\/{rel}","templated":true}]}}