{"id":79642,"date":"2023-08-25T13:23:30","date_gmt":"2023-08-25T13:23:30","guid":{"rendered":"https:\/\/nailknowledge.org\/?page_id=79642"},"modified":"2023-08-25T13:23:30","modified_gmt":"2023-08-25T13:23:30","slug":"di-ung-va-nhu-mot-benh-di-ung","status":"publish","type":"page","link":"https:\/\/nailknowledge.org\/vi\/professional-nail-courses\/alergias-e-como-elas-acontecem","title":{"rendered":"B\u1ec7nh d\u1ecb \u1ee9ng v\u00e0 b\u1ec7nh Elas Acontecem"},"content":{"rendered":"<div class=\"wp-block-columns is-layout-flex wp-container-core-columns-is-layout-9d6595d7 wp-block-columns-is-layout-flex\">\n<div class=\"wp-block-column is-layout-flow wp-block-column-is-layout-flow\" style=\"flex-basis:33.33%\">\n<figure class=\"wp-block-image size-full\"><img loading=\"eager\" fetchpriority=\"high\" decoding=\"async\" width=\"654\" height=\"361\" src=\"https:\/\/nailknowledge.org\/wp-content\/uploads\/2022\/06\/image003.jpg\" alt=\"\" class=\"wp-image-49055\" srcset=\"https:\/\/nailknowledge.org\/wp-content\/uploads\/2022\/06\/image003.jpg 654w, https:\/\/nailknowledge.org\/wp-content\/uploads\/2022\/06\/image003-600x331.jpg 600w, https:\/\/nailknowledge.org\/wp-content\/uploads\/2022\/06\/image003-300x166.jpg 300w, https:\/\/nailknowledge.org\/wp-content\/uploads\/2022\/06\/image003-400x221.jpg 400w\" sizes=\"auto, (max-width: 654px) 100vw, 654px\" \/><\/figure>\n\n\n\n<p><\/p>\n<\/div>\n\n\n\n<div class=\"wp-block-column is-vertically-aligned-center is-layout-flow wp-block-column-is-layout-flow\" style=\"flex-basis:66.66%\">\n<h2 class=\"wp-block-heading has-text-align-center kn-course-section-title\">B\u1ec7nh d\u1ecb \u1ee9ng v\u00e0 b\u1ec7nh Elas Acontecem<\/h2>\n\n\n\n<div class=\"wp-block-columns is-layout-flex wp-container-core-columns-is-layout-9d6595d7 wp-block-columns-is-layout-flex\">\n<div class=\"wp-block-column is-vertically-aligned-top is-layout-flow wp-block-column-is-layout-flow\">\n<p class=\"has-text-align-center mb-0 has-text-color has-large-font-size\" style=\"color:#e93f9a\"><strong><strong>Li\u00e7\u00e3o Free<\/strong><\/strong><\/p>\n<\/div>\n\n\n\n<div class=\"wp-block-column is-vertically-aligned-center is-layout-flow wp-block-column-is-layout-flow\">\n<div class=\"wp-block-buttons alignfull is-horizontal is-content-justification-center is-layout-flex wp-container-core-buttons-is-layout-499968f5 wp-block-buttons-is-layout-flex\">\n<div class=\"wp-block-button\"><a class=\"wp-block-button__link wp-element-button\" href=\"https:\/\/learn.nailknowledge.org\/direct-customers\/?course=EwyVM87NJQ\">ngay tr\u01b0\u1edbc m\u1eb7t!<\/a><\/div>\n<\/div>\n<\/div>\n<\/div>\n<\/div>\n<\/div>\n\n\n\n<p>&#039;B\u1ec7nh d\u1ecb \u1ee9ng v\u00e0 nh\u01b0 m\u1ed9t c\u00e1ch \u0111i\u1ec1u tr\u1ecb&#039;, theo NailKnowledge, l\u00e0 m\u1ed9t trong nh\u1eefng \u0111i\u1ec1u c\u1ea7n thi\u1ebft \u0111\u01b0\u1ee3c gi\u1ea3i th\u00edch t\u1ea1i m\u1ed9t b\u1ec7nh vi\u1ec7n sau d\u1ecbch b\u1ec7nh d\u1ecb \u1ee9ng \u0111ang x\u1ea3y ra trong ng\u00e0nh c\u00f4ng nghi\u1ec7p.<\/p>\n\n\n\n<h3 class=\"wp-block-heading has-text-align-center has-text-color\" style=\"color:#e93f9a\"><strong>C\u01a1 ch\u1ebf ho\u1ea1t \u0111\u1ed9ng c\u1ee7a c\u01a1 th\u1ec3 \u0111\u1ed1i v\u1edbi c\u00e1c b\u1ec7nh d\u1ecb \u1ee9ng m\u00e0 c\u01a1n l\u1ed1c xo\u00e1y chi\u1ebfm \u01b0u th\u1ebf<\/strong>.<\/h3>\n\n\n\n<ul class=\"wp-block-list\">\n<li>T\u1ea5t c\u1ea3 nh\u1eefng g\u00ec ch\u00fang ta c\u00f3 th\u1ec3 t\u1ea1o ra cho nh\u1eefng s\u1ea3n ph\u1ea9m ch\u01b0a c\u00f3 s\u1eb5n \u0111\u1ec3 t\u00ecm ki\u1ebfm<\/li>\n\n\n\n<li>N\u1ebfu b\u1ea1n mu\u1ed1n c\u00f3 kh\u1ea3 n\u0103ng ch\u1eefa kh\u1ecfi b\u1ec7nh, b\u1ea1n c\u00f3 th\u1ec3 quan s\u00e1t m\u1ed9t s\u1ed1 b\u1ec7nh d\u1ecb \u1ee9ng?<\/li>\n\n\n\n<li>N\u1ebfu b\u1ea1n l\u00e0 ng\u01b0\u1eddi t\u1ed5ng h\u1ee3p c\u00e1c c\u01a1 ch\u1ebf, \u0111\u00e2y l\u00e0 m\u1ed9t \u00fd t\u01b0\u1edfng tuy\u1ec7t v\u1eddi \u0111\u1ec3 tr\u00e1nh xa c\u00e1c ph\u1ea3n \u1ee9ng trong \u0111\u00f3<\/li>\n<\/ul>\n\n\n\n<p>\u0110\u00e2y l\u00e0 m\u1ed9t gi\u1ea3i th\u00edch chi ti\u1ebft v\u1ec1 vi\u1ec7c b\u1ea1n c\u00f3 th\u1ec3 b\u1eaft \u0111\u1ea7u gi\u1ea3i quy\u1ebft v\u1ea5n \u0111\u1ec1.<\/p>\n\n\n\n<div class=\"wp-block-columns is-layout-flex wp-container-core-columns-is-layout-9d6595d7 wp-block-columns-is-layout-flex\">\n<div class=\"wp-block-column is-layout-flow wp-block-column-is-layout-flow\"><\/div>\n\n\n\n<div class=\"wp-block-column is-layout-flow wp-block-column-is-layout-flow\">\n<figure class=\"wp-block-image size-full\"><img loading=\"lazy\" decoding=\"async\" width=\"512\" height=\"512\" src=\"https:\/\/nailknowledge.org\/wp-content\/uploads\/2023\/08\/NailKnowledge_badge_allergies-brazil.png\" alt=\"\" class=\"wp-image-79643\" srcset=\"https:\/\/nailknowledge.org\/wp-content\/uploads\/2023\/08\/NailKnowledge_badge_allergies-brazil.png 512w, https:\/\/nailknowledge.org\/wp-content\/uploads\/2023\/08\/NailKnowledge_badge_allergies-brazil-300x300.png 300w, https:\/\/nailknowledge.org\/wp-content\/uploads\/2023\/08\/NailKnowledge_badge_allergies-brazil-180x180.png 180w, https:\/\/nailknowledge.org\/wp-content\/uploads\/2023\/08\/NailKnowledge_badge_allergies-brazil-150x150.png 150w\" sizes=\"auto, (max-width: 512px) 100vw, 512px\" \/><\/figure>\n\n\n\n<h3 class=\"wp-block-heading mb-0 kn-course-title\"><strong><strong>Ganhe seu distintivo digital<\/strong><\/strong><\/h3>\n\n\n\n<p>H\u1ea7u h\u1ebft b\u1ea1n \u0111\u1ec1u th\u00edch th\u00fa v\u1edbi m\u1ed9t k\u1ef9 thu\u1eadt s\u1ed1 kh\u00e1c bi\u1ec7t m\u00e0 b\u1ea1n c\u00f3 th\u1ec3 h\u1ecdc \u0111\u01b0\u1ee3c nhi\u1ec1u h\u01a1n v\u1ec1 m\u1ee9c \u0111\u1ed9 quan tr\u1ecdng c\u1ee7a n\u00f3.<\/p>\n<\/div>\n\n\n\n<div class=\"wp-block-column is-layout-flow wp-block-column-is-layout-flow\"><\/div>\n<\/div>\n\n\n\n<div style=\"height:100px\" aria-hidden=\"true\" class=\"wp-block-spacer\"><\/div>\n\n\n\n<div class=\"wp-block-columns is-layout-flex wp-container-core-columns-is-layout-9d6595d7 wp-block-columns-is-layout-flex\">\n<div class=\"wp-block-column is-layout-flow wp-block-column-is-layout-flow\" style=\"flex-basis:33.33%\">\n<figure class=\"wp-block-image size-full\"><img loading=\"lazy\" decoding=\"async\" width=\"654\" height=\"361\" src=\"https:\/\/nailknowledge.org\/wp-content\/uploads\/2022\/06\/image003.jpg\" alt=\"\" class=\"wp-image-49055\" srcset=\"https:\/\/nailknowledge.org\/wp-content\/uploads\/2022\/06\/image003.jpg 654w, https:\/\/nailknowledge.org\/wp-content\/uploads\/2022\/06\/image003-600x331.jpg 600w, https:\/\/nailknowledge.org\/wp-content\/uploads\/2022\/06\/image003-300x166.jpg 300w, https:\/\/nailknowledge.org\/wp-content\/uploads\/2022\/06\/image003-400x221.jpg 400w\" sizes=\"auto, (max-width: 654px) 100vw, 654px\" \/><\/figure>\n\n\n\n<p><\/p>\n<\/div>\n\n\n\n<div class=\"wp-block-column is-vertically-aligned-center is-layout-flow wp-block-column-is-layout-flow\" style=\"flex-basis:66.66%\">\n<h2 class=\"wp-block-heading has-text-align-center kn-course-section-title\">B\u1ec7nh d\u1ecb \u1ee9ng v\u00e0 b\u1ec7nh Elas Acontecem<\/h2>\n\n\n\n<div class=\"wp-block-columns is-layout-flex wp-container-core-columns-is-layout-9d6595d7 wp-block-columns-is-layout-flex\">\n<div class=\"wp-block-column is-vertically-aligned-top is-layout-flow wp-block-column-is-layout-flow\">\n<p class=\"has-text-align-center mb-0 has-text-color has-large-font-size\" style=\"color:#e93f9a\"><strong><strong>Li\u00e7\u00e3o Free<\/strong><\/strong><\/p>\n<\/div>\n\n\n\n<div class=\"wp-block-column is-vertically-aligned-center is-layout-flow wp-block-column-is-layout-flow\">\n<div class=\"wp-block-buttons alignfull is-horizontal is-content-justification-center is-layout-flex wp-container-core-buttons-is-layout-499968f5 wp-block-buttons-is-layout-flex\">\n<div class=\"wp-block-button\"><a class=\"wp-block-button__link wp-element-button\" href=\"https:\/\/learn.nailknowledge.org\/direct-customers\/?course=EwyVM87NJQ\">ngay tr\u01b0\u1edbc m\u1eb7t!<\/a><\/div>\n<\/div>\n<\/div>\n<\/div>\n<\/div>\n<\/div>","protected":false},"excerpt":{"rendered":"<p>Alergias e Como Elas Acontecem Li\u00e7\u00e3o Gr\u00e1tis &#8216;Alergias e como elas acontecem&#8217;, do NailKnowledge, \u00e9 uma atualiza\u00e7\u00e3o indispens\u00e1vel explicando a ci\u00eancia por tr\u00e1s da epidemia de alergias que esta ocorrendo na ind\u00fastria de unhas. Os mecanismos em a\u00e7\u00e3o para algumas das alergias que est\u00e3o se tornando predominantes. Esta li\u00e7\u00e3o explica detalhadamente o que pode estar [&hellip;]<\/p>\n","protected":false},"author":35,"featured_media":0,"parent":39235,"menu_order":0,"comment_status":"closed","ping_status":"closed","template":"","meta":{"_yoast_wpseo_focuskw":"","_yoast_wpseo_metadesc":"","_genesis_hide_title":false,"_genesis_hide_breadcrumbs":false,"_genesis_hide_singular_image":false,"_genesis_hide_footer_widgets":false,"_genesis_custom_body_class":"","_genesis_custom_post_class":"","_genesis_layout":"","footnotes":""},"class_list":{"0":"post-79642","1":"page","2":"type-page","3":"status-publish","5":"entry"},"yoast_head":"<!-- This site is optimized with the Yoast SEO plugin v27.3 - https:\/\/yoast.com\/product\/yoast-seo-wordpress\/ -->\n<title>Alergias e Como Elas Acontecem - NailKnowledge<\/title>\n<meta name=\"robots\" content=\"index, follow, max-snippet:-1, max-image-preview:large, max-video-preview:-1\" \/>\n<link rel=\"canonical\" href=\"https:\/\/nailknowledge.org\/vi\/khoa-hoc-lam-mong-chuyen-nghiep\/di-ung-va-nhu-mot-benh-di-ung\/\" \/>\n<meta property=\"og:locale\" content=\"vi_VN\" \/>\n<meta property=\"og:type\" content=\"article\" \/>\n<meta property=\"og:title\" content=\"Alergias e Como Elas Acontecem - NailKnowledge\" \/>\n<meta property=\"og:description\" content=\"Alergias e Como Elas Acontecem Li\u00e7\u00e3o Gr\u00e1tis &#8216;Alergias e como elas acontecem&#8217;, do NailKnowledge, \u00e9 uma atualiza\u00e7\u00e3o indispens\u00e1vel explicando a ci\u00eancia por tr\u00e1s da epidemia de alergias que esta ocorrendo na ind\u00fastria de unhas. Os mecanismos em a\u00e7\u00e3o para algumas das alergias que est\u00e3o se tornando predominantes. Esta li\u00e7\u00e3o explica detalhadamente o que pode estar [&hellip;]\" \/>\n<meta property=\"og:url\" content=\"https:\/\/nailknowledge.org\/vi\/khoa-hoc-lam-mong-chuyen-nghiep\/di-ung-va-nhu-mot-benh-di-ung\/\" \/>\n<meta property=\"og:site_name\" content=\"NailKnowledge\" \/>\n<meta property=\"og:image\" content=\"https:\/\/nailknowledge.org\/wp-content\/uploads\/2023\/03\/image002.jpg\" \/>\n\t<meta property=\"og:image:width\" content=\"545\" \/>\n\t<meta property=\"og:image:height\" content=\"295\" \/>\n\t<meta property=\"og:image:type\" content=\"image\/jpeg\" \/>\n<meta name=\"twitter:card\" content=\"summary_large_image\" \/>\n<meta name=\"twitter:label1\" content=\"\u01af\u1edbc t\u00ednh th\u1eddi gian \u0111\u1ecdc\" \/>\n\t<meta name=\"twitter:data1\" content=\"2 ph\u00fat\" \/>\n<script type=\"application\/ld+json\" class=\"yoast-schema-graph\">{\"@context\":\"https:\\\/\\\/schema.org\",\"@graph\":[{\"@type\":\"WebPage\",\"@id\":\"https:\\\/\\\/nailknowledge.org\\\/professional-nail-courses\\\/alergias-e-como-elas-acontecem\",\"url\":\"https:\\\/\\\/nailknowledge.org\\\/professional-nail-courses\\\/alergias-e-como-elas-acontecem\",\"name\":\"Alergias e Como Elas Acontecem - NailKnowledge\",\"isPartOf\":{\"@id\":\"https:\\\/\\\/new.nailknowledge.org\\\/#website\"},\"primaryImageOfPage\":{\"@id\":\"https:\\\/\\\/nailknowledge.org\\\/professional-nail-courses\\\/alergias-e-como-elas-acontecem#primaryimage\"},\"image\":{\"@id\":\"https:\\\/\\\/nailknowledge.org\\\/professional-nail-courses\\\/alergias-e-como-elas-acontecem#primaryimage\"},\"thumbnailUrl\":\"https:\\\/\\\/nailknowledge.org\\\/wp-content\\\/uploads\\\/2022\\\/06\\\/image003.jpg\",\"datePublished\":\"2023-08-25T13:23:30+00:00\",\"breadcrumb\":{\"@id\":\"https:\\\/\\\/nailknowledge.org\\\/professional-nail-courses\\\/alergias-e-como-elas-acontecem#breadcrumb\"},\"inLanguage\":\"vi\",\"potentialAction\":[{\"@type\":\"ReadAction\",\"target\":[\"https:\\\/\\\/nailknowledge.org\\\/professional-nail-courses\\\/alergias-e-como-elas-acontecem\"]}]},{\"@type\":\"ImageObject\",\"inLanguage\":\"vi\",\"@id\":\"https:\\\/\\\/nailknowledge.org\\\/professional-nail-courses\\\/alergias-e-como-elas-acontecem#primaryimage\",\"url\":\"https:\\\/\\\/nailknowledge.org\\\/wp-content\\\/uploads\\\/2022\\\/06\\\/image003.jpg\",\"contentUrl\":\"https:\\\/\\\/nailknowledge.org\\\/wp-content\\\/uploads\\\/2022\\\/06\\\/image003.jpg\"},{\"@type\":\"BreadcrumbList\",\"@id\":\"https:\\\/\\\/nailknowledge.org\\\/professional-nail-courses\\\/alergias-e-como-elas-acontecem#breadcrumb\",\"itemListElement\":[{\"@type\":\"ListItem\",\"position\":1,\"name\":\"Home\",\"item\":\"https:\\\/\\\/nailknowledge.org\\\/\"},{\"@type\":\"ListItem\",\"position\":2,\"name\":\"Professional Nail Courses\",\"item\":\"https:\\\/\\\/nailknowledge.org\\\/professional-nail-courses\"},{\"@type\":\"ListItem\",\"position\":3,\"name\":\"Alergias e Como Elas Acontecem\"}]},{\"@type\":\"WebSite\",\"@id\":\"https:\\\/\\\/new.nailknowledge.org\\\/#website\",\"url\":\"https:\\\/\\\/new.nailknowledge.org\\\/\",\"name\":\"NailKnowledge\",\"description\":\"\",\"publisher\":{\"@id\":\"https:\\\/\\\/new.nailknowledge.org\\\/#organization\"},\"potentialAction\":[{\"@type\":\"SearchAction\",\"target\":{\"@type\":\"EntryPoint\",\"urlTemplate\":\"https:\\\/\\\/new.nailknowledge.org\\\/?s={search_term_string}\"},\"query-input\":{\"@type\":\"PropertyValueSpecification\",\"valueRequired\":true,\"valueName\":\"search_term_string\"}}],\"inLanguage\":\"vi\"},{\"@type\":\"Organization\",\"@id\":\"https:\\\/\\\/new.nailknowledge.org\\\/#organization\",\"name\":\"NailKnowledge\",\"url\":\"https:\\\/\\\/new.nailknowledge.org\\\/\",\"logo\":{\"@type\":\"ImageObject\",\"inLanguage\":\"vi\",\"@id\":\"https:\\\/\\\/new.nailknowledge.org\\\/#\\\/schema\\\/logo\\\/image\\\/\",\"url\":\"https:\\\/\\\/nailknowledge.org\\\/wp-content\\\/uploads\\\/2026\\\/03\\\/KN-Logo-1.webp\",\"contentUrl\":\"https:\\\/\\\/nailknowledge.org\\\/wp-content\\\/uploads\\\/2026\\\/03\\\/KN-Logo-1.webp\",\"width\":542,\"height\":100,\"caption\":\"NailKnowledge\"},\"image\":{\"@id\":\"https:\\\/\\\/new.nailknowledge.org\\\/#\\\/schema\\\/logo\\\/image\\\/\"}}]}<\/script>\n<!-- \/ Yoast SEO plugin. -->","yoast_head_json":{"title":"D\u1ecb \u1ee9ng v\u00e0 b\u1ec7nh t\u1eadt Elas Acontecem - NailKnowledge","robots":{"index":"index","follow":"follow","max-snippet":"max-snippet:-1","max-image-preview":"max-image-preview:large","max-video-preview":"max-video-preview:-1"},"canonical":"https:\/\/nailknowledge.org\/vi\/khoa-hoc-lam-mong-chuyen-nghiep\/di-ung-va-nhu-mot-benh-di-ung\/","og_locale":"vi_VN","og_type":"article","og_title":"Alergias e Como Elas Acontecem - NailKnowledge","og_description":"Alergias e Como Elas Acontecem Li\u00e7\u00e3o Gr\u00e1tis &#8216;Alergias e como elas acontecem&#8217;, do NailKnowledge, \u00e9 uma atualiza\u00e7\u00e3o indispens\u00e1vel explicando a ci\u00eancia por tr\u00e1s da epidemia de alergias que esta ocorrendo na ind\u00fastria de unhas. Os mecanismos em a\u00e7\u00e3o para algumas das alergias que est\u00e3o se tornando predominantes. Esta li\u00e7\u00e3o explica detalhadamente o que pode estar [&hellip;]","og_url":"https:\/\/nailknowledge.org\/vi\/khoa-hoc-lam-mong-chuyen-nghiep\/di-ung-va-nhu-mot-benh-di-ung\/","og_site_name":"NailKnowledge","og_image":[{"width":545,"height":295,"url":"https:\/\/nailknowledge.org\/wp-content\/uploads\/2023\/03\/image002.jpg","type":"image\/jpeg"}],"twitter_card":"summary_large_image","twitter_misc":{"\u01af\u1edbc t\u00ednh th\u1eddi gian \u0111\u1ecdc":"2 ph\u00fat"},"schema":{"@context":"https:\/\/schema.org","@graph":[{"@type":"WebPage","@id":"https:\/\/nailknowledge.org\/professional-nail-courses\/alergias-e-como-elas-acontecem","url":"https:\/\/nailknowledge.org\/professional-nail-courses\/alergias-e-como-elas-acontecem","name":"D\u1ecb \u1ee9ng v\u00e0 b\u1ec7nh t\u1eadt Elas Acontecem - NailKnowledge","isPartOf":{"@id":"https:\/\/new.nailknowledge.org\/#website"},"primaryImageOfPage":{"@id":"https:\/\/nailknowledge.org\/professional-nail-courses\/alergias-e-como-elas-acontecem#primaryimage"},"image":{"@id":"https:\/\/nailknowledge.org\/professional-nail-courses\/alergias-e-como-elas-acontecem#primaryimage"},"thumbnailUrl":"https:\/\/nailknowledge.org\/wp-content\/uploads\/2022\/06\/image003.jpg","datePublished":"2023-08-25T13:23:30+00:00","breadcrumb":{"@id":"https:\/\/nailknowledge.org\/professional-nail-courses\/alergias-e-como-elas-acontecem#breadcrumb"},"inLanguage":"vi","potentialAction":[{"@type":"ReadAction","target":["https:\/\/nailknowledge.org\/professional-nail-courses\/alergias-e-como-elas-acontecem"]}]},{"@type":"ImageObject","inLanguage":"vi","@id":"https:\/\/nailknowledge.org\/professional-nail-courses\/alergias-e-como-elas-acontecem#primaryimage","url":"https:\/\/nailknowledge.org\/wp-content\/uploads\/2022\/06\/image003.jpg","contentUrl":"https:\/\/nailknowledge.org\/wp-content\/uploads\/2022\/06\/image003.jpg"},{"@type":"BreadcrumbList","@id":"https:\/\/nailknowledge.org\/professional-nail-courses\/alergias-e-como-elas-acontecem#breadcrumb","itemListElement":[{"@type":"ListItem","position":1,"name":"Home","item":"https:\/\/nailknowledge.org\/"},{"@type":"ListItem","position":2,"name":"Professional Nail Courses","item":"https:\/\/nailknowledge.org\/professional-nail-courses"},{"@type":"ListItem","position":3,"name":"Alergias e Como Elas Acontecem"}]},{"@type":"WebSite","@id":"https:\/\/new.nailknowledge.org\/#website","url":"https:\/\/new.nailknowledge.org\/","name":"Ki\u1ebfn th\u1ee9c v\u1ec1 m\u00f3ng tay","description":"","publisher":{"@id":"https:\/\/new.nailknowledge.org\/#organization"},"potentialAction":[{"@type":"SearchAction","target":{"@type":"EntryPoint","urlTemplate":"https:\/\/new.nailknowledge.org\/?s={search_term_string}"},"query-input":{"@type":"PropertyValueSpecification","valueRequired":true,"valueName":"search_term_string"}}],"inLanguage":"vi"},{"@type":"Organization","@id":"https:\/\/new.nailknowledge.org\/#organization","name":"Ki\u1ebfn th\u1ee9c v\u1ec1 m\u00f3ng tay","url":"https:\/\/new.nailknowledge.org\/","logo":{"@type":"ImageObject","inLanguage":"vi","@id":"https:\/\/new.nailknowledge.org\/#\/schema\/logo\/image\/","url":"https:\/\/nailknowledge.org\/wp-content\/uploads\/2026\/03\/KN-Logo-1.webp","contentUrl":"https:\/\/nailknowledge.org\/wp-content\/uploads\/2026\/03\/KN-Logo-1.webp","width":542,"height":100,"caption":"NailKnowledge"},"image":{"@id":"https:\/\/new.nailknowledge.org\/#\/schema\/logo\/image\/"}}]}},"_links":{"self":[{"href":"https:\/\/nailknowledge.org\/vi\/wp-json\/wp\/v2\/pages\/79642","targetHints":{"allow":["GET"]}}],"collection":[{"href":"https:\/\/nailknowledge.org\/vi\/wp-json\/wp\/v2\/pages"}],"about":[{"href":"https:\/\/nailknowledge.org\/vi\/wp-json\/wp\/v2\/types\/page"}],"author":[{"embeddable":true,"href":"https:\/\/nailknowledge.org\/vi\/wp-json\/wp\/v2\/users\/35"}],"replies":[{"embeddable":true,"href":"https:\/\/nailknowledge.org\/vi\/wp-json\/wp\/v2\/comments?post=79642"}],"version-history":[{"count":0,"href":"https:\/\/nailknowledge.org\/vi\/wp-json\/wp\/v2\/pages\/79642\/revisions"}],"up":[{"embeddable":true,"href":"https:\/\/nailknowledge.org\/vi\/wp-json\/wp\/v2\/pages\/39235"}],"wp:attachment":[{"href":"https:\/\/nailknowledge.org\/vi\/wp-json\/wp\/v2\/media?parent=79642"}],"curies":[{"name":"wp","href":"https:\/\/api.w.org\/{rel}","templated":true}]}}